{"id":647,"date":"2020-07-16T23:12:38","date_gmt":"2020-07-16T21:12:38","guid":{"rendered":"http:\/\/www.troywhisper.com\/fr\/troy-whisper-medium-et-voyageur-psychic-and-traveler\/?page_id=647"},"modified":"2020-07-18T01:34:53","modified_gmt":"2020-07-17T23:34:53","slug":"neuroscience-et-cerveau","status":"publish","type":"page","link":"https:\/\/www.troywhisper.com\/fr\/troy-whisper-medium-et-voyageur-psychic-and-traveler\/fr\/neuroscience-et-cerveau\/","title":{"rendered":"Neuroscience et cerveau"},"content":{"rendered":"\n<a name=\"anatomie\"><\/a>\n\n\n\n<h2>Anatomie c\u00e9r\u00e9brale<\/h2>\n\n\n\n<h3>Constitution biologique c\u00e9r\u00e9brale<\/h3>\n\n\n\n<p>Le cerveau humain est un ensemble de structures ordonn\u00e9es sur 5 \u00e9tages.<\/p>\n\n\n\n<figure class=\"wp-block-image size-large\"><img loading=\"lazy\" width=\"1024\" height=\"576\" src=\"http:\/\/www.troywhisper.com\/wp-content\/uploads\/2020\/07\/cerveau-1024x576.jpg\" alt=\"\" class=\"wp-image-648\" srcset=\"https:\/\/www.troywhisper.com\/wp-content\/uploads\/2020\/07\/cerveau-1024x576.jpg 1024w, https:\/\/www.troywhisper.com\/wp-content\/uploads\/2020\/07\/cerveau-300x169.jpg 300w, https:\/\/www.troywhisper.com\/wp-content\/uploads\/2020\/07\/cerveau-768x432.jpg 768w, https:\/\/www.troywhisper.com\/wp-content\/uploads\/2020\/07\/cerveau-1536x864.jpg 1536w, https:\/\/www.troywhisper.com\/wp-content\/uploads\/2020\/07\/cerveau.jpg 1920w\" sizes=\"(max-width: 1024px) 100vw, 1024px\" \/><\/figure>\n\n\n\n<p><strong>1er \u00e9tage :<\/strong> <strong>Le tronc c\u00e9r\u00e9bral<\/strong><br>C\u2019est une structure c\u00e9r\u00e9brale qui prolonge la moelle \u00e9pini\u00e8re pour aller PLONGER dans la partie centrale du cerveau. <strong>C\u2019est le&nbsp; centre&nbsp;de la&nbsp; vigilance,&nbsp; et&nbsp; de la&nbsp; prise de conscience du jour et&nbsp;de la nuit<\/strong>. Il est parcouru en son centre-au milieu- par une mati\u00e8re grise que l\u2019on trouve tout en haut du cerveau, ce que l\u2019on appelle la fonction veille active et d\u00e9sactive. C\u2019est cette partie qui est appel\u00e9e \u00e0 tort &#8220;reptilien&#8221;, et qui n\u2019a de reptile que le nom !<\/p>\n\n\n\n<p>Dans cette mati\u00e8re, on a trouv\u00e9 des amas de neurones. Ce sont les neurones de la rythmicit\u00e9 du cerveau, <strong>c\u2019est la o\u00f9 est command\u00e9 le rythme c\u00e9r\u00e9bral. Nous trouvons ensuite&nbsp; la&nbsp; moelle&nbsp; allong\u00e9e,&nbsp; le&nbsp;pont&nbsp;puis&nbsp;la&nbsp;partie&nbsp;haute du ton c\u00e9r\u00e9brale. C\u2019est&nbsp; \u00e0&nbsp; cet&nbsp; endroit&nbsp; l\u00e0&nbsp; que&nbsp; sont&nbsp; command\u00e9s&nbsp; tous&nbsp; les&nbsp;centres de commande de tous les organes du corps \u00e0 distance.<\/strong> Dans cette partie pr\u00e9cise, nous trouvons le centre de la respiration, qui dispose d\u2019une double commande respiratoire <strong>\u00e0 80% inconsciente. <\/strong>L\u2019animal, lui n\u2019a pas cette possibilit\u00e9. Juste \u00e0 cot\u00e9, un autre centre responsable du rythme cardiaque. Il commandera au c\u0153ur d\u2019arr\u00eater sa fonction 4 centi\u00e8mes de milliseconde avant, via son relais nodale dans le c\u0153ur, en cas de destruction du myocarde lors notamment d\u2019un infarctus invasif.<\/p>\n\n\n\n<p><strong>2\u00e8me \u00e9tage :<\/strong><br>C\u2019est \u00e0 cet endroit o\u00f9 nous avons la production de la dopamine; une <strong>neuro-hormone<\/strong>, produite par le corps noir. Les neurones qui vont synth\u00e9tiser et lib\u00e9rer de la dopamine sont noir\u00e2tre. Cette dopamine \u00e0 une forte incidence c\u00e9r\u00e9brale. Elle agit sur l\u2019\u00e9quilibre du corps. Cette derni\u00e8re occasionne dans son manque, une paralysie agitante, que l\u2019on appelle la maladie de Parkinson.<\/p>\n\n\n\n<p><strong>3\u00e8me \u00e9tage :<\/strong> <strong>le cortex inf\u00e9rieur<\/strong> du cerveau avec ses deux h\u00e9misph\u00e8res, au mode op\u00e9ratoire totalement diff\u00e9rent. <br>Le mythe des deux cerveaux droit et gauche n\u2019existe pas! Au milieu de ces deux parties, il y a l&#8217;\u00e9piphyse neurale. L\u2019h\u00e9misph\u00e8re gauche fonctionne par lin\u00e9arit\u00e9 et par fr\u00e9quence et traite l\u2019information totalement diff\u00e9remment, et formalise l&#8217;information . Le droit fonctionne de fa\u00e7on anarchique et non<br>lin\u00e9aire et laisse la non forme.<\/p>\n\n\n\n<figure class=\"wp-block-image size-large\"><img loading=\"lazy\" width=\"1024\" height=\"629\" src=\"http:\/\/www.troywhisper.com\/wp-content\/uploads\/2020\/07\/cerveau02-1024x629.jpg\" alt=\"\" class=\"wp-image-650\" srcset=\"https:\/\/www.troywhisper.com\/wp-content\/uploads\/2020\/07\/cerveau02-1024x629.jpg 1024w, https:\/\/www.troywhisper.com\/wp-content\/uploads\/2020\/07\/cerveau02-300x184.jpg 300w, https:\/\/www.troywhisper.com\/wp-content\/uploads\/2020\/07\/cerveau02-768x472.jpg 768w, https:\/\/www.troywhisper.com\/wp-content\/uploads\/2020\/07\/cerveau02.jpg 1089w\" sizes=\"(max-width: 1024px) 100vw, 1024px\" \/><figcaption>Focus sur les neurones, au nombre de 100 milliards pour un \u00eatre humain.<br>&nbsp;<\/figcaption><\/figure>\n\n\n\n<p><strong>4\u00e8me \u00e9tage :<\/strong> <strong>les zones limbiques.<\/strong><\/p>\n\n\n\n<p>Le syst\u00e8me limbique n\u2019est pas seulement impliqu\u00e9 dans les \u00e9motions mais \u00e9galement dans :<br>-l\u2019apprentissage de la m\u00e9moire.<br>-l\u2019olfaction<br>-le contr\u00f4le du syst\u00e8me endocrinien qui participe \u00e0 la lib\u00e9ration d&#8217;hormones<br>-les comportements alimentaires et l\u2019app\u00e9tit<br>-le syst\u00e8me nerveux autonome qui contr\u00f4le les fonctions respiratoire, digestive et cardiovasculaire.<\/p>\n\n\n\n<p><strong>Anatomie du syst\u00e8me limbique<\/strong><\/p>\n\n\n\n<p>Le syst\u00e8me limbique est constitu\u00e9 de plusieurs noyaux situ\u00e9s sous le cortex (structures subcorticales) et \u00e0 proximit\u00e9 du thalamus :<br>&#8211;<span class=\"textchalk_blue\">L\u2019hippocampe<\/span> qui \u00e0 un r\u00f4le dans l\u2019apprentissage et le stockage d\u2019une information en m\u00e9moire \u00e0 long terme.<br>&#8211;<span class=\"textchalk_blue\">L\u2019amygdale<\/span> prend sont sens dans l\u2019agressivit\u00e9, la col\u00e8re, la peur, l\u2019anxi\u00e9t\u00e9 et la m\u00e9moire \u00e9motionnelle. Burdach (1776-1847) est \u00e0 l\u2019origine du terme <strong>amygdala<\/strong>. Lorsqu\u2019elle est stimul\u00e9e \u00e9lectriquement, les animaux r\u00e9agissent avec agressivit\u00e9. Et si l\u2019amygdale est enlev\u00e9e, les animaux deviennent tr\u00e8s apprivois\u00e9s et ne r\u00e9pondent plus aux choses qui auraient provoqu\u00e9 la rage auparavant.<br>&#8211;<span class=\"textchalk_blue\">Le fornix<\/span>.<br>&#8211;<span class=\"textchalk_blue\">Le cortex limbique<\/span> :(gyrus cingulaire, cingulum, insula et gyrus para-hippocampique) : r\u00f4le dans le contr\u00f4le conscient du comportement.<br>&#8211;<span class=\"textchalk_blue\">Le septum.<\/span> L\u2019un des premiers r\u00f4les fonctionnels \u00e0 associer au septum a \u00e9t\u00e9 l\u2019implication dans le circuit de r\u00e9compense (ou de renforcement). Les noyaux du septum ont \u00e9t\u00e9 impliqu\u00e9s dans un certain nombre d\u2019autres r\u00f4les tels que le comportement social et l\u2019expression de la peur, et les anomalies du fonctionnement septal ont \u00e9t\u00e9 li\u00e9es \u00e0 une vari\u00e9t\u00e9 de maladies allant de la d\u00e9pression \u00e0 la schizophr\u00e9nie.<br>&#8211;<span class=\"textchalk_blue\">L\u2019hypothalamus<\/span>. C\u2019est une des partie vitale du syst\u00e8me limbique. C\u2019est l\u2019amiral de la production de multiples messagers chimiques, appel\u00e9s hormones. Ces hormones contr\u00f4lent les niveaux d\u2019eau dans le corps, les cycles de sommeil, la temp\u00e9rature corporelle et l\u2019apport alimentaire. L\u2019hypothalamus est situ\u00e9 sous le thalamus.<br>&#8211;<span class=\"textchalk_blue\">Les corps mamillaires<\/span><br>&#8211;<span class=\"textchalk_blue\">Le gyrus cingulaire<\/span>, lui, sert de voie de transmission des messages entre les parties int\u00e9rieure et ext\u00e9rieure du syst\u00e8me limbique.<br>&#8211;<span class=\"textchalk_blue\">Noyau ant\u00e9rieur du thalamus.<\/span><br><span class=\"textchalk_blue\">-L\u2019\u00e9piphyse.<\/span><\/p>\n\n\n\n<p><strong>5\u00e8me \u00e9tage :<\/strong> Le cortex pr\u00e9-frontal, ou si\u00e8ge 30 milliards de neurones. Ce dernier est localis\u00e9 derri\u00e8re le front. Il a \u00e9t\u00e9 confondu au lobe frontal, d\u2019o\u00f9 il est s\u00e9par\u00e9. <strong>Ce dernier est s\u00e9par\u00e9 en trois parties : inf\u00e9rieure, m\u00e9diane<br>et sup\u00e9rieure.<\/strong><\/p>\n\n\n\n<p>L\u2019\u00eatre humain est le seul \u00eatre vivant \u00e0 en poss\u00e9der un. Il est le chef d\u2019orchestre de toutes les parties du cerveau de haut en bas. Le primate lui, poss\u00e8de un bourrelet sus-orbitaire.<\/p>\n\n\n\n<p><img loading=\"lazy\" width=\"588\" height=\"597\" class=\"wp-image-652\" style=\"width: 300px;\" src=\"http:\/\/www.troywhisper.com\/wp-content\/uploads\/2020\/07\/cerveau03.jpg\" alt=\"\" srcset=\"https:\/\/www.troywhisper.com\/wp-content\/uploads\/2020\/07\/cerveau03.jpg 588w, https:\/\/www.troywhisper.com\/wp-content\/uploads\/2020\/07\/cerveau03-295x300.jpg 295w\" sizes=\"(max-width: 588px) 100vw, 588px\" \/><\/p>\n\n\n\n<p>Entre le 15\u00e8me et le 18\u00e8me jour de la conception, les cellules souches donnent naissances aux cellules gliales puis aux neurones. Le cortex pr\u00e9-frontal mettra 30 ann\u00e9es \u00e0 se terminer. Ce dernier \u00e0 une incidence sur la<br>technique mentale. A la fin du 5\u00e8me mois de grossesse, le cerveau est<br>totalement termin\u00e9.<\/p>\n\n\n\n<h2>\u00c9piphyse neurale ou glande pin\u00e9ale<\/h2>\n\n\n\n<a name=\"epiphyse\"><\/a>\n\n\n\n<p>Situ\u00e9 au centre du cerveau en forme de c\u00f4ne de pin de 8 mm, elle est constitu\u00e9e de <strong>cristaux d\u2019Apatite<\/strong>. <br>Le docteur et psychiatre Sergio Felipe de Oliveira de l\u2019Universit\u00e9 de Sao-Polo et master en science, \u00e0 mis en \u00e9vidence ses fonctions et sa composition.  Il est reconnu notamment pour avoir travaill\u00e9 sur les th\u00e9ories du champs de l&#8217;ADN humain, compte tenu de sa formation en g\u00e9n\u00e9tique du c\u0153ur. Le professeur d\u00e9duit que les g\u00eanes ne sauraient fonctionner sans qu\u2019un esprit n\u2019induise leurs fonctionnements : <strong>l&#8217;embryo-gen\u00e8se<\/strong>.<\/p>\n\n\n\n<figure class=\"wp-block-image size-large\"><img loading=\"lazy\" width=\"678\" height=\"480\" src=\"http:\/\/www.troywhisper.com\/wp-content\/uploads\/2020\/07\/cerveau05.jpg\" alt=\"\" class=\"wp-image-843\" srcset=\"https:\/\/www.troywhisper.com\/wp-content\/uploads\/2020\/07\/cerveau05.jpg 678w, https:\/\/www.troywhisper.com\/wp-content\/uploads\/2020\/07\/cerveau05-300x212.jpg 300w\" sizes=\"(max-width: 678px) 100vw, 678px\" \/><\/figure>\n\n\n\n<p>L&#8217;\u00c9piphyse est une petite glande endocrine responsable, entre autre, des<br>rythmes circadiens, et de la mise en place de la sexualit\u00e9. La glande pin\u00e9ale<br>donc, capte les ondes du spectre \u00e9lectro-magn\u00e9tique. Le lobe frontal proc\u00e8de ensuite au d\u00e9codage, avec le soutien des zones enc\u00e9phaliques. <br>John P. Rose de l&#8217;Universit\u00e9 d&#8217;Oxford affirme que l\u2019\u00eatre humain est biologique, psychologique et spirituel.<br>Sergio felippe de Oliveira,  neuro-psychiatre \u00e0 l\u2019Universit\u00e9 de Sao-Polo a d\u00e9couvert des cristaux d&#8217;apatite, (pr\u00e9sent \u00e0 l\u2019\u00e9tat naturel dans la nature). Ils se composent de Phosphate, de fluor et de chlore. Au moyen de diffraction<br>des rayons X, il s\u2019est aper\u00e7u qu\u2019ils ne se calcifiaient pas, mais donnaient lieu<br>\u00e0 la formation de structures organis\u00e9es. La tomographie par ordinateur<br>et la r\u00e9sonance magn\u00e9tique ont \u00e9t\u00e9 utilis\u00e9es. Il met en \u00e9vidence une micro<br>circulation sanguine qui maintient les cristaux m\u00e9taboliquement actifs<br>et vivants.<br>Il donne \u00e0 la glande une structure semblable \u00e0 une caisse de r\u00e9sonance.<\/p>\n\n\n\n<p>L&#8217;Apatite comporte de nombreux \u00e9lectrons \u00e0 sa superficie et repousse le champ magn\u00e9tique; lorsqu\u2019un champ approche, il touche les cristaux et ricoche sur un autre puis est emprisonn\u00e9. Plus les cristaux sont nombreux plus la personne pourra capter les champs. Les mediums en auraient plus que la normal. Le nombre est une caract\u00e9ristique biologique et personne ne peut n\u2019y l\u2019augmenter, n\u2019y le diminuer. Comme la couleur des yeux, par exemple..<br>La glande pin\u00e9ale est un formidable r\u00e9cepteur et les autres zones du<br>cerveau d\u00e9codent ensuite, comme le cortex frontal. Sans cette interaction,<br>cela serait impossible. Les animaux et notamment les c\u00e9tac\u00e9s qui ont cette<br>glande n\u2019ont pas cette possibilit\u00e9. La glande pin\u00e9ale est atteinte par la lumi\u00e8re depuis la r\u00e9tine des yeux.<\/p>\n\n\n\n<p><strong>Intox :<\/strong><br>\u00c0 propos de la pens\u00e9e positive, cet un leurre puisque 5% uniquement<br>remonte \u00e0 la conscience (d\u00e9couvert lors d\u2019une \u00e9tude r\u00e9alis\u00e9e sur le sommeil aux \u00c9tats Unis.) C\u2019est l\u2019ensemble du cerveau qui fonctionne et qui traite les informations; non une partie. 70% de l\u2019activit\u00e9 mentale est pourtant inconsciente.<img loading=\"lazy\" width=\"678\" height=\"573\" class=\"wp-image-654\" style=\"width: 300px;\" src=\"http:\/\/www.troywhisper.com\/wp-content\/uploads\/2020\/07\/cerveau04.jpg\" alt=\"\" srcset=\"https:\/\/www.troywhisper.com\/wp-content\/uploads\/2020\/07\/cerveau04.jpg 678w, https:\/\/www.troywhisper.com\/wp-content\/uploads\/2020\/07\/cerveau04-300x254.jpg 300w\" sizes=\"(max-width: 678px) 100vw, 678px\" \/><\/p>\n\n\n\n<h2>Processus de communication<\/h2>\n\n\n\n<a name=\"processus\"><\/a>\n\n\n\n<p>Comme nous l\u2019avons vu ci dessus, les moyens d\u2019acc\u00e8s aux informations d\u2019un m\u00e9dium passent par une conception biologique particuli\u00e8re d\u2019une des parties de son cerveau. Via l\u2019\u00e9piphyse neurale, le praticien re\u00e7oit donc ses informations. L\u2019ensemble des zones enc\u00e9phaliques vont par la suite les d\u00e9coder puis les r\u00e9partir (visuel ou auditive), avec l\u2019appui du cortex frontal. Ce dernier faisant l\u2019objet aujourd\u2019hui, du plus grand nombre d\u2019investigations.<\/p>\n","protected":false},"excerpt":{"rendered":"<p>Anatomie c\u00e9r\u00e9brale Constitution biologique c\u00e9r\u00e9brale Le cerveau humain est un ensemble de structures ordonn\u00e9es sur 5 \u00e9tages. 1er \u00e9tage : Le tronc c\u00e9r\u00e9bralC\u2019est une structure c\u00e9r\u00e9brale qui prolonge la moelle \u00e9pini\u00e8re pour aller PLONGER dans la partie centrale du cerveau. C\u2019est le&nbsp; centre&nbsp;de la&nbsp; vigilance,&nbsp; et&nbsp; de la&nbsp; prise de conscience du jour et&nbsp;de la [&hellip;]<\/p>\n","protected":false},"author":2,"featured_media":0,"parent":0,"menu_order":0,"comment_status":"closed","ping_status":"closed","template":"","meta":[],"_links":{"self":[{"href":"https:\/\/www.troywhisper.com\/fr\/troy-whisper-medium-et-voyageur-psychic-and-traveler\/wp-json\/wp\/v2\/pages\/647"}],"collection":[{"href":"https:\/\/www.troywhisper.com\/fr\/troy-whisper-medium-et-voyageur-psychic-and-traveler\/wp-json\/wp\/v2\/pages"}],"about":[{"href":"https:\/\/www.troywhisper.com\/fr\/troy-whisper-medium-et-voyageur-psychic-and-traveler\/wp-json\/wp\/v2\/types\/page"}],"author":[{"embeddable":true,"href":"https:\/\/www.troywhisper.com\/fr\/troy-whisper-medium-et-voyageur-psychic-and-traveler\/wp-json\/wp\/v2\/users\/2"}],"replies":[{"embeddable":true,"href":"https:\/\/www.troywhisper.com\/fr\/troy-whisper-medium-et-voyageur-psychic-and-traveler\/wp-json\/wp\/v2\/comments?post=647"}],"version-history":[{"count":16,"href":"https:\/\/www.troywhisper.com\/fr\/troy-whisper-medium-et-voyageur-psychic-and-traveler\/wp-json\/wp\/v2\/pages\/647\/revisions"}],"predecessor-version":[{"id":893,"href":"https:\/\/www.troywhisper.com\/fr\/troy-whisper-medium-et-voyageur-psychic-and-traveler\/wp-json\/wp\/v2\/pages\/647\/revisions\/893"}],"wp:attachment":[{"href":"https:\/\/www.troywhisper.com\/fr\/troy-whisper-medium-et-voyageur-psychic-and-traveler\/wp-json\/wp\/v2\/media?parent=647"}],"curies":[{"name":"wp","href":"https:\/\/api.w.org\/{rel}","templated":true}]}}