{"id":633,"date":"2020-07-16T23:14:16","date_gmt":"2020-07-16T21:14:16","guid":{"rendered":"http:\/\/www.troywhisper.com\/fr\/troy-whisper-medium-et-voyageur-psychic-and-traveler\/?page_id=633"},"modified":"2020-09-03T03:43:04","modified_gmt":"2020-09-03T01:43:04","slug":"combats-a-mener","status":"publish","type":"page","link":"https:\/\/www.troywhisper.com\/fr\/troy-whisper-medium-et-voyageur-psychic-and-traveler\/fr\/combats-a-mener\/","title":{"rendered":"Combats \u00e0 mener"},"content":{"rendered":"\n<h2>La plan\u00e8te et l\u2019\u00e9cosyst\u00e8me<\/h2>\n\n\n\n<figure class=\"wp-block-image size-large\"><img loading=\"lazy\" width=\"948\" height=\"732\" src=\"http:\/\/www.troywhisper.com\/wp-content\/uploads\/2020\/07\/combats.jpg\" alt=\"\" class=\"wp-image-634\" srcset=\"https:\/\/www.troywhisper.com\/wp-content\/uploads\/2020\/07\/combats.jpg 948w, https:\/\/www.troywhisper.com\/wp-content\/uploads\/2020\/07\/combats-300x232.jpg 300w, https:\/\/www.troywhisper.com\/wp-content\/uploads\/2020\/07\/combats-768x593.jpg 768w\" sizes=\"(max-width: 948px) 100vw, 948px\" \/><\/figure>\n\n\n\n<p>De nombreuses choses \u00e0 dire sur notre plan\u00e8te qui nous accueille depuis des milliers d\u2019ann\u00e9es.<strong> <\/strong>Tout d\u2019abord pr\u00e9sentons-la !<\/p>\n\n\n\n<p>La Terre est<strong> la troisi\u00e8me plan\u00e8te de notre syst\u00e8me solaire. Sa superficie est de 510 millions de Kilom\u00e8tres carr\u00e9s, son volume est quant \u00e0 lui de 1083 kilom\u00e8tres cube. <\/strong>Son \u00e2ge est de 4,6 milliards d\u2019ann\u00e9es. <br>C&#8217;est une plan\u00e8te qui est occup\u00e9e dans les trois quart par ses mers et ses oc\u00e9ans, et qui comptent plusieurs continents, constituant la partie visible \u00e9merg\u00e9e. Le tout d\u00e9pendant de plaques oc\u00e9aniques en correspondance.<br><br>La terre poss\u00e8de sa propre barri\u00e8re naturelle, l\u2019ionosph\u00e8re. Active, notamment pour r\u00e9sister aux manifestations de l\u2019espace et plus particuli\u00e8rement aux \u00e9ruptions solaires.<br><br><strong>La plan\u00e8te bleue lutte aujourd\u2019hui pour sa survie.<\/strong><\/p>\n\n\n\n<p>La pollution cr\u00e9\u00e9e par l\u2019\u00eatre humain, la destruction des \u00e9cosyst\u00e8mes, <strong>la mal-traitance des esp\u00e8ces et la destruction de leurs habitats naturels, la surproduction, l\u2019utilisation massive de pesticides et produits chimiques, la sur-p\u00eache (d\u00e9bouchant sur la d\u00e9sertification des oc\u00e9ans, et irr\u00e9versible pour bon nombre d\u2019esp\u00e8ce), nous condamnent \u00e0 court terme. <\/strong>L\u2019horloge tourne semblant mener l\u2019humanit\u00e9 vers une fin programm\u00e9e et in\u00e9luctable; donnant raison aux plus alarmistes, et pessimistes&#8230;<\/p>\n\n\n\n<div class=\"wp-block-image\"><figure class=\"alignleft size-large is-resized\"><img loading=\"lazy\" src=\"http:\/\/www.troywhisper.com\/wp-content\/uploads\/2020\/07\/combats2-1.jpg\" alt=\"\" class=\"wp-image-639\" width=\"391\" height=\"299\" srcset=\"https:\/\/www.troywhisper.com\/wp-content\/uploads\/2020\/07\/combats2-1.jpg 564w, https:\/\/www.troywhisper.com\/wp-content\/uploads\/2020\/07\/combats2-1-300x230.jpg 300w\" sizes=\"(max-width: 391px) 100vw, 391px\" \/><\/figure><\/div>\n\n\n\n<p class=\"textchalk\">Pourtant, nombreux sont ceux qui se l\u00e8vent tentant d\u2019aider. Ce sont les cr\u00e9ateurs, les chercheurs, les employ\u00e9s et b\u00e9n\u00e9voles -en nombre- des<br>grandes fondations priv\u00e9es et d\u2019associations \u00e0 travers le monde, d\u00e9di\u00e9es \u00e0 la<br>seule pr\u00e9servation de la faune de la flore et \u00e0 l\u2019\u00e9cosyst\u00e8me en g\u00e9n\u00e9ral.<\/p>\n\n\n\n<h3 class=\"textchalk\">L&#8217;\u00e9cosyst\u00e8me en g\u00e9n\u00e9ral<\/h3>\n\n\n\n<h3 class=\"textchalk\">Quel rapport avec un m\u00e9dium? <br>Et bien tout, absolument tout !<\/h3>\n\n\n\n<p><strong>Un rapport direct ! Pourquoi ?<\/strong><br>Un m\u00e9dium est encore plus concern\u00e9 qu\u2019un autre, puisqu\u2019il ressent tout, de fa\u00e7on exponentielle, c\u2019est par d\u00e9finition un hyper-sensible qui ne se ressource et ne reprend des forces, que par la nature et les forces th\u00e9oriques qui en \u00e9manent. Puis en effectuant un travail au quotidien<br>d\u2019introspection personnel. <\/p>\n\n\n\n<figure class=\"wp-block-image size-large\"><img loading=\"lazy\" width=\"588\" height=\"417\" src=\"http:\/\/www.troywhisper.com\/wp-content\/uploads\/2020\/07\/combats3.jpg\" alt=\"\" class=\"wp-image-645\" srcset=\"https:\/\/www.troywhisper.com\/wp-content\/uploads\/2020\/07\/combats3.jpg 588w, https:\/\/www.troywhisper.com\/wp-content\/uploads\/2020\/07\/combats3-300x213.jpg 300w\" sizes=\"(max-width: 588px) 100vw, 588px\" \/><\/figure>\n\n\n\n<blockquote class=\"wp-block-quote\"><p>\u00ab Forc\u00e9ment spirituel, puisque c\u2019est un enfant des \u00e9toiles\u2026 sa t\u00eate est aspir\u00e9e par le ciel, et ses pieds sont enracin\u00e9s dans le sol. \u00bb<\/p><\/blockquote>\n\n\n\n<p>L\u2019\u00e9tat de m\u00e9diumnit\u00e9 c\u2019est avant tout ressentir ce qui vous entoure, et en faire partie int\u00e9grante. Comme je vous l&#8217;explique dans les onglets m\u00e9dicaux et scientifiques, un \u00eatre humain est reli\u00e9 \u00e0 la terre et ne peut esp\u00e9rer vivre sans elle. <\/p>\n\n\n\n<p><strong>Il est biologiquement cr\u00e9\u00e9 pour capter et retransmettre via son cerveau, <\/strong>pour conclure. Il doit donc naturellement coexister en paix avec les r\u00e8gnes animal, v\u00e9g\u00e9tal et min\u00e9ral, dont il d\u00e9pend, et \u00e0 pour mission et devoir de les prot\u00e9ger.<\/p>\n\n\n\n<p>Le destin de l&#8217;individu est<strong> totalement interd\u00e9pendant<\/strong> des choix de son voisin, tout est li\u00e9 dans sa totalit\u00e9. c&#8217;est l&#8217;intrication d&#8217;Einstein.<\/p>\n\n\n\n<blockquote class=\"wp-block-quote\"><p>\u00ab Aucun peuple ne pourra plus connaitre un \u00e9tat \u00ab passager \u00bb de bonheur en plongeant le reste de l\u2019humanit\u00e9 dans la d\u00e9tresse et le malheur. \u00bb<\/p><\/blockquote>\n\n\n\n<h2>Les fondations, associations \u00e0 suivre et \u00e0 soutenir<\/h2>\n\n\n\n<ul><li>Oceanic rescue center and awareness ORCA<\/li><li>Save the Whales<\/li><li>Sea shepherd conservation society<\/li><li>Conservation international<\/li><li>Orangutan SSP<\/li><li>Scheldrick wildlife Trust<\/li><li>Dian Fossey gorilla fund international<\/li><li>La fondation Charles Darwin<\/li><li>The jane Goodall Institute<\/li><li>WildAware-ONG-<\/li><li>Peta -D\u00e9fense de la cause animal-<\/li><li>L\u2019institut Pasteur<\/li><li>La Fondation Pierre et Marie-Curie<\/li><li>Federation fran\u00e7aise de cardiologie<\/li><li>Fondation pour la Nature et l\u2019homme<\/li><li>Brut nature<\/li><li>BBC earth<\/li><li>National Geographic Ocean<\/li><li>National Geographic<\/li><li>Planet<\/li><\/ul>\n","protected":false},"excerpt":{"rendered":"<p>La plan\u00e8te et l\u2019\u00e9cosyst\u00e8me De nombreuses choses \u00e0 dire sur notre plan\u00e8te qui nous accueille depuis des milliers d\u2019ann\u00e9es. Tout d\u2019abord pr\u00e9sentons-la ! La Terre est la troisi\u00e8me plan\u00e8te de notre syst\u00e8me solaire. Sa superficie est de 510 millions de Kilom\u00e8tres carr\u00e9s, son volume est quant \u00e0 lui de 1083 kilom\u00e8tres cube. Son \u00e2ge est [&hellip;]<\/p>\n","protected":false},"author":2,"featured_media":0,"parent":0,"menu_order":0,"comment_status":"closed","ping_status":"closed","template":"","meta":[],"_links":{"self":[{"href":"https:\/\/www.troywhisper.com\/fr\/troy-whisper-medium-et-voyageur-psychic-and-traveler\/wp-json\/wp\/v2\/pages\/633"}],"collection":[{"href":"https:\/\/www.troywhisper.com\/fr\/troy-whisper-medium-et-voyageur-psychic-and-traveler\/wp-json\/wp\/v2\/pages"}],"about":[{"href":"https:\/\/www.troywhisper.com\/fr\/troy-whisper-medium-et-voyageur-psychic-and-traveler\/wp-json\/wp\/v2\/types\/page"}],"author":[{"embeddable":true,"href":"https:\/\/www.troywhisper.com\/fr\/troy-whisper-medium-et-voyageur-psychic-and-traveler\/wp-json\/wp\/v2\/users\/2"}],"replies":[{"embeddable":true,"href":"https:\/\/www.troywhisper.com\/fr\/troy-whisper-medium-et-voyageur-psychic-and-traveler\/wp-json\/wp\/v2\/comments?post=633"}],"version-history":[{"count":19,"href":"https:\/\/www.troywhisper.com\/fr\/troy-whisper-medium-et-voyageur-psychic-and-traveler\/wp-json\/wp\/v2\/pages\/633\/revisions"}],"predecessor-version":[{"id":1437,"href":"https:\/\/www.troywhisper.com\/fr\/troy-whisper-medium-et-voyageur-psychic-and-traveler\/wp-json\/wp\/v2\/pages\/633\/revisions\/1437"}],"wp:attachment":[{"href":"https:\/\/www.troywhisper.com\/fr\/troy-whisper-medium-et-voyageur-psychic-and-traveler\/wp-json\/wp\/v2\/media?parent=633"}],"curies":[{"name":"wp","href":"https:\/\/api.w.org\/{rel}","templated":true}]}}