{"id":629,"date":"2020-07-16T23:22:29","date_gmt":"2020-07-16T21:22:29","guid":{"rendered":"http:\/\/www.troywhisper.com\/fr\/troy-whisper-medium-et-voyageur-psychic-and-traveler\/?page_id=629"},"modified":"2020-09-03T03:49:54","modified_gmt":"2020-09-03T01:49:54","slug":"les-causes-mondiales","status":"publish","type":"page","link":"https:\/\/www.troywhisper.com\/fr\/troy-whisper-medium-et-voyageur-psychic-and-traveler\/fr\/les-causes-mondiales\/","title":{"rendered":"Causes mondiales"},"content":{"rendered":"\n<h2>L\u2019humanit\u00e9 face \u00e0 son destin<\/h2>\n\n\n\n<p>Aujourd\u2019hui, la plan\u00e8te se meurt, et appel \u00e0 l\u2019aide. En son sein, sa fr\u00e9quence magn\u00e9tique change, <strong>annon\u00e7ant l\u2019av\u00e9nement de bouleversement \u00e0 venir majeur pour toutes les esp\u00e8ces s\u2019y trouvant<\/strong>. <strong>L\u2019heure n\u2019est plus \u00e0 la croyance mais au constat.<\/strong> Chaque \u00eatre vivant doit avoir comme priorit\u00e9, s&#8217;il le peut bien s\u00fbr, la protection de toutes les esp\u00e8ces les plus fragiles et d\u00e9munies. Le reboisement, m\u00eame \u00e0 un niveau infime, la protection de toutes les esp\u00e8ces. <strong>Le nettoyage des \u00e9cosyst\u00e8mes et l\u2019\u00e9laboration de sanctuaires qui devront rester inviol\u00e9s pour qu\u2019enfin les autres esp\u00e8ces, puissent retrouver leur place et la paix.<\/strong><\/p>\n\n\n\n<blockquote class=\"wp-block-quote\"><p>\u00ab Si aucune action n\u2019est men\u00e9e dans moins de dix ans, l\u2019homme fera partie int\u00e9grante de la 6\u00e8me extinction de masse et ne survivra pas. \u00bb<\/p><\/blockquote>\n\n\n\n<p><strong>Le clairvoyant<\/strong> -quelqu\u2019il soit- et o\u00f9 qu\u2019il puisse se trouver doit -maintenant- participer \u00e0 la cr\u00e9ation et l\u2019\u00e9laboration d\u2019une cha\u00eene d\u2019\u00e9veil bienveillante et lumineuse, capable d\u2019interagir avec l\u2019autre contribuant ainsi tr\u00e8s activement \u00e0 aider le plus grand nombre, et notre plan\u00e8te.<\/p>\n\n\n\n<figure class=\"wp-block-image size-large\"><img loading=\"lazy\" width=\"1024\" height=\"524\" src=\"http:\/\/www.troywhisper.com\/wp-content\/uploads\/2020\/07\/planete01-1024x524.jpg\" alt=\"\" class=\"wp-image-630\" srcset=\"https:\/\/www.troywhisper.com\/wp-content\/uploads\/2020\/07\/planete01-1024x524.jpg 1024w, https:\/\/www.troywhisper.com\/wp-content\/uploads\/2020\/07\/planete01-300x153.jpg 300w, https:\/\/www.troywhisper.com\/wp-content\/uploads\/2020\/07\/planete01-768x393.jpg 768w, https:\/\/www.troywhisper.com\/wp-content\/uploads\/2020\/07\/planete01.jpg 1314w\" sizes=\"(max-width: 1024px) 100vw, 1024px\" \/><\/figure>\n\n\n\n<p>Des pratiques qui doivent se mener dans le partage et l\u2019\u00e9coute; dans la paix et la lumi\u00e8re.<\/p>\n\n\n\n<blockquote class=\"wp-block-quote\"><p>\u00ab De telles pratiques pourraient bien contribuer \u00e0 l\u2019ouverture des consciences de fa\u00e7on durable, positives et engag\u00e9es, et ce pour le bien-\u00eatre de toutes les esp\u00e8ces vivant sur notre plan\u00e8te.&#8221;<\/p><\/blockquote>\n\n\n\n<p><\/p>\n","protected":false},"excerpt":{"rendered":"<p>L\u2019humanit\u00e9 face \u00e0 son destin Aujourd\u2019hui, la plan\u00e8te se meurt, et appel \u00e0 l\u2019aide. En son sein, sa fr\u00e9quence magn\u00e9tique change, annon\u00e7ant l\u2019av\u00e9nement de bouleversement \u00e0 venir majeur pour toutes les esp\u00e8ces s\u2019y trouvant. L\u2019heure n\u2019est plus \u00e0 la croyance mais au constat. Chaque \u00eatre vivant doit avoir comme priorit\u00e9, s&#8217;il le peut bien s\u00fbr, [&hellip;]<\/p>\n","protected":false},"author":2,"featured_media":0,"parent":0,"menu_order":0,"comment_status":"closed","ping_status":"closed","template":"","meta":[],"_links":{"self":[{"href":"https:\/\/www.troywhisper.com\/fr\/troy-whisper-medium-et-voyageur-psychic-and-traveler\/wp-json\/wp\/v2\/pages\/629"}],"collection":[{"href":"https:\/\/www.troywhisper.com\/fr\/troy-whisper-medium-et-voyageur-psychic-and-traveler\/wp-json\/wp\/v2\/pages"}],"about":[{"href":"https:\/\/www.troywhisper.com\/fr\/troy-whisper-medium-et-voyageur-psychic-and-traveler\/wp-json\/wp\/v2\/types\/page"}],"author":[{"embeddable":true,"href":"https:\/\/www.troywhisper.com\/fr\/troy-whisper-medium-et-voyageur-psychic-and-traveler\/wp-json\/wp\/v2\/users\/2"}],"replies":[{"embeddable":true,"href":"https:\/\/www.troywhisper.com\/fr\/troy-whisper-medium-et-voyageur-psychic-and-traveler\/wp-json\/wp\/v2\/comments?post=629"}],"version-history":[{"count":7,"href":"https:\/\/www.troywhisper.com\/fr\/troy-whisper-medium-et-voyageur-psychic-and-traveler\/wp-json\/wp\/v2\/pages\/629\/revisions"}],"predecessor-version":[{"id":1443,"href":"https:\/\/www.troywhisper.com\/fr\/troy-whisper-medium-et-voyageur-psychic-and-traveler\/wp-json\/wp\/v2\/pages\/629\/revisions\/1443"}],"wp:attachment":[{"href":"https:\/\/www.troywhisper.com\/fr\/troy-whisper-medium-et-voyageur-psychic-and-traveler\/wp-json\/wp\/v2\/media?parent=629"}],"curies":[{"name":"wp","href":"https:\/\/api.w.org\/{rel}","templated":true}]}}