{"id":625,"date":"2020-07-16T23:28:17","date_gmt":"2020-07-16T21:28:17","guid":{"rendered":"http:\/\/www.troywhisper.com\/fr\/troy-whisper-medium-et-voyageur-psychic-and-traveler\/?page_id=625"},"modified":"2020-09-03T00:33:09","modified_gmt":"2020-09-02T22:33:09","slug":"evenements-et-conferences","status":"publish","type":"page","link":"https:\/\/www.troywhisper.com\/fr\/troy-whisper-medium-et-voyageur-psychic-and-traveler\/fr\/evenements-et-conferences\/","title":{"rendered":"Ev\u00e9nements conf\u00e9rences"},"content":{"rendered":"\n<h2>Archives<\/h2>\n\n\n\n<h3 class=\"textchalk\">Conf\u00e9rences en 2019<\/h3>\n\n\n\n<h4>Am\u00e9rique du sud<br>P\u00e9rou <\/h4>\n\n\n\n<blockquote class=\"wp-block-quote\"><p>Th\u00e8me : \u00ab Que sont la clairvoyance et la m\u00e9diumnit\u00e9, vue au travers l\u2019histoire la m\u00e9decine et la science ? \u00bb<\/p><\/blockquote>\n\n\n\n<div class=\"wp-block-image\"><figure class=\"alignleft size-large is-resized\"><img loading=\"lazy\" src=\"http:\/\/www.troywhisper.com\/wp-content\/uploads\/2020\/09\/Insta_Cover_Troy_Cuzco2019-100-1024x1024.jpg\" alt=\"\" class=\"wp-image-1326\" width=\"588\" height=\"588\" srcset=\"https:\/\/www.troywhisper.com\/wp-content\/uploads\/2020\/09\/Insta_Cover_Troy_Cuzco2019-100-1024x1024.jpg 1024w, https:\/\/www.troywhisper.com\/wp-content\/uploads\/2020\/09\/Insta_Cover_Troy_Cuzco2019-100-300x300.jpg 300w, https:\/\/www.troywhisper.com\/wp-content\/uploads\/2020\/09\/Insta_Cover_Troy_Cuzco2019-100-150x150.jpg 150w, https:\/\/www.troywhisper.com\/wp-content\/uploads\/2020\/09\/Insta_Cover_Troy_Cuzco2019-100-768x769.jpg 768w, https:\/\/www.troywhisper.com\/wp-content\/uploads\/2020\/09\/Insta_Cover_Troy_Cuzco2019-100.jpg 1080w\" sizes=\"(max-width: 588px) 100vw, 588px\" \/><\/figure><\/div>\n\n\n\n<p>Cuzco<br>31 Ao\u00fbt 2019 &#8211; Centre de convention, Municipalit\u00e9 de Cuzco<br>De 17h00 \u00e0 20h00. Entr\u00e9e libre.<\/p>\n\n\n\n<h3 class=\"textchalk\">Conf\u00e9rences en 2018<\/h3>\n\n\n\n<h4>Am\u00e9rique du sud<br>Chili<\/h4>\n\n\n\n<blockquote class=\"wp-block-quote\"><p>Th\u00e8me : \u00ab Que sont la clairvoyance et la m\u00e9diumnit\u00e9, vue au travers l\u2019histoire la m\u00e9decine et la science ? \u00bb<\/p><\/blockquote>\n\n\n\n<figure class=\"wp-block-image size-large\"><img loading=\"lazy\" width=\"725\" height=\"1024\" src=\"http:\/\/www.troywhisper.com\/wp-content\/uploads\/2020\/09\/2018-04-20_troy-whisper_affiche-A0-725x1024.jpg\" alt=\"\" class=\"wp-image-1330\" srcset=\"https:\/\/www.troywhisper.com\/wp-content\/uploads\/2020\/09\/2018-04-20_troy-whisper_affiche-A0-725x1024.jpg 725w, https:\/\/www.troywhisper.com\/wp-content\/uploads\/2020\/09\/2018-04-20_troy-whisper_affiche-A0-212x300.jpg 212w, https:\/\/www.troywhisper.com\/wp-content\/uploads\/2020\/09\/2018-04-20_troy-whisper_affiche-A0-768x1084.jpg 768w, https:\/\/www.troywhisper.com\/wp-content\/uploads\/2020\/09\/2018-04-20_troy-whisper_affiche-A0.jpg 1000w\" sizes=\"(max-width: 725px) 100vw, 725px\" \/><\/figure>\n\n\n\n<br>\n\n\n\n<ul><li>28 mai 2018: <strong>Auditorio Ivar Hermansen, Facult\u00e9 de M\u00e9decine de l&#8217;universit\u00e9 de Concepcion, Chili, de 11h jusqu&#8217;\u00e0 14h<\/strong>. Entr\u00e9e libre.<\/li><li>29 Mai 2018: <strong>Auditorio Paraninfo de l&#8217;universit\u00e9 du Biobio, Avenida Collao 1202, Concepci\u00f3n, de 15h jusqu&#8217;\u00e0 18h.<\/strong> Entr\u00e9e libre.<\/li><li>30 et 31 mai 2018 : <strong>Archivo Nacional, Miraflores 50, Santiago de Chile, de 17h30 \u00e0 20 h.<\/strong> Entr\u00e9e libre.<\/li><\/ul>\n\n\n\n<pre class=\"wp-block-preformatted\"><a rel=\"noreferrer noopener\" href=\"http:\/\/www.udecmed.cl\/\" target=\"_blank\">Facultad de Medicina, Universidad de Concepci\u00f3n Universidad del B\u00edo-B\u00edo Archivo Nacional de Chile<\/a><\/pre>\n\n\n\n<h3 class=\"textchalk\">Conf\u00e9rences en 2016-2017<\/h3>\n\n\n\n<h4>Europe<br>France<\/h4>\n\n\n\n<blockquote class=\"wp-block-quote\"><p>Th\u00e8me : \u00ab Que sont la clairvoyance et la m\u00e9diumnit\u00e9, vue au travers l\u2019histoire la m\u00e9decine et la science ? \u00bb<\/p><\/blockquote>\n\n\n\n<figure class=\"wp-block-image size-large\"><img loading=\"lazy\" width=\"713\" height=\"1024\" src=\"http:\/\/www.troywhisper.com\/wp-content\/uploads\/2020\/09\/TROY-WHISPER-aff-G-REX--713x1024.jpg\" alt=\"\" class=\"wp-image-1335\" srcset=\"https:\/\/www.troywhisper.com\/wp-content\/uploads\/2020\/09\/TROY-WHISPER-aff-G-REX--713x1024.jpg 713w, https:\/\/www.troywhisper.com\/wp-content\/uploads\/2020\/09\/TROY-WHISPER-aff-G-REX--209x300.jpg 209w, https:\/\/www.troywhisper.com\/wp-content\/uploads\/2020\/09\/TROY-WHISPER-aff-G-REX--768x1103.jpg 768w, https:\/\/www.troywhisper.com\/wp-content\/uploads\/2020\/09\/TROY-WHISPER-aff-G-REX--1070x1536.jpg 1070w, https:\/\/www.troywhisper.com\/wp-content\/uploads\/2020\/09\/TROY-WHISPER-aff-G-REX--1426x2048.jpg 1426w, https:\/\/www.troywhisper.com\/wp-content\/uploads\/2020\/09\/TROY-WHISPER-aff-G-REX--scaled.jpg 1783w\" sizes=\"(max-width: 713px) 100vw, 713px\" \/><\/figure>\n\n\n\n<ul><li>Vendredi 24 Novembre 2017 20h30 Grand Rex, Paris<\/li><li>Vendredi 29 septembre 2017 20h CAPCINEMA, Cagnes-sur-mer<\/li><li>Samedi 23 septembre 2017 20h CAPCINEMA, Laon<\/li><li>Samedi 09 septembre 2017 20h CAPCINEMA, Ch\u00e2teauroux<\/li><li>Vendredi 16 juin 2017 20h CAPCINEMA, P\u00e9rigueux<\/li><li>Vendredi 02 juin 2017 20h CAPCINEMA, Saint-Quentin<\/li><li>Vendredi 26 mai 2017 20h CAPCINEMA, Castres<\/li><li>Vendredi 12 mai 2017 20h CAPCINEMA, Manosque<\/li><li>Vendredi 21 avril 2017 20h CAPCINEMA, Albi<\/li><li>Vendredi 07 avril 2017 20h CAPCINEMA, Beaune<\/li><li>Vendredi 24 mars 2017 20h CAPCINEMA, Agen<\/li><li>Samedi 11 mars 2017 20h CAPCINEMA, Rodez<\/li><li>Vendredi 10 mars 2017 20h CAPCINEMA, Carcassonne<\/li><li>Vendredi 24 f\u00e9vrier 2017 20h CAPCINEMA, Montauban<\/li><li>Vendredi 02 d\u00e9cembre 2016, 20h CAPCINEMA, Moulins<\/li><\/ul>\n\n\n\n<pre class=\"wp-block-preformatted\"><a href=\"http:\/\/www.cap-cine.fr\/\">http:\/\/www.cap-cine.fr\/<\/a><\/pre>\n\n\n\n<figure class=\"wp-block-gallery columns-3 is-cropped\"><ul class=\"blocks-gallery-grid\"><li class=\"blocks-gallery-item\"><figure><img loading=\"lazy\" width=\"1024\" height=\"683\" src=\"http:\/\/www.troywhisper.com\/wp-content\/uploads\/2020\/09\/IMG_1381-1024x683.jpg\" alt=\"\" data-id=\"1338\" data-full-url=\"http:\/\/www.troywhisper.com\/wp-content\/uploads\/2020\/09\/IMG_1381-scaled.jpg\" data-link=\"http:\/\/www.troywhisper.com\/fr\/troy-whisper-medium-et-voyageur-psychic-and-traveler\/fr\/archives\/img_1381-2\/\" class=\"wp-image-1338\" srcset=\"https:\/\/www.troywhisper.com\/wp-content\/uploads\/2020\/09\/IMG_1381-1024x683.jpg 1024w, https:\/\/www.troywhisper.com\/wp-content\/uploads\/2020\/09\/IMG_1381-300x200.jpg 300w, https:\/\/www.troywhisper.com\/wp-content\/uploads\/2020\/09\/IMG_1381-768x512.jpg 768w, https:\/\/www.troywhisper.com\/wp-content\/uploads\/2020\/09\/IMG_1381-1536x1024.jpg 1536w, https:\/\/www.troywhisper.com\/wp-content\/uploads\/2020\/09\/IMG_1381-2048x1365.jpg 2048w\" sizes=\"(max-width: 1024px) 100vw, 1024px\" \/><\/figure><\/li><li class=\"blocks-gallery-item\"><figure><img loading=\"lazy\" width=\"1024\" height=\"683\" src=\"http:\/\/www.troywhisper.com\/wp-content\/uploads\/2020\/09\/IMG_1385-1024x683.jpg\" alt=\"\" data-id=\"1339\" data-full-url=\"http:\/\/www.troywhisper.com\/wp-content\/uploads\/2020\/09\/IMG_1385-scaled.jpg\" data-link=\"http:\/\/www.troywhisper.com\/fr\/troy-whisper-medium-et-voyageur-psychic-and-traveler\/fr\/archives\/img_1385\/\" class=\"wp-image-1339\" srcset=\"https:\/\/www.troywhisper.com\/wp-content\/uploads\/2020\/09\/IMG_1385-1024x683.jpg 1024w, https:\/\/www.troywhisper.com\/wp-content\/uploads\/2020\/09\/IMG_1385-300x200.jpg 300w, https:\/\/www.troywhisper.com\/wp-content\/uploads\/2020\/09\/IMG_1385-768x512.jpg 768w, https:\/\/www.troywhisper.com\/wp-content\/uploads\/2020\/09\/IMG_1385-1536x1024.jpg 1536w, https:\/\/www.troywhisper.com\/wp-content\/uploads\/2020\/09\/IMG_1385-2048x1365.jpg 2048w\" sizes=\"(max-width: 1024px) 100vw, 1024px\" \/><\/figure><\/li><li class=\"blocks-gallery-item\"><figure><img loading=\"lazy\" width=\"1024\" height=\"683\" src=\"http:\/\/www.troywhisper.com\/wp-content\/uploads\/2020\/09\/IMG_1472-1024x683.jpg\" alt=\"\" data-id=\"1340\" data-full-url=\"http:\/\/www.troywhisper.com\/wp-content\/uploads\/2020\/09\/IMG_1472-scaled.jpg\" data-link=\"http:\/\/www.troywhisper.com\/fr\/troy-whisper-medium-et-voyageur-psychic-and-traveler\/fr\/archives\/img_1472\/\" class=\"wp-image-1340\" srcset=\"https:\/\/www.troywhisper.com\/wp-content\/uploads\/2020\/09\/IMG_1472-1024x683.jpg 1024w, https:\/\/www.troywhisper.com\/wp-content\/uploads\/2020\/09\/IMG_1472-300x200.jpg 300w, https:\/\/www.troywhisper.com\/wp-content\/uploads\/2020\/09\/IMG_1472-768x512.jpg 768w, https:\/\/www.troywhisper.com\/wp-content\/uploads\/2020\/09\/IMG_1472-1536x1024.jpg 1536w, https:\/\/www.troywhisper.com\/wp-content\/uploads\/2020\/09\/IMG_1472-2048x1365.jpg 2048w\" sizes=\"(max-width: 1024px) 100vw, 1024px\" \/><\/figure><\/li><li class=\"blocks-gallery-item\"><figure><img loading=\"lazy\" width=\"1024\" height=\"683\" src=\"http:\/\/www.troywhisper.com\/wp-content\/uploads\/2020\/09\/IMG_1480-1024x683.jpg\" alt=\"\" data-id=\"1341\" data-full-url=\"http:\/\/www.troywhisper.com\/wp-content\/uploads\/2020\/09\/IMG_1480-scaled.jpg\" data-link=\"http:\/\/www.troywhisper.com\/fr\/troy-whisper-medium-et-voyageur-psychic-and-traveler\/fr\/archives\/img_1480\/\" class=\"wp-image-1341\" srcset=\"https:\/\/www.troywhisper.com\/wp-content\/uploads\/2020\/09\/IMG_1480-1024x683.jpg 1024w, https:\/\/www.troywhisper.com\/wp-content\/uploads\/2020\/09\/IMG_1480-300x200.jpg 300w, https:\/\/www.troywhisper.com\/wp-content\/uploads\/2020\/09\/IMG_1480-768x512.jpg 768w, https:\/\/www.troywhisper.com\/wp-content\/uploads\/2020\/09\/IMG_1480-1536x1024.jpg 1536w, https:\/\/www.troywhisper.com\/wp-content\/uploads\/2020\/09\/IMG_1480-2048x1365.jpg 2048w\" sizes=\"(max-width: 1024px) 100vw, 1024px\" \/><\/figure><\/li><li class=\"blocks-gallery-item\"><figure><img loading=\"lazy\" width=\"1024\" height=\"683\" src=\"http:\/\/www.troywhisper.com\/wp-content\/uploads\/2020\/09\/IMG_1481-1024x683.jpg\" alt=\"\" data-id=\"1342\" data-full-url=\"http:\/\/www.troywhisper.com\/wp-content\/uploads\/2020\/09\/IMG_1481-scaled.jpg\" data-link=\"http:\/\/www.troywhisper.com\/fr\/troy-whisper-medium-et-voyageur-psychic-and-traveler\/fr\/archives\/img_1481\/\" class=\"wp-image-1342\" srcset=\"https:\/\/www.troywhisper.com\/wp-content\/uploads\/2020\/09\/IMG_1481-1024x683.jpg 1024w, https:\/\/www.troywhisper.com\/wp-content\/uploads\/2020\/09\/IMG_1481-300x200.jpg 300w, https:\/\/www.troywhisper.com\/wp-content\/uploads\/2020\/09\/IMG_1481-768x512.jpg 768w, https:\/\/www.troywhisper.com\/wp-content\/uploads\/2020\/09\/IMG_1481-1536x1024.jpg 1536w, https:\/\/www.troywhisper.com\/wp-content\/uploads\/2020\/09\/IMG_1481-2048x1365.jpg 2048w\" sizes=\"(max-width: 1024px) 100vw, 1024px\" \/><\/figure><\/li><li class=\"blocks-gallery-item\"><figure><img loading=\"lazy\" width=\"1024\" height=\"683\" src=\"http:\/\/www.troywhisper.com\/wp-content\/uploads\/2020\/09\/IMG_1482-1024x683.jpg\" alt=\"\" data-id=\"1343\" data-full-url=\"http:\/\/www.troywhisper.com\/wp-content\/uploads\/2020\/09\/IMG_1482-scaled.jpg\" data-link=\"http:\/\/www.troywhisper.com\/fr\/troy-whisper-medium-et-voyageur-psychic-and-traveler\/fr\/archives\/img_1482\/\" class=\"wp-image-1343\" srcset=\"https:\/\/www.troywhisper.com\/wp-content\/uploads\/2020\/09\/IMG_1482-1024x683.jpg 1024w, https:\/\/www.troywhisper.com\/wp-content\/uploads\/2020\/09\/IMG_1482-300x200.jpg 300w, https:\/\/www.troywhisper.com\/wp-content\/uploads\/2020\/09\/IMG_1482-768x512.jpg 768w, https:\/\/www.troywhisper.com\/wp-content\/uploads\/2020\/09\/IMG_1482-1536x1024.jpg 1536w, https:\/\/www.troywhisper.com\/wp-content\/uploads\/2020\/09\/IMG_1482-2048x1365.jpg 2048w\" sizes=\"(max-width: 1024px) 100vw, 1024px\" \/><\/figure><\/li><li class=\"blocks-gallery-item\"><figure><img loading=\"lazy\" width=\"1024\" height=\"683\" src=\"http:\/\/www.troywhisper.com\/wp-content\/uploads\/2020\/09\/IMG_1502-1024x683.jpg\" alt=\"\" data-id=\"1344\" data-full-url=\"http:\/\/www.troywhisper.com\/wp-content\/uploads\/2020\/09\/IMG_1502-scaled.jpg\" data-link=\"http:\/\/www.troywhisper.com\/fr\/troy-whisper-medium-et-voyageur-psychic-and-traveler\/fr\/archives\/img_1502\/\" class=\"wp-image-1344\" srcset=\"https:\/\/www.troywhisper.com\/wp-content\/uploads\/2020\/09\/IMG_1502-1024x683.jpg 1024w, https:\/\/www.troywhisper.com\/wp-content\/uploads\/2020\/09\/IMG_1502-300x200.jpg 300w, https:\/\/www.troywhisper.com\/wp-content\/uploads\/2020\/09\/IMG_1502-768x512.jpg 768w, https:\/\/www.troywhisper.com\/wp-content\/uploads\/2020\/09\/IMG_1502-1536x1024.jpg 1536w, https:\/\/www.troywhisper.com\/wp-content\/uploads\/2020\/09\/IMG_1502-2048x1365.jpg 2048w\" sizes=\"(max-width: 1024px) 100vw, 1024px\" \/><\/figure><\/li><li class=\"blocks-gallery-item\"><figure><img loading=\"lazy\" width=\"1024\" height=\"768\" src=\"http:\/\/www.troywhisper.com\/wp-content\/uploads\/2020\/09\/IMG_20170616_192605-1024x768.jpg\" alt=\"\" data-id=\"1345\" data-full-url=\"http:\/\/www.troywhisper.com\/wp-content\/uploads\/2020\/09\/IMG_20170616_192605-scaled.jpg\" data-link=\"http:\/\/www.troywhisper.com\/fr\/troy-whisper-medium-et-voyageur-psychic-and-traveler\/fr\/archives\/dav\/\" class=\"wp-image-1345\" srcset=\"https:\/\/www.troywhisper.com\/wp-content\/uploads\/2020\/09\/IMG_20170616_192605-1024x768.jpg 1024w, https:\/\/www.troywhisper.com\/wp-content\/uploads\/2020\/09\/IMG_20170616_192605-300x225.jpg 300w, https:\/\/www.troywhisper.com\/wp-content\/uploads\/2020\/09\/IMG_20170616_192605-768x576.jpg 768w, https:\/\/www.troywhisper.com\/wp-content\/uploads\/2020\/09\/IMG_20170616_192605-1536x1152.jpg 1536w, https:\/\/www.troywhisper.com\/wp-content\/uploads\/2020\/09\/IMG_20170616_192605-2048x1536.jpg 2048w\" sizes=\"(max-width: 1024px) 100vw, 1024px\" \/><\/figure><\/li><li class=\"blocks-gallery-item\"><figure><img loading=\"lazy\" width=\"1024\" height=\"768\" src=\"http:\/\/www.troywhisper.com\/wp-content\/uploads\/2020\/09\/IMG_20170616_194854-1024x768.jpg\" alt=\"\" data-id=\"1346\" data-full-url=\"http:\/\/www.troywhisper.com\/wp-content\/uploads\/2020\/09\/IMG_20170616_194854-scaled.jpg\" data-link=\"http:\/\/www.troywhisper.com\/fr\/troy-whisper-medium-et-voyageur-psychic-and-traveler\/fr\/archives\/sdr\/\" class=\"wp-image-1346\" srcset=\"https:\/\/www.troywhisper.com\/wp-content\/uploads\/2020\/09\/IMG_20170616_194854-1024x768.jpg 1024w, https:\/\/www.troywhisper.com\/wp-content\/uploads\/2020\/09\/IMG_20170616_194854-300x225.jpg 300w, https:\/\/www.troywhisper.com\/wp-content\/uploads\/2020\/09\/IMG_20170616_194854-768x576.jpg 768w, https:\/\/www.troywhisper.com\/wp-content\/uploads\/2020\/09\/IMG_20170616_194854-1536x1152.jpg 1536w, https:\/\/www.troywhisper.com\/wp-content\/uploads\/2020\/09\/IMG_20170616_194854-2048x1536.jpg 2048w\" sizes=\"(max-width: 1024px) 100vw, 1024px\" \/><\/figure><\/li><\/ul><\/figure>\n\n\n\n<h2>Conf\u00e9rences \u00e0 venir<\/h2>\n\n\n\n<h3 class=\"textchalk\">En cours de pr\u00e9paration<\/h3>\n\n\n\n<h4>Am\u00e9rique du sud<br>Argentine<\/h4>\n\n\n\n<ul><li>Buenos-Aires<\/li><\/ul>\n\n\n\n<h4>Oc\u00e9anie Pacifique<br>Australie<\/h4>\n\n\n\n<ul><li>Sydney<\/li><li>Melbourne<\/li><\/ul>\n\n\n\n<h2>M\u00e9ditation et pratique<\/h2>\n\n\n\n<p>Atelier et s\u00e9ance gratuite en ligne ou en groupe en pr\u00e9sentiel, suivez l&#8217;actualit\u00e9. Les dates seront pr\u00e9cis\u00e9es un mois avant, sur le site.<\/p>\n\n\n\n<p><\/p>\n","protected":false},"excerpt":{"rendered":"<p>Archives Conf\u00e9rences en 2019 Am\u00e9rique du sudP\u00e9rou Th\u00e8me : \u00ab Que sont la clairvoyance et la m\u00e9diumnit\u00e9, vue au travers l\u2019histoire la m\u00e9decine et la science ? \u00bb Cuzco31 Ao\u00fbt 2019 &#8211; Centre de convention, Municipalit\u00e9 de CuzcoDe 17h00 \u00e0 20h00. Entr\u00e9e libre. Conf\u00e9rences en 2018 Am\u00e9rique du sudChili Th\u00e8me : \u00ab Que sont la [&hellip;]<\/p>\n","protected":false},"author":2,"featured_media":0,"parent":0,"menu_order":16,"comment_status":"closed","ping_status":"closed","template":"","meta":[],"_links":{"self":[{"href":"https:\/\/www.troywhisper.com\/fr\/troy-whisper-medium-et-voyageur-psychic-and-traveler\/wp-json\/wp\/v2\/pages\/625"}],"collection":[{"href":"https:\/\/www.troywhisper.com\/fr\/troy-whisper-medium-et-voyageur-psychic-and-traveler\/wp-json\/wp\/v2\/pages"}],"about":[{"href":"https:\/\/www.troywhisper.com\/fr\/troy-whisper-medium-et-voyageur-psychic-and-traveler\/wp-json\/wp\/v2\/types\/page"}],"author":[{"embeddable":true,"href":"https:\/\/www.troywhisper.com\/fr\/troy-whisper-medium-et-voyageur-psychic-and-traveler\/wp-json\/wp\/v2\/users\/2"}],"replies":[{"embeddable":true,"href":"https:\/\/www.troywhisper.com\/fr\/troy-whisper-medium-et-voyageur-psychic-and-traveler\/wp-json\/wp\/v2\/comments?post=625"}],"version-history":[{"count":5,"href":"https:\/\/www.troywhisper.com\/fr\/troy-whisper-medium-et-voyageur-psychic-and-traveler\/wp-json\/wp\/v2\/pages\/625\/revisions"}],"predecessor-version":[{"id":1355,"href":"https:\/\/www.troywhisper.com\/fr\/troy-whisper-medium-et-voyageur-psychic-and-traveler\/wp-json\/wp\/v2\/pages\/625\/revisions\/1355"}],"wp:attachment":[{"href":"https:\/\/www.troywhisper.com\/fr\/troy-whisper-medium-et-voyageur-psychic-and-traveler\/wp-json\/wp\/v2\/media?parent=625"}],"curies":[{"name":"wp","href":"https:\/\/api.w.org\/{rel}","templated":true}]}}