{"id":615,"date":"2020-07-16T23:26:35","date_gmt":"2020-07-16T21:26:35","guid":{"rendered":"http:\/\/www.troywhisper.com\/fr\/troy-whisper-medium-et-voyageur-psychic-and-traveler\/?page_id=615"},"modified":"2020-12-13T11:30:13","modified_gmt":"2020-12-13T10:30:13","slug":"contact-2","status":"publish","type":"page","link":"https:\/\/www.troywhisper.com\/fr\/troy-whisper-medium-et-voyageur-psychic-and-traveler\/fr\/contact-2\/","title":{"rendered":"Contact"},"content":{"rendered":"\n<a name=\"pourquoi\"><\/a>\n\n\n\n<h2 class=\"has-text-align-center\">Mais <strong>pourquoi donc, prendre rendez-vous<\/strong> ?<\/h2>\n\n\n\n<p class=\"has-text-align-center\"><em>C\u2019est -LA- bonne question \u00e0 se poser : Pourquoi consulter ?<\/em><br>Milles raisons pour lesquelles chaque chef d\u2019entreprise ou particulier devrait avoir un \u00ab conseil \u00bb d\u00e9di\u00e9. <\/p>\n\n\n\n<p class=\"has-text-align-center\">Dans bon nombre de soci\u00e9t\u00e9 depuis la naissance de l\u2019humanit\u00e9, ce fut le cas.<br>De nos jours, dans certaines parties du monde, les oracles, tels que l\u2019on nous nommait jadis, continuent \u00e0 \u0153uvrer dans la plus grande discr\u00e9tion.<br>Vous vous interrogez, et d\u00e9cider de faire un point.<br>Vous souhaitez mener \u00e0 bien, et vous engager sur de nouveaux projets.<\/p>\n\n\n\n<p class=\"has-text-align-center\">la r\u00e9ponse est toujours la m\u00eame :<br>\u00ab le consultant vient prendre conseil et rechercher des informations. \u00bb<\/p>\n\n\n\n<a name=\"cas\"><\/a>\n\n\n\n<h2 class=\"has-text-align-center\">Les cas o\u00f9, <strong>VOUS NE DEVEZ PAS<\/strong>, voir un m\u00e9dium<\/h2>\n\n\n\n<p class=\"has-text-align-center\">Vous vous  sentez fragile et influen\u00e7able, ou, et sortez d\u2019une p\u00e9riode de deuil.<br>Vous \u00eates incapable de prendre du recul, et  avez plut\u00f4t besoin d\u2019un suivit m\u00e9dical et d&#8217;une bonne<br>th\u00e9rapie. Vous \u00eates d\u2019une nature impatiente, et pens\u00e9 -\u00e0 tort- que tout<br>arrive en un rien de temps, et confondez les professions de m\u00e9dium et<br>de magicien.C\u2019est simple :<br>      <strong>NE PRENEZ PAS RENDEZ_VOUS !<\/strong> <\/p>\n\n\n\n<p class=\"has-text-align-center\"><br> Si, par contre, vous \u00eates dou\u00e9 pour l\u2019\u00e9coute, et \u00eates \u00e0 m\u00eame de prendre les<br>informations comme elles se pr\u00e9sentent, et pour ce qu\u2019elles sont avec recul et discernement, Si vous \u00eates dou\u00e9 pour l&#8217;analyse et dot\u00e9 d&#8217;une nature positive, lumineuse et ouverte sur le monde immat\u00e9riel, alors oui, vous pouvez faire votre demande.<\/p>\n\n\n\n<a name=\"seance\"><\/a>\n\n\n\n<h2 class=\"has-text-align-center\">Pr\u00e9parer sa s\u00e9ance<\/h2>\n\n\n\n<p class=\"has-text-align-center\">Pour pr\u00e9parer votre rencontre avec le praticien, d\u00e9couvrez le praticien et sa personnalit\u00e9 au travers de son univers, <br>et de ses r\u00e9f\u00e9rences personnelles.Ce site est fait pour cela. Si enfin tout cela correspond \u00e0 vos<br>attentes et votre sensibilit\u00e9, renseignez-vous pour prendre contact. <\/p>\n\n\n\n<p class=\"has-text-align-center\">Avant toute s\u00e9ance, prenez un cahier. Vous y consignerez toutes les<br>informations qui vous seront transmises, et que vous prendrez soin de conserver. Il deviendra le socle d\u2019une nouvelle aventure, et vous sera fort utile lorsque les informations et messages annonc\u00e9s se pr\u00e9senteront \u00e0 vous. Vous pourrez \u00e0 ce moment la vous<em> <\/em>replonger dans votre s\u00e9ance, en y analysant tout les d\u00e9tails.<\/p>\n\n\n\n<a name=\"apres\"><\/a>\n\n\n\n<h2 class=\"has-text-align-center\">\u00ab L\u2019apr\u00e8s lecture\u00bb : la vie continue !<\/h2>\n\n\n\n<p class=\"has-text-align-center\">Une fois votre entretien termin\u00e9, il vous faudra ranger vos notes, en<br>gardant pr\u00e9cieusement ces informations.Vous reprendrez activement le cour de votre vie, Il est crucial de rester ma\u00eetre et acteur de son existence, et de continuer sa route. <\/p>\n\n\n\n<p class=\"has-text-align-center\">Les informations qui vous ont \u00e9t\u00e9 transmises n\u2019ont qu\u2019un seule but : vous aidez \u00e0 avancer, sans ne<strong> jamais,<\/strong> dicter votre conduite !<\/p>\n\n\n\n<a name=\"rdv\"><\/a>\n\n\n\n<h2 class=\"has-text-align-center\">Prendre rendez-vous avec Troy<\/h2>\n\n\n\n<p class=\"has-text-align-center\">Les prises de rendez-vous s\u2019effectue <strong>exclusivement par mail, et uniquement \u00e0 l\u2019adresse <\/strong>: <a href=\"mailto:contact.troywhisper@gmail.com\"><strong>contact.troywhisper@gmail.com<\/strong><\/a> <\/p>\n\n\n\n<p class=\"has-text-align-center\">Prise de contact directement avec <strong>Kate<\/strong> en ligne.<br><br>Les consultations durent 1h15. Elles s\u2019effectuent soit en pr\u00e9sentiel \u00e0 Paris,  lors de d\u00e9placement priv\u00e9, ou enfin par visioconf\u00e9rence (Skype) et ce,<strong> partout<\/strong> \u00e0 travers le monde.<br><br>Les d\u00e9lais peuvent s&#8217;av\u00e9rer longs, aussi, armez vous de patience..<\/p>\n\n\n\n<p><\/p>\n\n\n\n<div class=\"wp-block-image\"><figure class=\"aligncenter size-large\"><img loading=\"lazy\" width=\"700\" height=\"1024\" src=\"http:\/\/www.troywhisper.com\/wp-content\/uploads\/2020\/11\/Snapseed-8-700x1024.jpg\" alt=\"\" class=\"wp-image-2164\" srcset=\"https:\/\/www.troywhisper.com\/wp-content\/uploads\/2020\/11\/Snapseed-8-700x1024.jpg 700w, https:\/\/www.troywhisper.com\/wp-content\/uploads\/2020\/11\/Snapseed-8-205x300.jpg 205w, https:\/\/www.troywhisper.com\/wp-content\/uploads\/2020\/11\/Snapseed-8-768x1124.jpg 768w, https:\/\/www.troywhisper.com\/wp-content\/uploads\/2020\/11\/Snapseed-8-1049x1536.jpg 1049w, https:\/\/www.troywhisper.com\/wp-content\/uploads\/2020\/11\/Snapseed-8-1399x2048.jpg 1399w, https:\/\/www.troywhisper.com\/wp-content\/uploads\/2020\/11\/Snapseed-8-scaled.jpg 1749w\" sizes=\"(max-width: 700px) 100vw, 700px\" \/><figcaption>(C) Troy Whisper 2020 by Mattew Totaro.<\/figcaption><\/figure><\/div>\n\n\n\n<p><\/p>\n\n\n\n<p class=\"has-text-align-center\"><strong>\u00ab A tr\u00e8s bient\u00f4t, au croisement de la rose des vents ! \u00bb <br>Troy<\/strong>.<\/p>\n","protected":false},"excerpt":{"rendered":"<p>Mais pourquoi donc, prendre rendez-vous ? C\u2019est -LA- bonne question \u00e0 se poser : Pourquoi consulter ?Milles raisons pour lesquelles chaque chef d\u2019entreprise ou particulier devrait avoir un \u00ab conseil \u00bb d\u00e9di\u00e9. Dans bon nombre de soci\u00e9t\u00e9 depuis la naissance de l\u2019humanit\u00e9, ce fut le cas.De nos jours, dans certaines parties du monde, les oracles, [&hellip;]<\/p>\n","protected":false},"author":2,"featured_media":0,"parent":0,"menu_order":0,"comment_status":"closed","ping_status":"closed","template":"","meta":[],"_links":{"self":[{"href":"https:\/\/www.troywhisper.com\/fr\/troy-whisper-medium-et-voyageur-psychic-and-traveler\/wp-json\/wp\/v2\/pages\/615"}],"collection":[{"href":"https:\/\/www.troywhisper.com\/fr\/troy-whisper-medium-et-voyageur-psychic-and-traveler\/wp-json\/wp\/v2\/pages"}],"about":[{"href":"https:\/\/www.troywhisper.com\/fr\/troy-whisper-medium-et-voyageur-psychic-and-traveler\/wp-json\/wp\/v2\/types\/page"}],"author":[{"embeddable":true,"href":"https:\/\/www.troywhisper.com\/fr\/troy-whisper-medium-et-voyageur-psychic-and-traveler\/wp-json\/wp\/v2\/users\/2"}],"replies":[{"embeddable":true,"href":"https:\/\/www.troywhisper.com\/fr\/troy-whisper-medium-et-voyageur-psychic-and-traveler\/wp-json\/wp\/v2\/comments?post=615"}],"version-history":[{"count":12,"href":"https:\/\/www.troywhisper.com\/fr\/troy-whisper-medium-et-voyageur-psychic-and-traveler\/wp-json\/wp\/v2\/pages\/615\/revisions"}],"predecessor-version":[{"id":2221,"href":"https:\/\/www.troywhisper.com\/fr\/troy-whisper-medium-et-voyageur-psychic-and-traveler\/wp-json\/wp\/v2\/pages\/615\/revisions\/2221"}],"wp:attachment":[{"href":"https:\/\/www.troywhisper.com\/fr\/troy-whisper-medium-et-voyageur-psychic-and-traveler\/wp-json\/wp\/v2\/media?parent=615"}],"curies":[{"name":"wp","href":"https:\/\/api.w.org\/{rel}","templated":true}]}}