{"id":608,"date":"2020-08-23T21:45:48","date_gmt":"2020-08-23T19:45:48","guid":{"rendered":"http:\/\/www.troywhisper.com\/fr\/troy-whisper-medium-et-voyageur-psychic-and-traveler\/?page_id=608"},"modified":"2020-09-03T02:02:06","modified_gmt":"2020-09-03T00:02:06","slug":"les-supports","status":"publish","type":"page","link":"https:\/\/www.troywhisper.com\/fr\/troy-whisper-medium-et-voyageur-psychic-and-traveler\/fr\/les-supports\/","title":{"rendered":"Les supports"},"content":{"rendered":"\n<h2><strong>Qu\u2019est-ce qu\u2019un support ? Comment fonctionne-t il ?<\/strong><\/h2>\n\n\n\n<p>Les supports fonctionnent pour les clairvoyants comme des catalyseurs, sortes de miroirs de l\u2019inconscient et du monde de l\u2019invisible.<br>Ils sont vari\u00e9s et prennent diff\u00e9rentes formes. Le jeu de tarot, par exemple se pr\u00e9sente autour d\u2019arcanes majeurs et mineurs. Chaque praticien a ses pr\u00e9f\u00e9rences, suivant sa sensibilit\u00e9.<\/p>\n\n\n\n<p><strong>Le jeu de carte n\u2019est pas indispensable, ni rien du reste, puisqu&#8217;un bon praticien peut th\u00e9oriquement travailler sans l\u2019aide d\u2019aucun support. Ce dernier participe juste \u00e0 \u00e9tablir une barri\u00e8re physique entre praticien et patient.<\/strong><br>Il peut aider \u00e0 d\u00e9clencher de part sa forme, ses couleurs et son symbolisme les visions. Il concentre et sugg\u00e8re.<\/p>\n\n\n\n<h4><strong>Tarots et oracles, aux portes de l\u2019invisible<\/strong><\/h4>\n\n\n\n<p>Mes pr\u00e9f\u00e9rences ce sont les cartes color\u00e9es, lumineuses. Celles-ci favorisent ou induisent un \u00e9tat de transe intuitive.<br>En voici de beaux exemples :<br>&#8211;<a rel=\"noreferrer noopener\" href=\"https:\/\/www.maudkristen.com\/le-coffret-de-tarot\/\" target=\"_blank\">Le tarot de l\u2019eden magnifiquement r\u00e9alis\u00e9 par Alika Lindbergh pour<br>Maud Kristen<\/a><br>-L\u2019oracle de Belline, l\u2019indispensable cr\u00e9e par Edmont.<br>&#8211;<a rel=\"noreferrer noopener\" href=\"https:\/\/www.amazon.fr\/jeu-divinatoire-Yaguel-Didier\/dp\/2221072456\" target=\"_blank\">Le jeu divinatoire, \u00e9dit\u00e9 pour Yaguel Didier par Marina Karella.<\/a><br>-Le tarot de Mme Le normand et de Marseille; les bases de tout bon<br>tarologue.<br><br>Avec le temps, se cr\u00e9e un lien tr\u00e8s particulier entre le praticien et ses supports. Une relation intime, qui tient de l\u2019affectif.<\/p>\n\n\n\n<figure class=\"wp-block-image\"><img src=\"http:\/\/www.troywhisper.com\/wp-content\/uploads\/2020\/07\/tarot-1024x705.jpg\" alt=\"L\u2019attribut alt de cette image est vide, son nom de fichier est tarot-1024x705.jpg.\"\/><figcaption>Ci dessus Oracles de Belline, min\u00e9raux et outils personnels<\/figcaption><\/figure>\n\n\n\n<figure class=\"wp-block-image\"><img src=\"http:\/\/www.troywhisper.com\/wp-content\/uploads\/2020\/07\/tarot02.jpg\" alt=\"L\u2019attribut alt de cette image est vide, son nom de fichier est tarot02.jpg.\"\/><figcaption>Tarot de Yaguel Didier et Auralite -23<\/figcaption><\/figure>\n\n\n\n<h4><strong>Les min\u00e9raux : catalyseur, ou simple roche ?<\/strong><\/h4>\n\n\n\n<p>Si pour beaucoup d\u2019individus les min\u00e9raux sont de vulgaires cailloux, pour les g\u00e9ologues (et pour moi-m\u00eame) c\u2019est bien toute autre chose\u2026.<br>Chacun des min\u00e9raux poss\u00e8de une cha\u00eene atomique qui lui est propre. Tous, sont r\u00e9pertori\u00e9s et class\u00e9s dans diff\u00e9rentes familles. Un min\u00e9ral est une substance form\u00e9e naturellement, g\u00e9n\u00e9ralement inorganique. (plus rarement organique, le corail par exemple.)<br><strong>Un min\u00e9ral donn\u00e9 est caract\u00e9ris\u00e9 par une formule chimique ainsi qu\u2019une structure cristalline<\/strong>, c\u2019est \u00e0 dire respectivement par la nature des atomes qui le composent et leurs agencements dans l\u2019espace. La min\u00e9ralogie concentre les diverses approches d\u2019\u00e9tude des min\u00e9raux<br>sur ces bases th\u00e9oriques.<br>\ufeff<\/p>\n\n\n\n<h3><strong>Propri\u00e9t\u00e9s des min\u00e9raux<\/strong><\/h3>\n\n\n\n<h3><strong>Nomenclature des min\u00e9raux<\/strong><\/h3>\n\n\n\n<p>La nomenclature moderne s\u2019impose dans le courant du 19\u00e8me si\u00e8cle. Le nom attribu\u00e9 regroupe alors plusieurs raisons : une propri\u00e9t\u00e9 caract\u00e9ristique (exemple la magn\u00e9tite), le nom de l\u2019\u00e9l\u00e9ment chimique<br>dominant (la calcite par exemple), le nom d\u2019un savant (exemple la dolomite, d\u00e9di\u00e9e \u00e0 D\u00e9odat de Dolomieu), sa couleur et enfin sa provenance.<br>Actuellement l\u2019<strong>IMA (l\u2019association internationale de min\u00e9ralogie)<\/strong><br>essaye dans sa mission de normaliser la d\u00e9finition des esp\u00e8ces min\u00e9rales.<\/p>\n\n\n\n<h4><strong>Les min\u00e9raux et leurs champs d\u2019action<\/strong><\/h4>\n\n\n\n<p><strong><em>La loi d\u2019analogie<\/em><\/strong><br>La m\u00e9decine chinoise, l\u2019hom\u00e9opathie, ainsi que la litho-th\u00e9rapie exploitent l\u2019analogie.<\/p>\n\n\n\n<p>Chaque min\u00e9ral, selon sa fr\u00e9quence vibratoire (couleur) serait associ\u00e9 \u00e0 un centre \u00e9nerg\u00e9tique donn\u00e9 par analogie vibratoire. Par exemple tous les min\u00e9raux de couleur rouge et noire sont associ\u00e9s au chakra racine.<\/p>\n\n\n\n<p>Le corps humain dans son int\u00e9gralit\u00e9 (plan physique et subtil) et un \u00e9metteur r\u00e9cepteur. Suivant un processus d\u2019accord vibratoire, qui demande une participation active de la part du sujet, le cristal rentre en r\u00e9sonance avec le chakra concern\u00e9.<\/p>\n\n\n\n<p>Si le centre en est perturb\u00e9, le cristal peut en r\u00e9\u00e9quilibrer le fonctionnement. Dans le corps humain (comme chez les autres esp\u00e8ces animales d\u2019ailleurs !) chaque organe et tissu poss\u00e8dent sa propre vibration. Sorte de carte \u00e9nerg\u00e9tique propre.<\/p>\n\n\n\n<p>Quand l\u2019\u00e9quilibre est perturb\u00e9 ou modifi\u00e9, l\u2019organisme r\u00e9agit.<\/p>\n\n\n\n<p>C\u2019est \u00e0 ce moment-l\u00e0 qu\u2019il d\u00e9clare ses maladies, et dis-fonctionne.<\/p>\n\n\n\n<p>La litho-th\u00e9rapie exploite les lois de r\u00e9sonance \u00e9nerg\u00e9tique pour accorder les vibrations d\u2019un organe, tissu ou syst\u00e8me perturb\u00e9, avec les min\u00e9raux correspondant \u00e0 sa personnalit\u00e9 vibratoire.<\/p>\n\n\n\n<h3>Les min\u00e9raux, comment bien les choisir et les utiliser :<\/h3>\n\n\n\n<p>Les min\u00e9raux sont bel et bien vivants et nous parlent\u2026<br>Leur cha\u00eene atomique est suspendue et ne pr\u00e9sente plus aucune d\u2019activit\u00e9 perceptible. Pour profiter de leurs b\u00e9n\u00e9fices, il faut se mettre \u00e0 leur port\u00e9e. Le soin, \u00e0 l\u2019aide de min\u00e9raux, est bas\u00e9 sur le ressenti, et la<br>visualisation. De nombreux ouvrages conseillent de les porter, et ce<br>notamment au niveau des m\u00e9ridiens \u00e9nerg\u00e9tiques concern\u00e9s.<br><br><strong>Lithoth\u00e9rapie et m\u00e9ditation sont presque indissociables\u2026<\/strong><br><br>Durant les m\u00e9ditations, les lectures et soins, les min\u00e9raux dispensent<br>le maximum de leurs bienfaits. Tout min\u00e9ral doit \u00eatre nettoy\u00e9 (purifi\u00e9) apr\u00e8s chaque utilisation, l\u2019am\u00e9thyste sous forme de g\u00e9ode est couramment utilis\u00e9e. La terre plus simplement, la poudre d\u2019argile, ou pour la famille des quartz, le gros sel, sont aussi couramment utilis\u00e9s ainsi que les expositions au soleil et \u00e0 la lune.<\/p>\n\n\n\n<p><strong>La visualisation mentale permet de donner une intention pr\u00e9cise \u00e0 la pierre utilis\u00e9e, qui devient alors un instrument d\u00e9di\u00e9. L\u2019univers d\u00e9pose dans les pierres ce que nous mettons dans nos pri\u00e8res\u2026 C\u2019est par un travail m\u00e9thodique et suivi que nous obtiendrons les meilleurs r\u00e9sultats.<\/strong><\/p>\n\n\n\n<p>Les pierres sont aussi positives pour notre habitat. Qui n\u2019a jamais entendu parler des mauvaises ondes des t\u00e9l\u00e9phones portables, ou du four \u00e0 micro-onde !<br>Les quartz roses dans les lieux de repos ou de nuit vous aideront \u00e0 l\u2019endormissement, et favoriseront votre sph\u00e8re affective.<\/p>\n\n\n\n<p><strong>La tourmaline noire pr\u00e8s des ordinateurs, et de compteur \u00e9lectrique en<br>neutralisera leurs effets, ou en tout cas les att\u00e9nuera.<\/strong><\/p>\n\n\n\n<p>Les gros blocs bruts ont en cela ma pr\u00e9f\u00e9rence. La masse est importante.<\/p>\n\n\n\n<h3>Mysticisme et sant\u00e9 publique : le point<\/h3>\n\n\n\n<p><strong>La litho-th\u00e9rapie est une approche holistique de la sant\u00e9<\/strong>. Cette derni\u00e8re prend en consid\u00e9ration l\u2019\u00eatre humain dans sa globalit\u00e9. Les anciennes<br>civilisations nous ont laiss\u00e9 des traces de ces pratiques et proc\u00e9d\u00e9s.<\/p>\n\n\n\n<p>Les soins du corps allaient alors de pair avec ceux de l\u2019\u00e2me, et de l\u2019esprit. Au moment de la renaissance fran\u00e7aise, l\u2019\u00e2me fut s\u00e9par\u00e9e du corps.<\/p>\n\n\n\n<p>\u00ab La sant\u00e9 n\u2019est pas seulement une affaire de m\u00e9decine, elle est affaire<br>aussi d\u2019hygi\u00e8ne de vie\u2026. \u00bb Francis LIZION Ed Mozaique, 1999<\/p>\n\n\n\n<h3>Quelques Min\u00e9raux<\/h3>\n\n\n\n<figure class=\"wp-block-image\"><img src=\"http:\/\/www.troywhisper.com\/wp-content\/uploads\/2020\/07\/minerau3.jpg\" alt=\"L\u2019attribut alt de cette image est vide, son nom de fichier est minerau3.jpg.\"\/><figcaption>Pointe de Quartz \u00ab fant\u00f4me \u00bb.<\/figcaption><\/figure>\n\n\n\n<h4><strong>Le cas bien int\u00e9ressant\u2026 du Quartz\u2026 la base de tout !<\/strong><\/h4>\n\n\n\n<p><strong>Sa composition chimique :<\/strong><br>Si02. Class\u00e9 dans les oxydes, son syst\u00e8me est cristallin rhombo\u00e9drique.<br>On appelle cristal de roche la vari\u00e9t\u00e9 incolore. L\u2019oxyde de silicium qui le d\u00e9finit est l\u2019un des basiques de notre sol, et de notre structure mol\u00e9culaire. <strong>Le quartz est \u00e0 la fois un r\u00e9cepteur, un \u00e9metteur, un transformateur et\u2026 un catalyseur !<\/strong><br><br>Ses applications et implications sont multiples.<br>Conseill\u00e9 g\u00e9n\u00e9ralement en association, il active tous les autres. Je l\u2019utilise principalement en bloc brut ou sous sa forme sph\u00e9rique. Il est parfait pour la m\u00e9ditation, et le travail de divination.<\/p>\n\n\n\n<figure class=\"wp-block-image\"><img src=\"http:\/\/www.troywhisper.com\/wp-content\/uploads\/2020\/07\/minerau2.jpg\" alt=\"L\u2019attribut alt de cette image est vide, son nom de fichier est minerau2.jpg.\"\/><\/figure>\n\n\n\n<h4>L\u2019Auralite -23 :<\/h4>\n\n\n\n<p>La survivante\u2026<\/p>\n\n\n\n<p>Ces cristaux datent d\u2019il y a environ 1,2 milliard d\u2019ann\u00e9es.<br><strong>Le cristal A23 contient au moins 17 pierres et 23 \u00e9l\u00e9ments de classification chimique r\u00e9pertori\u00e9s dans le tableau de Mendele\u00efev, <\/strong>ce qui est plus qu\u2019improbable, mais vrai.<br>Des vertus \u00e9nerg\u00e9tiques importantes lui sont accord\u00e9es :<br>r\u00e9organisation et purification des m\u00e9ridiens \u00e9nerg\u00e9tiques. Guidance,<br>et \u00e9volution spirituelle\u2026 Elle est r\u00e9put\u00e9e pour r\u00e9conforter et soulager<br>dans les moments de d\u00e9tresse li\u00e9s \u00e0 la sph\u00e8re affective.<\/p>\n\n\n\n<figure class=\"wp-block-image\"><img src=\"http:\/\/www.troywhisper.com\/wp-content\/uploads\/2020\/07\/minerau1.jpg\" alt=\"L\u2019attribut alt de cette image est vide, son nom de fichier est minerau1.jpg.\"\/><figcaption>Paque de Jade oxyd\u00e9 avec de nombreuses inclusions.<\/figcaption><\/figure>\n\n\n\n<h4>La n\u00e9phrite ou jade n\u00e9o-Z\u00e9landais<\/h4>\n\n\n\n<p>Exploit\u00e9 depuis des milliers d\u2019ann\u00e9es en nouvelle Z\u00e9lande, et v\u00e9n\u00e9r\u00e9s par les Maoris, il est commun\u00e9ment appel\u00e9 \u00ab green-stone \u00bb ou \u00ab Pounamou \u00bb.<\/p>\n\n\n\n<p>Le jade accompagne et prot\u00e8ge les \u00eatres humains\u2026.<br>Sa composition chimique est diff\u00e9rente en Colombie britannique (Am\u00e9rique du Nord) en Chine, ou au Guatemala. Il est pr\u00e9sent dans toutes les r\u00e9gions du globe. En fonction des couches d\u2019extraction, sa nature (coloration, densit\u00e9, inclusion) change.<br><strong>Elle peut \u00eatre noire, d\u2019un vert pomme translucide, laiteuse et opaque, ou pr\u00e9senter des inclusions rouges ou cendr\u00e9es. Ces derni\u00e8res \u00e9tant en partie dues \u00e0 l\u2019oxydation du fer.<\/strong><br>Sa composition chimique est variable, mais comprend principalement du Silicate de magn\u00e9sium, du calcium, du fer et peut contenir de la magn\u00e9tite. (suivant les gisements et la position g\u00e9ologique).<br>Les ma\u00eetres sculpteurs le travaillent sous diff\u00e9rente forme et la symbolique est haute en signification.<br>Le Jade est une pierre totem noble, chamanique.<br><strong>Elle est principalement d\u00e9di\u00e9 \u00e0 la protection et \u00e0 la sant\u00e9.<\/strong><\/p>\n\n\n\n<figure class=\"wp-block-image\"><img src=\"http:\/\/www.troywhisper.com\/wp-content\/uploads\/2020\/07\/minerau.jpg\" alt=\"L\u2019attribut alt de cette image est vide, son nom de fichier est minerau.jpg.\"\/><figcaption>Obsidienne flocon de neige.<\/figcaption><\/figure>\n\n\n\n<h4>L\u2019obsidienne, cette merveille volcanique<\/h4>\n\n\n\n<p>Pierre volcanique se rapprochant du verre. <strong>Form\u00e9 lors d\u2019un refroidissement brutal du magma. Riche en silice, elle est issue des profondeurs du manteau terrestre, et des poches de magma en fusion. <\/strong>Cette pierre est utilis\u00e9e depuis la nuit des temps, et, plus sp\u00e9cialement par les peuples indiens d\u2019Am\u00e9rique du Sud (Guatemala) Azt\u00e8ques et Mayas, dans leurs rituels li\u00e9 \u00e0 l\u2019occultisme.<br><br>Ce min\u00e9ral aurait la propri\u00e9t\u00e9 de transmuter \u00ab la nuit en lumi\u00e8re \u00bb. Elle est li\u00e9e au spirituel, et repousserait aussi les ondes n\u00e9gatives. C\u2019est une pierre pour <strong>l\u2019introspection et le questionnement.<\/strong><br>Il en existe plusieurs variantes : l\u2019argent\u00e9e, le flocon de neige, ou le tr\u00e8s m\u00e9diatis\u00e9 \u0153il c\u00e9leste qui, pr\u00e9sente des cercles concentriques iris\u00e9es et violac\u00e9es. Certainement l\u2019une des plus fascinantes et efficaces.<\/p>\n\n\n\n<p>La liste est bien s\u00fbr non exhaustive&#8230;<\/p>\n","protected":false},"excerpt":{"rendered":"<p>Qu\u2019est-ce qu\u2019un support ? Comment fonctionne-t il ? Les supports fonctionnent pour les clairvoyants comme des catalyseurs, sortes de miroirs de l\u2019inconscient et du monde de l\u2019invisible.Ils sont vari\u00e9s et prennent diff\u00e9rentes formes. Le jeu de tarot, par exemple se pr\u00e9sente autour d\u2019arcanes majeurs et mineurs. Chaque praticien a ses pr\u00e9f\u00e9rences, suivant sa sensibilit\u00e9. Le [&hellip;]<\/p>\n","protected":false},"author":2,"featured_media":0,"parent":0,"menu_order":0,"comment_status":"closed","ping_status":"closed","template":"","meta":[],"_links":{"self":[{"href":"https:\/\/www.troywhisper.com\/fr\/troy-whisper-medium-et-voyageur-psychic-and-traveler\/wp-json\/wp\/v2\/pages\/608"}],"collection":[{"href":"https:\/\/www.troywhisper.com\/fr\/troy-whisper-medium-et-voyageur-psychic-and-traveler\/wp-json\/wp\/v2\/pages"}],"about":[{"href":"https:\/\/www.troywhisper.com\/fr\/troy-whisper-medium-et-voyageur-psychic-and-traveler\/wp-json\/wp\/v2\/types\/page"}],"author":[{"embeddable":true,"href":"https:\/\/www.troywhisper.com\/fr\/troy-whisper-medium-et-voyageur-psychic-and-traveler\/wp-json\/wp\/v2\/users\/2"}],"replies":[{"embeddable":true,"href":"https:\/\/www.troywhisper.com\/fr\/troy-whisper-medium-et-voyageur-psychic-and-traveler\/wp-json\/wp\/v2\/comments?post=608"}],"version-history":[{"count":12,"href":"https:\/\/www.troywhisper.com\/fr\/troy-whisper-medium-et-voyageur-psychic-and-traveler\/wp-json\/wp\/v2\/pages\/608\/revisions"}],"predecessor-version":[{"id":1387,"href":"https:\/\/www.troywhisper.com\/fr\/troy-whisper-medium-et-voyageur-psychic-and-traveler\/wp-json\/wp\/v2\/pages\/608\/revisions\/1387"}],"wp:attachment":[{"href":"https:\/\/www.troywhisper.com\/fr\/troy-whisper-medium-et-voyageur-psychic-and-traveler\/wp-json\/wp\/v2\/media?parent=608"}],"curies":[{"name":"wp","href":"https:\/\/api.w.org\/{rel}","templated":true}]}}