{"id":606,"date":"2020-07-16T23:06:00","date_gmt":"2020-07-16T21:06:00","guid":{"rendered":"http:\/\/www.troywhisper.com\/fr\/troy-whisper-medium-et-voyageur-psychic-and-traveler\/?page_id=606"},"modified":"2020-09-03T01:59:36","modified_gmt":"2020-09-02T23:59:36","slug":"lintuition","status":"publish","type":"page","link":"https:\/\/www.troywhisper.com\/fr\/troy-whisper-medium-et-voyageur-psychic-and-traveler\/fr\/lintuition\/","title":{"rendered":"L\u2019intuition"},"content":{"rendered":"\n<h2>L\u2019intuition et son fonctionnement<\/h2>\n\n\n\n<p>On en entend beaucoup parl\u00e9. Parmi tout cela, de nombreuses affirmations et croyances populaires impr\u00e9cises, voir totalement fausses. L\u2019intuition serait elle la cl\u00e9 pour pr\u00e9dire l\u2019avenir ? Serait-elle m\u00eame ce que l\u2019on entend par le 7\u00e8me de nos sens ? En r\u00e9alit\u00e9, ce n\u2019est rien de tout cela !<\/p>\n\n\n\n<p class=\"textchalk\">Commen\u00e7ons par les 5 sens ordinaires que chacun poss\u00e8de (normalement) d\u00e9s la naissance : la vision, le toucher, l\u2019odorat, le go\u00fbt et l\u2019audition. Tous ces sens premiers fonctionnent avec les canaux de communication enc\u00e9phaliques usuels. <\/p>\n\n\n\n<p>L\u2019intuition, elle, est tout autre. Ce n\u2019est pas une facult\u00e9 mentale et encore moins une capacit\u00e9. C&#8217;est un ressenti. Peut-elle s\u2019apprendre et se d\u00e9velopper ? Non, absolument PAS ! <\/p>\n\n\n\n<p class=\"textchalk\">C\u2019est ce que l\u2019on appelle commun\u00e9ment la c\u00e9nesth\u00e9sie ou l\u2019art du ressenti.<\/p>\n\n\n\n<p>C\u2019est cette petite voix int\u00e9rieure qui ne trompe pas et qui ne fait appel \u00e0 aucune facult\u00e9 c\u00e9r\u00e9brale. Mais qu\u2019elle est donc la d\u00e9finition de l\u2019intuition ?<br>Ce mot m\u00eame d\u2019intuition vient du latin scolastique Intuitio :<br>In : qui d\u00e9finit la provenance ici, \u00e0 l int\u00e9rieur, Tui qui veut dire qui jaillit et Tio vers l\u2019ext\u00e9rieur. C\u2019est un ph\u00e9nom\u00e8ne qui provient de l\u2019int\u00e9rieur, du dedans, et qui s\u2019ext\u00e9riorise, vers le dehors. Voici ce qu\u2019est l\u2019intuition. Chacun poss\u00e8de donc en soit, un potentiel intuitif. <\/p>\n\n\n\n<p><strong>En 1908, l\u2019acad\u00e9mie fran\u00e7aise \u00e0 d\u00e9finitivement int\u00e9gr\u00e9 le mot pour inventaire Grace \u00e0 J.H Poincar\u00e9<\/strong>, qui d\u00e9clarera entre autre: \u00ab Avec la logique nous d\u00e9montrons, avec l\u2019intuition nous inventons \u00bb.<\/p>\n\n\n\n<p class=\"textchalk\">Le r\u00eave et l\u2019intuition sont d\u2019apr\u00e8s C.G Yung , les deux messagers de l\u2019inconscient. L\u2019intuition en est le messager du dedans.<\/p>\n\n\n\n<p>Pour les neuro-scientifiques, elle n\u2019existe pas, pour les psychologues, ce serait une forme d\u2019intelligence cognitive. En r\u00e9alit\u00e9, ce n\u2019est rien de tout cela, comme en atteste d\u2019ailleurs le Neuro-scientifique, le professeur Boissier. L\u2019intuition est donc une connaissance directe, imm\u00e9diate, spontan\u00e9e- jaillissante qui ne d\u00e9pend PAS de la volont\u00e9, ni d\u2019un raisonnement logique. C\u2019est un LONG travail inconscient, et la d\u00e9finition de l\u2019acad\u00e9mie fran\u00e7aise en 1908. <br>Autrement dit; s\u2019il n\u2019y a pas de travail constant et s\u00e9rieux il n\u2019y a pas de manifestation de l\u2019intuition !<\/p>\n","protected":false},"excerpt":{"rendered":"<p>L\u2019intuition et son fonctionnement On en entend beaucoup parl\u00e9. Parmi tout cela, de nombreuses affirmations et croyances populaires impr\u00e9cises, voir totalement fausses. L\u2019intuition serait elle la cl\u00e9 pour pr\u00e9dire l\u2019avenir ? Serait-elle m\u00eame ce que l\u2019on entend par le 7\u00e8me de nos sens ? En r\u00e9alit\u00e9, ce n\u2019est rien de tout cela ! Commen\u00e7ons par [&hellip;]<\/p>\n","protected":false},"author":2,"featured_media":0,"parent":0,"menu_order":0,"comment_status":"closed","ping_status":"closed","template":"","meta":[],"_links":{"self":[{"href":"https:\/\/www.troywhisper.com\/fr\/troy-whisper-medium-et-voyageur-psychic-and-traveler\/wp-json\/wp\/v2\/pages\/606"}],"collection":[{"href":"https:\/\/www.troywhisper.com\/fr\/troy-whisper-medium-et-voyageur-psychic-and-traveler\/wp-json\/wp\/v2\/pages"}],"about":[{"href":"https:\/\/www.troywhisper.com\/fr\/troy-whisper-medium-et-voyageur-psychic-and-traveler\/wp-json\/wp\/v2\/types\/page"}],"author":[{"embeddable":true,"href":"https:\/\/www.troywhisper.com\/fr\/troy-whisper-medium-et-voyageur-psychic-and-traveler\/wp-json\/wp\/v2\/users\/2"}],"replies":[{"embeddable":true,"href":"https:\/\/www.troywhisper.com\/fr\/troy-whisper-medium-et-voyageur-psychic-and-traveler\/wp-json\/wp\/v2\/comments?post=606"}],"version-history":[{"count":4,"href":"https:\/\/www.troywhisper.com\/fr\/troy-whisper-medium-et-voyageur-psychic-and-traveler\/wp-json\/wp\/v2\/pages\/606\/revisions"}],"predecessor-version":[{"id":1384,"href":"https:\/\/www.troywhisper.com\/fr\/troy-whisper-medium-et-voyageur-psychic-and-traveler\/wp-json\/wp\/v2\/pages\/606\/revisions\/1384"}],"wp:attachment":[{"href":"https:\/\/www.troywhisper.com\/fr\/troy-whisper-medium-et-voyageur-psychic-and-traveler\/wp-json\/wp\/v2\/media?parent=606"}],"curies":[{"name":"wp","href":"https:\/\/api.w.org\/{rel}","templated":true}]}}