{"id":604,"date":"2020-07-16T23:03:02","date_gmt":"2020-07-16T21:03:02","guid":{"rendered":"http:\/\/www.troywhisper.com\/fr\/troy-whisper-medium-et-voyageur-psychic-and-traveler\/?page_id=604"},"modified":"2020-09-03T01:58:26","modified_gmt":"2020-09-02T23:58:26","slug":"aptitude-de-clairvoyance-et-de-claire-audience","status":"publish","type":"page","link":"https:\/\/www.troywhisper.com\/fr\/troy-whisper-medium-et-voyageur-psychic-and-traveler\/fr\/aptitude-de-clairvoyance-et-de-claire-audience\/","title":{"rendered":"Aptitude de clairvoyance&#8230;"},"content":{"rendered":"\n<h2>Aptitude de clairvoyance et de claire-audience<\/h2>\n\n\n\n<p>Une partie du cerveau serait elle donc biologiquement diff\u00e9rente ? Ces aptitudes particuli\u00e8res commun\u00e9ment appel\u00e9es \u00ab dons \u00bb sont-elles des pr\u00e9dispositions particuli\u00e8res li\u00e9es \u00e0 l individu, ou plus g\u00e9n\u00e9rales au r\u00e8gne humain ? Les travaux r\u00e9cents sur l\u2019\u00e9piphyse neurale effectu\u00e9 par le Chercheur, neuro-psychiatre et master en science, le Professeur Felipe de Oliveira apportent des \u00e9l\u00e9ments de r\u00e9ponse, d\u00e9montrant une pr\u00e9disposition biologique clairement \u00e9tablie.<\/p>\n\n\n\n<p>Dans sa constitution, cette glande endocrine diff\u00e8re chez les patients pr\u00e9sentant ces aptitudes c\u00e9r\u00e9brales particuli\u00e8res, loin d\u2019\u00eatre le fruit du Hasard ou d\u2019un don survenu on ne sait comment. <\/p>\n\n\n\n<p class=\"textchalk\">L\u2019\u00e9piphyse est con\u00e7ue diff\u00e9remment chez chaque personne. Les ph\u00e9nom\u00e8nes dit de pr\u00e9-cognition sont de loin les plus int\u00e9ressants.<\/p>\n\n\n\n<p>Le clairvoyant, plong\u00e9 dans un \u00e9tat de conscience modifi\u00e9 abaisse le seuil de ses ondes c\u00e9r\u00e9brales, \u00e0 ce moment l\u00e0, le cerveau \u00ab d\u00e9braye \u00bb. Il est alors pr\u00eat \u00e0 recevoir des informations visuelles ou auditives. L\u2019ensemble du cerveau proc\u00e9dera ensuite au d\u00e9cryptage de celle-ci. <\/p>\n\n\n\n<p>Le praticien en charge, est alors capable d&#8217;avoir acc\u00e8s \u00e0 la biblioth\u00e8que d\u2019information individuel du consultant. La consultation d\u00e9bute alors.<\/p>\n\n\n\n<p>John P Rose de l\u2019Universit\u00e9 d\u2019Oxford d\u00e9clare que \u00ab l\u2019\u00eatre humain est biologique, psychologique et spirituel. \u00bb<\/p>\n","protected":false},"excerpt":{"rendered":"<p>Aptitude de clairvoyance et de claire-audience Une partie du cerveau serait elle donc biologiquement diff\u00e9rente ? Ces aptitudes particuli\u00e8res commun\u00e9ment appel\u00e9es \u00ab dons \u00bb sont-elles des pr\u00e9dispositions particuli\u00e8res li\u00e9es \u00e0 l individu, ou plus g\u00e9n\u00e9rales au r\u00e8gne humain ? Les travaux r\u00e9cents sur l\u2019\u00e9piphyse neurale effectu\u00e9 par le Chercheur, neuro-psychiatre et master en science, le [&hellip;]<\/p>\n","protected":false},"author":2,"featured_media":0,"parent":0,"menu_order":0,"comment_status":"closed","ping_status":"closed","template":"","meta":[],"_links":{"self":[{"href":"https:\/\/www.troywhisper.com\/fr\/troy-whisper-medium-et-voyageur-psychic-and-traveler\/wp-json\/wp\/v2\/pages\/604"}],"collection":[{"href":"https:\/\/www.troywhisper.com\/fr\/troy-whisper-medium-et-voyageur-psychic-and-traveler\/wp-json\/wp\/v2\/pages"}],"about":[{"href":"https:\/\/www.troywhisper.com\/fr\/troy-whisper-medium-et-voyageur-psychic-and-traveler\/wp-json\/wp\/v2\/types\/page"}],"author":[{"embeddable":true,"href":"https:\/\/www.troywhisper.com\/fr\/troy-whisper-medium-et-voyageur-psychic-and-traveler\/wp-json\/wp\/v2\/users\/2"}],"replies":[{"embeddable":true,"href":"https:\/\/www.troywhisper.com\/fr\/troy-whisper-medium-et-voyageur-psychic-and-traveler\/wp-json\/wp\/v2\/comments?post=604"}],"version-history":[{"count":8,"href":"https:\/\/www.troywhisper.com\/fr\/troy-whisper-medium-et-voyageur-psychic-and-traveler\/wp-json\/wp\/v2\/pages\/604\/revisions"}],"predecessor-version":[{"id":1383,"href":"https:\/\/www.troywhisper.com\/fr\/troy-whisper-medium-et-voyageur-psychic-and-traveler\/wp-json\/wp\/v2\/pages\/604\/revisions\/1383"}],"wp:attachment":[{"href":"https:\/\/www.troywhisper.com\/fr\/troy-whisper-medium-et-voyageur-psychic-and-traveler\/wp-json\/wp\/v2\/media?parent=604"}],"curies":[{"name":"wp","href":"https:\/\/api.w.org\/{rel}","templated":true}]}}