{"id":602,"date":"2020-07-16T22:58:48","date_gmt":"2020-07-16T20:58:48","guid":{"rendered":"http:\/\/www.troywhisper.com\/fr\/troy-whisper-medium-et-voyageur-psychic-and-traveler\/?page_id=602"},"modified":"2020-09-03T01:56:44","modified_gmt":"2020-09-02T23:56:44","slug":"mediumnite-et-canaux","status":"publish","type":"page","link":"https:\/\/www.troywhisper.com\/fr\/troy-whisper-medium-et-voyageur-psychic-and-traveler\/fr\/mediumnite-et-canaux\/","title":{"rendered":"M\u00e9diumnit\u00e9 et canaux"},"content":{"rendered":"\n<h2>M\u00e9diumnit\u00e9 et canaux<\/h2>\n\n\n\n<p>La m\u00e9diumnit\u00e9 est un \u00e9tat provisoire, qui se manifeste sous certaines conditions, et dans diff\u00e9rents \u00e9tats : conscient ou semi-conscient. <\/p>\n\n\n\n<p class=\"textchalk\">Le praticien semble absent, et rentre dans une sorte de torpeur, ce que nous appellerons un \u00e9tat de conscience modifi\u00e9. Il devient alors un canal de r\u00e9ception, sch\u00e9matiquement, une grosse parabole de r\u00e9ception ! S\u2019ouvrent ensuite \u00e0 lui, des portails sur des plans vibratoires diff\u00e9rents. C\u2019est l\u00e0 que s\u2019\u00e9tablit le contact avec des consciences ou des m\u00e9moires, qui ne sont pas incarn\u00e9s dans la mati\u00e8re tel que nous le connaissons. <\/p>\n\n\n\n<p>Certains parlent de d\u00e9funt, d\u2019autre de guides, de messager, voir les trois. Le m\u00e9dium est un lien entre ici et ailleurs, c\u2019est un \u00e9metteur r\u00e9cepteur vivant. C\u2019est le t\u00e9moin privil\u00e9gi\u00e9 et la preuve parlante que l\u2019\u00eatre humain est autre chose qu\u2019un corps biologique vivant en 3D !<\/p>\n\n\n\n<p>Ce dernier ne sait jamais vraiment \u00e0 qui il a affaire ou ce qu\u2019il capte, et, c\u2019est bien la que commence les probl\u00e8mes. Dans des lieux et \u00e0 des moments inadapt\u00e9s, la lecture peut tourner au cauchemar. Cet \u00e9tat n\u2019est pas \u00e0 prendre \u00e0 la l\u00e9g\u00e8re et m\u00e9rite un travail sur soi -psychique et mentale- permanent, afin de ne pas \u00eatre d\u00e9stabilis\u00e9 voir parasit\u00e9. <\/p>\n\n\n\n<p class=\"textchalk\">Le m\u00e9dium est capable de donner des informations tr\u00e8s pr\u00e9cises \u00e0 la personne qui vient le consulter, c\u2019est \u00ab un passeur \u00bb. Il transmet donc les messages. C\u2019est un interm\u00e9diaire entre notre dimension et l\u2019invisible. Normalement, ce dernier n\u2019a aucune action \u00e0 titre individuel, quant \u00e0 la retransmission des messages d\u00e9livr\u00e9s : Il les donne sans aucune interpr\u00e9tation personnelle.<\/p>\n\n\n\n<p>Il capte, d\u00e9crit; et raconte se qu\u2019il per\u00e7oit \u00e0 l\u2019instant T. Les messages arrivent tr\u00e8s clairement, ou parfois par hach\u00e9s et saccad\u00e9s. Ceux-ci s\u2019accompagnent ou non de vision. Parfois le praticien ne voit rien, mais il entend tr\u00e8s clairement, c\u2019est ce que nous appelleront la claire audience. Tout passe, quoique il en soit par le m\u00eame lieu, et ce -comme nous le verrons plus tard-une partie pr\u00e9cise du cerveau est directement impliqu\u00e9e.<\/p>\n","protected":false},"excerpt":{"rendered":"<p>M\u00e9diumnit\u00e9 et canaux La m\u00e9diumnit\u00e9 est un \u00e9tat provisoire, qui se manifeste sous certaines conditions, et dans diff\u00e9rents \u00e9tats : conscient ou semi-conscient. Le praticien semble absent, et rentre dans une sorte de torpeur, ce que nous appellerons un \u00e9tat de conscience modifi\u00e9. Il devient alors un canal de r\u00e9ception, sch\u00e9matiquement, une grosse parabole de [&hellip;]<\/p>\n","protected":false},"author":2,"featured_media":0,"parent":0,"menu_order":0,"comment_status":"closed","ping_status":"closed","template":"","meta":[],"_links":{"self":[{"href":"https:\/\/www.troywhisper.com\/fr\/troy-whisper-medium-et-voyageur-psychic-and-traveler\/wp-json\/wp\/v2\/pages\/602"}],"collection":[{"href":"https:\/\/www.troywhisper.com\/fr\/troy-whisper-medium-et-voyageur-psychic-and-traveler\/wp-json\/wp\/v2\/pages"}],"about":[{"href":"https:\/\/www.troywhisper.com\/fr\/troy-whisper-medium-et-voyageur-psychic-and-traveler\/wp-json\/wp\/v2\/types\/page"}],"author":[{"embeddable":true,"href":"https:\/\/www.troywhisper.com\/fr\/troy-whisper-medium-et-voyageur-psychic-and-traveler\/wp-json\/wp\/v2\/users\/2"}],"replies":[{"embeddable":true,"href":"https:\/\/www.troywhisper.com\/fr\/troy-whisper-medium-et-voyageur-psychic-and-traveler\/wp-json\/wp\/v2\/comments?post=602"}],"version-history":[{"count":4,"href":"https:\/\/www.troywhisper.com\/fr\/troy-whisper-medium-et-voyageur-psychic-and-traveler\/wp-json\/wp\/v2\/pages\/602\/revisions"}],"predecessor-version":[{"id":1382,"href":"https:\/\/www.troywhisper.com\/fr\/troy-whisper-medium-et-voyageur-psychic-and-traveler\/wp-json\/wp\/v2\/pages\/602\/revisions\/1382"}],"wp:attachment":[{"href":"https:\/\/www.troywhisper.com\/fr\/troy-whisper-medium-et-voyageur-psychic-and-traveler\/wp-json\/wp\/v2\/media?parent=602"}],"curies":[{"name":"wp","href":"https:\/\/api.w.org\/{rel}","templated":true}]}}