{"id":599,"date":"2020-09-05T22:28:06","date_gmt":"2020-09-05T20:28:06","guid":{"rendered":"http:\/\/www.troywhisper.com\/fr\/troy-whisper-medium-et-voyageur-psychic-and-traveler\/?page_id=599"},"modified":"2020-09-05T22:28:26","modified_gmt":"2020-09-05T20:28:26","slug":"la-entrevista-con-lena-loyd","status":"publish","type":"page","link":"https:\/\/www.troywhisper.com\/fr\/troy-whisper-medium-et-voyageur-psychic-and-traveler\/es\/la-entrevista-con-lena-loyd\/","title":{"rendered":"\u00a1La  entrevista! Con Lena Loyd &#8230;"},"content":{"rendered":"\n<h2>\u00a1La entrevista! Con Lena Loyd \u2026<\/h2>\n\n\n\n<figure class=\"wp-block-image size-large\"><img loading=\"lazy\" width=\"1024\" height=\"690\" src=\"http:\/\/www.troywhisper.com\/wp-content\/uploads\/2020\/07\/Interview01-2-1024x690.jpg\" alt=\"\" class=\"wp-image-600\" srcset=\"https:\/\/www.troywhisper.com\/wp-content\/uploads\/2020\/07\/Interview01-2-1024x690.jpg 1024w, https:\/\/www.troywhisper.com\/wp-content\/uploads\/2020\/07\/Interview01-2-300x202.jpg 300w, https:\/\/www.troywhisper.com\/wp-content\/uploads\/2020\/07\/Interview01-2-768x518.jpg 768w, https:\/\/www.troywhisper.com\/wp-content\/uploads\/2020\/07\/Interview01-2.jpg 1215w\" sizes=\"(max-width: 1024px) 100vw, 1024px\" \/><figcaption>Troy Whisper<\/figcaption><\/figure>\n\n\n\n<p><strong>L.L. : Troy, \u00bfPorqu\u00e9 este sitio?<\/strong><br>T.W: Pens\u00e9 que ya era tiempo de poner al alcance de la mayor cantidad de personas la posibilidad de tener acceso a mi trabajo de investigaci\u00f3n, que he desarrollado y contin\u00fao llevando a cabo desde hace m\u00e1s de 15 a\u00f1os, relativo a estos temas apasionantes como son la clarividencia y los fen\u00f3menos asociados a ella. Para m\u00ed es importante el poder comunicarme libremente con todo el mundo, \u00a1Donde t\u00fa te encuentres a lo largo y ancho del globo, ya sea desde Seattle hasta Rekavik! El objetivo es hacer de este sitio un lugar para compartir, abierto al mundo y dedicado al conocimiento.<\/p>\n\n\n\n<p><strong>L.L. : \u00bfQu\u00e9 buscan las personas cuando te vienen a ver y a escuchar?<\/strong><br>T.W : Cuando alguien me consulta viene a escuchar un consejo y a obtener el m\u00e1ximo de informaci\u00f3n posible. Quien consulta est\u00e1 all\u00ed para ganar tiempo y serenidad con el fin de tomar o no decisiones con calma y retrospectiva. Busca informarse mediante una opini\u00f3n externa que sea neutra. Ante todo, estoy ah\u00ed para guiarlo. En alg\u00fan momento, con sufrimiento o en una encrucijada de caminos, muchos han decidido venir a consultarme.<br>Es el caso particularmente de quienes deciden, por ejemplo, cambiar de camino, de vida, cuando se pone en venta una empresa, o cuando alguien se pregunta sobre el curso de los mercados. En estos casos hay que estar atento en extremo, ser preciso y tomar un m\u00e1ximo de distancia cuando se retransmiten las informaciones requeridas.<br>Reconfortar, desdramatizar, reconfortar y tirar a la gente para arriba forman tambi\u00e9n parte \u2013 para m\u00ed \u2013 de la misi\u00f3n. Ciertamente esto es lo menos divertido, pero es indispensable para el interlocutor.&nbsp;<\/p>\n\n\n\n<p><strong>L.L. : \u00bfDe qu\u00e9 forma los ayudas t\u00fa, entonces?<\/strong><br>T.W : Mi trabajo consiste en ser meticuloso y lo m\u00e1s preciso posible, como el trabajo de un relojero, para quien cada pieza ensamblada debe ser estudiada y posicionada minuciosamente.<br>En definitiva, voy a cartografiar a la persona y a definir varios ejes de trabajo en funci\u00f3n de las informaciones que recibo. Ser\u00eda necesario pasar horas en cada persona, y a\u00fan m\u00e1s, esto constituye un trabajo de investigaci\u00f3n fascinante. Nosotros somos une especie de detectives del tiempo. Las informaciones que recibo son extremadamente numerosas, y contra todo pron\u00f3stico, son tambi\u00e9n jer\u00e1rquicas. El paciente pasa bajo un scanner gigante; luego eval\u00fao las \u00e1reas a tratar, como ocurre en un examen de resonancia magn\u00e9tica. La informaci\u00f3n es decodificada en forma muy precisa desde su llegada. Es all\u00ed donde se arma el esqueleto de la consulta. A esto lo denomino el comienzo de la lectura. Poco a poco hago un zoom sobre lo m\u00e1s importante y las visiones se hacen cada vez m\u00e1s precisas.<\/p>\n\n\n\n<p><strong>L.L. : \u00bfTroy, a menudo t\u00fa empleas t\u00e9rminos m\u00e9dicos, \u00bfPorqu\u00e9?<\/strong><br>T.W : Es ante todo algo metaf\u00f3rico, para m\u00ed es una forma simple y clara de hacer comprender el desarrollo de mi trabajo.<br>La precisi\u00f3n quir\u00fargica : tal debe ser la calidad principal de todo buen clarividente, asociada, naturalmente a un c\u00f3digo deontol\u00f3gico apropiado. Mucha espera y esperanza, en efecto, recaen sobre nuestras espaldas.<\/p>\n\n\n\n<p><strong>L.L. : Desde tiempos inmemoriales, la ciencia y la medicina han buscado explicaciones a estos temas, que son la clarividencia y la mediumnidad, dominio que se sit\u00faa en las fronteras de sus conocimientos.<\/strong><br>T.W : \u00a1La ciencia y la medicina constituyen bastiones contra el inmenso&nbsp; sentido del absurdo que experimentamos en nuestra existencia! En paralelo a mi pr\u00e1ctica sigo de muy cerca los estudios realizados a este respecto sobre estos temas. Encuentro esencial e indispensable el estudio de la neurociencia, entre otras especialidades. Estas investigaciones cient\u00edficas y m\u00e9dicas, reconocidas y serias, me ayudan a afinar mis conocimientos y a desarrollar mis investigaciones, afinando al mismo tiempo mi posicionamiento frente a ellas.<br>Los estudios realizados por ejemplo, por el neurocirujano y Profesor&nbsp; Alexander Eden, quien es autor de varios libros al respecto, nos aportan pistas de reflexi\u00f3n, especialmente sobre la supervivencia de la consciencia y de su deslocalizaci\u00f3n despu\u00e9s de la muerte.<\/p>\n\n\n\n<p><strong>L.L. : \u00bfC\u00f3mo se manifiestan tus visiones, si podemos llamarlas de ese modo?<\/strong><br>T.W : Es muy variado seg\u00fan las consultas y las peticiones realizadas. Todos mis sentidos est\u00e1n en alerta cuando empieza la sesi\u00f3n. En ese momento, mis percepciones est\u00e1n afinadas al m\u00e1ximo. Entro entonces en un estado de consciencia modificado, m\u00e1s sereno, m\u00e1s distendido. De hecho, en esos momentos ser\u00eda interesante el poder medir mi actividad cerebral. Antes de cualquier consulta, vac\u00edo mi cabeza y medito. Este primer trabajo de introspecci\u00f3n es indispensable: consiste en silenciar mi propia actividad mental, para recibir y poder manejar las informaciones que llegan.<br>Quien consulta llega y se sienta frente a m\u00ed. En ese momento yo empiezo mi trabajo. Casi en forma instant\u00e1nea llegan las im\u00e1genes, las sensaciones, los lugares, los rostros, muchas escenas. Esa es la parte animada. Luego viene toda la parte que yo llamar\u00eda simb\u00f3lica, para interpretarla como tal, la cual, seg\u00fan la situaci\u00f3n, evoluciona, naturalmente.<br>Las sensaciones f\u00edsicas son igualmente muy importantes. En resumen, la gama es tan amplia que es el cuerpo por completo quien oficia de sensor gigante con el fin de decodificar de la mejor forma posible la m\u00e1s m\u00ednima informaci\u00f3n.<\/p>\n\n\n\n<p><strong>L.L. : \u00bfTe ocurre a veces que no percibes nada ?<\/strong><br>T.W : S\u00ed, por supuesto, cuando estoy cansado o enfermo. El canal de recepci\u00f3n en ese momento preciso est\u00e1 cerrado, o muy lleno de par\u00e1sitos. En este caso, por supuesto, la lectura no se efect\u00faa. La persona se va y se acuerda, o no, otra fecha para m\u00e1s adelante.<br>Tambi\u00e9n me ocurre a la inversa, en forma cotidiana y sin que yo pida nada, que me llegue informaci\u00f3n que concierne a desconocidos. Cuando est\u00e1n f\u00edsicamente cerca de m\u00ed, es algo muy com\u00fan. Al recorrer las calles o al caminar por sitios p\u00fablicos \u00a1Me pasa lo mismo! Mientras m\u00e1s relajado est\u00e9, m\u00e1s se manifiesta esto, y me llegan im\u00e1genes tan claras como un cristal. La historia impregna los lugares: el suelo, por ejemplo, tiene una memoria que no reconoce ninguna frontera temporal. Esto puede traducirse en visiones sucesivas. Me explico: si antiguamente hubo en este lugar una f\u00e1brica de libros, en 10 a\u00f1os ya est\u00e1 planificado que existir\u00e1 aqu\u00ed un gimnasio, o una cancha de handball. El lugar est\u00e1 predeterminado con anticipaci\u00f3n. En una \u00e9poca pasada, pudo haber existido all\u00ed un mercado o un pub.<br>Pero volvamos a nuestra interferencia. Puede ocurrir en cualquier momento, es as\u00ed. El proceso de conexi\u00f3n es fr\u00e1gil, por lo que todo el mundo es totalmente falible.<br>Tomemos otro ejemplo importante: el se\u00f1or o la se\u00f1ora que llegan con sus propios fantasmas y que proyectan sobre ti sus propios deseos: es lo mismo, es tremendo, \u00a1Eso echa todo a perder!<br>Un m\u00e9dium vuelvo a insistir, no es un psiquiatra ni un analista, \u00a1ni menos a\u00fan, un mago!<br>Incluso si por un exceso de gentileza se comporta un poco como terapeuta a pesar suyo, debe cuidarse mucho de no actuar como tal. En mi opini\u00f3n, el m\u00e9dium tiene el deber de mantener siempre una reserva obligatoria, ya que su trabajo est\u00e1 basado en la confidencialidad.&nbsp;<\/p>\n\n\n\n<p><strong>L.L. : La \u00faltima pregunta: \u00bfCu\u00e1l es tu opini\u00f3n sobre la profesi\u00f3n de m\u00e9dium?<\/strong><br>T.W : La profesi\u00f3n de m\u00e9dium ha sido desacreditada hist\u00f3ricamente por personas poco escrupulosas. El contexto social e hist\u00f3rico, la falta de cultura y de investigaci\u00f3n, la mediatizaci\u00f3n exacerbada, son todos factores que han contribuido en gran parte a esto. Como ocurre en todos los oficios, existen muy buenos profesionales animados por la pasi\u00f3n que expresan en su arte.<br>Me permito citar dos m\u00e9diums por las que siento un tremendo respeto y afecto, que son Maud Kristen y Yaguel Didier.<br>Dos mujeres con un enfoque y una personalidad muy diferentes, que han contribuido enormemente a la \u00e9tica que debe poseer esta profesi\u00f3n. Espero seguir su ejemplo, continuar con mi trabajo de investigaci\u00f3n y con mi participaci\u00f3n, hacer progresar este oficio en el mundo.<\/p>\n\n\n\n<p><strong>L.L : \u00a1Muchas gracias, Troy por haber aceptado responder a nuestras preguntas!<\/strong><br>T.W : De nada, ha sido un gusto y gracias por esta entrevista.<\/p>\n","protected":false},"excerpt":{"rendered":"<p>\u00a1La entrevista! Con Lena Loyd \u2026 L.L. : Troy, \u00bfPorqu\u00e9 este sitio?T.W: Pens\u00e9 que ya era tiempo de poner al alcance de la mayor cantidad de personas la posibilidad de tener acceso a mi trabajo de investigaci\u00f3n, que he desarrollado y contin\u00fao llevando a cabo desde hace m\u00e1s de 15 a\u00f1os, relativo a estos temas [&hellip;]<\/p>\n","protected":false},"author":2,"featured_media":0,"parent":0,"menu_order":0,"comment_status":"closed","ping_status":"closed","template":"","meta":[],"_links":{"self":[{"href":"https:\/\/www.troywhisper.com\/fr\/troy-whisper-medium-et-voyageur-psychic-and-traveler\/wp-json\/wp\/v2\/pages\/599"}],"collection":[{"href":"https:\/\/www.troywhisper.com\/fr\/troy-whisper-medium-et-voyageur-psychic-and-traveler\/wp-json\/wp\/v2\/pages"}],"about":[{"href":"https:\/\/www.troywhisper.com\/fr\/troy-whisper-medium-et-voyageur-psychic-and-traveler\/wp-json\/wp\/v2\/types\/page"}],"author":[{"embeddable":true,"href":"https:\/\/www.troywhisper.com\/fr\/troy-whisper-medium-et-voyageur-psychic-and-traveler\/wp-json\/wp\/v2\/users\/2"}],"replies":[{"embeddable":true,"href":"https:\/\/www.troywhisper.com\/fr\/troy-whisper-medium-et-voyageur-psychic-and-traveler\/wp-json\/wp\/v2\/comments?post=599"}],"version-history":[{"count":3,"href":"https:\/\/www.troywhisper.com\/fr\/troy-whisper-medium-et-voyageur-psychic-and-traveler\/wp-json\/wp\/v2\/pages\/599\/revisions"}],"predecessor-version":[{"id":1610,"href":"https:\/\/www.troywhisper.com\/fr\/troy-whisper-medium-et-voyageur-psychic-and-traveler\/wp-json\/wp\/v2\/pages\/599\/revisions\/1610"}],"wp:attachment":[{"href":"https:\/\/www.troywhisper.com\/fr\/troy-whisper-medium-et-voyageur-psychic-and-traveler\/wp-json\/wp\/v2\/media?parent=599"}],"curies":[{"name":"wp","href":"https:\/\/api.w.org\/{rel}","templated":true}]}}