{"id":589,"date":"2020-09-02T20:21:26","date_gmt":"2020-09-02T18:21:26","guid":{"rendered":"http:\/\/www.troywhisper.com\/fr\/troy-whisper-medium-et-voyageur-psychic-and-traveler\/?page_id=589"},"modified":"2020-09-02T21:01:55","modified_gmt":"2020-09-02T19:01:55","slug":"linterview-cest-avec-lena-lyod","status":"publish","type":"page","link":"https:\/\/www.troywhisper.com\/fr\/troy-whisper-medium-et-voyageur-psychic-and-traveler\/fr\/linterview-cest-avec-lena-lyod\/","title":{"rendered":"L\u2019interview ! C\u2019est avec Lena Lyod &#8230;"},"content":{"rendered":"\n<h2>L\u2019interview ! C\u2019est avec Lena Lyod &#8230;<\/h2>\n\n\n\n<div class=\"wp-block-image\"><figure class=\"alignright size-large\"><img loading=\"lazy\" width=\"1024\" height=\"690\" src=\"http:\/\/www.troywhisper.com\/wp-content\/uploads\/2020\/07\/Interview01-1024x690.jpg\" alt=\"\" class=\"wp-image-590\" srcset=\"https:\/\/www.troywhisper.com\/wp-content\/uploads\/2020\/07\/Interview01-1024x690.jpg 1024w, https:\/\/www.troywhisper.com\/wp-content\/uploads\/2020\/07\/Interview01-300x202.jpg 300w, https:\/\/www.troywhisper.com\/wp-content\/uploads\/2020\/07\/Interview01-768x518.jpg 768w, https:\/\/www.troywhisper.com\/wp-content\/uploads\/2020\/07\/Interview01.jpg 1215w\" sizes=\"(max-width: 1024px) 100vw, 1024px\" \/><figcaption><strong>Troy Whisper<\/strong><\/figcaption><\/figure><\/div>\n\n\n\n<p><strong>L.L. : Troy, pourquoi ce site ?<\/strong><br>T.W: Je pensais qu\u2019il \u00e9tait temps de mettre \u00e0 la port\u00e9e du plus grand nombre la possibilit\u00e9 d\u2019avoir acc\u00e8s \u00e0 mon travail de recherche, que je m\u00e8ne et poursuis depuis maintenant plus de 15 ans, sur ces th\u00e8mes passionnants que sont la clairvoyance et les ph\u00e9nom\u00e8nes qui y sont associ\u00e9s. C\u2019est important pour moi de pouvoir communiquer librement avec tout le monde, et ce, o\u00f9 que vous puissiez vous trouver sur le globe, de Seattle \u00e0 Reykjavik ! Le but, faire de ce site, un lieu de partage ouvert sur le monde, et d\u00e9di\u00e9 \u00e0 la connaissance.<\/p>\n\n\n\n<p><br><strong>L.L. : Que vient-on chercher lorsque l\u2019on vient vous voir, et vous<br>entendre ?<\/strong><br>T.W : Lorsque l\u2019on me consulte, on vient prendre un maximum d\u2019informations. Le consultant est l\u00e0 pour gagner du temps et en s\u00e9r\u00e9nit\u00e9 afin de prendre des d\u00e9cisions-ou non- sans pression ni contrainte. Il vient prendre conseil et trouver un avis ext\u00e9rieur neutre. Avant tout, je suis l\u00e0 pour le guider. Un jour en souffrance, ou \u00e0 la crois\u00e9e des chemins, beaucoup d\u00e9cident de venir consulter.<br>C\u2019est le cas notamment lorsque l\u2019on d\u00e9cide de changer de voie, de vie, que l\u2019on vende une entreprise, ou encore que l\u2019on se pose des questions sur le cours des march\u00e9s\u2026 L\u00e0, il faut \u00eatre extr\u00eamement attentif, pr\u00e9cis, et prendre un maximum de recul quant \u00e0 la r\u00e9percussion des informations per\u00e7ues.<br>R\u00e9conforter, d\u00e9dramatiser et tirer les gens vers le haut, cela fait aussi partie \u2013 pour moi \u2013 de la mission. C\u2019est certes le moins dr\u00f4le, mais indispensable pour l\u2019autre.<\/p>\n\n\n\n<p><strong>L.L. : Comment les aidez-vous alors ?<\/strong><br>T.W : Mon travail est d&#8217;\u00eatre m\u00e9ticuleux et aussi pr\u00e9cis que possible, comme celui qu&#8217;effectuerait un horloger, pour qui chaque pi\u00e8ce assembl\u00e9 doit \u00eatre minutieusement \u00e9tudi\u00e9 et positionn\u00e9e.<br>En clair, je vais cartographier l\u2019individu et d\u00e9finir plusieurs axes de travail en fonction des informations que je re\u00e7ois. Il faudrait passer des heures par individu et plus encore, c\u2019est un travail de recherche fascinant. C&#8217;est un travail de d\u00e9tective du temps. <br>Les informations que je re\u00e7ois sont extr\u00eamement nombreuses, et contre toute attente hi\u00e9rarchis\u00e9es. Le patient passe sous un scanner g\u00e9ant, puis j\u2019\u00e9value les zones \u00e0 traiter, comme lors d\u2019un IRM.<br>L\u2019information est d\u00e9cod\u00e9e tr\u00e8s pr\u00e9cis\u00e9ment d\u00e9s son arriv\u00e9e. C\u2019est l\u00e0 que se met en place le squelette de la consultation. Je parle alors de d\u00e9but de lecture. Petit \u00e0 petit, je zoome sur le plus important, les visions deviennent alors de plus en plus pr\u00e9cises.<\/p>\n\n\n\n<p><strong>L.L. : Troy, vous prenez souvent des termes m\u00e9dicaux, pourquoi ?<br><\/strong>T.W : C\u2019est avant tout m\u00e9taphorique, c\u2019est pour moi une fa\u00e7on simple et claire de faire comprendre le d\u00e9roul\u00e9 de mon travail. La pr\u00e9cision chirurgicale : telle doit \u00eatre la qualit\u00e9 principal de tout bon clairvoyant, associ\u00e9e bien s\u00fbr \u00e0 un code d\u00e9ontologique appropri\u00e9. Beaucoup d\u2019attente et d\u2019espoir, repose en effet sur nos \u00e9paules.<\/p>\n\n\n\n<p><strong>L.L. : De tout temps, la science et la m\u00e9decine ont cherch\u00e9 des explications sur ces th\u00e8mes que sont la clairvoyance et la m\u00e9diumnit\u00e9, domaine qui s\u2019attaque aux fronti\u00e8res de leurs connaissances.<\/strong><br>T.W : La science et la m\u00e9decine sont des remparts contre le grand n\u2019importe quoi ! En parall\u00e8le de ma pratique, je suis de tr\u00e8s pr\u00e8s les \u00e9tudes men\u00e9es sur ces sujets. Je trouve entre autres l\u2019\u00e9tude des neurosciences essentielle et indispensable. Ces recherche scientifiques et m\u00e9dicales reconnues et s\u00e9rieuses, m\u2019aident \u00e0 affiner mes connaissances, et d\u00e9velopper mes recherches tout en affinant mon positionnement.<br>Les \u00e9tudes par exemple, men\u00e9es par le neurochirurgien, le Professeur Alexander Eden et auteur de plusieurs ouvrages, apportent des pistes de r\u00e9flexion, et notamment sur la survivance de la conscience apr\u00e8s la mort et la d\u00e9localisation de la conscience.<\/p>\n\n\n\n<p><strong>L.L. : Comment se manifestent vos visions, si l\u2019on peut les appeler ainsi ?<\/strong><br>T.W : C\u2019est tr\u00e8s variable suivant les consultations, et les demandes formul\u00e9es. Tous mes sens sont en alerte lorsque la s\u00e9ance d\u00e9bute. Mes perceptions sont \u00e0 ce moment-l\u00e0 aff\u00fbt\u00e9es \u00e0 l\u2019extr\u00eame. Je passe alors dans un \u00e9tat de conscience modifi\u00e9e. Plus calme, plus d\u00e9tendu. Je devrais d\u2019ailleurs \u00e0 ce moment l\u00e0, mesurer mon activit\u00e9 c\u00e9r\u00e9brale. Ce serait int\u00e9ressant.<br>Avant toute consultation, je me vide la t\u00eate et je m\u00e9dite. Ce premier travail d\u2019introspection est indispensable : faire taire son mental, pour accueillir et traiter les informations.<br>Le consultant arrive et s\u2019assoit en face de moi, l\u00e0, je commence. Presque instantan\u00e9ment viennent les images, les ressentis, des lieux, des visages, beaucoup de sc\u00e8nes. \u00c7a, c\u2019est la partie anim\u00e9e. Ensuite vient toute la partie que j\u2019appellerais symbolique, \u00e0 interpr\u00e9ter comme telle, et suivant la situation. Elle \u00e9volue bien s\u00fbr.<br>Les ressentis physiques sont tr\u00e8s importants \u00e9galement. Bref, la palette est large et c\u2019est le corps tout entier qui fait office de capteur g\u00e9ant afin de d\u00e9coder au mieux la moindre information.<\/p>\n\n\n\n<p><strong>L.L. : Cela vous arrive-t-il de ne rien percevoir ?<\/strong><br>T.W : Oui bien s\u00fbr, lorsque je suis fatigu\u00e9 ou malade. Le canal de r\u00e9ception est \u00e0 ce moment pr\u00e9cis ferm\u00e9; ou tr\u00e8s parasit\u00e9. Dans ce cas, la bien s\u00fbr pas de lecture. La personne repart et l\u2019on convient, ou non, d\u2019une autre date.<br>Inversement, il arrive aussi quotidiennement, et cela sans que je ne demande rien, d\u2019obtenir des informations qui concernent des inconnus, lorsqu\u2019ils sont physiquement proches de moi, c\u2019est courant.<br>En sillonnant les rues ou en marchant dans des lieux publics, idem ! Plus je suis d\u00e9tendu plus cela se manifeste, clair comme du cristal.<br>L\u2019histoire impr\u00e8gne les lieux : le sol a, quant \u00e0 lui, une m\u00e9moire qui ne connait aucune fronti\u00e8re temporelle. Cela peut d\u2019ailleurs se traduire par des visions successives. Je m\u2019explique : si auparavant il y avait ici une fabrique de livres, dans 10 ans, il est d\u00e9j\u00e0 planifi\u00e9 qu\u2019il y ait une salle de sport, ou un terrain de hand. Le lieu est pr\u00e9d\u00e9fini. \u00c0 une \u00e9poque pass\u00e9e, ce fut peut-\u00eatre un march\u00e9, ou un pub.<br>Mais revenons \u00e0 notre brouillage. Il peut donc survenir \u00e0 n\u2019importe quel moment, c\u2019est comme \u00e7a. Le processus de connexion \u00e9tant fragile. Tout le monde est totalement faillible. <br>Un autre exemple important: le monsieur, ou la dame, qui arrive avec ses propres fantasmes et qui vous projette ses propres envies : c\u2019est pareil, \u00e7a, c\u2019est terrible, cela fout tout en l\u2019air ! <br>Un m\u00e9dium, j\u2019insiste bien, n\u2019est pas psychiatre, ou analyste et encore moins un magicien !<br>M\u00eame si par exc\u00e8s de bienveillance, il est un peu th\u00e9rapeute malgr\u00e9 lui, il doit bien se garder d\u2019endosser la blouse. Un m\u00e9dium \u00e0 selon moi un devoir de r\u00e9serve obligatoire, il travaille sous le sceau de la confidentialit\u00e9.<\/p>\n\n\n\n<p><strong>L.L. : Derni\u00e8re question, qu\u2019elle est v\u00f4tre avis sur la profession de<br>m\u00e9dium ?<\/strong><br>T.W : La profession a de tout temps \u00e9t\u00e9 mal men\u00e9e. Le contexte social et historique, le manque de culture et de recherche, la m\u00e9diatisation exacerb\u00e9e y ont largement contribu\u00e9. Comme dans tous les m\u00e9tiers, il y a de tr\u00e8s bons professionnels anim\u00e9s par la passion de leur art. Je me permets de citer deux m\u00e9diums pour lesquels j\u2019ai beaucoup de respect et d\u2019affection, \u00e0 avoir Maud Kristen et Yaguel Didier. Deux femmes \u00e0 l\u2019approche et la personnalit\u00e9 tr\u00e8s diff\u00e9rente qui ont beaucoup \u0153uvr\u00e9 pour l\u2019\u00e9thique de la profession. J\u2019esp\u00e8re suivre leur exemple, continuer mes recherches et participer \u00e0 faire progresser ce m\u00e9tier -en France- tr\u00e8s mal connu et per\u00e7u, quoi-que&#8230;<\/p>\n\n\n\n<p><strong><strong>L.L : Merci Troy d\u2019avoir accept\u00e9 de r\u00e9pondre \u00e0 nos questions<\/strong>.<br><\/strong>T.W : Mais je vous en prie, et merci, \u00e0 vous de votre \u00e9coute !<\/p>\n","protected":false},"excerpt":{"rendered":"<p>L\u2019interview ! C\u2019est avec Lena Lyod &#8230; L.L. : Troy, pourquoi ce site ?T.W: Je pensais qu\u2019il \u00e9tait temps de mettre \u00e0 la port\u00e9e du plus grand nombre la possibilit\u00e9 d\u2019avoir acc\u00e8s \u00e0 mon travail de recherche, que je m\u00e8ne et poursuis depuis maintenant plus de 15 ans, sur ces th\u00e8mes passionnants que sont la [&hellip;]<\/p>\n","protected":false},"author":2,"featured_media":0,"parent":0,"menu_order":0,"comment_status":"closed","ping_status":"closed","template":"","meta":[],"_links":{"self":[{"href":"https:\/\/www.troywhisper.com\/fr\/troy-whisper-medium-et-voyageur-psychic-and-traveler\/wp-json\/wp\/v2\/pages\/589"}],"collection":[{"href":"https:\/\/www.troywhisper.com\/fr\/troy-whisper-medium-et-voyageur-psychic-and-traveler\/wp-json\/wp\/v2\/pages"}],"about":[{"href":"https:\/\/www.troywhisper.com\/fr\/troy-whisper-medium-et-voyageur-psychic-and-traveler\/wp-json\/wp\/v2\/types\/page"}],"author":[{"embeddable":true,"href":"https:\/\/www.troywhisper.com\/fr\/troy-whisper-medium-et-voyageur-psychic-and-traveler\/wp-json\/wp\/v2\/users\/2"}],"replies":[{"embeddable":true,"href":"https:\/\/www.troywhisper.com\/fr\/troy-whisper-medium-et-voyageur-psychic-and-traveler\/wp-json\/wp\/v2\/comments?post=589"}],"version-history":[{"count":15,"href":"https:\/\/www.troywhisper.com\/fr\/troy-whisper-medium-et-voyageur-psychic-and-traveler\/wp-json\/wp\/v2\/pages\/589\/revisions"}],"predecessor-version":[{"id":1304,"href":"https:\/\/www.troywhisper.com\/fr\/troy-whisper-medium-et-voyageur-psychic-and-traveler\/wp-json\/wp\/v2\/pages\/589\/revisions\/1304"}],"wp:attachment":[{"href":"https:\/\/www.troywhisper.com\/fr\/troy-whisper-medium-et-voyageur-psychic-and-traveler\/wp-json\/wp\/v2\/media?parent=589"}],"curies":[{"name":"wp","href":"https:\/\/api.w.org\/{rel}","templated":true}]}}