{"id":587,"date":"2020-09-05T22:22:35","date_gmt":"2020-09-05T20:22:35","guid":{"rendered":"http:\/\/www.troywhisper.com\/fr\/troy-whisper-medium-et-voyageur-psychic-and-traveler\/?page_id=587"},"modified":"2020-09-05T22:26:47","modified_gmt":"2020-09-05T20:26:47","slug":"ver-entender-y-canalizar","status":"publish","type":"page","link":"https:\/\/www.troywhisper.com\/fr\/troy-whisper-medium-et-voyageur-psychic-and-traveler\/es\/ver-entender-y-canalizar\/","title":{"rendered":"Ver, entender"},"content":{"rendered":"\n<div class='content-column one_half'><img loading=\"lazy\" class=\"alignnone wp-image-705 size-full\" src=\"http:\/\/www.troywhisper.com\/wp-content\/uploads\/2020\/07\/fleurs.jpg\" alt=\"\" width=\"570\" height=\"762\" srcset=\"https:\/\/www.troywhisper.com\/wp-content\/uploads\/2020\/07\/fleurs.jpg 570w, https:\/\/www.troywhisper.com\/wp-content\/uploads\/2020\/07\/fleurs-224x300.jpg 224w\" sizes=\"(max-width: 570px) 100vw, 570px\" \/><\/p><\/div>\n<div class='content-column one_half last_column'><a name=\"voir\"><\/a>\n<h2>Ver, \u00ab entender \u00bb y canalizar<\/h2>\nLos m\u00e9diums nacen con esta facultad. La educaci\u00f3n, la cultura general y personal, la instrucci\u00f3n impartida a lo largo de la existencia y la madurez de la persona van a permitir a quien practica la mediumnidad el poder expresarse y describir en forma muy precisa lo que se \u00abve\u00bb. <span class=\"textchalk\">Los errores a menudo proceden de: \u00ab no s\u00e9 explicar lo que veo \u00bb o bien, \u00ab interpreto sin un paso atr\u00e1s los signos y el simbolismo \u00bb o bien, para terminar, \u00ab ocupo herramientas que no s\u00e9 utilizar \u00bb.<\/span>Todo esto hace que cada practicante de la mediumnidad sea absolutamente \u00fanico en cuando a su percepci\u00f3n, su m\u00e9todo de trabajo y la recuperaci\u00f3n de la informaci\u00f3n.<br><br>\n\nEsta facultad est\u00e1 directamente relacionada con ciertas \u00e1reas del cerebro. Hay quienes piensan que todo el mundo posee estas aptitudes.<span class=\"textchalk\"> A t\u00edtulo personal, y sin tener una visi\u00f3n elitista del tema \u2013 yo establezco bien la diferencia entre un intuitivo, (que utiliza el potencial presente en cada uno de nosotros), un clarividente y un m\u00e9dium. La intuici\u00f3n nos concierne a todos, la clarividencia es una facultad bien espec\u00edfica, y en cuanto a la mediumnidad, \u00e9sta consiste en la posibilidad de entrar en contacto con entidades \u2013 diversas y variadas \u2013 que operan en otros planos, sobrepasando el campo de la consciencia humana.<\/span>\n<br><br>\nHablemos, entonces, del conocido campo cu\u00e1ntico, estudiado y puesto en evidencia por el mism\u00edsimo <strong>A. Enstein<\/strong>  \u00bfD\u00f3nde el practicante se \u00ab conectar\u00eda \u00bb en forma tan precisa?<br> Estas cualidades se expresar\u00edan, entonces, estableciendo un tronco com\u00fan en el caso de un m\u00e9dium, pero no forzosamente en el caso de un clarividente. Sin embargo, toman prestado los mismos canales, los mismos receptores; y los mismos canales de retransmisi\u00f3n.<\/div><div class='clear_column'><\/div>\n","protected":false},"excerpt":{"rendered":"","protected":false},"author":2,"featured_media":0,"parent":0,"menu_order":0,"comment_status":"closed","ping_status":"closed","template":"","meta":[],"_links":{"self":[{"href":"https:\/\/www.troywhisper.com\/fr\/troy-whisper-medium-et-voyageur-psychic-and-traveler\/wp-json\/wp\/v2\/pages\/587"}],"collection":[{"href":"https:\/\/www.troywhisper.com\/fr\/troy-whisper-medium-et-voyageur-psychic-and-traveler\/wp-json\/wp\/v2\/pages"}],"about":[{"href":"https:\/\/www.troywhisper.com\/fr\/troy-whisper-medium-et-voyageur-psychic-and-traveler\/wp-json\/wp\/v2\/types\/page"}],"author":[{"embeddable":true,"href":"https:\/\/www.troywhisper.com\/fr\/troy-whisper-medium-et-voyageur-psychic-and-traveler\/wp-json\/wp\/v2\/users\/2"}],"replies":[{"embeddable":true,"href":"https:\/\/www.troywhisper.com\/fr\/troy-whisper-medium-et-voyageur-psychic-and-traveler\/wp-json\/wp\/v2\/comments?post=587"}],"version-history":[{"count":2,"href":"https:\/\/www.troywhisper.com\/fr\/troy-whisper-medium-et-voyageur-psychic-and-traveler\/wp-json\/wp\/v2\/pages\/587\/revisions"}],"predecessor-version":[{"id":1608,"href":"https:\/\/www.troywhisper.com\/fr\/troy-whisper-medium-et-voyageur-psychic-and-traveler\/wp-json\/wp\/v2\/pages\/587\/revisions\/1608"}],"wp:attachment":[{"href":"https:\/\/www.troywhisper.com\/fr\/troy-whisper-medium-et-voyageur-psychic-and-traveler\/wp-json\/wp\/v2\/media?parent=587"}],"curies":[{"name":"wp","href":"https:\/\/api.w.org\/{rel}","templated":true}]}}