{"id":583,"date":"2020-09-05T22:05:58","date_gmt":"2020-09-05T20:05:58","guid":{"rendered":"http:\/\/www.troywhisper.com\/fr\/troy-whisper-medium-et-voyageur-psychic-and-traveler\/?page_id=583"},"modified":"2020-10-21T00:04:36","modified_gmt":"2020-10-20T22:04:36","slug":"quien-soy-yo-2","status":"publish","type":"page","link":"https:\/\/www.troywhisper.com\/fr\/troy-whisper-medium-et-voyageur-psychic-and-traveler\/es\/quien-soy-yo-2\/","title":{"rendered":"\u00bfQui\u00e9n soy yo ?"},"content":{"rendered":"<div class='content-column three_fifth'><h2>\u00bfQui\u00e9n soy yo ?<\/h2>\n\n\n\n<p><\/p>\n\n\n\n<br><img class=\"alignleft wp-image-15 size-full\" src=\"http:\/\/www.troywhisper.com\/wp-content\/uploads\/2020\/06\/IMG_0804-scaled.jpeg\" alt=\"Troy Whisper devant la biblioth\u00e8que\" width=\"600\"> (c) Salar d&#8217;Uyuni &#8211; Bolivie Septentrionale<\/div>\n<div class='content-column two_fifth last_column'><a name=\"qui\"><\/a><p>Toda esta historia se inicia hace ya bastante tiempo atr\u00e1s, lejos en el tiempo, durante mi infancia. Cuando ni\u00f1o peque\u00f1o, fui m\u00e1s bien solitario y tranquilo. Empiezo a ser testigo de manifestaciones por decir lo menos inusuales y sorprendentes. Fen\u00f3menos que en esa \u00e9poca no estaba en edad de poder explicar. Lo que no sab\u00eda en ese tiempo en que existen muchas personas que se sent\u00edan como yo, solos e impotentes frente a esta situaci\u00f3n. <span class=\"textchalk\">Para m\u00ed, entonces, todo empez\u00f3 a ir de mal en peor. Al principio, todo esto fue espaciado, pero despu\u00e9s cada vez m\u00e1s frecuentemente. Esto me aterroriz\u00f3 durante m\u00e1s de diez a\u00f1os, hasta tal punto que desarroll\u00e9 una especie avanzada de dislexia, que contribuir\u00eda, por otra parte, a aislarme a\u00fan m\u00e1s del mundo exterior. <\/span>Cerca de los 7 a\u00f1os, entonces, empec\u00e9 a escuchar \u201cruidos\u201d; una especie de susurros. Estos par\u00e1sitos sonoros se van a transformar en algo cada vez m\u00e1s presente y persistente; m\u00e1s tarde, esto se transform\u00f3 en algo cotidiano y casi permanente. Luego empezaron a aparecer las im\u00e1genes. <span class=\"textchalk\">Al comienzo fue algo furtivo, y bastante difuso, por cierto. Pronto esto se transform\u00f3 en algo extremadamente n\u00edtido y totalmente comprensible. Empec\u00e9 a ver fragmentos de historias. Despu\u00e9s de las im\u00e1genes aparecieron situaciones, escenas y momentos de vida animados.<\/span><span>A todo esto se sumar\u00e1 lo que yo llamo en esa \u00e9poca, los otros. Puertas de armarios que se abren solas, sin ninguna acci\u00f3n externa. Sonidos que despiertan a todos los habitantes de la casa, sonidos muy distantes de los ruidos provenientes de las ca\u00f1er\u00edas o del piso de madera que cruje\u2026En esos momentos yo viv\u00eda en la casa de mi familia, y los muros parec\u00edan querer hablarme\u2026 <\/span><span style=\"font-size: inherit;\">Durante ese per\u00edodo estuve atormentado sin cesar. Luego llegaron r\u00e1pidamente las bater\u00edas de tests. Ex\u00e1menes que aprob\u00e9 sin ning\u00fan problema. \u00a1No hab\u00eda neurosis ni psicosis! <\/span><\/p>\n<p>Pero aqu\u00ed les anticipo mi historia&#8230;<\/p>\n<p class=\"has-text-align-right signature\" style=\"text-align: right;\">Troy Whisper<\/p><\/p><\/div><div class='clear_column'><\/div>\n","protected":false},"excerpt":{"rendered":"","protected":false},"author":2,"featured_media":0,"parent":0,"menu_order":0,"comment_status":"closed","ping_status":"closed","template":"","meta":[],"_links":{"self":[{"href":"https:\/\/www.troywhisper.com\/fr\/troy-whisper-medium-et-voyageur-psychic-and-traveler\/wp-json\/wp\/v2\/pages\/583"}],"collection":[{"href":"https:\/\/www.troywhisper.com\/fr\/troy-whisper-medium-et-voyageur-psychic-and-traveler\/wp-json\/wp\/v2\/pages"}],"about":[{"href":"https:\/\/www.troywhisper.com\/fr\/troy-whisper-medium-et-voyageur-psychic-and-traveler\/wp-json\/wp\/v2\/types\/page"}],"author":[{"embeddable":true,"href":"https:\/\/www.troywhisper.com\/fr\/troy-whisper-medium-et-voyageur-psychic-and-traveler\/wp-json\/wp\/v2\/users\/2"}],"replies":[{"embeddable":true,"href":"https:\/\/www.troywhisper.com\/fr\/troy-whisper-medium-et-voyageur-psychic-and-traveler\/wp-json\/wp\/v2\/comments?post=583"}],"version-history":[{"count":5,"href":"https:\/\/www.troywhisper.com\/fr\/troy-whisper-medium-et-voyageur-psychic-and-traveler\/wp-json\/wp\/v2\/pages\/583\/revisions"}],"predecessor-version":[{"id":2096,"href":"https:\/\/www.troywhisper.com\/fr\/troy-whisper-medium-et-voyageur-psychic-and-traveler\/wp-json\/wp\/v2\/pages\/583\/revisions\/2096"}],"wp:attachment":[{"href":"https:\/\/www.troywhisper.com\/fr\/troy-whisper-medium-et-voyageur-psychic-and-traveler\/wp-json\/wp\/v2\/media?parent=583"}],"curies":[{"name":"wp","href":"https:\/\/api.w.org\/{rel}","templated":true}]}}