{"id":568,"date":"2020-09-02T17:12:37","date_gmt":"2020-09-02T15:12:37","guid":{"rendered":"http:\/\/www.troywhisper.com\/fr\/troy-whisper-medium-et-voyageur-psychic-and-traveler\/?page_id=568"},"modified":"2020-09-02T17:19:25","modified_gmt":"2020-09-02T15:19:25","slug":"voir-entendre-et-canaliser","status":"publish","type":"page","link":"https:\/\/www.troywhisper.com\/fr\/troy-whisper-medium-et-voyageur-psychic-and-traveler\/fr\/voir-entendre-et-canaliser\/","title":{"rendered":"Voir, \u00ab entendre \u00bb et canaliser"},"content":{"rendered":"\n<div class='content-column one_half'><img loading=\"lazy\" class=\"alignnone wp-image-705 size-full\" src=\"http:\/\/www.troywhisper.com\/wp-content\/uploads\/2020\/07\/fleurs.jpg\" alt=\"\" width=\"570\" height=\"762\" srcset=\"https:\/\/www.troywhisper.com\/wp-content\/uploads\/2020\/07\/fleurs.jpg 570w, https:\/\/www.troywhisper.com\/wp-content\/uploads\/2020\/07\/fleurs-224x300.jpg 224w\" sizes=\"(max-width: 570px) 100vw, 570px\" \/><\/p><\/div>\n<div class='content-column one_half last_column'><a name=\"voir\"><\/a>\n<h2>Voir, \u00ab entendre \u00bb et canaliser<\/h2>\nLes m\u00e9diums naissent avec cette facult\u00e9. L\u2019\u00e9ducation, une culture g\u00e9n\u00e9rale et personnelle, l\u2019instruction dispens\u00e9e tout au long de l\u2019existence et la maturit\u00e9 de l\u2019individu, vont permettre quant \u00e0 eux au praticien de pouvoir s\u2019exprimer et d\u00e9crire tr\u00e8s pr\u00e9cis\u00e9ment ce qu\u2019il voit.  <span class=\"textchalk\">Les erreurs viennent souvent de l\u00e0 : \u00ab Je ne sais pas expliquer ce que je vois \u00bb ou \u00ab J\u2019interpr\u00e8te sans recul des signes, et du symbolisme \u00bb ou pour finir \u00ab J\u2019utilise des outils que je ne sais pas utiliser \u00bb.<\/span> Tout cela, rend chaque praticien absolument unique, quant \u00e0 ses perceptions; sa m\u00e9thode de travail et la restitution de ces informations.<br><br>\n\nCette facult\u00e9 est en relation direct avec certaines parties du cerveau. Certains d\u2019entre nous pensent que tout le monde poss\u00e8de ces aptitudes.  <span class=\"textchalk\">\u00c0 titre personnel,- et n\u2019ayant pas un avis \u00e9litiste de la chose- je fais bien la diff\u00e9rence entre un intuitif, (qui utilise un potentiel, pr\u00e9sent chez chacun), d\u2019un clairvoyant, et d\u2019un m\u00e9dium. L\u2019intuition concerne tout le monde, la clairvoyance est une facult\u00e9 bien sp\u00e9cifique, quant \u00e0 la m\u00e9diumnit\u00e9 c\u2019est la possibilit\u00e9 de rentrer en contact avec des entit\u00e9s- diverses et vari\u00e9es- op\u00e9rant sur d\u2019autres plans, d\u00e9passant le champ de la conscience humaine. <\/span>\n<br><br>\nParlons nous alors, de fameux champs quantiques; \u00e9tudi\u00e9s et mis en \u00e9vidence par <strong>A. Enstein<\/strong> lui m\u00eame ? O\u00f9 donc le praticien se \u00ab brancherait-il \u00bb pour obtenir toutes ces informations, et faire ses pr\u00e9dictions de fa\u00e7on si pr\u00e9cises ? <br> Ces qualit\u00e9s s\u2019expriment donc en faisant tronc commun pour un m\u00e9dium, mais pour le coup pas forc\u00e9ment pour un clairvoyant. Pourtant, elles emprunteraient les m\u00eames canaux : les m\u00eames r\u00e9cepteurs et les m\u00eames canaux de retransmissions.<\/div><div class='clear_column'><\/div>\n\n\n\n<p><\/p>\n","protected":false},"excerpt":{"rendered":"","protected":false},"author":2,"featured_media":0,"parent":0,"menu_order":0,"comment_status":"closed","ping_status":"closed","template":"","meta":[],"_links":{"self":[{"href":"https:\/\/www.troywhisper.com\/fr\/troy-whisper-medium-et-voyageur-psychic-and-traveler\/wp-json\/wp\/v2\/pages\/568"}],"collection":[{"href":"https:\/\/www.troywhisper.com\/fr\/troy-whisper-medium-et-voyageur-psychic-and-traveler\/wp-json\/wp\/v2\/pages"}],"about":[{"href":"https:\/\/www.troywhisper.com\/fr\/troy-whisper-medium-et-voyageur-psychic-and-traveler\/wp-json\/wp\/v2\/types\/page"}],"author":[{"embeddable":true,"href":"https:\/\/www.troywhisper.com\/fr\/troy-whisper-medium-et-voyageur-psychic-and-traveler\/wp-json\/wp\/v2\/users\/2"}],"replies":[{"embeddable":true,"href":"https:\/\/www.troywhisper.com\/fr\/troy-whisper-medium-et-voyageur-psychic-and-traveler\/wp-json\/wp\/v2\/comments?post=568"}],"version-history":[{"count":6,"href":"https:\/\/www.troywhisper.com\/fr\/troy-whisper-medium-et-voyageur-psychic-and-traveler\/wp-json\/wp\/v2\/pages\/568\/revisions"}],"predecessor-version":[{"id":1277,"href":"https:\/\/www.troywhisper.com\/fr\/troy-whisper-medium-et-voyageur-psychic-and-traveler\/wp-json\/wp\/v2\/pages\/568\/revisions\/1277"}],"wp:attachment":[{"href":"https:\/\/www.troywhisper.com\/fr\/troy-whisper-medium-et-voyageur-psychic-and-traveler\/wp-json\/wp\/v2\/media?parent=568"}],"curies":[{"name":"wp","href":"https:\/\/api.w.org\/{rel}","templated":true}]}}