{"id":566,"date":"2020-07-16T21:10:09","date_gmt":"2020-07-16T19:10:09","guid":{"rendered":"http:\/\/www.troywhisper.com\/fr\/troy-whisper-medium-et-voyageur-psychic-and-traveler\/?page_id=566"},"modified":"2023-03-25T18:44:35","modified_gmt":"2023-03-25T17:44:35","slug":"qui-suis-je-2","status":"publish","type":"page","link":"https:\/\/www.troywhisper.com\/fr\/troy-whisper-medium-et-voyageur-psychic-and-traveler\/fr\/qui-suis-je-2\/","title":{"rendered":"Qui suis-je ?"},"content":{"rendered":"<div class='content-column three_fifth'><h2>Qui suis-je ?<\/h2>\n\n\n\n<p><\/p>\n\n\n\n<br><img class=\"alignleft wp-image-15 size-full\" src=\"http:\/\/www.troywhisper.com\/wp-content\/uploads\/2020\/06\/IMG_0804-scaled.jpeg\" alt=\"Troy Whisper devant la biblioth\u00e8que\" width=\"600\"> (c) Salar d&#8217;Uyuni &#8211; Bolivie Septentrionale 2019.<\/div>\n<div class='content-column two_fifth last_column'><a name=\"qui\"><\/a><p>Toute cette histoire d\u00e9bute, il y a bien longtemps dans l\u2019enfance. Petit,je suis plut\u00f4t solitaire. C&#8217;est vers l&#8217;\u00e2ge de 7 ans,que je commence \u00e0 \u00eatre t\u00e9moin de manifestations pour le moins inhabituelles et surprenantes. Des ph\u00e9nom\u00e8nes que je en \u00e2ge de pouvoir expliquer. Ce que je ne sais pas \u00e0 ce moment la, c&#8217;est que beaucoup sont comme moi, seuls et impuissants face \u00e0 ces situation. <span class=\"textchalk\">Tout ira ensuite en s&#8217;empirant. Au d\u00e9but, les ph\u00e9nom\u00e8nes sont espac\u00e9s, puis de plus en plus rapproch\u00e9s. Cela me terrorisera pendant plus de dix ans,au point de develloper une forme avanc\u00e9e de dyslexie,contribuant \u00e0 m\u2019isoler davantage du monde ext\u00e9rieur. <\/span>Je commence alors, \u00e0 ressentir, et \u00e0 entendre \u00ab des bruits \u00bb;des chuchotements.Des parasites sonores qui deviennent de plus en plus pr\u00e9sents et insistants. Ils s&#8217;arr\u00eateront parfois,pour pouvoir mieux revenir.Arriveront ensuite les images.<span class=\"textchalk\">De Furtives et assez flou au d\u00e9but, elles deviennent rapidement extr\u00eamement nette. Je commence alors, \u00e0 voir des morceaux d\u2019histoire.Les images feront place aux situations, les situations aux des sc\u00e8nes, et les sc\u00e8nes aux moments de vie. <\/span><span>A tout cela s\u2019ajoute,ce que j\u2019appelle \u00e0 l\u2019\u00e9poque les autres. Des pr\u00e9sences. Les portes d\u2019armoires s\u2019ouvrent sans aucune action ext\u00e9rieure, des bruits r\u00e9veillent toute la maison. Bien loin du grincement de tuyauteries ou de parquet qui craque.Je vis \u00e0 ce moment-l\u00e0 dans la maison de famille, et les murs semblent vouloir me parler. <\/span><span style=\"font-size: inherit;\"\n<p>Mais l\u00e0, je devance mon histoire.<\/p>\n<p class=\"has-text-align-right signature\" style=\"text-align: right;\">Troy <\/p><\/div><div class='clear_column'><\/div>\n\n\n\n<p><\/p>\n","protected":false},"excerpt":{"rendered":"","protected":false},"author":2,"featured_media":0,"parent":0,"menu_order":0,"comment_status":"closed","ping_status":"closed","template":"","meta":[],"_links":{"self":[{"href":"https:\/\/www.troywhisper.com\/fr\/troy-whisper-medium-et-voyageur-psychic-and-traveler\/wp-json\/wp\/v2\/pages\/566"}],"collection":[{"href":"https:\/\/www.troywhisper.com\/fr\/troy-whisper-medium-et-voyageur-psychic-and-traveler\/wp-json\/wp\/v2\/pages"}],"about":[{"href":"https:\/\/www.troywhisper.com\/fr\/troy-whisper-medium-et-voyageur-psychic-and-traveler\/wp-json\/wp\/v2\/types\/page"}],"author":[{"embeddable":true,"href":"https:\/\/www.troywhisper.com\/fr\/troy-whisper-medium-et-voyageur-psychic-and-traveler\/wp-json\/wp\/v2\/users\/2"}],"replies":[{"embeddable":true,"href":"https:\/\/www.troywhisper.com\/fr\/troy-whisper-medium-et-voyageur-psychic-and-traveler\/wp-json\/wp\/v2\/comments?post=566"}],"version-history":[{"count":26,"href":"https:\/\/www.troywhisper.com\/fr\/troy-whisper-medium-et-voyageur-psychic-and-traveler\/wp-json\/wp\/v2\/pages\/566\/revisions"}],"predecessor-version":[{"id":2271,"href":"https:\/\/www.troywhisper.com\/fr\/troy-whisper-medium-et-voyageur-psychic-and-traveler\/wp-json\/wp\/v2\/pages\/566\/revisions\/2271"}],"wp:attachment":[{"href":"https:\/\/www.troywhisper.com\/fr\/troy-whisper-medium-et-voyageur-psychic-and-traveler\/wp-json\/wp\/v2\/media?parent=566"}],"curies":[{"name":"wp","href":"https:\/\/api.w.org\/{rel}","templated":true}]}}