{"id":347,"date":"2017-05-28T13:57:54","date_gmt":"2017-05-28T11:57:54","guid":{"rendered":"http:\/\/www.troywhisper.com\/?page_id=347"},"modified":"2020-09-06T23:58:15","modified_gmt":"2020-09-06T21:58:15","slug":"conferencias","status":"publish","type":"page","link":"https:\/\/www.troywhisper.com\/fr\/troy-whisper-medium-et-voyageur-psychic-and-traveler\/es\/conferencias\/","title":{"rendered":"Eventos y conferencias"},"content":{"rendered":"\n<h2>Archivos<\/h2>\n\n\n\n<h3 class=\"textchalk\">Conferencias en 2019<\/h3>\n\n\n\n<h3>Am\u00e9rica del Sur<br>Per\u00fa<\/h3>\n\n\n\n<blockquote class=\"wp-block-quote\"><p>Tema : \u00ab \u00bfQu\u00e9 son la clarividencia y la mediumnidad, vistas a trav\u00e9s de la historia, la medicina y la ciencia ? \u00bb<\/p><\/blockquote>\n\n\n\n<div class=\"wp-block-image\"><figure class=\"alignleft size-large is-resized\"><img loading=\"lazy\" src=\"http:\/\/www.troywhisper.com\/wp-content\/uploads\/2020\/09\/Insta_Cover_Troy_Cuzco2019-100-1024x1024.jpg\" alt=\"\" class=\"wp-image-1326\" width=\"588\" height=\"588\" srcset=\"https:\/\/www.troywhisper.com\/wp-content\/uploads\/2020\/09\/Insta_Cover_Troy_Cuzco2019-100-1024x1024.jpg 1024w, https:\/\/www.troywhisper.com\/wp-content\/uploads\/2020\/09\/Insta_Cover_Troy_Cuzco2019-100-300x300.jpg 300w, https:\/\/www.troywhisper.com\/wp-content\/uploads\/2020\/09\/Insta_Cover_Troy_Cuzco2019-100-150x150.jpg 150w, https:\/\/www.troywhisper.com\/wp-content\/uploads\/2020\/09\/Insta_Cover_Troy_Cuzco2019-100-768x769.jpg 768w, https:\/\/www.troywhisper.com\/wp-content\/uploads\/2020\/09\/Insta_Cover_Troy_Cuzco2019-100.jpg 1080w\" sizes=\"(max-width: 588px) 100vw, 588px\" \/><\/figure><\/div>\n\n\n\n<p>Cuzco<br>31 de agosto de 2019 &#8211; Centro de Convenciones, Municipio de Cuzco<br>De 5:00 a 8:00. Entrada libre.<\/p>\n\n\n\n<h3 class=\"textchalk\">Conferencias en 2018<\/h3>\n\n\n\n<h4>Am\u00e9rica del Sur<br>Chile<\/h4>\n\n\n\n<blockquote class=\"wp-block-quote\"><p>Tema : \u00ab \u00bfQu\u00e9 son la clarividencia y la mediumnidad, vistas a trav\u00e9s de la historia, la medicina y la ciencia ? \u00bb<\/p><\/blockquote>\n\n\n\n<figure class=\"wp-block-image size-large\"><img loading=\"lazy\" width=\"725\" height=\"1024\" src=\"http:\/\/www.troywhisper.com\/wp-content\/uploads\/2020\/09\/2018-04-20_troy-whisper_affiche-A0-725x1024.jpg\" alt=\"\" class=\"wp-image-1330\" srcset=\"https:\/\/www.troywhisper.com\/wp-content\/uploads\/2020\/09\/2018-04-20_troy-whisper_affiche-A0-725x1024.jpg 725w, https:\/\/www.troywhisper.com\/wp-content\/uploads\/2020\/09\/2018-04-20_troy-whisper_affiche-A0-212x300.jpg 212w, https:\/\/www.troywhisper.com\/wp-content\/uploads\/2020\/09\/2018-04-20_troy-whisper_affiche-A0-768x1084.jpg 768w, https:\/\/www.troywhisper.com\/wp-content\/uploads\/2020\/09\/2018-04-20_troy-whisper_affiche-A0.jpg 1000w\" sizes=\"(max-width: 725px) 100vw, 725px\" \/><\/figure>\n\n\n\n<br>\n\n\n\n<ul><li>28 de Mayo de 2018: <strong>Auditorio Ivar Hermansen de la Facultad de Medicina de la Universidad de Concepci\u00f3n, Chile, de 11h a 14 hrs. <\/strong>Entrada libre <\/li><li>29 de Mayo de 2018: <strong>Auditorio Paraninfo de la Universidad del Biobio, Avenida Collao 1202, de 15h a 18 hrs<\/strong>. Entrada libre<\/li><li>30 y 31 de Mayo de 2018: <strong>Archivo Nacional, Miraflores 50, Santiago de Chile, de 17:30 a 20 hrs.<\/strong> Entrada libre<\/li><\/ul>\n\n\n\n<pre class=\"wp-block-preformatted\"><a rel=\"noreferrer noopener\" href=\"http:\/\/www.udecmed.cl\/\" target=\"_blank\">Facultad de Medicina, Universidad de Concepci\u00f3n Universidad del B\u00edo-B\u00edo Archivo Nacional de Chile<\/a><\/pre>\n\n\n\n<h3 class=\"textchalk\">Conferencias en 2016-2017<\/h3>\n\n\n\n<h4>Europa<br>Francia<\/h4>\n\n\n\n<blockquote class=\"wp-block-quote\"><p>Tema : \u00ab \u00bfQu\u00e9 son la clarividencia y la mediumnidad, vistas a trav\u00e9s de la historia, la medicina y la ciencia ? \u00bb<\/p><\/blockquote>\n\n\n\n<figure class=\"wp-block-image size-large\"><img loading=\"lazy\" width=\"713\" height=\"1024\" src=\"http:\/\/www.troywhisper.com\/wp-content\/uploads\/2020\/09\/TROY-WHISPER-aff-G-REX--713x1024.jpg\" alt=\"\" class=\"wp-image-1335\" srcset=\"https:\/\/www.troywhisper.com\/wp-content\/uploads\/2020\/09\/TROY-WHISPER-aff-G-REX--713x1024.jpg 713w, https:\/\/www.troywhisper.com\/wp-content\/uploads\/2020\/09\/TROY-WHISPER-aff-G-REX--209x300.jpg 209w, https:\/\/www.troywhisper.com\/wp-content\/uploads\/2020\/09\/TROY-WHISPER-aff-G-REX--768x1103.jpg 768w, https:\/\/www.troywhisper.com\/wp-content\/uploads\/2020\/09\/TROY-WHISPER-aff-G-REX--1070x1536.jpg 1070w, https:\/\/www.troywhisper.com\/wp-content\/uploads\/2020\/09\/TROY-WHISPER-aff-G-REX--1426x2048.jpg 1426w, https:\/\/www.troywhisper.com\/wp-content\/uploads\/2020\/09\/TROY-WHISPER-aff-G-REX--scaled.jpg 1783w\" sizes=\"(max-width: 713px) 100vw, 713px\" \/><\/figure>\n\n\n\n<ul><li>Viernes, 24 de noviembre de 2017 8:30 pm Grand Rex, Par\u00eds<\/li><li>Viernes 29 de septiembre de 2017 8pm CAPCINEMA, Cagnes-sur-mer<\/li><li>S\u00e1bado 23 de septiembre de 2017 8pm CAPCINEMA, Laon<\/li><li>S\u00e1bado 09 de septiembre de 2017 8pm CAPCINEMA, Ch\u00e2teauroux<\/li><li>Viernes 16 de junio de 2017 8 pm CAPCINEMA, P\u00e9rigueux<\/li><li>Viernes 2 de junio de 2017 20h CAPCINEMA, Saint-Quentin<\/li><li>Viernes 26 de mayo de 2017 8 pm CAPCINEMA, Castres<\/li><li>Viernes 12 de mayo de 2017 8pm CAPCINEMA, Manosque<\/li><li>Viernes, 21 de abril de 2017 8pm CAPCINEMA, Albi<\/li><li>Viernes 07 de abril de 2017 8pm CAPCINEMA, Beaune<\/li><li>Viernes 24 de marzo de 2017 8pm CAPCINEMA, Agen<\/li><li>S\u00e1bado, 11 de marzo de 2017 8pm CAPCINEMA, Rodez<\/li><li>Viernes 10 de marzo de 2017 8pm CAPCINEMA, Carcassonne<\/li><li>Viernes 24 de febrero de 2017 8pm CAPCINEMA, Montauban<\/li><li>Viernes 2 de diciembre de 2016, 20h CAPCINEMA, Moulins<\/li><\/ul>\n\n\n\n<pre class=\"wp-block-preformatted\"><a href=\"http:\/\/www.cap-cine.fr\/\">http:\/\/www.cap-cine.fr\/<\/a><\/pre>\n\n\n\n<figure class=\"wp-block-gallery columns-3 is-cropped\"><ul class=\"blocks-gallery-grid\"><li class=\"blocks-gallery-item\"><figure><img loading=\"lazy\" width=\"1024\" height=\"683\" src=\"http:\/\/www.troywhisper.com\/wp-content\/uploads\/2020\/09\/IMG_1381-1024x683.jpg\" alt=\"\" data-id=\"1338\" data-full-url=\"http:\/\/www.troywhisper.com\/wp-content\/uploads\/2020\/09\/IMG_1381-scaled.jpg\" data-link=\"http:\/\/www.troywhisper.com\/fr\/troy-whisper-medium-et-voyageur-psychic-and-traveler\/fr\/archives\/img_1381-2\/\" class=\"wp-image-1338\" srcset=\"https:\/\/www.troywhisper.com\/wp-content\/uploads\/2020\/09\/IMG_1381-1024x683.jpg 1024w, https:\/\/www.troywhisper.com\/wp-content\/uploads\/2020\/09\/IMG_1381-300x200.jpg 300w, https:\/\/www.troywhisper.com\/wp-content\/uploads\/2020\/09\/IMG_1381-768x512.jpg 768w, https:\/\/www.troywhisper.com\/wp-content\/uploads\/2020\/09\/IMG_1381-1536x1024.jpg 1536w, https:\/\/www.troywhisper.com\/wp-content\/uploads\/2020\/09\/IMG_1381-2048x1365.jpg 2048w\" sizes=\"(max-width: 1024px) 100vw, 1024px\" \/><\/figure><\/li><li class=\"blocks-gallery-item\"><figure><img loading=\"lazy\" width=\"1024\" height=\"683\" src=\"http:\/\/www.troywhisper.com\/wp-content\/uploads\/2020\/09\/IMG_1385-1024x683.jpg\" alt=\"\" data-id=\"1339\" data-full-url=\"http:\/\/www.troywhisper.com\/wp-content\/uploads\/2020\/09\/IMG_1385-scaled.jpg\" data-link=\"http:\/\/www.troywhisper.com\/fr\/troy-whisper-medium-et-voyageur-psychic-and-traveler\/fr\/archives\/img_1385\/\" class=\"wp-image-1339\" srcset=\"https:\/\/www.troywhisper.com\/wp-content\/uploads\/2020\/09\/IMG_1385-1024x683.jpg 1024w, https:\/\/www.troywhisper.com\/wp-content\/uploads\/2020\/09\/IMG_1385-300x200.jpg 300w, https:\/\/www.troywhisper.com\/wp-content\/uploads\/2020\/09\/IMG_1385-768x512.jpg 768w, https:\/\/www.troywhisper.com\/wp-content\/uploads\/2020\/09\/IMG_1385-1536x1024.jpg 1536w, https:\/\/www.troywhisper.com\/wp-content\/uploads\/2020\/09\/IMG_1385-2048x1365.jpg 2048w\" sizes=\"(max-width: 1024px) 100vw, 1024px\" \/><\/figure><\/li><li class=\"blocks-gallery-item\"><figure><img loading=\"lazy\" width=\"1024\" height=\"683\" src=\"http:\/\/www.troywhisper.com\/wp-content\/uploads\/2020\/09\/IMG_1472-1024x683.jpg\" alt=\"\" data-id=\"1340\" data-full-url=\"http:\/\/www.troywhisper.com\/wp-content\/uploads\/2020\/09\/IMG_1472-scaled.jpg\" data-link=\"http:\/\/www.troywhisper.com\/fr\/troy-whisper-medium-et-voyageur-psychic-and-traveler\/fr\/archives\/img_1472\/\" class=\"wp-image-1340\" srcset=\"https:\/\/www.troywhisper.com\/wp-content\/uploads\/2020\/09\/IMG_1472-1024x683.jpg 1024w, https:\/\/www.troywhisper.com\/wp-content\/uploads\/2020\/09\/IMG_1472-300x200.jpg 300w, https:\/\/www.troywhisper.com\/wp-content\/uploads\/2020\/09\/IMG_1472-768x512.jpg 768w, https:\/\/www.troywhisper.com\/wp-content\/uploads\/2020\/09\/IMG_1472-1536x1024.jpg 1536w, https:\/\/www.troywhisper.com\/wp-content\/uploads\/2020\/09\/IMG_1472-2048x1365.jpg 2048w\" sizes=\"(max-width: 1024px) 100vw, 1024px\" \/><\/figure><\/li><li class=\"blocks-gallery-item\"><figure><img loading=\"lazy\" width=\"1024\" height=\"683\" src=\"http:\/\/www.troywhisper.com\/wp-content\/uploads\/2020\/09\/IMG_1480-1024x683.jpg\" alt=\"\" data-id=\"1341\" data-full-url=\"http:\/\/www.troywhisper.com\/wp-content\/uploads\/2020\/09\/IMG_1480-scaled.jpg\" data-link=\"http:\/\/www.troywhisper.com\/fr\/troy-whisper-medium-et-voyageur-psychic-and-traveler\/fr\/archives\/img_1480\/\" class=\"wp-image-1341\" srcset=\"https:\/\/www.troywhisper.com\/wp-content\/uploads\/2020\/09\/IMG_1480-1024x683.jpg 1024w, https:\/\/www.troywhisper.com\/wp-content\/uploads\/2020\/09\/IMG_1480-300x200.jpg 300w, https:\/\/www.troywhisper.com\/wp-content\/uploads\/2020\/09\/IMG_1480-768x512.jpg 768w, https:\/\/www.troywhisper.com\/wp-content\/uploads\/2020\/09\/IMG_1480-1536x1024.jpg 1536w, https:\/\/www.troywhisper.com\/wp-content\/uploads\/2020\/09\/IMG_1480-2048x1365.jpg 2048w\" sizes=\"(max-width: 1024px) 100vw, 1024px\" \/><\/figure><\/li><li class=\"blocks-gallery-item\"><figure><img loading=\"lazy\" width=\"1024\" height=\"683\" src=\"http:\/\/www.troywhisper.com\/wp-content\/uploads\/2020\/09\/IMG_1481-1024x683.jpg\" alt=\"\" data-id=\"1342\" data-full-url=\"http:\/\/www.troywhisper.com\/wp-content\/uploads\/2020\/09\/IMG_1481-scaled.jpg\" data-link=\"http:\/\/www.troywhisper.com\/fr\/troy-whisper-medium-et-voyageur-psychic-and-traveler\/fr\/archives\/img_1481\/\" class=\"wp-image-1342\" srcset=\"https:\/\/www.troywhisper.com\/wp-content\/uploads\/2020\/09\/IMG_1481-1024x683.jpg 1024w, https:\/\/www.troywhisper.com\/wp-content\/uploads\/2020\/09\/IMG_1481-300x200.jpg 300w, https:\/\/www.troywhisper.com\/wp-content\/uploads\/2020\/09\/IMG_1481-768x512.jpg 768w, https:\/\/www.troywhisper.com\/wp-content\/uploads\/2020\/09\/IMG_1481-1536x1024.jpg 1536w, https:\/\/www.troywhisper.com\/wp-content\/uploads\/2020\/09\/IMG_1481-2048x1365.jpg 2048w\" sizes=\"(max-width: 1024px) 100vw, 1024px\" \/><\/figure><\/li><li class=\"blocks-gallery-item\"><figure><img loading=\"lazy\" width=\"1024\" height=\"683\" src=\"http:\/\/www.troywhisper.com\/wp-content\/uploads\/2020\/09\/IMG_1482-1024x683.jpg\" alt=\"\" data-id=\"1343\" data-full-url=\"http:\/\/www.troywhisper.com\/wp-content\/uploads\/2020\/09\/IMG_1482-scaled.jpg\" data-link=\"http:\/\/www.troywhisper.com\/fr\/troy-whisper-medium-et-voyageur-psychic-and-traveler\/fr\/archives\/img_1482\/\" class=\"wp-image-1343\" srcset=\"https:\/\/www.troywhisper.com\/wp-content\/uploads\/2020\/09\/IMG_1482-1024x683.jpg 1024w, https:\/\/www.troywhisper.com\/wp-content\/uploads\/2020\/09\/IMG_1482-300x200.jpg 300w, https:\/\/www.troywhisper.com\/wp-content\/uploads\/2020\/09\/IMG_1482-768x512.jpg 768w, https:\/\/www.troywhisper.com\/wp-content\/uploads\/2020\/09\/IMG_1482-1536x1024.jpg 1536w, https:\/\/www.troywhisper.com\/wp-content\/uploads\/2020\/09\/IMG_1482-2048x1365.jpg 2048w\" sizes=\"(max-width: 1024px) 100vw, 1024px\" \/><\/figure><\/li><li class=\"blocks-gallery-item\"><figure><img loading=\"lazy\" width=\"1024\" height=\"683\" src=\"http:\/\/www.troywhisper.com\/wp-content\/uploads\/2020\/09\/IMG_1502-1024x683.jpg\" alt=\"\" data-id=\"1344\" data-full-url=\"http:\/\/www.troywhisper.com\/wp-content\/uploads\/2020\/09\/IMG_1502-scaled.jpg\" data-link=\"http:\/\/www.troywhisper.com\/fr\/troy-whisper-medium-et-voyageur-psychic-and-traveler\/fr\/archives\/img_1502\/\" class=\"wp-image-1344\" srcset=\"https:\/\/www.troywhisper.com\/wp-content\/uploads\/2020\/09\/IMG_1502-1024x683.jpg 1024w, https:\/\/www.troywhisper.com\/wp-content\/uploads\/2020\/09\/IMG_1502-300x200.jpg 300w, https:\/\/www.troywhisper.com\/wp-content\/uploads\/2020\/09\/IMG_1502-768x512.jpg 768w, https:\/\/www.troywhisper.com\/wp-content\/uploads\/2020\/09\/IMG_1502-1536x1024.jpg 1536w, https:\/\/www.troywhisper.com\/wp-content\/uploads\/2020\/09\/IMG_1502-2048x1365.jpg 2048w\" sizes=\"(max-width: 1024px) 100vw, 1024px\" \/><\/figure><\/li><li class=\"blocks-gallery-item\"><figure><img loading=\"lazy\" width=\"1024\" height=\"768\" src=\"http:\/\/www.troywhisper.com\/wp-content\/uploads\/2020\/09\/IMG_20170616_192605-1024x768.jpg\" alt=\"\" data-id=\"1345\" data-full-url=\"http:\/\/www.troywhisper.com\/wp-content\/uploads\/2020\/09\/IMG_20170616_192605-scaled.jpg\" data-link=\"http:\/\/www.troywhisper.com\/fr\/troy-whisper-medium-et-voyageur-psychic-and-traveler\/fr\/archives\/dav\/\" class=\"wp-image-1345\" srcset=\"https:\/\/www.troywhisper.com\/wp-content\/uploads\/2020\/09\/IMG_20170616_192605-1024x768.jpg 1024w, https:\/\/www.troywhisper.com\/wp-content\/uploads\/2020\/09\/IMG_20170616_192605-300x225.jpg 300w, https:\/\/www.troywhisper.com\/wp-content\/uploads\/2020\/09\/IMG_20170616_192605-768x576.jpg 768w, https:\/\/www.troywhisper.com\/wp-content\/uploads\/2020\/09\/IMG_20170616_192605-1536x1152.jpg 1536w, https:\/\/www.troywhisper.com\/wp-content\/uploads\/2020\/09\/IMG_20170616_192605-2048x1536.jpg 2048w\" sizes=\"(max-width: 1024px) 100vw, 1024px\" \/><\/figure><\/li><li class=\"blocks-gallery-item\"><figure><img loading=\"lazy\" width=\"1024\" height=\"768\" src=\"http:\/\/www.troywhisper.com\/wp-content\/uploads\/2020\/09\/IMG_20170616_194854-1024x768.jpg\" alt=\"\" data-id=\"1346\" data-full-url=\"http:\/\/www.troywhisper.com\/wp-content\/uploads\/2020\/09\/IMG_20170616_194854-scaled.jpg\" data-link=\"http:\/\/www.troywhisper.com\/fr\/troy-whisper-medium-et-voyageur-psychic-and-traveler\/fr\/archives\/sdr\/\" class=\"wp-image-1346\" srcset=\"https:\/\/www.troywhisper.com\/wp-content\/uploads\/2020\/09\/IMG_20170616_194854-1024x768.jpg 1024w, https:\/\/www.troywhisper.com\/wp-content\/uploads\/2020\/09\/IMG_20170616_194854-300x225.jpg 300w, https:\/\/www.troywhisper.com\/wp-content\/uploads\/2020\/09\/IMG_20170616_194854-768x576.jpg 768w, https:\/\/www.troywhisper.com\/wp-content\/uploads\/2020\/09\/IMG_20170616_194854-1536x1152.jpg 1536w, https:\/\/www.troywhisper.com\/wp-content\/uploads\/2020\/09\/IMG_20170616_194854-2048x1536.jpg 2048w\" sizes=\"(max-width: 1024px) 100vw, 1024px\" \/><\/figure><\/li><\/ul><\/figure>\n\n\n\n<h2>Pr\u00f3ximas conferencias<\/h2>\n\n\n\n<h3 class=\"textchalk\">En preparaci\u00f3n<\/h3>\n\n\n\n<h4>Am\u00e9rica del Sur<br>Argentina<\/h4>\n\n\n\n<ul><li>Buenos Aires<\/li><\/ul>\n\n\n\n<h4>Ocean\u00eda del Pac\u00edfico<br>Australia<\/h4>\n\n\n\n<ul><li>Sydney<\/li><li>Melbourne<\/li><\/ul>\n\n\n\n<h2>Meditaci\u00f3n y pr\u00e1ctica<\/h2>\n\n\n\n<p>Taller y sesi\u00f3n grupal gratuita en l\u00ednea o cara a cara, sigue las noticias. Las fechas se especificar\u00e1n un mes antes, en el sitio web.<\/p>\n","protected":false},"excerpt":{"rendered":"<p>Archivos Conferencias en 2019 Am\u00e9rica del SurPer\u00fa Tema : \u00ab \u00bfQu\u00e9 son la clarividencia y la mediumnidad, vistas a trav\u00e9s de la historia, la medicina y la ciencia ? \u00bb Cuzco31 de agosto de 2019 &#8211; Centro de Convenciones, Municipio de CuzcoDe 5:00 a 8:00. Entrada libre. Conferencias en 2018 Am\u00e9rica del SurChile Tema : [&hellip;]<\/p>\n","protected":false},"author":1,"featured_media":0,"parent":0,"menu_order":12,"comment_status":"closed","ping_status":"closed","template":"","meta":[],"_links":{"self":[{"href":"https:\/\/www.troywhisper.com\/fr\/troy-whisper-medium-et-voyageur-psychic-and-traveler\/wp-json\/wp\/v2\/pages\/347"}],"collection":[{"href":"https:\/\/www.troywhisper.com\/fr\/troy-whisper-medium-et-voyageur-psychic-and-traveler\/wp-json\/wp\/v2\/pages"}],"about":[{"href":"https:\/\/www.troywhisper.com\/fr\/troy-whisper-medium-et-voyageur-psychic-and-traveler\/wp-json\/wp\/v2\/types\/page"}],"author":[{"embeddable":true,"href":"https:\/\/www.troywhisper.com\/fr\/troy-whisper-medium-et-voyageur-psychic-and-traveler\/wp-json\/wp\/v2\/users\/1"}],"replies":[{"embeddable":true,"href":"https:\/\/www.troywhisper.com\/fr\/troy-whisper-medium-et-voyageur-psychic-and-traveler\/wp-json\/wp\/v2\/comments?post=347"}],"version-history":[{"count":21,"href":"https:\/\/www.troywhisper.com\/fr\/troy-whisper-medium-et-voyageur-psychic-and-traveler\/wp-json\/wp\/v2\/pages\/347\/revisions"}],"predecessor-version":[{"id":1874,"href":"https:\/\/www.troywhisper.com\/fr\/troy-whisper-medium-et-voyageur-psychic-and-traveler\/wp-json\/wp\/v2\/pages\/347\/revisions\/1874"}],"wp:attachment":[{"href":"https:\/\/www.troywhisper.com\/fr\/troy-whisper-medium-et-voyageur-psychic-and-traveler\/wp-json\/wp\/v2\/media?parent=347"}],"curies":[{"name":"wp","href":"https:\/\/api.w.org\/{rel}","templated":true}]}}