{"id":1927,"date":"2020-09-07T01:05:38","date_gmt":"2020-09-06T23:05:38","guid":{"rendered":"http:\/\/www.troywhisper.com\/fr\/troy-whisper-medium-et-voyageur-psychic-and-traveler\/?page_id=1927"},"modified":"2020-10-20T23:05:34","modified_gmt":"2020-10-20T21:05:34","slug":"para-reservar-una-cita-con-troy","status":"publish","type":"page","link":"https:\/\/www.troywhisper.com\/fr\/troy-whisper-medium-et-voyageur-psychic-and-traveler\/es\/para-reservar-una-cita-con-troy\/","title":{"rendered":"Para reservar una cita con Troy"},"content":{"rendered":"\n<h2>Para reservar una cita con Troy<\/h2>\n\n\n\n<p>Las reservas de citas se efect\u00faan&nbsp;<strong><u>exclusivamente por mail,<\/u><\/strong>&nbsp;<strong><u>y \u00fanicamente a la siguiente&nbsp;<\/u><\/strong>direcci\u00f3n:<strong><u>&nbsp;<a href=\"mailto:contact.troywhisper@gmail.com\"><strong>contact.troywhisper@gmail.com<\/strong><\/a><\/u><\/strong>&nbsp;y contactando directamente a &nbsp;Kate en Secretar\u00eda.<\/p>\n\n\n\n<figure class=\"wp-block-image size-large\"><img loading=\"lazy\" width=\"390\" height=\"603\" src=\"http:\/\/www.troywhisper.com\/wp-content\/uploads\/2020\/09\/Troy_chaise.jpg\" alt=\"\" class=\"wp-image-1263\" srcset=\"https:\/\/www.troywhisper.com\/wp-content\/uploads\/2020\/09\/Troy_chaise.jpg 390w, https:\/\/www.troywhisper.com\/wp-content\/uploads\/2020\/09\/Troy_chaise-194x300.jpg 194w\" sizes=\"(max-width: 390px) 100vw, 390px\" \/><\/figure>\n\n\n\n<p>Las consultas duran 1h15 y se efect\u00faan de la siguiente forma: Se puede pedir una hora directamente en la consulta, se puede realizar un desplazamiento privado, y finalmente realizar una video-conferencia (Skype) a cualquier lugar del mundo.<\/p>\n\n\n\n<p>Los tiempos de espera puede ser prolongados, as\u00ed es que \u00a1\u00e1rmese de paciencia!<\/p>\n\n\n\n<p class=\"has-text-align-right\"><strong>\u00ab\u00a1Hasta pronto, hasta que nuestros caminos se crucen! \u00bb<br>Troy<\/strong><\/p>\n","protected":false},"excerpt":{"rendered":"<p>Para reservar una cita con Troy Las reservas de citas se efect\u00faan&nbsp;exclusivamente por mail,&nbsp;y \u00fanicamente a la siguiente&nbsp;direcci\u00f3n:&nbsp;contact.troywhisper@gmail.com&nbsp;y contactando directamente a &nbsp;Kate en Secretar\u00eda. Las consultas duran 1h15 y se efect\u00faan de la siguiente forma: Se puede pedir una hora directamente en la consulta, se puede realizar un desplazamiento privado, y finalmente realizar una video-conferencia [&hellip;]<\/p>\n","protected":false},"author":2,"featured_media":0,"parent":0,"menu_order":0,"comment_status":"closed","ping_status":"closed","template":"","meta":[],"_links":{"self":[{"href":"https:\/\/www.troywhisper.com\/fr\/troy-whisper-medium-et-voyageur-psychic-and-traveler\/wp-json\/wp\/v2\/pages\/1927"}],"collection":[{"href":"https:\/\/www.troywhisper.com\/fr\/troy-whisper-medium-et-voyageur-psychic-and-traveler\/wp-json\/wp\/v2\/pages"}],"about":[{"href":"https:\/\/www.troywhisper.com\/fr\/troy-whisper-medium-et-voyageur-psychic-and-traveler\/wp-json\/wp\/v2\/types\/page"}],"author":[{"embeddable":true,"href":"https:\/\/www.troywhisper.com\/fr\/troy-whisper-medium-et-voyageur-psychic-and-traveler\/wp-json\/wp\/v2\/users\/2"}],"replies":[{"embeddable":true,"href":"https:\/\/www.troywhisper.com\/fr\/troy-whisper-medium-et-voyageur-psychic-and-traveler\/wp-json\/wp\/v2\/comments?post=1927"}],"version-history":[{"count":4,"href":"https:\/\/www.troywhisper.com\/fr\/troy-whisper-medium-et-voyageur-psychic-and-traveler\/wp-json\/wp\/v2\/pages\/1927\/revisions"}],"predecessor-version":[{"id":2071,"href":"https:\/\/www.troywhisper.com\/fr\/troy-whisper-medium-et-voyageur-psychic-and-traveler\/wp-json\/wp\/v2\/pages\/1927\/revisions\/2071"}],"wp:attachment":[{"href":"https:\/\/www.troywhisper.com\/fr\/troy-whisper-medium-et-voyageur-psychic-and-traveler\/wp-json\/wp\/v2\/media?parent=1927"}],"curies":[{"name":"wp","href":"https:\/\/api.w.org\/{rel}","templated":true}]}}