{"id":1921,"date":"2020-09-07T01:02:27","date_gmt":"2020-09-06T23:02:27","guid":{"rendered":"http:\/\/www.troywhisper.com\/fr\/troy-whisper-medium-et-voyageur-psychic-and-traveler\/?page_id=1921"},"modified":"2020-09-07T01:02:27","modified_gmt":"2020-09-06T23:02:27","slug":"despues-de-la-lectura-la-vida-continua","status":"publish","type":"page","link":"https:\/\/www.troywhisper.com\/fr\/troy-whisper-medium-et-voyageur-psychic-and-traveler\/es\/despues-de-la-lectura-la-vida-continua\/","title":{"rendered":"\u00abDespu\u00e9s de la Lectura\u00bb \u00a1La vida contin\u00faa !"},"content":{"rendered":"\n<h2>\u00abDespu\u00e9s de la Lectura\u00bb \u00a1La vida contin\u00faa !<\/h2>\n\n\n\n<p>Una vez que termine su entrevista, deber\u00e1 llevarse sus apuntes y guardar toda esta informaci\u00f3n con gran cuidado mientras sigue llevando una vida normal y activa. Nada nos cae nunca del cielo \u2013 o m\u00e1s bien \u2013 casi nunca \u2013 por lo que es importante que contin\u00fae siendo due\u00f1o y protagonista de su propia vida y siga su camino. \u00a1No espere nada! Y deje que la vida act\u00fae.<br>Las informaciones que le han sido trasmitidas tienen un solo objetivo: \u00a1ayudarle a avanzar, sin jam\u00e1s dictarle lo que debe hacer!<\/p>\n","protected":false},"excerpt":{"rendered":"<p>\u00abDespu\u00e9s de la Lectura\u00bb \u00a1La vida contin\u00faa ! Una vez que termine su entrevista, deber\u00e1 llevarse sus apuntes y guardar toda esta informaci\u00f3n con gran cuidado mientras sigue llevando una vida normal y activa. Nada nos cae nunca del cielo \u2013 o m\u00e1s bien \u2013 casi nunca \u2013 por lo que es importante que contin\u00fae [&hellip;]<\/p>\n","protected":false},"author":2,"featured_media":0,"parent":0,"menu_order":0,"comment_status":"closed","ping_status":"closed","template":"","meta":[],"_links":{"self":[{"href":"https:\/\/www.troywhisper.com\/fr\/troy-whisper-medium-et-voyageur-psychic-and-traveler\/wp-json\/wp\/v2\/pages\/1921"}],"collection":[{"href":"https:\/\/www.troywhisper.com\/fr\/troy-whisper-medium-et-voyageur-psychic-and-traveler\/wp-json\/wp\/v2\/pages"}],"about":[{"href":"https:\/\/www.troywhisper.com\/fr\/troy-whisper-medium-et-voyageur-psychic-and-traveler\/wp-json\/wp\/v2\/types\/page"}],"author":[{"embeddable":true,"href":"https:\/\/www.troywhisper.com\/fr\/troy-whisper-medium-et-voyageur-psychic-and-traveler\/wp-json\/wp\/v2\/users\/2"}],"replies":[{"embeddable":true,"href":"https:\/\/www.troywhisper.com\/fr\/troy-whisper-medium-et-voyageur-psychic-and-traveler\/wp-json\/wp\/v2\/comments?post=1921"}],"version-history":[{"count":1,"href":"https:\/\/www.troywhisper.com\/fr\/troy-whisper-medium-et-voyageur-psychic-and-traveler\/wp-json\/wp\/v2\/pages\/1921\/revisions"}],"predecessor-version":[{"id":1923,"href":"https:\/\/www.troywhisper.com\/fr\/troy-whisper-medium-et-voyageur-psychic-and-traveler\/wp-json\/wp\/v2\/pages\/1921\/revisions\/1923"}],"wp:attachment":[{"href":"https:\/\/www.troywhisper.com\/fr\/troy-whisper-medium-et-voyageur-psychic-and-traveler\/wp-json\/wp\/v2\/media?parent=1921"}],"curies":[{"name":"wp","href":"https:\/\/api.w.org\/{rel}","templated":true}]}}