{"id":1915,"date":"2020-09-07T00:58:05","date_gmt":"2020-09-06T22:58:05","guid":{"rendered":"http:\/\/www.troywhisper.com\/fr\/troy-whisper-medium-et-voyageur-psychic-and-traveler\/?page_id=1915"},"modified":"2020-09-07T00:58:06","modified_gmt":"2020-09-06T22:58:06","slug":"preparar-su-sesion","status":"publish","type":"page","link":"https:\/\/www.troywhisper.com\/fr\/troy-whisper-medium-et-voyageur-psychic-and-traveler\/es\/preparar-su-sesion\/","title":{"rendered":"Preparar su sesi\u00f3n"},"content":{"rendered":"\n<h2>Preparar su sesi\u00f3n<\/h2>\n\n\n\n<p>Para preparar su encuentro con el practicante hay que estar primero abierto para lo invisible. Tome contacto con el m\u00e9dium y desc\u00fabralo, &nbsp;a partir de su universo y sus referencias. Si esto corresponde a sus expectativas y a su sensibilidad, inf\u00f3rmese para tomar contacto.<\/p>\n\n\n\n<p><strong>Antes de cualquier sesi\u00f3n, tome un cuaderno donde usted podr\u00e1 consignar todas las informaciones que le ser\u00e1n transmitidas y que usted se cuidar\u00e1 de escribir.<\/strong><\/p>\n\n\n\n<p>Esto se transformar\u00e1 en los cimientos de una nueva aventura, y le ser\u00e1 muy \u00fatil cuando las precogniciones se le presenten a usted mismo.<br>En esos momentos usted podr\u00e1 volver a situarse con respecto a su sesi\u00f3n.<\/p>\n","protected":false},"excerpt":{"rendered":"<p>Preparar su sesi\u00f3n Para preparar su encuentro con el practicante hay que estar primero abierto para lo invisible. Tome contacto con el m\u00e9dium y desc\u00fabralo, &nbsp;a partir de su universo y sus referencias. Si esto corresponde a sus expectativas y a su sensibilidad, inf\u00f3rmese para tomar contacto. Antes de cualquier sesi\u00f3n, tome un cuaderno donde [&hellip;]<\/p>\n","protected":false},"author":2,"featured_media":0,"parent":0,"menu_order":0,"comment_status":"closed","ping_status":"closed","template":"","meta":[],"_links":{"self":[{"href":"https:\/\/www.troywhisper.com\/fr\/troy-whisper-medium-et-voyageur-psychic-and-traveler\/wp-json\/wp\/v2\/pages\/1915"}],"collection":[{"href":"https:\/\/www.troywhisper.com\/fr\/troy-whisper-medium-et-voyageur-psychic-and-traveler\/wp-json\/wp\/v2\/pages"}],"about":[{"href":"https:\/\/www.troywhisper.com\/fr\/troy-whisper-medium-et-voyageur-psychic-and-traveler\/wp-json\/wp\/v2\/types\/page"}],"author":[{"embeddable":true,"href":"https:\/\/www.troywhisper.com\/fr\/troy-whisper-medium-et-voyageur-psychic-and-traveler\/wp-json\/wp\/v2\/users\/2"}],"replies":[{"embeddable":true,"href":"https:\/\/www.troywhisper.com\/fr\/troy-whisper-medium-et-voyageur-psychic-and-traveler\/wp-json\/wp\/v2\/comments?post=1915"}],"version-history":[{"count":1,"href":"https:\/\/www.troywhisper.com\/fr\/troy-whisper-medium-et-voyageur-psychic-and-traveler\/wp-json\/wp\/v2\/pages\/1915\/revisions"}],"predecessor-version":[{"id":1918,"href":"https:\/\/www.troywhisper.com\/fr\/troy-whisper-medium-et-voyageur-psychic-and-traveler\/wp-json\/wp\/v2\/pages\/1915\/revisions\/1918"}],"wp:attachment":[{"href":"https:\/\/www.troywhisper.com\/fr\/troy-whisper-medium-et-voyageur-psychic-and-traveler\/wp-json\/wp\/v2\/media?parent=1915"}],"curies":[{"name":"wp","href":"https:\/\/api.w.org\/{rel}","templated":true}]}}