{"id":1909,"date":"2020-09-07T00:51:35","date_gmt":"2020-09-06T22:51:35","guid":{"rendered":"http:\/\/www.troywhisper.com\/fr\/troy-whisper-medium-et-voyageur-psychic-and-traveler\/?page_id=1909"},"modified":"2020-09-07T00:51:35","modified_gmt":"2020-09-06T22:51:35","slug":"los-casos-en-que-usted-no-debe-acudir-a-un-medium","status":"publish","type":"page","link":"https:\/\/www.troywhisper.com\/fr\/troy-whisper-medium-et-voyageur-psychic-and-traveler\/es\/los-casos-en-que-usted-no-debe-acudir-a-un-medium\/","title":{"rendered":"Los casos en que \u00a1USTED NO DEBE!, acudir a un m\u00e9dium"},"content":{"rendered":"\n<h2>Los casos en que \u00a1<strong><u>USTED NO DEBE!,<\/u><\/strong>\u00a0acudir a un m\u00e9dium<\/h2>\n\n\n\n<p>Si usted siente que es influenciable, si est\u00e1 saliendo de un per\u00edodo de duelo, Si no se siente capaz de tomar distancia y de continuar activamente con su vida, Si usted busca un psiquiatra y necesita m\u00e1s bien una buena terapia. Si usted es del tipo impaciente, y quiere que todo llegue en un chasquear de dedos, y en un abrir y cerrar de ojos. \u00a0Si usted cree que el practicante es un mago, y puede potenciar sus deseos, es simple:<br><strong>\u00a1NO HAGA NINGUNA CITA !<\/strong><br>Si por el contrario: \u00abusted es capaz de escuchar, de tomar nota, de manejar las informaciones tal como se presentan y considerarlas por lo que ellas son \u2013 con distancia y discernimiento -.Si usted est\u00e1 dotado (a) de capacidad de an\u00e1lisis, y posee una naturaleza ben\u00e9vola y abierta, entonces s\u00ed puede solicitar hora.<\/p>\n","protected":false},"excerpt":{"rendered":"<p>Los casos en que \u00a1USTED NO DEBE!,\u00a0acudir a un m\u00e9dium Si usted siente que es influenciable, si est\u00e1 saliendo de un per\u00edodo de duelo, Si no se siente capaz de tomar distancia y de continuar activamente con su vida, Si usted busca un psiquiatra y necesita m\u00e1s bien una buena terapia. Si usted es del [&hellip;]<\/p>\n","protected":false},"author":2,"featured_media":0,"parent":0,"menu_order":0,"comment_status":"closed","ping_status":"closed","template":"","meta":[],"_links":{"self":[{"href":"https:\/\/www.troywhisper.com\/fr\/troy-whisper-medium-et-voyageur-psychic-and-traveler\/wp-json\/wp\/v2\/pages\/1909"}],"collection":[{"href":"https:\/\/www.troywhisper.com\/fr\/troy-whisper-medium-et-voyageur-psychic-and-traveler\/wp-json\/wp\/v2\/pages"}],"about":[{"href":"https:\/\/www.troywhisper.com\/fr\/troy-whisper-medium-et-voyageur-psychic-and-traveler\/wp-json\/wp\/v2\/types\/page"}],"author":[{"embeddable":true,"href":"https:\/\/www.troywhisper.com\/fr\/troy-whisper-medium-et-voyageur-psychic-and-traveler\/wp-json\/wp\/v2\/users\/2"}],"replies":[{"embeddable":true,"href":"https:\/\/www.troywhisper.com\/fr\/troy-whisper-medium-et-voyageur-psychic-and-traveler\/wp-json\/wp\/v2\/comments?post=1909"}],"version-history":[{"count":1,"href":"https:\/\/www.troywhisper.com\/fr\/troy-whisper-medium-et-voyageur-psychic-and-traveler\/wp-json\/wp\/v2\/pages\/1909\/revisions"}],"predecessor-version":[{"id":1910,"href":"https:\/\/www.troywhisper.com\/fr\/troy-whisper-medium-et-voyageur-psychic-and-traveler\/wp-json\/wp\/v2\/pages\/1909\/revisions\/1910"}],"wp:attachment":[{"href":"https:\/\/www.troywhisper.com\/fr\/troy-whisper-medium-et-voyageur-psychic-and-traveler\/wp-json\/wp\/v2\/media?parent=1909"}],"curies":[{"name":"wp","href":"https:\/\/api.w.org\/{rel}","templated":true}]}}