{"id":1900,"date":"2020-09-07T00:43:19","date_gmt":"2020-09-06T22:43:19","guid":{"rendered":"http:\/\/www.troywhisper.com\/fr\/troy-whisper-medium-et-voyageur-psychic-and-traveler\/?page_id=1900"},"modified":"2020-09-07T00:48:23","modified_gmt":"2020-09-06T22:48:23","slug":"porque-pedir-una-cita","status":"publish","type":"page","link":"https:\/\/www.troywhisper.com\/fr\/troy-whisper-medium-et-voyageur-psychic-and-traveler\/es\/porque-pedir-una-cita\/","title":{"rendered":"Porqu\u00e9 pedir una cita"},"content":{"rendered":"\n<h2>Porqu\u00e9 pedir una cita<\/h2>\n\n\n\n<p><em>Es -LA- pregunta adecuada: \u00bfPorqu\u00e9 pedir una consulta ?<\/em><br><em><br><\/em>Existen miles de razones por las cuales un gerente de empresa o un particular deber\u00eda tener acceso a un \u00abconsejo\u00bb autorizado. Este ha sido el caso de una cantidad de sociedades desde que surgi\u00f3 la humanidad. En nuestros d\u00edas, en ciertos lugares del mundo, los or\u00e1culos, tal como se les denominaba antiguamente, contin\u00faan trabajando dentro de la mayor discreci\u00f3n. Ya sea que uno se plantee preguntas o decida analizar las cosas en un momento preciso de su existencia, o que se desee llevar a cabo un nuevo proyecto y solicitar un consejo, la respuesta ser\u00e1 siempre invariable:<br>\u00ab Quien consulta viene a buscar o a recuperar informaci\u00f3n. \u00bb<\/p>\n","protected":false},"excerpt":{"rendered":"<p>Porqu\u00e9 pedir una cita Es -LA- pregunta adecuada: \u00bfPorqu\u00e9 pedir una consulta ?Existen miles de razones por las cuales un gerente de empresa o un particular deber\u00eda tener acceso a un \u00abconsejo\u00bb autorizado. Este ha sido el caso de una cantidad de sociedades desde que surgi\u00f3 la humanidad. En nuestros d\u00edas, en ciertos lugares del [&hellip;]<\/p>\n","protected":false},"author":2,"featured_media":0,"parent":0,"menu_order":0,"comment_status":"closed","ping_status":"closed","template":"","meta":[],"_links":{"self":[{"href":"https:\/\/www.troywhisper.com\/fr\/troy-whisper-medium-et-voyageur-psychic-and-traveler\/wp-json\/wp\/v2\/pages\/1900"}],"collection":[{"href":"https:\/\/www.troywhisper.com\/fr\/troy-whisper-medium-et-voyageur-psychic-and-traveler\/wp-json\/wp\/v2\/pages"}],"about":[{"href":"https:\/\/www.troywhisper.com\/fr\/troy-whisper-medium-et-voyageur-psychic-and-traveler\/wp-json\/wp\/v2\/types\/page"}],"author":[{"embeddable":true,"href":"https:\/\/www.troywhisper.com\/fr\/troy-whisper-medium-et-voyageur-psychic-and-traveler\/wp-json\/wp\/v2\/users\/2"}],"replies":[{"embeddable":true,"href":"https:\/\/www.troywhisper.com\/fr\/troy-whisper-medium-et-voyageur-psychic-and-traveler\/wp-json\/wp\/v2\/comments?post=1900"}],"version-history":[{"count":2,"href":"https:\/\/www.troywhisper.com\/fr\/troy-whisper-medium-et-voyageur-psychic-and-traveler\/wp-json\/wp\/v2\/pages\/1900\/revisions"}],"predecessor-version":[{"id":1906,"href":"https:\/\/www.troywhisper.com\/fr\/troy-whisper-medium-et-voyageur-psychic-and-traveler\/wp-json\/wp\/v2\/pages\/1900\/revisions\/1906"}],"wp:attachment":[{"href":"https:\/\/www.troywhisper.com\/fr\/troy-whisper-medium-et-voyageur-psychic-and-traveler\/wp-json\/wp\/v2\/media?parent=1900"}],"curies":[{"name":"wp","href":"https:\/\/api.w.org\/{rel}","templated":true}]}}