{"id":1876,"date":"2020-09-07T00:02:59","date_gmt":"2020-09-06T22:02:59","guid":{"rendered":"http:\/\/www.troywhisper.com\/fr\/troy-whisper-medium-et-voyageur-psychic-and-traveler\/?page_id=1876"},"modified":"2020-09-07T00:34:47","modified_gmt":"2020-09-06T22:34:47","slug":"para-ir-mas-lejos","status":"publish","type":"page","link":"https:\/\/www.troywhisper.com\/fr\/troy-whisper-medium-et-voyageur-psychic-and-traveler\/es\/para-ir-mas-lejos\/","title":{"rendered":"Para ir m\u00e1s lejos&#8230;"},"content":{"rendered":"\n<h2>Para leer y navegar<\/h2>\n\n\n\n<blockquote class=\"wp-block-quote\"><p>\u00ab S\u00f3lidas referencias se adquieren al abrir los libros y despu\u00e9s tomando distancia. \u00bb<\/p><\/blockquote>\n\n\n\n<p class=\"textchalk\">\u00a1La verdad del otro no ser\u00e1 forzosamente la tuya !<\/p>\n\n\n\n<p>Posici\u00f3nate en forma natural en retirada y s\u00e9 tolerante. <br><strong>Una vez m\u00e1s, una opini\u00f3n s\u00f3lo ata\u00f1e a quien la expresa, y a quienes est\u00e1n dispuestos a escucharla! <\/strong><br>Mantengan una mente libre, abierta y luminosa, que es sin\u00f3nimo de buena salud mental, y garant\u00eda de vuestra integridad.<\/p>\n\n\n\n<h2>Los seres humanos vistos por los antrop\u00f3logos, escritores, cient\u00edficos, fil\u00f3sofos, m\u00e9dicos y m\u00e9diums<\/h2>\n\n\n\n<h3>Claude L\u00e9vi-Strauss<\/h3>\n\n\n\n<p>\u00ab Mi maestro en el pensamiento. Un ejemplo moral e intelectual, no puedo dejar de recomendarlo, ya que su obra es vasta. \u00bb<\/p>\n\n\n\n<p><strong>Para leer:<\/strong><br>\u2013 Antropolog\u00eda Estructural. Editorial Plon.<br>\u2013 El Pensamiento Salvaje. Editorial Agora.<br>\u2013 Observar, Escuchar, Leer. Editorial Plon (para disfrutar\u2026.).<br>\u2013 La Otra Cara de la Luna, Editorial du Seuil.<br>\u2013 La Alfarera Celosa, Editorial Plon.<\/p>\n\n\n\n<h3>Matthieu Ricard<\/h3>\n\n\n\n<p>Doctor en Gen\u00e9tica Celular; Budista tibetano y representante de su Santidad el Dalai-Lama. Un ser fundamentalmente bueno e \u00edntegro, un ejemplo para cada uno de nosotros.<\/p>\n\n\n\n<p><strong>Para leer:<\/strong><br>\u2013 El Monje y el Fil\u00f3sofo. Editorial Pocket.<br>\u2013 El Infinito en La Palma de la Mano.<br>\u2013 El Arte de la Meditaci\u00f3n. Editorial Nil.<br>\u2013 Promoci\u00f3n del Altruismo Editorial du Nil.<br>\u2013 Promoci\u00f3n de los Animales. Editorial Allary.<\/p>\n\n\n\n<h3>Maude Kristen<\/h3>\n\n\n\n<p>Una mujer brillante la cual, debido a sus trabajos, coloquios, obras y ense\u00f1anzas contribuye a poner en evidencia estos fen\u00f3menos denominados como precognici\u00f3n.<\/p>\n\n\n\n<p>\u00abTuve la dicha de haberla conocido, y de haberla escuchado. Un gran carisma tiene esta mujer, que tambi\u00e9n se ha consagrado a la defensa de la causa animalista.\u00bb<\/p>\n\n\n\n<p><strong>Para leer:<\/strong><br>\u2013 Para terminar, Madame Irma, sutil y claro, Calmann-Levy.<br>\u2013 Hija de las Estrellas, Editorial J\u2019ai lu.<br>\u2013 Mi vida es lo Invisible, (\u00a1\u00a1De mano de maestro!!!!), Aux Presses du Ch\u00e2telet.<\/p>\n\n\n\n<h3>Doctor Jean-Jacques Charbonnier<\/h3>\n\n\n\n<p>M\u00e9dico anestesista reanimador franc\u00e9s, quien valida la hip\u00f3tesis de la vida post-mortem; <strong>la experiencia de muerte inminente y la existencia de la <\/strong>&nbsp;<strong>consciencia independiente de la actividad neuronal.<\/strong> \u00c9l es tambi\u00e9n Maestro conferencista y un autor muy connotado.<\/p>\n\n\n\n<p>\u2013 Coma sobrepasada, CLC Plein Soleil.<br>\u2013 La Vida despu\u00e9s de la Muerte existe, CLC Plein Soleil.<br>\u2013 Las Pruebas Cient\u00edficas de la Vida despu\u00e9s de la Muerte, Ediciones \u00c9xergues.<br>\u2013 La Medicina frente al Mas All\u00e1, Editorial Guy Tr\u00e9daniel<br>\u2013 Las 7 Buenas Razones para creer en el M\u00e1s All\u00e1, Editorial Guy Tr\u00e9daniel.<\/p>\n\n\n\n<h3>Yaguel Didier<\/h3>\n\n\n\n<p>Clarividente de gran coraz\u00f3n, su trabajo se vuelca resueltamente hacia el ser humano. Sus obras son a su imagen y semejanza: apasionantes!<\/p>\n\n\n\n<p><strong><strong>Para leer:<\/strong><\/strong><br>\u2013 Las Grandes Videncias de la Historia: Su verdadero destino, intrigas, \u00a1mi preferido! Editorial Plon.<br>\u2013 En el Coraz\u00f3n de la Videncia; Editorial Plon.<br>\u2013 Mis Conversaciones con la Reina, Editorial Laffont.<br>No puedo dejar de recomendarles este libro en particular :<br>\u2013 Yaguel Didier o la Memoria del Futuro: Preguntas sobre la Mediumnidad, Ediitorial Laffont. Este libro posee la personalidad de Yaguel Didier.<\/p>\n\n\n\n<p>\u00abHace ya muchos a\u00f1os conoc\u00ed a Yaguel. Una mujer de gran coraz\u00f3n, extremadamente humana, y a la que siempre he considerado como un ejemplo. Con el tiempo nos hicimos amigos. Cada vez que he necesitado informaci\u00f3n sobre alg\u00fan trabajo personal la contacto. Hasta ahora siempre ha respondido presente.\u00bb<\/p>\n\n\n\n<h3>Doctor Alexander Eben<\/h3>\n\n\n\n<p>El doctor Alexander Eben es neurocirujano desde hace 25 a\u00f1os, de los cuales 15 a\u00f1os ha trabajado en el Hospital de Mujeres y en el Hospital de Ni\u00f1os Brigham, as\u00ed como tambi\u00e9n en la Facultad de Medicina de la Universidad de Harvard.<\/p>\n\n\n\n<p><strong><strong>Para leer:<\/strong><\/strong><br>\u2013 La Prueba del Cielo<br>\u2013 El Mapa del Cielo<br>\u2013 La Evidencia de la Vida despu\u00e9s de la Muerte<\/p>\n\n\n\n<h3>El Astrof\u00edsico y escritor vietnamita-norteamericano, Trinh Xuan Thuan<\/h3>\n\n\n\n<p>Hizo sus estudios de astrof\u00edsica en California y despu\u00e9s en la Universidad de Princeton, donde obtuvo su doctorado. Un hombre brillante, que declar\u00f3 : <strong>&#8220;Cuando desentra\u00f1emos los misterios del cerebro, al mismo tiempo descubriremos c\u00f3mo se cre\u00f3 el universo.<\/strong>&#8220;<\/p>\n\n\n\n<p><strong><strong>Para leer:<\/strong><\/strong><br>\u2013 El Caos y la Armon\u00eda \u2013 Fayard<br>\u2013 El Infinito en La Palma de la Mano: desde el Big-Bang hasta el Despertar. Nil<br>\u2013 \u00bfEl Mundo se Cre\u00f3 A S\u00ed Mismo? Editorial Gallimard<br>\u2013 Las V\u00edas de la Luz: F\u00edsica y Metaf\u00edsica del Claroscuro. Ed. Fayard.<\/p>\n\n\n\n<h3>El F\u00edsico, Fil\u00f3sofo y Matem\u00e1tico: Henri Poincar\u00e9<\/h3>\n\n\n\n<p>Es nombrado en <strong>el Polit\u00e9cnico el 6 de Noviembre de 1883<\/strong>, cargo que ocupar\u00e1 hasta su dimisi\u00f3n en Marzo de 1897. Luego fue designado &nbsp;para ense\u00f1ar la c\u00e1tedra de \u00ab Mec\u00e1nica F\u00edsica y Experimental \u00bb el 16 de Marzo de 1885; la deja para aceptar la c\u00e1tedra de \u00ab F\u00edsica Matem\u00e1tica y C\u00e1lculo de Probabilidades \u00bb el 13 de Agosto de 1886\u2026<\/p>\n\n\n\n<p><strong>Es nombrado Presidente de la <a href=\"https:\/\/fr.wikipedia.org\/wiki\/Soci%C3%A9t%C3%A9_math%C3%A9matique_de_France\">&nbsp;Sociedad Matem\u00e1tica de Francia <\/a>en 1886.<\/strong><\/p>\n\n\n\n<p>Es escogido miembro de la Academia de Ciencias en 1887; se hace miembro del <a href=\"https:\/\/fr.wikipedia.org\/wiki\/Bureau_des_longitudes\">&nbsp;Bureau des Longitudes<\/a> en 1893 (Oficina de Longitudes) y es nombrado Ingeniero Jefe de Minas. <strong>En noviembre de 1896, obtiene la c\u00e1tedra de \u00ab Astronom\u00eda Matem\u00e1tica y de Mec\u00e1nica Celeste \u00bb en la <a href=\"https:\/\/fr.wikipedia.org\/wiki\/Facult%C3%A9_des_sciences_de_Paris\">Facultad de Ciencias de <\/a>Par\u00eds. Es nombrado socio de la <a href=\"https:\/\/fr.wikipedia.org\/wiki\/Acad%C3%A9mie_lorraine_des_sciences\">&nbsp;Sociedad de Ciencias de Nancy<\/a> y miembro asociado de la Academia <a href=\"https:\/\/fr.wikipedia.org\/wiki\/Acad%C3%A9mie_de_Stanislas\">de<\/a> Stanislas.<\/strong><\/p>\n\n\n\n<p>Es reelegido nuevamente Presidente de la <a href=\"https:\/\/fr.wikipedia.org\/wiki\/Soci%C3%A9t%C3%A9_math%C3%A9matique_de_France\">&nbsp;Sociedad Matem\u00e1tica de &nbsp;Francia<\/a> en 1900. Primer galardonado en 1901 con la <strong>\u00ab Medalla Sylvester de la Royal Society.&#8221;<\/strong><\/p>\n\n\n\n<p>Toma la direcci\u00f3n de la <a href=\"https:\/\/fr.wikipedia.org\/wiki\/Soci%C3%A9t%C3%A9_fran%C3%A7aise_de_physique\">Sociedad Francesa de F\u00edsica en <\/a>1902. En 1904 es nombrado Profesor de Astronom\u00eda General sin remuneraci\u00f3n en la <strong>Escuela Polit\u00e9cnica <\/strong>con el fin de evitar la eliminaci\u00f3n de la c\u00e1tedra. De 1900 a 1908, aplica sus trabajos a la telegraf\u00eda sin hilo, lo que le permite <strong>establecer la existencia de reg\u00edmenes de ondas continuas.<\/strong>..<\/p>\n\n\n\n<p><strong>Escogido en la Academia Francesa el 5 de Marzo de 1908, participar\u00e1 en numerosos congresos y conferencias hasta el final de su vida.<\/strong><\/p>\n\n\n\n<p><strong>A prop\u00f3sito de Poincar\u00e9, para leer :<\/strong><\/p>\n\n\n\n<ul><li>&#8220;Henri <a href=\"https:\/\/fr.wikipedia.org\/wiki\/Henri_Poincar%C3%A9,_l%27%C5%93uvre_scientifique,_l%27%C5%93uvre_philosophique\">&nbsp;Poincar\u00e9, la Obra Cient\u00edfica, la Obra Filos\u00f3fica<\/a>&#8220;, por <a href=\"https:\/\/fr.wikipedia.org\/wiki\/Vito_Volterra\">&nbsp;Vito Volterr<\/a>a, <a href=\"https:\/\/fr.wikipedia.org\/wiki\/Jacques_Hadamard\">&nbsp;Jacques Hadamar<\/a>d, <a href=\"https:\/\/fr.wikipedia.org\/wiki\/Paul_Langevin\">&nbsp;Paul Langevin<\/a> y <a href=\"https:\/\/fr.wikipedia.org\/wiki\/Pierre_Boutroux\">&nbsp;Pierr<\/a>e <a href=\"https:\/\/fr.wikipedia.org\/wiki\/Pierre_Boutroux\">&nbsp;Boutrou<\/a>x, Librairie F\u00e9lix Alcan, 1914.<\/li><li>\u00ab Henri Poincar\u00e9, la Obra Matem\u00e1tica \u00bb por <a href=\"https:\/\/fr.wikipedia.org\/wiki\/Vito_Volterra\">&nbsp;Vito Volterr<\/a>a.<\/li><li>\u00ab Henri Poincar\u00e9, el Problema de los Tres Cuerpos&#8221; por Jacques Hadamard.<\/li><li>\u00ab Henri Poincar\u00e9, el F\u00edsico. \u00bb por <a href=\"https:\/\/fr.wikipedia.org\/wiki\/Paul_Langevin\">&nbsp;Paul Langevin<\/a>.<\/li><li>\u00ab Henri Poincar\u00e9, la Obra Filos\u00f3fica \u00bb, por <a href=\"https:\/\/fr.wikipedia.org\/wiki\/Pierre_Boutroux\">&nbsp;Pierre Boutroux<\/a>.<\/li><li><strong>\u00ab Una Historia de Relatividad. \u00bb<\/strong> el Rol de Henri Poincar\u00e9 y de <a href=\"https:\/\/fr.wikipedia.org\/wiki\/Paul_Langevin\">&nbsp;Pau<\/a>l <a href=\"https:\/\/fr.wikipedia.org\/wiki\/Paul_Langevin\">&nbsp;Langevin,<\/a> Tesis de Doctorado, 1970. Por Camillo Cuvaj,<\/li><\/ul>\n\n\n\n<h2>Para descubrir y ver<\/h2>\n\n\n\n<h3><strong>Gaia.com<\/strong><\/h3>\n\n\n\n<p>Un canal dedicado a lo espiritual en el amplio sentido del t\u00e9rmino, a la pr\u00e1ctica de la meditaci\u00f3n y del yoga. Resueltamente inclinado a la Antropolog\u00eda y a la historia de antiguas civilizaciones y a los enigmas no resueltos. Para descubrir.<\/p>\n\n\n\n<h3><strong>BBC Earth<\/strong><\/h3>\n\n\n\n<p>El canal brit\u00e1nico dedicado, tal como lo indica su nombre, al planeta.<\/p>\n\n\n\n<h3><strong>National Geographic<\/strong><\/h3>\n\n\n\n<p>Mas espec\u00edfico, apunta al descubrimiento de especies animales, fauna y flora en un espectro m\u00e1s amplio.<\/p>\n","protected":false},"excerpt":{"rendered":"<p>Para leer y navegar \u00ab S\u00f3lidas referencias se adquieren al abrir los libros y despu\u00e9s tomando distancia. \u00bb \u00a1La verdad del otro no ser\u00e1 forzosamente la tuya ! Posici\u00f3nate en forma natural en retirada y s\u00e9 tolerante. Una vez m\u00e1s, una opini\u00f3n s\u00f3lo ata\u00f1e a quien la expresa, y a quienes est\u00e1n dispuestos a escucharla! [&hellip;]<\/p>\n","protected":false},"author":2,"featured_media":0,"parent":0,"menu_order":0,"comment_status":"closed","ping_status":"closed","template":"","meta":[],"_links":{"self":[{"href":"https:\/\/www.troywhisper.com\/fr\/troy-whisper-medium-et-voyageur-psychic-and-traveler\/wp-json\/wp\/v2\/pages\/1876"}],"collection":[{"href":"https:\/\/www.troywhisper.com\/fr\/troy-whisper-medium-et-voyageur-psychic-and-traveler\/wp-json\/wp\/v2\/pages"}],"about":[{"href":"https:\/\/www.troywhisper.com\/fr\/troy-whisper-medium-et-voyageur-psychic-and-traveler\/wp-json\/wp\/v2\/types\/page"}],"author":[{"embeddable":true,"href":"https:\/\/www.troywhisper.com\/fr\/troy-whisper-medium-et-voyageur-psychic-and-traveler\/wp-json\/wp\/v2\/users\/2"}],"replies":[{"embeddable":true,"href":"https:\/\/www.troywhisper.com\/fr\/troy-whisper-medium-et-voyageur-psychic-and-traveler\/wp-json\/wp\/v2\/comments?post=1876"}],"version-history":[{"count":3,"href":"https:\/\/www.troywhisper.com\/fr\/troy-whisper-medium-et-voyageur-psychic-and-traveler\/wp-json\/wp\/v2\/pages\/1876\/revisions"}],"predecessor-version":[{"id":1894,"href":"https:\/\/www.troywhisper.com\/fr\/troy-whisper-medium-et-voyageur-psychic-and-traveler\/wp-json\/wp\/v2\/pages\/1876\/revisions\/1894"}],"wp:attachment":[{"href":"https:\/\/www.troywhisper.com\/fr\/troy-whisper-medium-et-voyageur-psychic-and-traveler\/wp-json\/wp\/v2\/media?parent=1876"}],"curies":[{"name":"wp","href":"https:\/\/api.w.org\/{rel}","templated":true}]}}