{"id":1852,"date":"2020-09-06T21:16:31","date_gmt":"2020-09-06T19:16:31","guid":{"rendered":"http:\/\/www.troywhisper.com\/fr\/troy-whisper-medium-et-voyageur-psychic-and-traveler\/?page_id=1852"},"modified":"2020-09-06T21:24:09","modified_gmt":"2020-09-06T19:24:09","slug":"contacto-2","status":"publish","type":"page","link":"https:\/\/www.troywhisper.com\/fr\/troy-whisper-medium-et-voyageur-psychic-and-traveler\/es\/contacto-2\/","title":{"rendered":"Contacto"},"content":{"rendered":"\n<h2>Contacto<\/h2>\n\n\n\n<h2>Porqu\u00e9 pedir una cita<\/h2>\n\n\n\n<p><em>Es -LA- pregunta adecuada: \u00bfPorqu\u00e9 pedir una consulta ?<br><\/em>Existen miles de razones por las cuales un gerente de empresa o un particular deber\u00eda tener acceso a un \u00abconsejo\u00bb autorizado. Este ha sido el caso de una cantidad de sociedades desde que surgi\u00f3 la humanidad. En nuestros d\u00edas, en ciertos lugares del mundo, los or\u00e1culos, tal como se les denominaba antiguamente, contin\u00faan trabajando dentro de la mayor discreci\u00f3n. Ya sea que uno se plantee preguntas o decida analizar las cosas en un momento preciso de su existencia, o que se desee llevar a cabo un nuevo proyecto y solicitar un consejo, la respuesta ser\u00e1 siempre invariable:<br>\u00ab Quien consulta viene a buscar o a recuperar informaci\u00f3n. \u00bb<\/p>\n\n\n\n<h2>Los casos en que \u00a1<strong><u>USTED NO DEBE!,<\/u><\/strong> acudir a un m\u00e9dium<\/h2>\n\n\n\n<p class=\"has-text-align-left\">Si usted siente que es influenciable, si est\u00e1 saliendo de un per\u00edodo de duelo, Si no se siente capaz de tomar distancia y de continuar activamente con su vida, Si usted busca un psiquiatra y necesita m\u00e1s bien una buena terapia. Si usted es del tipo impaciente, y quiere que todo llegue en un chasquear de dedos, y en un abrir y cerrar de ojos. \u00a0Si usted cree que el practicante es un mago, y puede potenciar sus deseos, es simple:<br><strong>\u00a1NO HAGA NINGUNA CITA !<\/strong><br>Si por el contrario: \u00abusted es capaz de escuchar, de tomar nota, de manejar las informaciones tal como se presentan y considerarlas por lo que ellas son \u2013 con distancia y discernimiento -.Si usted est\u00e1 dotado (a) de capacidad de an\u00e1lisis, y posee una naturaleza ben\u00e9vola y abierta, entonces s\u00ed puede solicitar hora.<\/p>\n\n\n\n<h2>Preparar su sesi\u00f3n<\/h2>\n\n\n\n<p>Para preparar su encuentro con el practicante hay que estar primero abierto para lo invisible. Tome contacto con el m\u00e9dium y desc\u00fabralo, \u00a0a partir de su universo y sus referencias. Si esto corresponde a sus expectativas y a su sensibilidad, inf\u00f3rmese para tomar contacto.<\/p>\n\n\n\n<p><strong>Antes de cualquier sesi\u00f3n, tome un cuaderno donde usted podr\u00e1 consignar todas las informaciones que le ser\u00e1n transmitidas y que usted se cuidar\u00e1 de escribir.<\/strong><\/p>\n\n\n\n<p>Esto se transformar\u00e1 en los cimientos de una nueva aventura, y le ser\u00e1 muy \u00fatil cuando las precogniciones se le presenten a usted mismo.<br>En esos momentos usted podr\u00e1 volver a situarse con respecto a su sesi\u00f3n.<\/p>\n\n\n\n<h2>\u00abDespu\u00e9s de la Lectura\u00bb \u00a1La vida contin\u00faa !<\/h2>\n\n\n\n<p>Una vez que termine su entrevista, deber\u00e1 llevarse sus apuntes y guardar toda esta informaci\u00f3n con gran cuidado mientras sigue llevando una vida normal y activa. Nada nos cae nunca del cielo \u2013 o m\u00e1s bien &#8211; casi nunca \u2013 por lo que es importante que contin\u00fae siendo due\u00f1o y protagonista de su propia vida y siga su camino. \u00a1No espere nada! Y deje que la vida act\u00fae.<br>Las informaciones que le han sido trasmitidas tienen un solo objetivo: \u00a1ayudarle a avanzar, sin jam\u00e1s dictarle lo que debe hacer!<\/p>\n\n\n\n<h2>Para reservar una cita con Troy<\/h2>\n\n\n\n<p>Las reservas de citas se efect\u00faan <strong><u>exclusivamente por mail,<\/u><\/strong> <strong><u>y \u00fanicamente a la siguiente <\/u><\/strong>direcci\u00f3n:<strong><u> <a href=\"mailto:contact.troywhisper@gmail.com\"><strong>contact.troywhisper@gmail.com<\/strong><\/a><\/u><\/strong>\u00a0y contactando directamente a \u00a0Kate en Secretar\u00eda.<\/p>\n\n\n\n<p>Las consultas duran 1h15 y se efect\u00faan de la siguiente forma: Se puede pedir una hora directamente en la consulta, se puede realizar un desplazamiento privado, y finalmente realizar una video-conferencia (Skype) a cualquier lugar del mundo.<\/p>\n\n\n\n<p>Los tiempos de espera puede ser prolongados, as\u00ed es que \u00a1\u00e1rmese de paciencia! <\/p>\n\n\n\n<p class=\"has-text-align-right\"><strong>\u00ab\u00a1Hasta pronto, hasta que nuestros caminos se crucen! \u00bb <br>Troy<\/strong><\/p>\n","protected":false},"excerpt":{"rendered":"<p>Contacto Porqu\u00e9 pedir una cita Es -LA- pregunta adecuada: \u00bfPorqu\u00e9 pedir una consulta ?Existen miles de razones por las cuales un gerente de empresa o un particular deber\u00eda tener acceso a un \u00abconsejo\u00bb autorizado. Este ha sido el caso de una cantidad de sociedades desde que surgi\u00f3 la humanidad. En nuestros d\u00edas, en ciertos lugares [&hellip;]<\/p>\n","protected":false},"author":2,"featured_media":0,"parent":0,"menu_order":0,"comment_status":"closed","ping_status":"closed","template":"","meta":[],"_links":{"self":[{"href":"https:\/\/www.troywhisper.com\/fr\/troy-whisper-medium-et-voyageur-psychic-and-traveler\/wp-json\/wp\/v2\/pages\/1852"}],"collection":[{"href":"https:\/\/www.troywhisper.com\/fr\/troy-whisper-medium-et-voyageur-psychic-and-traveler\/wp-json\/wp\/v2\/pages"}],"about":[{"href":"https:\/\/www.troywhisper.com\/fr\/troy-whisper-medium-et-voyageur-psychic-and-traveler\/wp-json\/wp\/v2\/types\/page"}],"author":[{"embeddable":true,"href":"https:\/\/www.troywhisper.com\/fr\/troy-whisper-medium-et-voyageur-psychic-and-traveler\/wp-json\/wp\/v2\/users\/2"}],"replies":[{"embeddable":true,"href":"https:\/\/www.troywhisper.com\/fr\/troy-whisper-medium-et-voyageur-psychic-and-traveler\/wp-json\/wp\/v2\/comments?post=1852"}],"version-history":[{"count":4,"href":"https:\/\/www.troywhisper.com\/fr\/troy-whisper-medium-et-voyageur-psychic-and-traveler\/wp-json\/wp\/v2\/pages\/1852\/revisions"}],"predecessor-version":[{"id":1856,"href":"https:\/\/www.troywhisper.com\/fr\/troy-whisper-medium-et-voyageur-psychic-and-traveler\/wp-json\/wp\/v2\/pages\/1852\/revisions\/1856"}],"wp:attachment":[{"href":"https:\/\/www.troywhisper.com\/fr\/troy-whisper-medium-et-voyageur-psychic-and-traveler\/wp-json\/wp\/v2\/media?parent=1852"}],"curies":[{"name":"wp","href":"https:\/\/api.w.org\/{rel}","templated":true}]}}