{"id":1802,"date":"2020-09-06T02:04:22","date_gmt":"2020-09-06T00:04:22","guid":{"rendered":"http:\/\/www.troywhisper.com\/fr\/troy-whisper-medium-et-voyageur-psychic-and-traveler\/?page_id=1802"},"modified":"2020-09-06T02:14:03","modified_gmt":"2020-09-06T00:14:03","slug":"las-causas-mundiales","status":"publish","type":"page","link":"https:\/\/www.troywhisper.com\/fr\/troy-whisper-medium-et-voyageur-psychic-and-traveler\/es\/las-causas-mundiales\/","title":{"rendered":"Las causas mundiales"},"content":{"rendered":"\n<h2><strong>Las causas mundiales<\/strong><\/h2>\n\n\n\n<h2>La humanidad frente a su destino<\/h2>\n\n\n\n<p>Hoy d\u00eda; el planeta agoniza, y pide ayuda. En su seno, su frecuencia magn\u00e9tica est\u00e1 cambiando, <strong>anunciando que viene un acontecimiento de perturbaci\u00f3n mayor para todas las especies que existen.<\/strong> <strong>Ya no es tiempo de creer, sino de constatar y de tomar acci\u00f3n.<\/strong> Cada ser vivo debe tener como prioridad, si puede, por supuesto, la protecci\u00f3n de todas las especies m\u00e1s fr\u00e1giles y desamparadas. <strong>La reforestaci\u00f3n, incluso a un nivel \u00ednfimo, la protecci\u00f3n de todas las especies. La limpieza de los ecosistemas y la elaboraci\u00f3n de santuarios de la naturaleza que deber\u00e1n permanecer inviolados para que finalmente las otras especies puedan recuperar su espacio y la paz.<\/strong><\/p>\n\n\n\n<p>\u00ab Si no se lleva a cabo ninguna acci\u00f3n en menos de 10 a\u00f1os, el hombre ser\u00e1 parte integrante de la 6\u00aa extinci\u00f3n en masa y no sobrevivir\u00e1. \u00bb<\/p>\n\n\n\n<p><strong>El clarividente<\/strong> &#8211; quienquiera que sea \u2013 y donde pueda encontrarse debe \u2013 ahora \u2013 participar en la creaci\u00f3n y elaboraci\u00f3n de una cadena de despertar ben\u00e9vola y luminosa, capaz de interactuar con el otro y contribuir as\u00ed muy activamente para ayudar a la mayor cantidad de personas, y a nuestro planeta.<\/p>\n\n\n\n<figure class=\"wp-block-image size-large\"><img loading=\"lazy\" width=\"1024\" height=\"524\" src=\"http:\/\/www.troywhisper.com\/wp-content\/uploads\/2020\/07\/planete01-1024x524.jpg\" alt=\"\" class=\"wp-image-630\" srcset=\"https:\/\/www.troywhisper.com\/wp-content\/uploads\/2020\/07\/planete01-1024x524.jpg 1024w, https:\/\/www.troywhisper.com\/wp-content\/uploads\/2020\/07\/planete01-300x153.jpg 300w, https:\/\/www.troywhisper.com\/wp-content\/uploads\/2020\/07\/planete01-768x393.jpg 768w, https:\/\/www.troywhisper.com\/wp-content\/uploads\/2020\/07\/planete01.jpg 1314w\" sizes=\"(max-width: 1024px) 100vw, 1024px\" \/><\/figure>\n\n\n\n<p>Pr\u00e1cticas que deben llevarse a cabo en el compartir y en la escucha; en la paz y en la luz.<\/p>\n\n\n\n<blockquote class=\"wp-block-quote\"><p>&#8220;Acciones de este tipo podr\u00edan muy bien contribuir a la apertura de las conciencias de forma durable, positiva y comprometida, y esto para el bienestar de todas las especies vivientes en nuestro planeta.&#8221;<\/p><\/blockquote>\n\n\n\n<p><\/p>\n","protected":false},"excerpt":{"rendered":"<p>Las causas mundiales La humanidad frente a su destino Hoy d\u00eda; el planeta agoniza, y pide ayuda. En su seno, su frecuencia magn\u00e9tica est\u00e1 cambiando, anunciando que viene un acontecimiento de perturbaci\u00f3n mayor para todas las especies que existen. Ya no es tiempo de creer, sino de constatar y de tomar acci\u00f3n. Cada ser vivo [&hellip;]<\/p>\n","protected":false},"author":2,"featured_media":0,"parent":0,"menu_order":0,"comment_status":"closed","ping_status":"closed","template":"","meta":[],"_links":{"self":[{"href":"https:\/\/www.troywhisper.com\/fr\/troy-whisper-medium-et-voyageur-psychic-and-traveler\/wp-json\/wp\/v2\/pages\/1802"}],"collection":[{"href":"https:\/\/www.troywhisper.com\/fr\/troy-whisper-medium-et-voyageur-psychic-and-traveler\/wp-json\/wp\/v2\/pages"}],"about":[{"href":"https:\/\/www.troywhisper.com\/fr\/troy-whisper-medium-et-voyageur-psychic-and-traveler\/wp-json\/wp\/v2\/types\/page"}],"author":[{"embeddable":true,"href":"https:\/\/www.troywhisper.com\/fr\/troy-whisper-medium-et-voyageur-psychic-and-traveler\/wp-json\/wp\/v2\/users\/2"}],"replies":[{"embeddable":true,"href":"https:\/\/www.troywhisper.com\/fr\/troy-whisper-medium-et-voyageur-psychic-and-traveler\/wp-json\/wp\/v2\/comments?post=1802"}],"version-history":[{"count":5,"href":"https:\/\/www.troywhisper.com\/fr\/troy-whisper-medium-et-voyageur-psychic-and-traveler\/wp-json\/wp\/v2\/pages\/1802\/revisions"}],"predecessor-version":[{"id":1813,"href":"https:\/\/www.troywhisper.com\/fr\/troy-whisper-medium-et-voyageur-psychic-and-traveler\/wp-json\/wp\/v2\/pages\/1802\/revisions\/1813"}],"wp:attachment":[{"href":"https:\/\/www.troywhisper.com\/fr\/troy-whisper-medium-et-voyageur-psychic-and-traveler\/wp-json\/wp\/v2\/media?parent=1802"}],"curies":[{"name":"wp","href":"https:\/\/api.w.org\/{rel}","templated":true}]}}