{"id":1765,"date":"2020-09-06T01:32:57","date_gmt":"2020-09-05T23:32:57","guid":{"rendered":"http:\/\/www.troywhisper.com\/fr\/troy-whisper-medium-et-voyageur-psychic-and-traveler\/?page_id=1765"},"modified":"2020-09-06T01:56:28","modified_gmt":"2020-09-05T23:56:28","slug":"las-luchas-a-dar","status":"publish","type":"page","link":"https:\/\/www.troywhisper.com\/fr\/troy-whisper-medium-et-voyageur-psychic-and-traveler\/es\/las-luchas-a-dar\/","title":{"rendered":"Las luchas a dar"},"content":{"rendered":"\n<h2>El planeta y el ecosistema<\/h2>\n\n\n\n<figure class=\"wp-block-image size-large\"><img loading=\"lazy\" width=\"948\" height=\"732\" src=\"http:\/\/www.troywhisper.com\/wp-content\/uploads\/2020\/07\/combats.jpg\" alt=\"\" class=\"wp-image-634\" srcset=\"https:\/\/www.troywhisper.com\/wp-content\/uploads\/2020\/07\/combats.jpg 948w, https:\/\/www.troywhisper.com\/wp-content\/uploads\/2020\/07\/combats-300x232.jpg 300w, https:\/\/www.troywhisper.com\/wp-content\/uploads\/2020\/07\/combats-768x593.jpg 768w\" sizes=\"(max-width: 948px) 100vw, 948px\" \/><\/figure>\n\n\n\n<p>Hay mucho que decir sobre nuestro maravilloso planeta, que nos acoge desde hace miles de a\u00f1os. Primero que nada, presentemos a la Tierra !<\/p>\n\n\n\n<p>La Tierra es <strong>el tercer planeta de nuestro sistema solar. Su superficie es de 510 millones de kil\u00f3metros cuadrados, su volumen es de 1083 kil\u00f3metros c\u00fabicos.<\/strong> Su edad: 4,6 mil millones de a\u00f1os. Es un planeta que est\u00e1 ocupado en sus tres cuartas partes por mares y oc\u00e9anos distribuidos en varios continentes, que constituyen la parte visible emergente. El todo depende de placas oce\u00e1nicas en correspondencia.<\/p>\n\n\n\n<p>La tierra posee su barrera natural propia, la ion\u00f3sfera. Es activa especialmente en cuanto a resistir las manifestaciones del espacio y muy particularmente, las erupciones solares.<br><br><strong>El planeta azul lucha actualmente por su supervivencia .<\/strong><\/p>\n\n\n\n<p>La contaminaci\u00f3n creada por el ser humano, la destrucci\u00f3n <strong>de los ecosistemas, el maltrato a las especies y la destrucci\u00f3n de sus h\u00e1bitats<\/strong> <strong>naturales, la sobreproducci\u00f3n, la utilizaci\u00f3n masiva de pesticidas y productos qu\u00edmicos, la sobreexplotaci\u00f3n pesquera (que ha desembocado en la desertificaci\u00f3n de los oc\u00e9anos, y que ya es irreversible para una buena cantidad de especies), nos condenan a corto plazo<\/strong>. El reloj avanza, y pareciera conducir a la humanidad hacia un final programado e ineludible, dando la raz\u00f3n a los m\u00e1s alarmistas y pesimistas&#8230;<\/p>\n\n\n\n<div class=\"wp-block-image\"><figure class=\"alignleft size-large is-resized\"><img loading=\"lazy\" src=\"http:\/\/www.troywhisper.com\/wp-content\/uploads\/2020\/07\/combats2-1.jpg\" alt=\"\" class=\"wp-image-639\" width=\"391\" height=\"299\" srcset=\"https:\/\/www.troywhisper.com\/wp-content\/uploads\/2020\/07\/combats2-1.jpg 564w, https:\/\/www.troywhisper.com\/wp-content\/uploads\/2020\/07\/combats2-1-300x230.jpg 300w\" sizes=\"(max-width: 391px) 100vw, 391px\" \/><\/figure><\/div>\n\n\n\n<p class=\"textchalk\">A pesar de todo, son numerosos los que se levantan, intentando ayudar. &nbsp;Son los creadores, los investigadores, los empleados y voluntarios-en nombre-de las grandes fundaciones privadas y de asociaciones a trav\u00e9s del &nbsp;mundo. Dedicados a la sola preservaci\u00f3n de la fauna, de la flora y del ecosistema.<\/p>\n\n\n\n<h3 class=\"textchalk\">El ecosistema en general<\/h3>\n\n\n\n<h3 class=\"textchalk\">\u00bfCu\u00e1l es su relaci\u00f3n con un m\u00e9dium? Pues bien, \u00a1Todo, absolutamente todo !<\/h3>\n\n\n\n<p><strong>\u00a1Una relaci\u00f3n directa! \u00bfPorqu\u00e9?<\/strong><br>A un m\u00e9dium el tema le concierne a\u00fan m\u00e1s, porque siente todo en forma exponencial, ya que por definici\u00f3n es un ser h\u00edpersensible que no se relaja ni retoma fuerzas sino a trav\u00e9s de la naturaleza y las fuerzas te\u00f3ricas que de ella emanan, para luego efectuar un trabajo cotidiano de introspecci\u00f3n personal.<\/p>\n\n\n\n<figure class=\"wp-block-image size-large\"><img loading=\"lazy\" width=\"588\" height=\"417\" src=\"http:\/\/www.troywhisper.com\/wp-content\/uploads\/2020\/07\/combats3.jpg\" alt=\"\" class=\"wp-image-645\" srcset=\"https:\/\/www.troywhisper.com\/wp-content\/uploads\/2020\/07\/combats3.jpg 588w, https:\/\/www.troywhisper.com\/wp-content\/uploads\/2020\/07\/combats3-300x213.jpg 300w\" sizes=\"(max-width: 588px) 100vw, 588px\" \/><\/figure>\n\n\n\n<blockquote class=\"wp-block-quote\"><p>\u00ab Necesariamente espiritual, ya que es un ni\u00f1o de las estrellas\u2026 su cabeza es aspirada por el cielo, y sus pies est\u00e1n enraizados en la tierra. \u00bb<\/p><\/blockquote>\n\n\n\n<p>El estado de mediumnidad consiste tambi\u00e9n en <strong>sentir y experimentar lo que te rodea, y hacerlo parte integrante. <\/strong>Como les expliqu\u00e9 en las secciones m\u00e9dica y cient\u00edfica, un ser humano est\u00e1 ligado a la tierra, y no puede <\/p>\n\n\n\n<p>esperar a vivir sin ella. Est\u00e1 biol\u00f3gicamente creado para captar y retransmitir v\u00eda su cerebro. <strong>Para concluir, debe entonces coexistir en forma pac\u00edfica con los reinos animales, vegetales y minerales, de los cuales depende, y tiene por misi\u00f3n protegerlos.<\/strong> El destino de cada uno de nosotros es totalmente interdependiente de las elecciones y del destino de los dem\u00e1s. Todo est\u00e1 conectado en su totalidad. \u00a1El azar es una broma pesada en una pel\u00edcula muy mala!<\/p>\n\n\n\n<blockquote class=\"wp-block-quote\"><p>\u00ab Ning\u00fan pueblo podr\u00e1 conocer un estado \u00ab pasajero \u00bb de felicidad sumergiendo al resto de la humanidad en la angustia y en la aflicci\u00f3n. \u00bb<\/p><\/blockquote>\n\n\n\n<p><\/p>\n","protected":false},"excerpt":{"rendered":"<p>El planeta y el ecosistema Hay mucho que decir sobre nuestro maravilloso planeta, que nos acoge desde hace miles de a\u00f1os. Primero que nada, presentemos a la Tierra ! La Tierra es el tercer planeta de nuestro sistema solar. Su superficie es de 510 millones de kil\u00f3metros cuadrados, su volumen es de 1083 kil\u00f3metros c\u00fabicos. [&hellip;]<\/p>\n","protected":false},"author":2,"featured_media":0,"parent":0,"menu_order":0,"comment_status":"closed","ping_status":"closed","template":"","meta":[],"_links":{"self":[{"href":"https:\/\/www.troywhisper.com\/fr\/troy-whisper-medium-et-voyageur-psychic-and-traveler\/wp-json\/wp\/v2\/pages\/1765"}],"collection":[{"href":"https:\/\/www.troywhisper.com\/fr\/troy-whisper-medium-et-voyageur-psychic-and-traveler\/wp-json\/wp\/v2\/pages"}],"about":[{"href":"https:\/\/www.troywhisper.com\/fr\/troy-whisper-medium-et-voyageur-psychic-and-traveler\/wp-json\/wp\/v2\/types\/page"}],"author":[{"embeddable":true,"href":"https:\/\/www.troywhisper.com\/fr\/troy-whisper-medium-et-voyageur-psychic-and-traveler\/wp-json\/wp\/v2\/users\/2"}],"replies":[{"embeddable":true,"href":"https:\/\/www.troywhisper.com\/fr\/troy-whisper-medium-et-voyageur-psychic-and-traveler\/wp-json\/wp\/v2\/comments?post=1765"}],"version-history":[{"count":2,"href":"https:\/\/www.troywhisper.com\/fr\/troy-whisper-medium-et-voyageur-psychic-and-traveler\/wp-json\/wp\/v2\/pages\/1765\/revisions"}],"predecessor-version":[{"id":1791,"href":"https:\/\/www.troywhisper.com\/fr\/troy-whisper-medium-et-voyageur-psychic-and-traveler\/wp-json\/wp\/v2\/pages\/1765\/revisions\/1791"}],"wp:attachment":[{"href":"https:\/\/www.troywhisper.com\/fr\/troy-whisper-medium-et-voyageur-psychic-and-traveler\/wp-json\/wp\/v2\/media?parent=1765"}],"curies":[{"name":"wp","href":"https:\/\/api.w.org\/{rel}","templated":true}]}}