{"id":1752,"date":"2020-09-06T01:25:31","date_gmt":"2020-09-05T23:25:31","guid":{"rendered":"http:\/\/www.troywhisper.com\/fr\/troy-whisper-medium-et-voyageur-psychic-and-traveler\/?page_id=1752"},"modified":"2020-09-06T01:30:51","modified_gmt":"2020-09-05T23:30:51","slug":"proceso-de-comunicacion","status":"publish","type":"page","link":"https:\/\/www.troywhisper.com\/fr\/troy-whisper-medium-et-voyageur-psychic-and-traveler\/es\/proceso-de-comunicacion\/","title":{"rendered":"Proceso de comunicaci\u00f3n"},"content":{"rendered":"\n<h2>Proceso de comunicaci\u00f3n<\/h2>\n\n\n\n<p>Como lo hemos visto anteriormente, el medio de acceso a las informaciones que posee un m\u00e9dium pasa por un concepto biol\u00f3gico particular de una de las zonas de su cerebro.<\/p>\n\n\n\n<p class=\"textchalk\"><strong>El practicante recibe entonces sus informaciones v\u00eda la ep\u00edfisis neural. El conjunto de las zonas encef\u00e1licas seguidamente van a decodificar esta informaci\u00f3n y luego la repartir\u00e1n (en forma visual o auditiva)<\/strong>, con el apoyo del c\u00f3rtex frontal. Este \u00faltimo es objeto actualmente de una gran cantidad de investigaciones.<\/p>\n","protected":false},"excerpt":{"rendered":"<p>Proceso de comunicaci\u00f3n Como lo hemos visto anteriormente, el medio de acceso a las informaciones que posee un m\u00e9dium pasa por un concepto biol\u00f3gico particular de una de las zonas de su cerebro. El practicante recibe entonces sus informaciones v\u00eda la ep\u00edfisis neural. El conjunto de las zonas encef\u00e1licas seguidamente van a decodificar esta informaci\u00f3n [&hellip;]<\/p>\n","protected":false},"author":2,"featured_media":0,"parent":0,"menu_order":0,"comment_status":"closed","ping_status":"closed","template":"","meta":[],"_links":{"self":[{"href":"https:\/\/www.troywhisper.com\/fr\/troy-whisper-medium-et-voyageur-psychic-and-traveler\/wp-json\/wp\/v2\/pages\/1752"}],"collection":[{"href":"https:\/\/www.troywhisper.com\/fr\/troy-whisper-medium-et-voyageur-psychic-and-traveler\/wp-json\/wp\/v2\/pages"}],"about":[{"href":"https:\/\/www.troywhisper.com\/fr\/troy-whisper-medium-et-voyageur-psychic-and-traveler\/wp-json\/wp\/v2\/types\/page"}],"author":[{"embeddable":true,"href":"https:\/\/www.troywhisper.com\/fr\/troy-whisper-medium-et-voyageur-psychic-and-traveler\/wp-json\/wp\/v2\/users\/2"}],"replies":[{"embeddable":true,"href":"https:\/\/www.troywhisper.com\/fr\/troy-whisper-medium-et-voyageur-psychic-and-traveler\/wp-json\/wp\/v2\/comments?post=1752"}],"version-history":[{"count":3,"href":"https:\/\/www.troywhisper.com\/fr\/troy-whisper-medium-et-voyageur-psychic-and-traveler\/wp-json\/wp\/v2\/pages\/1752\/revisions"}],"predecessor-version":[{"id":1761,"href":"https:\/\/www.troywhisper.com\/fr\/troy-whisper-medium-et-voyageur-psychic-and-traveler\/wp-json\/wp\/v2\/pages\/1752\/revisions\/1761"}],"wp:attachment":[{"href":"https:\/\/www.troywhisper.com\/fr\/troy-whisper-medium-et-voyageur-psychic-and-traveler\/wp-json\/wp\/v2\/media?parent=1752"}],"curies":[{"name":"wp","href":"https:\/\/api.w.org\/{rel}","templated":true}]}}