{"id":1700,"date":"2020-09-06T00:36:04","date_gmt":"2020-09-05T22:36:04","guid":{"rendered":"http:\/\/www.troywhisper.com\/fr\/troy-whisper-medium-et-voyageur-psychic-and-traveler\/?page_id=1700"},"modified":"2020-09-06T01:31:11","modified_gmt":"2020-09-05T23:31:11","slug":"la-neurociencia-y-el-cerebro","status":"publish","type":"page","link":"https:\/\/www.troywhisper.com\/fr\/troy-whisper-medium-et-voyageur-psychic-and-traveler\/es\/la-neurociencia-y-el-cerebro\/","title":{"rendered":"La neurociencia y el cerebro"},"content":{"rendered":"\n<h2>Anatom\u00eda cerebral<\/h2>\n\n\n\n<h3><strong>Constituci\u00f3n biol\u00f3gica cerebral<\/strong><\/h3>\n\n\n\n<p>El cerebro humano es un conjunto de estructuras ordenadas en<strong> 5 niveles.<\/strong><\/p>\n\n\n\n<figure class=\"wp-block-image\"><img src=\"http:\/\/www.troywhisper.com\/wp-content\/uploads\/2020\/07\/cerveau-1024x576.jpg\" alt=\"L\u2019attribut alt de cette image est vide, son nom de fichier est cerveau-1024x576.jpg.\"\/><\/figure>\n\n\n\n<h4><strong>1er nivel<\/strong><\/h4>\n\n\n\n<p>El cerebro reptiliano, que s\u00f3lo tiene el nombre de tal, es una estructura cerebral que prolonga la m\u00e9dula espinal hasta llegar a sumergirse en la parte central del cerebro. Es \u00e9ste el centro de vigilancia y de la toma de consciencia del d\u00eda y de la noche. Est\u00e1 compuesto en su centro y al medio por una materia gris, que encontramos en la parte alta del cerebro, lo que llamamos la funci\u00f3n de vigilia activa y no activa. En esta materia se ha encontrado un c\u00famulo de neuronas, que son las neuronas de la ritmicidad del cerebro.Es aqu\u00ed donde se comanda el ritmo<\/p>\n\n\n\n<p>cerebral. Encontramos luego la m\u00e9dula oblonga, el puente y luego la parte alta del tallo cerebral. Es en este lugar donde se comandan todos los centros de comando de todos los \u00f3rganos del cuerpo desde la distancia. En esta zona precisa encontramos el centro de la respiraci\u00f3n, que dispone de un doble comando respiratorio a un 80% inconsciente. Los animales no cuentan con esta posibilidad. Justo al lado existe otro centro responsable del ritmo card\u00edaco. \u00c9l le ordenar\u00e1 al coraz\u00f3n detener su funcionamiento 4 cent\u00e9simos de milisegundos antes, mediante su rel\u00e9 nodal en el coraz\u00f3n en caso de destrucci\u00f3n del miocardio, cuando ocurre sobre todo un infarto invasivo.<\/p>\n\n\n\n<h4><strong>2o nivel :<\/strong><\/h4>\n\n\n\n<p>En este lugar tenemos la producci\u00f3n de dopamina; una <strong>neuro-hormona<\/strong>, producida por la substancia negra. Las neuronas que sintetizan y liberan dopamina son de color negruzco. Esta dopamina posee una fuerte incidencia cerebral. Act\u00faa sobre el sentido del equilibrio del cuerpo. Cuando hay carencia de ella ocasiona una par\u00e1lisis agitante, que se llama la enfermedad de Parkinson.<\/p>\n\n\n\n<h4><strong>3er nivel :<\/strong><\/h4>\n\n\n\n<p>El c\u00f3rtex inferior del cerebro <strong>con sus dos hemisferios y modos de operar completamente diferentes. <\/strong>\u00a1\u00a1\u00a1El mito de los dos cerebros, derecho e izquierdo es falso!!! Al medio de estas dos partes se sit\u00faa <strong>la ep\u00edfisis neural<\/strong>. &nbsp;El hemisferio izquierdo funciona por linealidad y por frecuencia y maneja la informaci\u00f3n de manera totalmente diferente, formalizando la informaci\u00f3n. El derecho funciona de forma an\u00e1rquica y no lineal. Y mantiene la no forma.<\/p>\n\n\n\n<figure class=\"wp-block-image size-large\"><img loading=\"lazy\" width=\"1024\" height=\"629\" src=\"http:\/\/www.troywhisper.com\/wp-content\/uploads\/2020\/07\/cerveau02-1024x629.jpg\" alt=\"\" class=\"wp-image-650\" srcset=\"https:\/\/www.troywhisper.com\/wp-content\/uploads\/2020\/07\/cerveau02-1024x629.jpg 1024w, https:\/\/www.troywhisper.com\/wp-content\/uploads\/2020\/07\/cerveau02-300x184.jpg 300w, https:\/\/www.troywhisper.com\/wp-content\/uploads\/2020\/07\/cerveau02-768x472.jpg 768w, https:\/\/www.troywhisper.com\/wp-content\/uploads\/2020\/07\/cerveau02.jpg 1089w\" sizes=\"(max-width: 1024px) 100vw, 1024px\" \/><figcaption>Enfoque sobre las neuronas, cuya cantidad es de 100 mil millones en el caso del ser humano.&nbsp;<\/figcaption><\/figure>\n\n\n\n<h4><strong><strong>4\u00ba nivel<\/strong> :<\/strong> <strong>Las zonas l\u00edmbicas.<\/strong><\/h4>\n\n\n\n<p>El sistema l\u00edmbico no s\u00f3lo est\u00e1 involucrado en las emociones, sino tambi\u00e9n en..:<br>-\u2026aprendiendo la memoria.<br>-olviendo<br>-control del sistema endocrino que participa en la liberaci\u00f3n de hormonas<br>-comportamiento alimentario y apetito<br>-el sistema nervioso aut\u00f3nomo que controla las funciones respiratorias, digestivas y cardiovasculares.<\/p>\n\n\n\n<h3 class=\"textchalk\"><strong>Anatom\u00eda del sistema l\u00edmbico<\/strong><\/h3>\n\n\n\n<p>El sistema l\u00edmbico est\u00e1 formado por varios n\u00facleos situados bajo la corteza (estructuras subcorticales) y cerca del t\u00e1lamo:<br>El hipocampo, que tiene un papel en el aprendizaje y el almacenamiento de informaci\u00f3n en la memoria a largo plazo.<\/p>\n\n\n\n<p><strong>-La am\u00edgdala<\/strong> toma su significado en la agresi\u00f3n, la ira, el miedo, la ansiedad y la memoria emocional. Burdach (1776-1847) acu\u00f1\u00f3 el t\u00e9rmino am\u00edgdala. Cuando se estimula el\u00e9ctricamente, los animales reaccionan agresivamente. Y si se quita la am\u00edgdala, los animales se vuelven muy mansos y ya no responden a las cosas que antes habr\u00edan causado la rabia.<\/p>\n\n\n\n<p><strong>-El fornix.<\/strong><\/p>\n\n\n\n<p><strong>-Corteza l\u00edmbica<\/strong>: (giro cingular, c\u00edngulo, \u00ednsula y giro para hipocampo): papel en el control consciente del comportamiento.<br>-El tabique. Uno de los primeros papeles funcionales asociados al tabique fue la participaci\u00f3n en el circuito de recompensa (o refuerzo). Los n\u00facleos septales han intervenido en varias otras funciones, como el comportamiento social y la expresi\u00f3n del miedo, y las anomal\u00edas de la funci\u00f3n septal se han vinculado a diversas afecciones que van desde la depresi\u00f3n hasta la esquizofrenia.<\/p>\n\n\n\n<p><strong>-El hipot\u00e1lamo.<\/strong> Es una parte vital del sistema l\u00edmbico. Es responsable de la producci\u00f3n de m\u00faltiples mensajeros qu\u00edmicos, llamados hormonas. Estas hormonas controlan los niveles de agua en el cuerpo, los ciclos de sue\u00f1o, la temperatura corporal y la ingesta de alimentos. El hipot\u00e1lamo est\u00e1 situado debajo del t\u00e1lamo.<\/p>\n\n\n\n<p><strong>-Cuerpos mamarios<\/strong><\/p>\n\n\n\n<p><strong>-El giro cingulado <\/strong>sirve como canal para la transmisi\u00f3n de mensajes entre las partes internas y externas <strong>del sistema l\u00edmbico.<\/strong><\/p>\n\n\n\n<p><strong>-N\u00facleo interno del t\u00e1lamo.<\/strong><\/p>\n\n\n\n<p><span class=\"textchalk_blue\"><strong>-La ep\u00edfisis.<\/strong><\/span><\/p>\n\n\n\n<h4><strong><strong>El 5\u00ba nivel<\/strong> :<\/strong><\/h4>\n\n\n\n<p class=\"textchalk\"><strong>El c\u00f3rtex prefrontal<\/strong><\/p>\n\n\n\n<figure class=\"wp-block-image size-large\"><img loading=\"lazy\" width=\"696\" height=\"714\" src=\"http:\/\/www.troywhisper.com\/wp-content\/uploads\/2020\/09\/cerveau2.jpg\" alt=\"\" class=\"wp-image-1417\" srcset=\"https:\/\/www.troywhisper.com\/wp-content\/uploads\/2020\/09\/cerveau2.jpg 696w, https:\/\/www.troywhisper.com\/wp-content\/uploads\/2020\/09\/cerveau2-292x300.jpg 292w\" sizes=\"(max-width: 696px) 100vw, 696px\" \/><\/figure>\n\n\n\n<p>El c\u00f3rtex prefrontal, que alberga 30 mil millones de neuronas. Est\u00e1 ubicado detr\u00e1s de la frente. Se lo ha confundido con el l\u00f3bulo frontal, del cual est\u00e1 separado. <strong>Este \u00faltimoest\u00e1 separado en tres partes : inferior ; mediana y superior.<\/strong><\/p>\n\n\n\n<p>El ser humano es el \u00fanico ser vivo que posee un l\u00f3bulo frontal. Es el director de orquesta de todas las zonas del cerebro desde lo alto hacia abajo. El primate tambi\u00e9n posee una protuberancia sub-orbital.<\/p>\n\n\n\n<p><strong>Entre el quinceavo y d\u00e9cimo octavo d\u00eda de la concepci\u00f3n, las c\u00e9lulas madre dan origen a las c\u00e9lulas gliales y posteriormente a las neuronas<\/strong>. El c\u00f3rtex prefrontal se demora 30 a\u00f1os en terminar su desarrollo. Al finalizar el 5\u00ba mes de embarazo, el cerebro est\u00e1 totalmente terminado.<\/p>\n\n\n\n<h2>La ep\u00edfisis neural o gl\u00e1ndula pineal<\/h2>\n\n\n\n<p>Situada en el centro del cerebro en forma de cono de pino, de 8 mm, constituida de cristales de apatito: <strong>El Doctor y psiquiatra Sergio Felipe de Oliveira, de<\/strong> <strong>la Universidad de Sao Paulo, Brasil, y M\u00e1ster en Ciencias, puso en evidencia sus funciones y su composici\u00f3n. <\/strong>Es conocido especialmente por sus trabajos sobre la teor\u00eda de los campos de ADN humano. Teniendo en cuenta su formaci\u00f3n en gen\u00e9tica del coraz\u00f3n, el profesor deduce que los genes no sabr\u00edan funcionar sin que la mente indujera su funcionamiento: <strong>la embriog\u00e9nesis.<\/strong><\/p>\n\n\n\n<figure class=\"wp-block-image size-large\"><img loading=\"lazy\" width=\"678\" height=\"480\" src=\"http:\/\/www.troywhisper.com\/wp-content\/uploads\/2020\/07\/cerveau05.jpg\" alt=\"\" class=\"wp-image-843\" srcset=\"https:\/\/www.troywhisper.com\/wp-content\/uploads\/2020\/07\/cerveau05.jpg 678w, https:\/\/www.troywhisper.com\/wp-content\/uploads\/2020\/07\/cerveau05-300x212.jpg 300w\" sizes=\"(max-width: 678px) 100vw, 678px\" \/><\/figure>\n\n\n\n<p><strong>La ep\u00edfisis <\/strong>es una peque\u00f1a gl\u00e1ndula endocrina responsable, entre otras cosas, de los ritmos circadianos y de la implementaci\u00f3n de la sexualidad. La gl\u00e1ndula pineal, entonces, capta las ondas del &nbsp;espectro electro-magn\u00e9tico. Luego, el l\u00f3bulo frontal procede a la decodificaci\u00f3n, con el apoyo de las zonas encef\u00e1licas.<\/p>\n\n\n\n<p><strong>John P. Rose de la Universidad<\/strong> <strong>de Oxford <\/strong>afirma que el ser humano es biol\u00f3gico, psicol\u00f3gico y espiritual.<\/p>\n\n\n\n<p><strong>Sergio Felipe de Oliveira,<\/strong> <strong>neuro-psiquiatra <\/strong>en la Universidad de Sao-Paulo descubri\u00f3 los cristales de apatito, (presentes en estado natural en la naturaleza). Est\u00e1n compuestos de Fosfato, fl\u00faor y cloro. Mediante la difracci\u00f3n con rayos X, descubri\u00f3 que el apatito no se calcificaba, sino que daba lugar a la formaci\u00f3n de estructuras organizadas. Se utilizaron tanto la tomograf\u00eda computarizada como la resonancia magn\u00e9tica. Puso en evidencia una micro circulaci\u00f3n sangu\u00ednea que mantiene los cristales <strong>metab\u00f3licamente activos y vivos<\/strong>&#8230;<\/p>\n\n\n\n<p>Le proporciona a la gl\u00e1ndula una estructura parecida a una caja de resonancia.<\/p>\n\n\n\n<figure class=\"wp-block-image size-large\"><img loading=\"lazy\" width=\"678\" height=\"573\" src=\"http:\/\/www.troywhisper.com\/wp-content\/uploads\/2020\/07\/cerveau04.jpg\" alt=\"\" class=\"wp-image-654\" srcset=\"https:\/\/www.troywhisper.com\/wp-content\/uploads\/2020\/07\/cerveau04.jpg 678w, https:\/\/www.troywhisper.com\/wp-content\/uploads\/2020\/07\/cerveau04-300x254.jpg 300w\" sizes=\"(max-width: 678px) 100vw, 678px\" \/><\/figure>\n\n\n\n<p>El apatito est\u00e1 compuesto de numerosos electrones en su superficie y <strong>repele<\/strong> <strong>el campo magn\u00e9tico<\/strong>; Cuando un campo se aproxima toca los cristales y rebota sobre otro y despu\u00e9s queda aprisionado.<\/p>\n\n\n\n<p>Mientras m\u00e1s numerosos sean los cristales, m\u00e1s la persona podr\u00e1 captar los campos. Los m\u00e9diums tendr\u00edan una cantidad mayor a lo normal. La cantidad es una caracter\u00edstica biol\u00f3gica y nadie puede ni aumentarlos ni disminuirlos. Tal como ocurre con el color de los ojos, por ejemplo&#8230;<\/p>\n\n\n\n<p>La gl\u00e1ndula pineal es una receptora formidable, y las otras zonas del cerebro decodifican luego, como el c\u00f3rtex frontal.. <strong>Sin esta interacci\u00f3n, esto ser\u00eda imposible. &nbsp;<\/strong>Los animales y especialmente los cet\u00e1ceos que tienen esta gl\u00e1ndula no tienen esta posibilidad. La gl\u00e1ndula pineal es alcanzada por la luz a trav\u00e9s de la retina de los ojos.<\/p>\n\n\n\n<p><strong>Intox :<\/strong><\/p>\n\n\n\n<p>A prop\u00f3sito del pensamiento positivo, esto es un enga\u00f1o, ya que s\u00f3lo un 5% remonta a la consciencia. Un 25% es subconsciente (descubrimiento realizado a partir de un estudio sobre el sue\u00f1o efectuado en los Estados Unidos.) Es el conjunto del cerebro el que funciona y que trata las informaciones, no una parte. Sin embargo, el 70% de la actividad mental es inconsciente.<\/p>\n\n\n\n<h2>Proceso de comunicaci\u00f3n<\/h2>\n\n\n\n<p>Como lo hemos visto anteriormente, el medio de acceso a las informaciones que posee un m\u00e9dium pasa por un concepto biol\u00f3gico particular de una de las zonas de su cerebro.<\/p>\n\n\n\n<p class=\"textchalk\"><strong>El practicante recibe entonces sus informaciones v\u00eda la ep\u00edfisis neural. El conjunto de las zonas encef\u00e1licas seguidamente van a decodificar esta informaci\u00f3n y luego la repartir\u00e1n (en forma visual o auditiva)<\/strong>, con el apoyo del c\u00f3rtex frontal. Este \u00faltimo es objeto actualmente de una gran cantidad de investigaciones.<\/p>\n","protected":false},"excerpt":{"rendered":"<p>Anatom\u00eda cerebral Constituci\u00f3n biol\u00f3gica cerebral El cerebro humano es un conjunto de estructuras ordenadas en 5 niveles. 1er nivel El cerebro reptiliano, que s\u00f3lo tiene el nombre de tal, es una estructura cerebral que prolonga la m\u00e9dula espinal hasta llegar a sumergirse en la parte central del cerebro. Es \u00e9ste el centro de vigilancia y [&hellip;]<\/p>\n","protected":false},"author":2,"featured_media":0,"parent":0,"menu_order":0,"comment_status":"closed","ping_status":"closed","template":"","meta":[],"_links":{"self":[{"href":"https:\/\/www.troywhisper.com\/fr\/troy-whisper-medium-et-voyageur-psychic-and-traveler\/wp-json\/wp\/v2\/pages\/1700"}],"collection":[{"href":"https:\/\/www.troywhisper.com\/fr\/troy-whisper-medium-et-voyageur-psychic-and-traveler\/wp-json\/wp\/v2\/pages"}],"about":[{"href":"https:\/\/www.troywhisper.com\/fr\/troy-whisper-medium-et-voyageur-psychic-and-traveler\/wp-json\/wp\/v2\/types\/page"}],"author":[{"embeddable":true,"href":"https:\/\/www.troywhisper.com\/fr\/troy-whisper-medium-et-voyageur-psychic-and-traveler\/wp-json\/wp\/v2\/users\/2"}],"replies":[{"embeddable":true,"href":"https:\/\/www.troywhisper.com\/fr\/troy-whisper-medium-et-voyageur-psychic-and-traveler\/wp-json\/wp\/v2\/comments?post=1700"}],"version-history":[{"count":5,"href":"https:\/\/www.troywhisper.com\/fr\/troy-whisper-medium-et-voyageur-psychic-and-traveler\/wp-json\/wp\/v2\/pages\/1700\/revisions"}],"predecessor-version":[{"id":1762,"href":"https:\/\/www.troywhisper.com\/fr\/troy-whisper-medium-et-voyageur-psychic-and-traveler\/wp-json\/wp\/v2\/pages\/1700\/revisions\/1762"}],"wp:attachment":[{"href":"https:\/\/www.troywhisper.com\/fr\/troy-whisper-medium-et-voyageur-psychic-and-traveler\/wp-json\/wp\/v2\/media?parent=1700"}],"curies":[{"name":"wp","href":"https:\/\/api.w.org\/{rel}","templated":true}]}}