{"id":1693,"date":"2020-09-06T00:26:23","date_gmt":"2020-09-05T22:26:23","guid":{"rendered":"http:\/\/www.troywhisper.com\/fr\/troy-whisper-medium-et-voyageur-psychic-and-traveler\/?page_id=1693"},"modified":"2020-09-06T00:31:11","modified_gmt":"2020-09-05T22:31:11","slug":"la-fisica-cuantica","status":"publish","type":"page","link":"https:\/\/www.troywhisper.com\/fr\/troy-whisper-medium-et-voyageur-psychic-and-traveler\/es\/la-fisica-cuantica\/","title":{"rendered":"La f\u00edsica cu\u00e1ntica"},"content":{"rendered":"\n<h2>La f\u00edsica cu\u00e1ntica, un nuevo enfoque<\/h2>\n\n\n\n<figure class=\"wp-block-image\"><img src=\"http:\/\/www.troywhisper.com\/wp-content\/uploads\/2020\/07\/decouverte03.jpg\" alt=\"L\u2019attribut alt de cette image est vide, son nom de fichier est decouverte03.jpg.\"\/><\/figure>\n\n\n\n<h3 class=\"textchalk\">Pero, \u00bfA qu\u00e9 cosa se conectar\u00eda el m\u00e9dium ? \u00bfA qu\u00e9 universo? \u00bfDe d\u00f3nde obtendr\u00eda todas estas informaciones?<\/h3>\n\n\n\n<p>Despu\u00e9s de <strong>Isaac Newton<\/strong> y la f\u00edsica cl\u00e1sica, <strong>Albert Einstein<\/strong> aporta con sus trabajos elementos de respuesta. \u00abUn universo paralelo invisible, donde la escala de tiempo estar\u00eda deformada, pero perfectamente capaz de ser consultado.\u00bb<br>\u00bfSer\u00eda esto lo que los indios denominaban el \u201cakasha\u201d ?<\/p>\n\n\n\n<p>En el universo cu\u00e1ntico se descubre que no hay nada determinado, y que la consciencia del observador es una fuerza activa. Es imposible, por ejemplo, conocer simult\u00e1neamente la posici\u00f3n y la velocidad de las part\u00edculas elementales: es el <strong>principio de la indeterminaci\u00f3n, o<\/strong> <strong>cu\u00e1ntico de HEISENBERG, que se contrapone a las leyes de la F\u00edsica Newtoniana. <\/strong>Una part\u00edcula, de la cual se conoce con precisi\u00f3n la velocidad se encuentra en todas partes simult\u00e1neamente.<\/p>\n\n\n\n<figure class=\"wp-block-image\"><img src=\"http:\/\/www.troywhisper.com\/wp-content\/uploads\/2020\/07\/decouverte02.jpg\" alt=\"L\u2019attribut alt de cette image est vide, son nom de fichier est decouverte02.jpg.\"\/><\/figure>\n\n\n\n<p><strong>La no separabilidad <\/strong>plantea entonces el problema de la transmisi\u00f3n de la informaci\u00f3n en el mundo f\u00edsico: el caso de las dos part\u00edculas separadas: dos part\u00edculas gemelas ubicadas a cierta distancia la una de la otra, y que localizamos a kil\u00f3metros pareciera poseer la capacidad de transmitirse informaci\u00f3n de manera instant\u00e1nea.<\/p>\n\n\n\n<p>Albert Einstein piensa entonces en una acci\u00f3n metaf\u00edsica a la distancia, <strong>esa es la paradoja de<\/strong> <strong>EPR, seg\u00fan el nombre de sus inventores: Einstein, Podolsky y Rosen.<\/strong><\/p>\n\n\n\n<p><strong>Las dos part\u00edculas forman un conjunto y est\u00e1n conectadas a trav\u00e9s de un sistema de informaci\u00f3n no local<\/strong> que les es proprio, y que no transita de una a otra; si no, ser\u00eda necesario que se desplazaran m\u00e1s r\u00e1pido que la luz: <\/p>\n\n\n\n<p><strong>\u00a1Ellas son INTRINCADAS!<\/strong><\/p>\n\n\n\n<p>Nace entonces una nueva representaci\u00f3n del mundo, la interconexi\u00f3n al nivel cu\u00e1ntico \u00ab<strong>todo est\u00e1 ligado, todo est\u00e1 intrincado. Es el principio de la gemelidad, o que el que ella est\u00e9 en el univer<\/strong><strong>so\u00bb. <\/strong>El mundoevoluciona en un universo de informaci\u00f3n &nbsp;independiente del espacio tiempo.<\/p>\n\n\n\n<p><strong>John ECCLES, neur\u00f3logo y<\/strong> <strong>Premio Nobel <\/strong>dijo que laconsciencia no est\u00e1 totalmente separada ni totalmente prisionera del cerebro, y cuestiona La resultante mec\u00e1nica.<\/p>\n\n\n\n<p><strong>El astrof\u00edsico Morvan SALEZ nos explica que la observaci\u00f3n o la voluntad de conocer no es algo pasivo, <\/strong>sino una verdadera acci\u00f3n; en el universo cu\u00e1ntico, todo no es m\u00e1s que probabilidad de observaci\u00f3n; la intenci\u00f3n de ver act\u00faa directamente sobre \u00e9l.<\/p>\n","protected":false},"excerpt":{"rendered":"<p>La f\u00edsica cu\u00e1ntica, un nuevo enfoque Pero, \u00bfA qu\u00e9 cosa se conectar\u00eda el m\u00e9dium ? \u00bfA qu\u00e9 universo? \u00bfDe d\u00f3nde obtendr\u00eda todas estas informaciones? Despu\u00e9s de Isaac Newton y la f\u00edsica cl\u00e1sica, Albert Einstein aporta con sus trabajos elementos de respuesta. \u00abUn universo paralelo invisible, donde la escala de tiempo estar\u00eda deformada, pero perfectamente capaz [&hellip;]<\/p>\n","protected":false},"author":2,"featured_media":0,"parent":0,"menu_order":0,"comment_status":"closed","ping_status":"closed","template":"","meta":[],"_links":{"self":[{"href":"https:\/\/www.troywhisper.com\/fr\/troy-whisper-medium-et-voyageur-psychic-and-traveler\/wp-json\/wp\/v2\/pages\/1693"}],"collection":[{"href":"https:\/\/www.troywhisper.com\/fr\/troy-whisper-medium-et-voyageur-psychic-and-traveler\/wp-json\/wp\/v2\/pages"}],"about":[{"href":"https:\/\/www.troywhisper.com\/fr\/troy-whisper-medium-et-voyageur-psychic-and-traveler\/wp-json\/wp\/v2\/types\/page"}],"author":[{"embeddable":true,"href":"https:\/\/www.troywhisper.com\/fr\/troy-whisper-medium-et-voyageur-psychic-and-traveler\/wp-json\/wp\/v2\/users\/2"}],"replies":[{"embeddable":true,"href":"https:\/\/www.troywhisper.com\/fr\/troy-whisper-medium-et-voyageur-psychic-and-traveler\/wp-json\/wp\/v2\/comments?post=1693"}],"version-history":[{"count":3,"href":"https:\/\/www.troywhisper.com\/fr\/troy-whisper-medium-et-voyageur-psychic-and-traveler\/wp-json\/wp\/v2\/pages\/1693\/revisions"}],"predecessor-version":[{"id":1696,"href":"https:\/\/www.troywhisper.com\/fr\/troy-whisper-medium-et-voyageur-psychic-and-traveler\/wp-json\/wp\/v2\/pages\/1693\/revisions\/1696"}],"wp:attachment":[{"href":"https:\/\/www.troywhisper.com\/fr\/troy-whisper-medium-et-voyageur-psychic-and-traveler\/wp-json\/wp\/v2\/media?parent=1693"}],"curies":[{"name":"wp","href":"https:\/\/api.w.org\/{rel}","templated":true}]}}