{"id":1613,"date":"2020-09-05T22:33:30","date_gmt":"2020-09-05T20:33:30","guid":{"rendered":"http:\/\/www.troywhisper.com\/fr\/troy-whisper-medium-et-voyageur-psychic-and-traveler\/?page_id=1613"},"modified":"2020-09-05T23:49:31","modified_gmt":"2020-09-05T21:49:31","slug":"comunicacion-extrasensoriales","status":"publish","type":"page","link":"https:\/\/www.troywhisper.com\/fr\/troy-whisper-medium-et-voyageur-psychic-and-traveler\/es\/comunicacion-extrasensoriales\/","title":{"rendered":"comunicaci\u00f3n extrasensoriales"},"content":{"rendered":"\n<h2>Mediumnidad y canales<\/h2>\n\n\n\n<p>La mediumnidad es un estado provisorio, que se manifiesta bajo ciertas condiciones y en diferentes estados: consciente o semi-consciente. <\/p>\n\n\n\n<p class=\"textchalk\">Quien la practica parece estar ausente y entra en un estado let\u00e1rgico, lo que llamaremos un estado de consciencia alterado. El m\u00e9dium se transforma entonces en un canal de recepci\u00f3n. En forma esquem\u00e1tica se podr\u00eda describir como una \u00a1Gran antena parab\u00f3lica! Luego se abren ante \u00e9l portales sobre planos vibratorios diferentes. Es all\u00ed donde se establece el contacto con consciencias o memorias que no est\u00e1n encarnadas en la materia tal y como nosotros la conocemos. <\/p>\n\n\n\n<p>Algunas personas hablan de difuntos, otros de gu\u00edas, de mensajeros, o incluso de los tres. El m\u00e9dium constituye un v\u00ednculo entre el aqu\u00ed y el m\u00e1s all\u00e1, es un emisor y receptor vivo. Es el testigo privilegiado y la prueba parlante de que el ser humano \u00a1Es algo m\u00e1s que un cuerpo biol\u00f3gico vivo en 3D !<\/p>\n\n\n\n<p>El m\u00e9dium no sabe nunca verdaderamente con qu\u00e9 est\u00e1 tratando o lo que capta, y es ah\u00ed donde empiezan los problemas. En ciertos lugares y en momentos inadecuados, la lectura puede transformarse en una pesadilla. Este estado no debe tomarse a la ligera y requiere de un trabajo tanto f\u00edsico como ps\u00edquico y mental permanente, para no desestabilizarse o ser invadido por par\u00e1sitos. <\/p>\n\n\n\n<p class=\"textchalk\">El m\u00e9dium es capaz de entregar informaciones muy precisas a la persona que viene a consultarlo. Es un \u00ab pasador de informaci\u00f3n\u00bb. Transmite, entonces, los mensajes. Es un intermediario entre nuestra dimensi\u00f3n y lo invisible. Normalmente, el m\u00e9dium no ejerce ninguna acci\u00f3n a t\u00edtulo individual en cuanto a la retransmisi\u00f3n de los mensajes entregados : \u00e9l los comunica sin ninguna interpretaci\u00f3n personal. <\/p>\n\n\n\n<p>Capta y describe; tambi\u00e9n comunica lo que percibe en el momento. Los mensajes llegan muy claramente, o a veces cortados o en cascada. Estos pueden o no ir acompa\u00f1ados de visiones. A veces el m\u00e9dium no ve nada, pero s\u00ed escucha muy n\u00edtidamente, y es esto lo que se denomina clariaudiencia. Todo pasa, sea como fuere, por el mismo lugar, y es una zona del cerebro \u2013 como veremos posteriormente \u2013 la que est\u00e1 directamente implicada en este fen\u00f3meno.<\/p>\n\n\n\n<h2>Aptitudes de clarividencia y clariaudiencia<\/h2>\n\n\n\n<p>\u00bfSer\u00eda, entonces, una zona del cerebro la que es biol\u00f3gicamente diferente? Estas aptitudes particulares, llamadas com\u00fanmente \u00abdones \u00bb ser\u00edan, entonces, predisposiciones particulares ligadas al individuo, o en forma m\u00e1s general, al reino humano? Las investigaciones sobre la ep\u00edfisis neural llevadas a cabo recientemente por el investigador, neuro-psiquiatra y M\u00e1ster en Ciencias, Profesor Felipe de Oliveira nos aportan elementos de respuesta clara, que demuestran una predisposici\u00f3n biol\u00f3gica indiscutiblemente establecida.<\/p>\n\n\n\n<p>Esta gl\u00e1ndula endocrina difiere en su constituci\u00f3n en los pacientes que presentan estas aptitudes cerebrales particulares, que est\u00e1n lejos de ser el fruto del azar o de un don &nbsp;&nbsp;adquirido, no se sabe de qu\u00e9 forma. <\/p>\n\n\n\n<p class=\"textchalk\">La ep\u00edfisis est\u00e1 concebida en forma diferente en cada individuo. Los fen\u00f3menos denominados de precognici\u00f3n son lejos los m\u00e1s interesantes. <\/p>\n\n\n\n<p>El clarividente, sumido en un estado de consciencia alterado, disminuye el umbral de sus ondas cerebrales y en ese momento el cerebro \u00ab desembraga \u00bb y est\u00e1 listo para recibir informaciones visuales o auditivas. El conjunto de las zonas encef\u00e1licas proceder\u00e1 a continuaci\u00f3n al descifrado de esta informaci\u00f3n. El practicante a cargo tendr\u00e1 entonces acceso a la biblioteca de informaci\u00f3n individual de quien consulta. As\u00ed empieza la sesi\u00f3n.<\/p>\n\n\n\n<p>John P. Rose, de la Universidad de Oxford declara que \u00ab el ser humano es biol\u00f3gico, psicol\u00f3gico y espiritual. \u00bb<\/p>\n\n\n\n<h2>La intuici\u00f3n<\/h2>\n\n\n\n<p>Hemos escuchado hablar mucho de la intuici\u00f3n. Entre todo esto, existen numerosas afirmaciones y creencias populares imprecisas, incluso totalmente falsas. \u00bfSer\u00eda la intuici\u00f3n la clave para predecir el futuro? <\/p>\n\n\n\n<p>\u00bfSer\u00eda incluso lo que llamamos el s\u00e9ptimo de nuestros sentidos? \u00a1En realidad, \u00a1no hay nada de cierto en todo esto!<\/p>\n\n\n\n<p class=\"textchalk\">Comencemos por los cinco sentidos normales que todos poseemos &nbsp;(normalmente) desde nuestro nacimiento : la visi\u00f3n, el tacto, el olfato, el gusto y la audici\u00f3n. Todos estos sentidos b\u00e1sicos funcionan con los canales de comunicaci\u00f3n encef\u00e1lica usuales. <\/p>\n\n\n\n<p>La intuici\u00f3n es otra cosa. No es una facultad mental y menos a\u00fan una capacidad. \u00bfPuede aprenderse y desarrollarse? \u00a1No, absolutamente NO!<\/p>\n\n\n\n<p class=\"textchalk\">Es lo que llamamos com\u00fanmente la sinestesia o el arte del presentimiento. <\/p>\n\n\n\n<p>Es la peque\u00f1a voz interior que no se equivoca y que no recurre a ninguna facultad cerebral. \u00bfSin embargo, \u00bfCu\u00e1l es entonces la definici\u00f3n de la intuici\u00f3n?<\/p>\n\n\n\n<p>El t\u00e9rmino mismo \u201cintuici\u00f3n\u201d proviene del Lat\u00edn escol\u00e1stico \u201cIntuitio\u201d :<br>In : lo que define la procedencia aqu\u00ed, al interior; Tui, que quiere decir &nbsp;que brota; y Tio, hacia el exterior. Es un fen\u00f3meno que proviene del interior, de adentro, y que se exterioriza hacia afuera, eso es la intuici\u00f3n. Todos poseemos en nosotros un potencial intuitivo.<\/p>\n\n\n\n<p><strong>En 1908, La Academia Francesa integr\u00f3 en forma definitiva el t\u00e9rmino &nbsp;en su inventario gracias a J.H. Poincar\u00e9<\/strong>, quien declarar\u00e1 entre otras cosas lo siguiente: \u00ab Con la l\u00f3gica demostramos, con la intuici\u00f3n inventamos \u00bb.<\/p>\n\n\n\n<p class=\"textchalk\">Los sue\u00f1os y la intuici\u00f3n son, seg\u00fan Carl Gustav Yung, los dos mensajeros del inconsciente. \u00a1La intuici\u00f3n es el mensajero de nuestro interior!<\/p>\n\n\n\n<p>Para los neurocient\u00edficos la intuici\u00f3n no existe y para los psic\u00f3logos ser\u00eda una forma de inteligencia cognitiva. En realidad, no es nada de esto, como lo se\u00f1ala por otra parte el neurocient\u00edfico Profesor Boissier. La intuici\u00f3n consiste en un conocimiento que surge de forma directa e inmediata, y que NO depende ni de la voluntad ni de un razonamiento l\u00f3gico. Es un LARGO trabajo inconsciente, y es \u00e9sta la definici\u00f3n que le da la Academia Francesa en 1908. <br>Dicho de otra forma, \u00a1Si no hay trabajo constante y serio, no hay manifestaci\u00f3n de la intuici\u00f3n!<\/p>\n\n\n\n<h2>\u00bfQu\u00e9 es una herramienta de apoyo? \u00bfC\u00f3mo funciona ?<\/h2>\n\n\n\n<p>Las herramientas de apoyo funcionan para los clarividentes como prismas, tipos de espejo del inconsciente y del mundo invisible. Ellas son variadas y toman diferentes formas. El juego del Tarot, por ejemplo, se presenta con una serie de arcanos mayores y menores. Cada practicante tiene sus preferencias, de acuerdo a su propia sensibilidad.<\/p>\n\n\n\n<p><strong>El juego de cartas ni ninguna otra herramienta son indispensables, ya que un buen practicante podr\u00eda en teor\u00eda trabajar sin el apoyo de ninguna herramienta. Esta \u00faltima participa s\u00f3lo para establecer una barrera f\u00edsica entre el practicante y el paciente. <\/strong><br>La herramienta de apoyo puede ayudar a desencadenar visiones mediante su forma, sus colores y su simbolismo. Ella concentra y sugiere.<\/p>\n\n\n\n<h4><strong>Tarots y or\u00e1culos, en las puertas de lo invisible<\/strong><\/h4>\n\n\n\n<p>Mis preferencias son las cartas coloridas y luminosas. Ellas favorecen o inducen un estado de trance intuitivo.<br>Aqu\u00ed tenemos algunos bellos ejemplos :<br>&#8211;<a rel=\"noreferrer noopener\" href=\"https:\/\/www.maudkristen.com\/le-coffret-de-tarot\/\" target=\"_blank\">El Tarot del Ed\u00e9n, magn\u00edficamente realizado por Alika Lindbergh para Maud Kristen<\/a><br>-EL Or\u00e1culo de Belline, indispensable, creado por Edmont.<br>&#8211;<a href=\"https:\/\/www.amazon.fr\/jeu-divinatoire-Yaguel-Didier\/dp\/2221072456\"> El Juego Adivinatorio, dise\u00f1ado para Yaguel Didier por Marina Karella<\/a>.<br>-El Tarot de Mme. Le Normand y el de Marsella; son las bases de todo buen tarot\u00f3logo.<br>Con el tiempo se crea una relaci\u00f3n muy particular entre el practicante y sus herramientas de apoyo. Una relaci\u00f3n \u00edntima, que est\u00e1 basada y se mantiene en lo afectivo.<\/p>\n\n\n\n<figure class=\"wp-block-image\"><img src=\"http:\/\/www.troywhisper.com\/wp-content\/uploads\/2020\/07\/tarot-1024x705.jpg\" alt=\"L\u2019attribut alt de cette image est vide, son nom de fichier est tarot-1024x705.jpg.\"\/><figcaption>Aqu\u00ed arriba: Algunas de mis herramientas de Apoyo.<\/figcaption><\/figure>\n\n\n\n<figure class=\"wp-block-image\"><img src=\"http:\/\/www.troywhisper.com\/wp-content\/uploads\/2020\/07\/tarot02.jpg\" alt=\"L\u2019attribut alt de cette image est vide, son nom de fichier est tarot02.jpg.\"\/><figcaption>Tarot de Yaguel Didier, auralita y amatistas.<\/figcaption><\/figure>\n\n\n\n<h4><strong>Los minerales : \u00bfCatalizadores o simples rocas ?<\/strong><\/h4>\n\n\n\n<p>Si bien para muchas personas los minerales son piedras comunes y corrientes, para los ge\u00f3logos (y tambi\u00e9n para m\u00ed) son algo completamente diferente\u2026. Cada mineral posee una cadena at\u00f3mica que le es propia. Todos est\u00e1n catalogados y clasificados dentro de familias diferentes. &nbsp;Un mineral es una substancia formada naturalmente, generalmente inorg\u00e1nica. (Raramente es org\u00e1nica, como el coral, por ejemplo.)<br><strong>Un mineral dado se caracteriza por una f\u00f3rmula qu\u00edmica, as\u00ed como tambi\u00e9n por una estructura cristalina<\/strong>, es decir por la naturaleza de los \u00e1tomos que lo componen y su distribuci\u00f3n en el espacio. La mineralog\u00eda concentra los diversos enfoques de estudio de los minerales sobre estas bases te\u00f3ricas.<\/p>\n\n\n\n<h3>Propriedades de los minerales<\/h3>\n\n\n\n<h3>Nomenclatura de los minerales<\/h3>\n\n\n\n<p>La nomenclatura moderna se impone durante el transcurso del siglo 19. El nombre atribuido reagrupa entonces varias razones : una propiedad caracter\u00edstica (la magnetita, por ejemplo), el nombre del elemento qu\u00edmico dominante (la calcita, por ejemplo), el nombre de un &nbsp;sabio (por ejemplo, la dolomita, dedicada a D\u00e9odat de Dolomieu), su color, y finalmente su procedencia.<br>Actualmente, la <strong>IMA (Asociaci\u00f3n Internacional de Mineralog\u00eda)<\/strong> intenta como su misi\u00f3n normalizar la definici\u00f3n de las especies minerales.<\/p>\n\n\n\n<h4><strong>L<\/strong>os minerales y sus campos de acci\u00f3n<\/h4>\n\n\n\n<p><strong><em>La ley de la analog\u00eda<\/em><\/strong><br>La medicina china, la homeopat\u00eda y la litoterapia explotan la analog\u00eda.<\/p>\n\n\n\n<p>Cada mineral, seg\u00fan su frecuencia vibratoria, (color) ser\u00e1 asociado a un centro energ\u00e9tico dado por analog\u00eda vibratoria. Por ejemplo, todos los minerales de color rojo y negro se asocian al chakra ra\u00edz.<\/p>\n\n\n\n<p>El cuerpo humano, en forma integral, (plano f\u00edsico y sutil) es un emisor receptor. Siguiendo un proceso de acuerdo vibratorio que demanda una participaci\u00f3n activa de parte del sujeto, el cristal entra en resonancia con el chakra correspondiente.<\/p>\n\n\n\n<p>Si el centro est\u00e1 perturbado, el cristal puedo reequilibrar su funcionamiento. En el cuerpo humano (\u00a1As\u00ed como en otras especies animales, por cierto!) cada \u00f3rgano y tejido poseen su vibraci\u00f3n propia. Es una suerte de mapa energ\u00e9tico propio.<\/p>\n\n\n\n<p>Cuando se perturba o modifica el equilibrio, el organismo reacciona y es en este momento cuando se declaran las enfermedades y disfuncionamiento.<\/p>\n\n\n\n<p>La litoterapia explota las leyes de la resonancia energ\u00e9tica para concordar las vibraciones de un \u00f3rgano, tejido o sistema perturbado con los minerales correspondientes a su personalidad vibratoria.<\/p>\n\n\n\n<h3>\u00bfC\u00f3mo escoger y utilizar bien los minerales ?<\/h3>\n\n\n\n<p>Los minerales son hermosos, est\u00e1n muy vivos y nos hablan\u2026<br>Sus cadenas at\u00f3micas est\u00e1n suspendidas y ya no muestran ninguna actividad perceptible.<br>Para disfrutar de sus beneficios, hay que ponerse a su alcance. &nbsp;La sanaci\u00f3n con la ayuda de minerales se basa en la sensaci\u00f3n y la visualizaci\u00f3n. Existen numerosos libros que nos aconsejan c\u00f3mo usarlos, y se debe hacer esto especialmente a nivel de los meridianos energ\u00e9ticos implicados.<\/p>\n\n\n\n<p><strong>La litoterapia y la meditaci\u00f3n son pr\u00e1cticamente indisociables\u2026<\/strong><br>Durante las meditaciones, las lecturas y las sanaciones los minerales entregan el m\u00e1ximo de sus beneficios.<br>Todo mineral debe ser limpiado (purificado) despu\u00e9s de cada utilizaci\u00f3n; normalmente se utiliza la amatista en su forma de geoda. La tierra, simple y sencillamente, el polvo de arcilla, o la familia de los cuarzos son tambi\u00e9n muy utilizados, as\u00ed como las exposiciones al sol y a la luna.<\/p>\n\n\n\n<p><strong><strong>La visualizaci\u00f3n mental permite otorgarle una intenci\u00f3n precisa a la piedra utilizada, que se transforma entonces en un instrumento dedicado. El universo deposita en las piedras lo que nosotros pedimos en nuestras oraciones \u2026 Esto constituye un trabajo met\u00f3dico y continuo del cual obtendremos los mejores resultados.<\/strong><\/strong><\/p>\n\n\n\n<p>Las piedras son tambi\u00e9n positivas para nuestro h\u00e1bitat. \u00bfQui\u00e9n no ha escuchado hablar alguna vez de las ondas da\u00f1inas de los tel\u00e9fonos celulares o del horno de microondas?<br>Los cuarzos rosados cerca de los lugares para dormir o en la noche les ayudar\u00e1n a dormir y favorecer\u00e1n vuestra esfera afectiva.<\/p>\n\n\n\n<p><strong>La turmalina de color negro situada cerca de los computadores y del medidor de corriente neutralizar\u00e1 sus efectos, o en todo caso los atenuar\u00e1.<\/strong><\/p>\n\n\n\n<p>Los grandes bloques en bruto son mis preferidos. La masa es relevante.<\/p>\n\n\n\n<h3>Misticismo y salud p\u00fablica, el punto<\/h3>\n\n\n\n<p><strong><strong>La litoterapia constituye un enfoque de acercamiento hol\u00edstico a la salud.<\/strong><\/strong> Este enfoque considera al ser humano en su globalidad. Las civilizaciones antiguas nos han dejado rastros de estas pr\u00e1cticas y sus procedimientos.<\/p>\n\n\n\n<p>Los cuidados del cuerpo iban de la mano con los cuidados del alma y de la mente. En el momento del renacimiento franc\u00e9s el alma fue separada del cuerpo.<\/p>\n\n\n\n<p>\u00ab La salud no es s\u00f3lo un asunto relacionado con la medicina, tambi\u00e9n tiene que ver con la higiene de vida\u2026. \u00bb Francis LIZION, Ed. Mozaique, 1999.<\/p>\n\n\n\n<h3>Algunos Minerales<\/h3>\n\n\n\n<figure class=\"wp-block-image\"><img src=\"http:\/\/www.troywhisper.com\/wp-content\/uploads\/2020\/07\/minerau3.jpg\" alt=\"L\u2019attribut alt de cette image est vide, son nom de fichier est minerau3.jpg.\"\/><figcaption>Un extremo de Cuarzo \u00ab fantasma \u00bb.<\/figcaption><\/figure>\n\n\n\n<h4>\u00a1Un caso muy interesante\u2026 el Cuarzo\u2026 la base de todo !<\/h4>\n\n\n\n<p><strong>Su composici\u00f3n qu\u00edmica :<\/strong><br>Si02. Se clasifica dentro de los \u00f3xidos; su sistema es cristalino rombo\u00e9drico. La variedad incolora se denomina cristal de roca. El \u00f3xido de s\u00edlice que lo define es uno de los b\u00e1sicos de nuestro suelo y de nuestra estructura molecular. <br><strong>El cuarzo es a la vez un receptor, un emisor, un<\/strong> <strong>transformador y\u2026 \u00a1un catalizador !<\/strong><\/p>\n\n\n\n<p>Sus aplicaciones e implicancias son m\u00faltiples.<br>Se aconseja utilizarlo en asociaci\u00f3n, ya que activa todas las otras piedras. Yo lo utilizo principalmente en un bloque en bruto o en su forma esf\u00e9rica. Es perfecto para la meditaci\u00f3n y el trabajo de adivinaci\u00f3n.<\/p>\n\n\n\n<figure class=\"wp-block-image\"><img src=\"http:\/\/www.troywhisper.com\/wp-content\/uploads\/2020\/07\/minerau2.jpg\" alt=\"L\u2019attribut alt de cette image est vide, son nom de fichier est minerau2.jpg.\"\/><\/figure>\n\n\n\n<h4>Auralita -23 :<\/h4>\n\n\n\n<p>La sobreviviente\u2026<\/p>\n\n\n\n<p>Estos cristales datan de alrededor de 1,2 mil millones de a\u00f1os.<br><strong>El cristal A23 contiene por lo menos 17 piedras y 23 elementos de clasificaci\u00f3n qu\u00edmica catalogados en la tabla de Mendele\u00efev,<\/strong> lo que es m\u00e1s que improbable, pero cierto.<br>Se le otorgan virtudes energ\u00e9ticas importantes : reorganizaci\u00f3n y purificaci\u00f3n de los meridianos energ\u00e9ticos. Orientaci\u00f3n y evoluci\u00f3n espiritual\u2026 Tiene la reputaci\u00f3n de reconfortar y aliviar en los momentos de angustia y aflicci\u00f3n ligadas a la esfera afectiva.<\/p>\n\n\n\n<figure class=\"wp-block-image\"><img src=\"http:\/\/www.troywhisper.com\/wp-content\/uploads\/2020\/07\/minerau1.jpg\" alt=\"L\u2019attribut alt de cette image est vide, son nom de fichier est minerau1.jpg.\"\/><figcaption>A continuaci\u00f3n, placa de Jade oxidada con numerosas inclusiones.<\/figcaption><\/figure>\n\n\n\n<h4>La nefrita o jade Neo-Zelandesa<\/h4>\n\n\n\n<p>Ha sido explotada desde hace miles de a\u00f1os en Nueva Zelandia, y venerada por los Maor\u00edes; se la denomina com\u00fanmente \u00ab green-stone \u00bb (piedra verde) o \u00ab Pounamou \u00bb.<\/p>\n\n\n\n<p>El jade acompa\u00f1a y protege a los seres humanos\u2026.<br>Su composici\u00f3n qu\u00edmica es diferente en Columbia Brit\u00e1nica (Am\u00e9rica del Norte), en China, o en Guatemala. El jade est\u00e1 presente en todas las regiones del globo. En funci\u00f3n de las capas de extracci\u00f3n, su naturaleza (coloraci\u00f3n, densidad, inclusi\u00f3n) cambia.<br><strong>Puede ser negro, de un color verde manzana transl\u00facido, lechoso y opaco, o bien presentar inclusiones rojas o cenicientas. Estas \u00faltimas se deben en parte a la oxidaci\u00f3n del fierro.<\/strong><br>Su composici\u00f3n qu\u00edmica es variable, pero comprende principalmente Silicato de magnesio, calcio, fierro, y puede tambi\u00e9n contener magnetita. (seg\u00fan los yacimientos y la posici\u00f3n geol\u00f3gica). Los maestros escultores la trabajan de formas diferentes y el simbolismo tiene un alto nivel de significado. El jade es una piedra t\u00f3tem noble y cham\u00e1nica.<br><strong>Est\u00e1 dedicada especialmente a la protecci\u00f3n y a la salud.<\/strong><\/p>\n\n\n\n<figure class=\"wp-block-image\"><img src=\"http:\/\/www.troywhisper.com\/wp-content\/uploads\/2020\/07\/minerau.jpg\" alt=\"L\u2019attribut alt de cette image est vide, son nom de fichier est minerau.jpg.\"\/><figcaption>Una obsidiana copo de nieve.<\/figcaption><\/figure>\n\n\n\n<h4>La obsidiana, esta maravilla volc\u00e1nica<\/h4>\n\n\n\n<p>Piedra volc\u00e1nica que se aproxima al vidrio. <strong>Se form\u00f3 despu\u00e9s de un enfriamiento brutal del magma. Es rica en s\u00edlice, surgida de las profundidades del manto terrestre, y de los bolsillos del magma en fusi\u00f3n.<\/strong><br>Esta piedra se ha utilizado desde el comienzo de los tiempos, especialmente por los pueblos ind\u00edgenas de Am\u00e9rica del Sur (Guatemala), los Aztecas y Mayas, en sus rituales ligados al ocultismo.<\/p>\n\n\n\n<p>Este mineral tendr\u00eda la propiedad de transmutar \u00ab la noche en luz \u00bb. Est\u00e1 vinculada con lo espiritual, y rechazar\u00eda, adem\u00e1s, las ondas negativas.<br>Es una piedra para la <strong>introspecci\u00f3n y el cuestionamiento<\/strong>. Existen diferentes variantes : La argentada, el copo de nieve, o el medi\u00e1tico ojo celeste, que presenta c\u00edrculos conc\u00e9ntricos irisados y viol\u00e1ceos. Ciertamente es una de las m\u00e1s fascinantes y eficaces.<\/p>\n\n\n\n<p>La lista, naturalmente, no es exhaustiva.<\/p>\n","protected":false},"excerpt":{"rendered":"<p>Mediumnidad y canales La mediumnidad es un estado provisorio, que se manifiesta bajo ciertas condiciones y en diferentes estados: consciente o semi-consciente. Quien la practica parece estar ausente y entra en un estado let\u00e1rgico, lo que llamaremos un estado de consciencia alterado. El m\u00e9dium se transforma entonces en un canal de recepci\u00f3n. En forma esquem\u00e1tica [&hellip;]<\/p>\n","protected":false},"author":2,"featured_media":0,"parent":0,"menu_order":0,"comment_status":"closed","ping_status":"closed","template":"","meta":[],"_links":{"self":[{"href":"https:\/\/www.troywhisper.com\/fr\/troy-whisper-medium-et-voyageur-psychic-and-traveler\/wp-json\/wp\/v2\/pages\/1613"}],"collection":[{"href":"https:\/\/www.troywhisper.com\/fr\/troy-whisper-medium-et-voyageur-psychic-and-traveler\/wp-json\/wp\/v2\/pages"}],"about":[{"href":"https:\/\/www.troywhisper.com\/fr\/troy-whisper-medium-et-voyageur-psychic-and-traveler\/wp-json\/wp\/v2\/types\/page"}],"author":[{"embeddable":true,"href":"https:\/\/www.troywhisper.com\/fr\/troy-whisper-medium-et-voyageur-psychic-and-traveler\/wp-json\/wp\/v2\/users\/2"}],"replies":[{"embeddable":true,"href":"https:\/\/www.troywhisper.com\/fr\/troy-whisper-medium-et-voyageur-psychic-and-traveler\/wp-json\/wp\/v2\/comments?post=1613"}],"version-history":[{"count":5,"href":"https:\/\/www.troywhisper.com\/fr\/troy-whisper-medium-et-voyageur-psychic-and-traveler\/wp-json\/wp\/v2\/pages\/1613\/revisions"}],"predecessor-version":[{"id":1668,"href":"https:\/\/www.troywhisper.com\/fr\/troy-whisper-medium-et-voyageur-psychic-and-traveler\/wp-json\/wp\/v2\/pages\/1613\/revisions\/1668"}],"wp:attachment":[{"href":"https:\/\/www.troywhisper.com\/fr\/troy-whisper-medium-et-voyageur-psychic-and-traveler\/wp-json\/wp\/v2\/media?parent=1613"}],"curies":[{"name":"wp","href":"https:\/\/api.w.org\/{rel}","templated":true}]}}