{"id":1497,"date":"2020-09-04T19:51:48","date_gmt":"2020-09-04T17:51:48","guid":{"rendered":"http:\/\/www.troywhisper.com\/fr\/troy-whisper-medium-et-voyageur-psychic-and-traveler\/?page_id=1497"},"modified":"2020-09-07T00:33:18","modified_gmt":"2020-09-06T22:33:18","slug":"para-descubrir-y-ver","status":"publish","type":"page","link":"https:\/\/www.troywhisper.com\/fr\/troy-whisper-medium-et-voyageur-psychic-and-traveler\/es\/para-descubrir-y-ver\/","title":{"rendered":"Para descubrir y ver"},"content":{"rendered":"\n<h2>Para descubrir y ver<\/h2>\n\n\n\n<h3><strong>Gaia.com<\/strong><\/h3>\n\n\n\n<p>Un canal dedicado a lo espiritual en el amplio sentido del t\u00e9rmino, a la pr\u00e1ctica de la meditaci\u00f3n y del yoga. Resueltamente inclinado a la Antropolog\u00eda y a la historia de antiguas civilizaciones y a los enigmas no resueltos. Para descubrir.<\/p>\n\n\n\n<h3><strong>BBC Earth<\/strong><\/h3>\n\n\n\n<p>El canal brit\u00e1nico dedicado, tal como lo indica su nombre, al planeta.<\/p>\n\n\n\n<h3><strong>National Geographic<\/strong><\/h3>\n\n\n\n<p>Mas espec\u00edfico, apunta al descubrimiento de especies animales, fauna y flora en un espectro m\u00e1s amplio.<\/p>\n","protected":false},"excerpt":{"rendered":"<p>Para descubrir y ver Gaia.com Un canal dedicado a lo espiritual en el amplio sentido del t\u00e9rmino, a la pr\u00e1ctica de la meditaci\u00f3n y del yoga. Resueltamente inclinado a la Antropolog\u00eda y a la historia de antiguas civilizaciones y a los enigmas no resueltos. Para descubrir. BBC Earth El canal brit\u00e1nico dedicado, tal como lo [&hellip;]<\/p>\n","protected":false},"author":2,"featured_media":0,"parent":0,"menu_order":0,"comment_status":"closed","ping_status":"closed","template":"","meta":[],"_links":{"self":[{"href":"https:\/\/www.troywhisper.com\/fr\/troy-whisper-medium-et-voyageur-psychic-and-traveler\/wp-json\/wp\/v2\/pages\/1497"}],"collection":[{"href":"https:\/\/www.troywhisper.com\/fr\/troy-whisper-medium-et-voyageur-psychic-and-traveler\/wp-json\/wp\/v2\/pages"}],"about":[{"href":"https:\/\/www.troywhisper.com\/fr\/troy-whisper-medium-et-voyageur-psychic-and-traveler\/wp-json\/wp\/v2\/types\/page"}],"author":[{"embeddable":true,"href":"https:\/\/www.troywhisper.com\/fr\/troy-whisper-medium-et-voyageur-psychic-and-traveler\/wp-json\/wp\/v2\/users\/2"}],"replies":[{"embeddable":true,"href":"https:\/\/www.troywhisper.com\/fr\/troy-whisper-medium-et-voyageur-psychic-and-traveler\/wp-json\/wp\/v2\/comments?post=1497"}],"version-history":[{"count":1,"href":"https:\/\/www.troywhisper.com\/fr\/troy-whisper-medium-et-voyageur-psychic-and-traveler\/wp-json\/wp\/v2\/pages\/1497\/revisions"}],"predecessor-version":[{"id":1498,"href":"https:\/\/www.troywhisper.com\/fr\/troy-whisper-medium-et-voyageur-psychic-and-traveler\/wp-json\/wp\/v2\/pages\/1497\/revisions\/1498"}],"wp:attachment":[{"href":"https:\/\/www.troywhisper.com\/fr\/troy-whisper-medium-et-voyageur-psychic-and-traveler\/wp-json\/wp\/v2\/media?parent=1497"}],"curies":[{"name":"wp","href":"https:\/\/api.w.org\/{rel}","templated":true}]}}