{"id":1337,"date":"2020-09-03T00:25:38","date_gmt":"2020-09-02T22:25:38","guid":{"rendered":"http:\/\/www.troywhisper.com\/fr\/troy-whisper-medium-et-voyageur-psychic-and-traveler\/?page_id=1337"},"modified":"2020-09-03T00:25:39","modified_gmt":"2020-09-02T22:25:39","slug":"conferences-a-venir","status":"publish","type":"page","link":"https:\/\/www.troywhisper.com\/fr\/troy-whisper-medium-et-voyageur-psychic-and-traveler\/fr\/conferences-a-venir\/","title":{"rendered":"Conf\u00e9rences \u00e0 venir"},"content":{"rendered":"\n<h2>Conf\u00e9rences \u00e0 venir<\/h2>\n\n\n\n<h3 class=\"textchalk\">En cours de pr\u00e9paration<\/h3>\n\n\n\n<h4>Am\u00e9rique du sud<br>Argentine<\/h4>\n\n\n\n<ul><li>Buenos-Aires<\/li><\/ul>\n\n\n\n<h4>Oc\u00e9anie Pacifique<br>Australie<\/h4>\n\n\n\n<ul><li>Sydney<\/li><li>Melbourne<\/li><\/ul>\n","protected":false},"excerpt":{"rendered":"<p>Conf\u00e9rences \u00e0 venir En cours de pr\u00e9paration Am\u00e9rique du sudArgentine Buenos-Aires Oc\u00e9anie PacifiqueAustralie Sydney Melbourne<\/p>\n","protected":false},"author":2,"featured_media":0,"parent":0,"menu_order":0,"comment_status":"closed","ping_status":"closed","template":"","meta":[],"_links":{"self":[{"href":"https:\/\/www.troywhisper.com\/fr\/troy-whisper-medium-et-voyageur-psychic-and-traveler\/wp-json\/wp\/v2\/pages\/1337"}],"collection":[{"href":"https:\/\/www.troywhisper.com\/fr\/troy-whisper-medium-et-voyageur-psychic-and-traveler\/wp-json\/wp\/v2\/pages"}],"about":[{"href":"https:\/\/www.troywhisper.com\/fr\/troy-whisper-medium-et-voyageur-psychic-and-traveler\/wp-json\/wp\/v2\/types\/page"}],"author":[{"embeddable":true,"href":"https:\/\/www.troywhisper.com\/fr\/troy-whisper-medium-et-voyageur-psychic-and-traveler\/wp-json\/wp\/v2\/users\/2"}],"replies":[{"embeddable":true,"href":"https:\/\/www.troywhisper.com\/fr\/troy-whisper-medium-et-voyageur-psychic-and-traveler\/wp-json\/wp\/v2\/comments?post=1337"}],"version-history":[{"count":3,"href":"https:\/\/www.troywhisper.com\/fr\/troy-whisper-medium-et-voyageur-psychic-and-traveler\/wp-json\/wp\/v2\/pages\/1337\/revisions"}],"predecessor-version":[{"id":1351,"href":"https:\/\/www.troywhisper.com\/fr\/troy-whisper-medium-et-voyageur-psychic-and-traveler\/wp-json\/wp\/v2\/pages\/1337\/revisions\/1351"}],"wp:attachment":[{"href":"https:\/\/www.troywhisper.com\/fr\/troy-whisper-medium-et-voyageur-psychic-and-traveler\/wp-json\/wp\/v2\/media?parent=1337"}],"curies":[{"name":"wp","href":"https:\/\/api.w.org\/{rel}","templated":true}]}}