{"id":1241,"date":"2020-08-23T22:44:52","date_gmt":"2020-08-23T20:44:52","guid":{"rendered":"http:\/\/www.troywhisper.com\/fr\/troy-whisper-medium-et-voyageur-psychic-and-traveler\/?page_id=1241"},"modified":"2020-09-03T03:29:39","modified_gmt":"2020-09-03T01:29:39","slug":"processus-de-communication","status":"publish","type":"page","link":"https:\/\/www.troywhisper.com\/fr\/troy-whisper-medium-et-voyageur-psychic-and-traveler\/fr\/processus-de-communication\/","title":{"rendered":"Processus de communication"},"content":{"rendered":"\n<h2>Processus de communication<\/h2>\n\n\n\n<p>Comme nous l\u2019avons vu, les moyens d\u2019acc\u00e8s aux informations d\u2019un m\u00e9dium passent par une conception biologique particuli\u00e8re d\u2019une des parties de son cerveau. <\/p>\n\n\n\n<p class=\"textchalk\"><strong>Via l\u2019\u00e9piphyse neurale, le praticien re\u00e7oit donc ses informations. L\u2019ensemble des zones enc\u00e9phaliques vont par la suite les interpr\u00e9ter et les r\u00e9partir (visuel ou auditive) pour les d\u00e9coder<\/strong>, avec l\u2019appui du cortex frontal.  Ce dernier faisant l\u2019objet aujourd\u2019hui, du plus grand nombre d\u2019investigations.<\/p>\n","protected":false},"excerpt":{"rendered":"<p>Processus de communication Comme nous l\u2019avons vu, les moyens d\u2019acc\u00e8s aux informations d\u2019un m\u00e9dium passent par une conception biologique particuli\u00e8re d\u2019une des parties de son cerveau. Via l\u2019\u00e9piphyse neurale, le praticien re\u00e7oit donc ses informations. L\u2019ensemble des zones enc\u00e9phaliques vont par la suite les interpr\u00e9ter et les r\u00e9partir (visuel ou auditive) pour les d\u00e9coder, avec [&hellip;]<\/p>\n","protected":false},"author":2,"featured_media":0,"parent":0,"menu_order":0,"comment_status":"closed","ping_status":"closed","template":"","meta":[],"_links":{"self":[{"href":"https:\/\/www.troywhisper.com\/fr\/troy-whisper-medium-et-voyageur-psychic-and-traveler\/wp-json\/wp\/v2\/pages\/1241"}],"collection":[{"href":"https:\/\/www.troywhisper.com\/fr\/troy-whisper-medium-et-voyageur-psychic-and-traveler\/wp-json\/wp\/v2\/pages"}],"about":[{"href":"https:\/\/www.troywhisper.com\/fr\/troy-whisper-medium-et-voyageur-psychic-and-traveler\/wp-json\/wp\/v2\/types\/page"}],"author":[{"embeddable":true,"href":"https:\/\/www.troywhisper.com\/fr\/troy-whisper-medium-et-voyageur-psychic-and-traveler\/wp-json\/wp\/v2\/users\/2"}],"replies":[{"embeddable":true,"href":"https:\/\/www.troywhisper.com\/fr\/troy-whisper-medium-et-voyageur-psychic-and-traveler\/wp-json\/wp\/v2\/comments?post=1241"}],"version-history":[{"count":2,"href":"https:\/\/www.troywhisper.com\/fr\/troy-whisper-medium-et-voyageur-psychic-and-traveler\/wp-json\/wp\/v2\/pages\/1241\/revisions"}],"predecessor-version":[{"id":1430,"href":"https:\/\/www.troywhisper.com\/fr\/troy-whisper-medium-et-voyageur-psychic-and-traveler\/wp-json\/wp\/v2\/pages\/1241\/revisions\/1430"}],"wp:attachment":[{"href":"https:\/\/www.troywhisper.com\/fr\/troy-whisper-medium-et-voyageur-psychic-and-traveler\/wp-json\/wp\/v2\/media?parent=1241"}],"curies":[{"name":"wp","href":"https:\/\/api.w.org\/{rel}","templated":true}]}}