{"id":1237,"date":"2020-08-23T22:43:08","date_gmt":"2020-08-23T20:43:08","guid":{"rendered":"http:\/\/www.troywhisper.com\/fr\/troy-whisper-medium-et-voyageur-psychic-and-traveler\/?page_id=1237"},"modified":"2020-12-20T14:26:06","modified_gmt":"2020-12-20T13:26:06","slug":"anatomie-cerebrale","status":"publish","type":"page","link":"https:\/\/www.troywhisper.com\/fr\/troy-whisper-medium-et-voyageur-psychic-and-traveler\/fr\/anatomie-cerebrale\/","title":{"rendered":"Anatomie c\u00e9r\u00e9brale"},"content":{"rendered":"\n<h2>Anatomie c\u00e9r\u00e9brale<\/h2>\n\n\n\n<h3>Constitution biologique c\u00e9r\u00e9brale<\/h3>\n\n\n\n<p>Le cerveau humain est un ensemble de structures ordonn\u00e9es <strong>sur 5 \u00e9tages<\/strong>.<\/p>\n\n\n\n<figure class=\"wp-block-image\"><img src=\"http:\/\/www.troywhisper.com\/wp-content\/uploads\/2020\/07\/cerveau-1024x576.jpg\" alt=\"L\u2019attribut alt de cette image est vide, son nom de fichier est cerveau-1024x576.jpg.\"\/><\/figure>\n\n\n\n<h4><strong>1er \u00e9tage :<\/strong> <strong>Le tronc c\u00e9r\u00e9bral<\/strong><\/h4>\n\n\n\n<p>C\u2019est une structure c\u00e9r\u00e9brale qui prolonge la moelle \u00e9pini\u00e8re pour aller PLONGER dans la partie centrale du cerveau. <strong>C\u2019est le\u00a0 centre\u00a0de la\u00a0 vigilance,\u00a0 et\u00a0 de la\u00a0 prise de conscience du jour et\u00a0de la nuit<\/strong>. Il est parcouru en son centre-au milieu- par une mati\u00e8re grise que l\u2019on trouve tout en haut du cerveau, et que l\u2019on appelle la fonction veille active et d\u00e9sactive. C\u2019est cette partie qui est appel\u00e9e \u00e0 tort &#8220;reptilien&#8221;, et qui n\u2019a de reptile que le nom !<\/p>\n\n\n\n<p>Dans cette mati\u00e8re, sont pr\u00e9sents des amas de neurones. Ce sont les neurones de la rythmicit\u00e9 du cerveau<strong>.C\u2019est l\u00e0 o\u00f9 est command\u00e9 le rythme c\u00e9r\u00e9bral. Nous trouvons ensuite\u00a0 la\u00a0 moelle\u00a0 allong\u00e9e,\u00a0 le\u00a0pont\u00a0puis\u00a0la\u00a0partie\u00a0haute du tronc. C\u2019est\u00a0 \u00e0\u00a0 cet\u00a0 endroit\u00a0 l\u00e0\u00a0 que\u00a0 sont\u00a0 command\u00e9s\u00a0 tous\u00a0 les\u00a0centres de commande de tous les organes du corps \u00e0 distance.<\/strong> Dans cette partie pr\u00e9cise, nous trouvons le centre de la respiration, qui dispose d\u2019une double commande respiratoire <strong>\u00e0 80% inconsciente. <\/strong>L\u2019animal, lui n\u2019a pas cette possibilit\u00e9. Juste \u00e0 cot\u00e9, <strong>un autre centre responsable du rythme cardiaque.<\/strong>En cas de destruction du myocarde lors notamment d\u2019un infarctus invasif,il commandera au c\u0153ur d\u2019arr\u00eater sa fonction 4 centi\u00e8mes de milliseconde avant, via son relais \u00e9lectrique nodale.<\/p>\n\n\n\n<h4><strong>2\u00e8me \u00e9tage :<\/strong><\/h4>\n\n\n\n<p>C\u2019est \u00e0 cet endroit o\u00f9 nous avons la production de la dopamine; une <strong>neuro-hormone<\/strong>, produite par le corps noir. Les neurones qui vont synth\u00e9tiser et lib\u00e9rer de la dopamine sont noir\u00e2tre. Cette hormone \u00e0 une forte incidence c\u00e9r\u00e9brale. Elle agit entre autre,sur l\u2019\u00e9quilibre du corps. Cette derni\u00e8re occasionne dans son manque, une paralysie agitante, que l\u2019on appelle commun\u00e9ment la maladie de Parkinson.<\/p>\n\n\n\n<h4><strong>3\u00e8me \u00e9tage :<\/strong> <\/h4>\n\n\n\n<p>L<strong>e cortex inf\u00e9rieur<\/strong> du cerveau <strong>et ses deux h\u00e9misph\u00e8res, au mode op\u00e9ratoire totalement diff\u00e9rent<\/strong>. <br>Le mythe des deux cerveaux droit et gauche<strong> n\u2019existe pas!<\/strong> Au milieu de ces deux parties, se situe<strong> l&#8217;\u00e9piphyse neurale.<\/strong> <br>L\u2019h\u00e9misph\u00e8re gauche fonctionne par lin\u00e9arit\u00e9 et par fr\u00e9quence.Il traite l\u2019information totalement diff\u00e9remment, et la formalise . Le droit lui, fonctionne de fa\u00e7on anarchique et non lin\u00e9aire et laisseplace \u00e0  la non forme.<\/p>\n\n\n\n<figure class=\"wp-block-image size-large\"><img loading=\"lazy\" width=\"1024\" height=\"629\" src=\"http:\/\/www.troywhisper.com\/wp-content\/uploads\/2020\/07\/cerveau02-1024x629.jpg\" alt=\"\" class=\"wp-image-650\" srcset=\"https:\/\/www.troywhisper.com\/wp-content\/uploads\/2020\/07\/cerveau02-1024x629.jpg 1024w, https:\/\/www.troywhisper.com\/wp-content\/uploads\/2020\/07\/cerveau02-300x184.jpg 300w, https:\/\/www.troywhisper.com\/wp-content\/uploads\/2020\/07\/cerveau02-768x472.jpg 768w, https:\/\/www.troywhisper.com\/wp-content\/uploads\/2020\/07\/cerveau02.jpg 1089w\" sizes=\"(max-width: 1024px) 100vw, 1024px\" \/><figcaption>Focus sur les neurones, au nombre de 100 milliards pour un \u00eatre humain&#8230;<br>\u00a0<\/figcaption><\/figure>\n\n\n\n<h4><strong>4\u00e8me \u00e9tage :<\/strong> <strong>les zones limbiques<\/strong> et leurs fonctions<\/h4>\n\n\n\n<p>Le syst\u00e8me limbique n\u2019est pas seulement impliqu\u00e9 dans les \u00e9motions mais \u00e9galement dans :<br><strong>-l\u2019apprentissage de la m\u00e9moire.<br>-l\u2019olfaction<br>-le contr\u00f4le du syst\u00e8me endocrinien qui participe \u00e0 la lib\u00e9ration d&#8217;hormones<br>-les comportements alimentaires et l\u2019app\u00e9tit<br>-le syst\u00e8me nerveux autonome qui contr\u00f4le les fonctions respiratoire, digestive et cardiovasculaire.<\/strong><\/p>\n\n\n\n<h3 class=\"textchalk\"><strong>Anatomie du syst\u00e8me limbique<\/strong><\/h3>\n\n\n\n<p>Le syst\u00e8me limbique est constitu\u00e9 de plusieurs noyaux situ\u00e9s sous le cortex (structures subcorticales) et \u00e0 proximit\u00e9 du thalamus :<br><\/p>\n\n\n\n<p>&#8211;<span class=\"textchalk_blue\"><strong>L\u2019hippocampe<\/strong><\/span> qui \u00e0 un r\u00f4le dans l\u2019apprentissage et le stockage d\u2019une information en m\u00e9moire \u00e0 long terme.<\/p>\n\n\n\n<p>&#8211;<span class=\"textchalk_blue\"><strong>L\u2019amygdale<\/strong><\/span> prend sont sens dans l\u2019agressivit\u00e9, la col\u00e8re, la peur, l\u2019anxi\u00e9t\u00e9 et la m\u00e9moire \u00e9motionnelle. Burdach (1776-1847) est \u00e0 l\u2019origine du terme <strong>amygdala<\/strong>. Lorsque celle ci sont stimul\u00e9e \u00e9lectriquement, les animaux r\u00e9agissent avec agressivit\u00e9. Et si l\u2019amygdale est pr\u00e9lev\u00e9, les animaux deviennent alors apprivois\u00e9s et ne r\u00e9pondent plus aux stimuli, qui auraient provoqu\u00e9 la rage auparavant.<\/p>\n\n\n\n<p>&#8211;<strong><span class=\"textchalk_blue\">Le fornix<\/span>.<\/strong><\/p>\n\n\n\n<p>&#8211;<span class=\"textchalk_blue\"><strong>Le cortex limbique<\/strong><\/span> :(gyrus cingulaire, cingulum, insula et gyrus para-hippocampique) : r\u00f4le dans le contr\u00f4le conscient du comportement.<br><strong>&#8211;<span class=\"textchalk_blue\">Le septum<\/span><\/strong> :L\u2019un des premiers r\u00f4les fonctionnels \u00e0 associer au septum a \u00e9t\u00e9 l\u2019implication dans le circuit de r\u00e9compense (ou de renforcement). Les noyaux du septum ont \u00e9t\u00e9 impliqu\u00e9s dans bon nombre d\u2019autres r\u00f4les <strong>tels que le comportement social et l\u2019expression de la peur.Les anomalies du fonctionnement septal ont \u00e9t\u00e9 li\u00e9es \u00e0 une vari\u00e9t\u00e9 de maladies allant de la d\u00e9pression \u00e0 la schizophr\u00e9nie.<\/strong><\/p>\n\n\n\n<p><strong>&#8211;<span class=\"textchalk_blue\">L\u2019hypothalamus<\/span><\/strong>. C\u2019est une des partie vitale du syst\u00e8me limbique. <strong>C\u2019est l\u2019amiral de la production de multiples messagers chimiques, appel\u00e9s hormones<\/strong>. Ces hormones contr\u00f4lent les niveaux d\u2019eau dans le corps, les cycles de sommeil, la temp\u00e9rature corporelle et l\u2019apport alimentaire. L\u2019hypothalamus est situ\u00e9 sous le thalamus.<\/p>\n\n\n\n<p><strong>&#8211;<span class=\"textchalk_blue\">Les corps mamillaires<\/span><\/strong><\/p>\n\n\n\n<p><strong>&#8211;<span class=\"textchalk_blue\">Le gyrus cingulaire<\/span><\/strong>, lui, sert de voie de transmission des messages entre les parties int\u00e9rieure et ext\u00e9rieure du<strong> syst\u00e8me limbique<\/strong>.<\/p>\n\n\n\n<p>&#8211;<span class=\"textchalk_blue\"><strong>Noyau ant\u00e9rieur du thalamus<\/strong>.<\/span><\/p>\n\n\n\n<p><span class=\"textchalk_blue\">&#8211;<strong>L\u2019\u00e9piphyse<\/strong>.<\/span><\/p>\n\n\n\n<h4><strong>5\u00e8me \u00e9tage :<\/strong><\/h4>\n\n\n\n<p class=\"textchalk\"><strong>Le cortex pr\u00e9-frontal<\/strong>.<\/p>\n\n\n\n<figure class=\"wp-block-image size-large\"><img loading=\"lazy\" width=\"696\" height=\"714\" src=\"http:\/\/www.troywhisper.com\/wp-content\/uploads\/2020\/09\/cerveau2.jpg\" alt=\"\" class=\"wp-image-1417\" srcset=\"https:\/\/www.troywhisper.com\/wp-content\/uploads\/2020\/09\/cerveau2.jpg 696w, https:\/\/www.troywhisper.com\/wp-content\/uploads\/2020\/09\/cerveau2-292x300.jpg 292w\" sizes=\"(max-width: 696px) 100vw, 696px\" \/><\/figure>\n\n\n\n<p>Le cortex pr\u00e9-frontal, et la r\u00e9gion ou si\u00e8gent <strong>30 milliards de neurones<\/strong>. Ce dernier est localis\u00e9 derri\u00e8re le front. Il a \u00e9t\u00e9 confondu par le pass\u00e9au lobe frontal, d\u2019o\u00f9 il est s\u00e9par\u00e9. <strong>Ce dernier est divis\u00e9 en trois parties : inf\u00e9rieure, m\u00e9diane et sup\u00e9rieure.<\/strong><\/p>\n\n\n\n<p>L\u2019\u00eatre humain est le seul \u00eatre vivant \u00e0 en poss\u00e9der un. Il est le chef d\u2019orchestre de toutes les parties du cerveau de haut en bas. Le primate lui, poss\u00e8de un bourrelet sus-orbitaire.<\/p>\n\n\n\n<p><strong>Entre le 15\u00e8me et le 18\u00e8me jour de la conception, les cellules souches donnent naissances aux cellules gliales puis aux neurones.<\/strong> Le cortex pr\u00e9-frontal mettra 30 ann\u00e9es \u00e0 se terminer. Ce dernier \u00e0 une incidence sur la technique mentale. A la fin du 5\u00e8me mois de grossesse, le cerveau est<br>totalement termin\u00e9.<\/p>\n","protected":false},"excerpt":{"rendered":"<p>Anatomie c\u00e9r\u00e9brale Constitution biologique c\u00e9r\u00e9brale Le cerveau humain est un ensemble de structures ordonn\u00e9es sur 5 \u00e9tages. 1er \u00e9tage : Le tronc c\u00e9r\u00e9bral C\u2019est une structure c\u00e9r\u00e9brale qui prolonge la moelle \u00e9pini\u00e8re pour aller PLONGER dans la partie centrale du cerveau. C\u2019est le\u00a0 centre\u00a0de la\u00a0 vigilance,\u00a0 et\u00a0 de la\u00a0 prise de conscience du jour et\u00a0de [&hellip;]<\/p>\n","protected":false},"author":2,"featured_media":0,"parent":0,"menu_order":0,"comment_status":"closed","ping_status":"closed","template":"","meta":[],"_links":{"self":[{"href":"https:\/\/www.troywhisper.com\/fr\/troy-whisper-medium-et-voyageur-psychic-and-traveler\/wp-json\/wp\/v2\/pages\/1237"}],"collection":[{"href":"https:\/\/www.troywhisper.com\/fr\/troy-whisper-medium-et-voyageur-psychic-and-traveler\/wp-json\/wp\/v2\/pages"}],"about":[{"href":"https:\/\/www.troywhisper.com\/fr\/troy-whisper-medium-et-voyageur-psychic-and-traveler\/wp-json\/wp\/v2\/types\/page"}],"author":[{"embeddable":true,"href":"https:\/\/www.troywhisper.com\/fr\/troy-whisper-medium-et-voyageur-psychic-and-traveler\/wp-json\/wp\/v2\/users\/2"}],"replies":[{"embeddable":true,"href":"https:\/\/www.troywhisper.com\/fr\/troy-whisper-medium-et-voyageur-psychic-and-traveler\/wp-json\/wp\/v2\/comments?post=1237"}],"version-history":[{"count":14,"href":"https:\/\/www.troywhisper.com\/fr\/troy-whisper-medium-et-voyageur-psychic-and-traveler\/wp-json\/wp\/v2\/pages\/1237\/revisions"}],"predecessor-version":[{"id":2233,"href":"https:\/\/www.troywhisper.com\/fr\/troy-whisper-medium-et-voyageur-psychic-and-traveler\/wp-json\/wp\/v2\/pages\/1237\/revisions\/2233"}],"wp:attachment":[{"href":"https:\/\/www.troywhisper.com\/fr\/troy-whisper-medium-et-voyageur-psychic-and-traveler\/wp-json\/wp\/v2\/media?parent=1237"}],"curies":[{"name":"wp","href":"https:\/\/api.w.org\/{rel}","templated":true}]}}