{"id":1217,"date":"2020-08-23T22:21:41","date_gmt":"2020-08-23T20:21:41","guid":{"rendered":"http:\/\/www.troywhisper.com\/fr\/troy-whisper-medium-et-voyageur-psychic-and-traveler\/?page_id=1217"},"modified":"2020-09-03T04:02:45","modified_gmt":"2020-09-03T02:02:45","slug":"a-voir","status":"publish","type":"page","link":"https:\/\/www.troywhisper.com\/fr\/troy-whisper-medium-et-voyageur-psychic-and-traveler\/fr\/a-voir\/","title":{"rendered":"\u00c0 d\u00e9couvrir et \u00e0 regarder"},"content":{"rendered":"\n<h2>\u00c0 d\u00e9couvrir et \u00e0 regarder<\/h2>\n\n\n\n<h3>Gaia.com<\/h3>\n\n\n\n<p>Une cha\u00eene d\u00e9di\u00e9e au spirituel au sens large \u00e0 la pratique de la m\u00e9ditation et du yoga. R\u00e9solument tourn\u00e9 vers l\u2019anthropologie, et sur l\u2019histoire des civilisations anciennes et des \u00e9nigmes non r\u00e9solues, \u00e0 d\u00e9couvrir.<\/p>\n\n\n\n<h3>BBC Earth<\/h3>\n\n\n\n<p>La cha\u00eene britannique d\u00e9di\u00e9e comme son nom l\u2019indique \u00e0 la plan\u00e8te.<\/p>\n\n\n\n<h3>National Geographic<\/h3>\n\n\n\n<p>Plus sp\u00e9cifique, ax\u00e9 sur la d\u00e9couverte des esp\u00e8ces animali\u00e8res, la faune et la flore dans un spectre plus large.<\/p>\n","protected":false},"excerpt":{"rendered":"<p>\u00c0 d\u00e9couvrir et \u00e0 regarder Gaia.com Une cha\u00eene d\u00e9di\u00e9e au spirituel au sens large \u00e0 la pratique de la m\u00e9ditation et du yoga. R\u00e9solument tourn\u00e9 vers l\u2019anthropologie, et sur l\u2019histoire des civilisations anciennes et des \u00e9nigmes non r\u00e9solues, \u00e0 d\u00e9couvrir. BBC Earth La cha\u00eene britannique d\u00e9di\u00e9e comme son nom l\u2019indique \u00e0 la plan\u00e8te. National Geographic [&hellip;]<\/p>\n","protected":false},"author":2,"featured_media":0,"parent":0,"menu_order":0,"comment_status":"closed","ping_status":"closed","template":"","meta":[],"_links":{"self":[{"href":"https:\/\/www.troywhisper.com\/fr\/troy-whisper-medium-et-voyageur-psychic-and-traveler\/wp-json\/wp\/v2\/pages\/1217"}],"collection":[{"href":"https:\/\/www.troywhisper.com\/fr\/troy-whisper-medium-et-voyageur-psychic-and-traveler\/wp-json\/wp\/v2\/pages"}],"about":[{"href":"https:\/\/www.troywhisper.com\/fr\/troy-whisper-medium-et-voyageur-psychic-and-traveler\/wp-json\/wp\/v2\/types\/page"}],"author":[{"embeddable":true,"href":"https:\/\/www.troywhisper.com\/fr\/troy-whisper-medium-et-voyageur-psychic-and-traveler\/wp-json\/wp\/v2\/users\/2"}],"replies":[{"embeddable":true,"href":"https:\/\/www.troywhisper.com\/fr\/troy-whisper-medium-et-voyageur-psychic-and-traveler\/wp-json\/wp\/v2\/comments?post=1217"}],"version-history":[{"count":4,"href":"https:\/\/www.troywhisper.com\/fr\/troy-whisper-medium-et-voyageur-psychic-and-traveler\/wp-json\/wp\/v2\/pages\/1217\/revisions"}],"predecessor-version":[{"id":2072,"href":"https:\/\/www.troywhisper.com\/fr\/troy-whisper-medium-et-voyageur-psychic-and-traveler\/wp-json\/wp\/v2\/pages\/1217\/revisions\/2072"}],"wp:attachment":[{"href":"https:\/\/www.troywhisper.com\/fr\/troy-whisper-medium-et-voyageur-psychic-and-traveler\/wp-json\/wp\/v2\/media?parent=1217"}],"curies":[{"name":"wp","href":"https:\/\/api.w.org\/{rel}","templated":true}]}}