{"id":1215,"date":"2020-08-23T22:21:02","date_gmt":"2020-08-23T20:21:02","guid":{"rendered":"http:\/\/www.troywhisper.com\/fr\/troy-whisper-medium-et-voyageur-psychic-and-traveler\/?page_id=1215"},"modified":"2020-11-13T14:07:05","modified_gmt":"2020-11-13T13:07:05","slug":"a-lire-quelques-uns-de-mes-auteurs-preferes","status":"publish","type":"page","link":"https:\/\/www.troywhisper.com\/fr\/troy-whisper-medium-et-voyageur-psychic-and-traveler\/fr\/a-lire-quelques-uns-de-mes-auteurs-preferes\/","title":{"rendered":"A lire et parcourir"},"content":{"rendered":"\n<h2>A lire et parcourir<\/h2>\n\n\n\n<blockquote class=\"wp-block-quote\"><p>\u00ab De solides r\u00e9f\u00e9rences s\u2019acqui\u00e8rent en ouvrant des livres, puis en prenant du recul. \u00bb<\/p><\/blockquote>\n\n\n\n<p class=\"textchalk\">La v\u00e9rit\u00e9 de l\u2019autre ne sera pas forc\u00e9ment la v\u00f4tre.<\/p>\n\n\n\n<p>Positionnez-vous naturellement en retrait.<br><strong>Encore une fois, un avis n\u2019engage que celui qui s\u2019exprime, et ceux qui veulent bien l\u2019entendre !<\/strong><br>Gardez un esprit libre, ouvert, et lumineux. C&#8217;est synonyme de bonne sant\u00e9 mental, et gage de votre int\u00e9grit\u00e9.<\/p>\n\n\n\n<h2>Les \u00eatres humains vus par les anthropologues, \u00e9crivains,<br>scientifiques, philosophes, m\u00e9decins et M\u00e9diums<\/h2>\n\n\n\n<h3>Claude L\u00e9vi-Strauss<\/h3>\n\n\n\n<p class=\"textchalk\">C&#8217;est mon ma\u00eetre \u00e0 penser. Un exemple moral et intellectuel, je ne peux que vous conseiller, tellement son oeuvre est grande.<\/p>\n\n\n\n<p><strong>\u00c0 lire :<\/strong><br>\u2013 Anthropologie structurale &#8211; \u00e9dition Plon.<br>\u2013 La pens\u00e9e sauvage &#8211; \u00e9dition Agora.<br>\u2013 Regarder, \u00e9couter lire &#8211; \u00e9dition Plon (\u00e0 d\u00e9guster\u2026.).<br>\u2013 L\u2019autre face de la lune &#8211; \u00e9dition du Seuil.<br>\u2013 La poti\u00e8re jalouse &#8211; \u00e9dition Plon.<\/p>\n\n\n\n<h3>Matthieu Ricard<\/h3>\n\n\n\n<p>Docteur en G\u00e9n\u00e9tique cellulaire, bouddhiste Tib\u00e9tain et repr\u00e9sentant de Sa Saintet\u00e9, le Dalai-Lama. Un \u00eatre fondamentalement bon et int\u00e8gre, un exemple pour chacun.<\/p>\n\n\n\n<p><strong>A lire :<\/strong><br><strong>\u2013 Le moine et le philosophe &#8211; \u00e9ditions Pocket.<br>\u2013 L\u2019infini dans la paume de la main.<br>\u2013 L\u2019art de la m\u00e9ditation &#8211; \u00e9dition du Nil.<br>\u2013 Plaidoyer pour l\u2019altruisme &#8211; \u00e9dition du Nil.<br>\u2013 Plaidoyer pour les animaux &#8211; \u00e9ditions Allary.<\/strong><\/p>\n\n\n\n<h3>Maude Kristen<\/h3>\n\n\n\n<p>Une femme brillante, et qui, de part ses travaux, colloque, ouvrage et enseignement, contribue \u00e0 mettre en \u00e9vidences ces ph\u00e9nom\u00e8nes dits de pr\u00e9cognition. <\/p>\n\n\n\n<p class=\"textchalk\">J\u2019ai \u00e9t\u00e9 tr\u00e8s heureux d\u2019avoir la chance de la rencontrer, et de l\u2019\u00e9couter. Un charisme fou pour cette femme qui se consacre aussi \u00e0 la cause animali\u00e8re.<\/p>\n\n\n\n<p><strong>A lire :<\/strong><br>\u2013 Pour en finir avec Madame Irma, subtile et clair &#8211; Calmann-<br>Levy.<br>\u2013 Fille des \u00e9toiles &#8211; \u00e9dition J\u2019ai lu.<br>\u2013 Ma vie est l\u2019invisible &#8211; aux presses du Ch\u00e2telet. (de main de ma\u00eetre !)<\/p>\n\n\n\n<h3>Docteur Jean-Jacques Charbonnier<\/h3>\n\n\n\n<p>M\u00e9decin anesth\u00e9siste r\u00e9animateur fran\u00e7ais, sugg\u00e9rant l&#8217;id\u00e9e et l\u2019hypoth\u00e8se de vie post mortem. Il \u00e9met notamment l&#8217;id\u00e9e de la d\u00e9localisation de la conscience. Il est \u00e9galement Ma\u00eetre de conf\u00e9rences, et auteur d&#8217;ouvrages \u00e0 succ\u00e8s :<br>\u2013 Coma d\u00e9pass\u00e9 &#8211; CLC plein soleil.<br>\u2013 L\u2019apr\u00e8s vie existe &#8211; CLC plein soleil.<br>\u2013 Les preuves scientifiques d\u2019une apr\u00e9s vie &#8211; \u00e9ditions \u00e9xergues.<br>\u2013 La m\u00e9decine face \u00e0 l\u2019au de la &#8211; \u00e9dition Guy tr\u00e9daniel<br>\u2013 Les 7 bonnes raisons de croire \u00e0 l\u2019au-del\u00e0 &#8211; \u00e9dition Guy Tr\u00e9daniel.<\/p>\n\n\n\n<h3>Yaguel Didier<\/h3>\n\n\n\n<p>Clairvoyante au grand c\u0153ur, son travail se tourne r\u00e9solument vers l\u2019humain. Ses ouvrages sont \u00e0 son image : passionnants !<\/p>\n\n\n\n<p><strong>A lire :<\/strong><br>\u2013 Les grandes voyances de l\u2019histoire : leur vrai destin &#8211; \u00e9dition Plon.<br>\u2013 Au coeur de la voyance &#8211; \u00e9dition Plon.<br>\u2013 Mes conversations avec la reine &#8211; \u00e9dition Laffont.<br>\u2013 Yaguel Didier ou la m\u00e9moire du futur : Questions sur la<br>m\u00e9diumnit\u00e9 &#8211; \u00e9dition Laffont<br>=&gt; Je ne pourrais que vous recommander ce livre en particulier. Ce livre pose la personnalit\u00e9 de Yaguel Didier.<\/p>\n\n\n\n<p class=\"textchalk\">\u00ab Il y a maintenant des ann\u00e9es de cela, je fis la connaissance de Yaguel. Une femme de c\u0153ur, extr\u00eamement humaine, et que j\u2019ai toujours consid\u00e9r\u00e9e comme un exemple. Depuis nous sommes devenus amis. D\u00e8s que j\u2019ai besoin d\u2019informations sur un travail personnel, je la contacte. Jusqu\u2019\u00e0 aujourd\u2019hui elle a toujours r\u00e9pondu pr\u00e9sente. \u00bb<\/p>\n\n\n\n<h3>Docteur Alexander Eben<\/h3>\n\n\n\n<p>Le docteur Alexandre Eben est neurochirurgien depuis 25 ans, dont 15 ans pass\u00e9s \u00e0 l\u2019h\u00f4pital des femmes et \u00e0 l\u2019h\u00f4pital des enfants de Brigham ainsi qu\u2019\u00e0 la facult\u00e9 de m\u00e9decine de l\u2019Universit\u00e9 de Harvard.<\/p>\n\n\n\n<p><strong>A lire :<\/strong><br>\u2013 La preuve du Paradis<br>\u2013 La carte du Paradis<br>\u2013 L\u2019\u00e9vidence de l\u2019apr\u00e8s-vie<\/p>\n\n\n\n<h3>L&#8217;astrophysicien et \u00e9crivain vietnamo-am\u00e9ricain, Trinh Xuan Thuan<\/h3>\n\n\n\n<p>Il fait ses \u00e9tudes d\u2019astrophysique en Californie puis \u00e0 l\u2019universit\u00e9 de Princeton o\u00f9 il a obtenu son doctorat. Un homme brillant qui d\u00e9clara <strong>\u00ab Lorsque l\u2019on percera les myst\u00e8res du cerveau, dans un m\u00eame temps l\u2019on d\u00e9couvrira comment s\u2019est cr\u00e9\u00e9 l\u2019univers \u00bb<\/strong><\/p>\n\n\n\n<p><strong>A lire :<\/strong><br>\u2013 Le chaos et l\u2019harmonie \u2013 \u00e9ditions Fayard.<br>\u2013 L\u2019infini dans la paume de la main : du big-bang \u00e0 l\u2019\u00e9veil &#8211; \u00e9dition du Nil.<br>\u2013 Le monde s\u2019est-il cr\u00e9\u00e9 tout seul &#8211; \u00e9dition Gallimard.<br>\u2013 Les voies de la lumi\u00e8re : physique et m\u00e9taphysique du Clair-obscur &#8211; \u00e9dition Fayard.<\/p>\n\n\n\n<h3>Le Physicien, philosophe et math\u00e9maticien : Henri Poincar\u00e9<\/h3>\n\n\n\n<p>Il est nomm\u00e9 <strong>\u00e0 Polytechnique le 6 novembre 1883<\/strong>, charge qu&#8217;il occupe usqu&#8217;\u00e0 sa d\u00e9mission en mars 1897. Nomm\u00e9 ensuite, \u00e0 la chaire de \u00abm\u00e9canique physique et exp\u00e9rimentale \u00bb le 16 mars 1885, il la quitte pour la chaire de \u00ab physique math\u00e9matique et de calcul des probabilit\u00e9s \u00bb13 en ao\u00fbt 1886..<\/p>\n\n\n\n<p class=\"textchalk\">Il est pr\u00e9sident de la Soci\u00e9t\u00e9 math\u00e9matique de France en 1886.<\/p>\n\n\n\n<p>Elu membre de l&#8217;Acad\u00e9mie des sciences en 1887, ll devient membre du Bureau des longitudes en 1893 et est nomm\u00e9 ing\u00e9nieur en chef des mines. <strong>En novembre 1896, il obtient la chaire \u00ab d\u2019astronomie math\u00e9matique et de m\u00e9canique c\u00e9leste \u00bb \u00e0 la facult\u00e9 des sciences de Paris. Il est soci\u00e9taire de la Soci\u00e9t\u00e9 des sciences de Nancy et membre associ\u00e9 de l&#8217;acad\u00e9mie de Stanislas.<\/strong><\/p>\n\n\n\n<p>Il devient \u00e0 nouveau pr\u00e9sident de la Soci\u00e9t\u00e9 math\u00e9matique de France en 1900. Premier laur\u00e9at en 1901 de \u00ab la m\u00e9daille Sylvester de la Royal Society.&#8221; Il prend la t\u00eate de la Soci\u00e9t\u00e9 fran\u00e7aise de physique en 1902. <\/p>\n\n\n\n<p>Nomm\u00e9 en 1904 professeur d&#8217;astronomie g\u00e9n\u00e9rale sans traitement \u00e0 l&#8217;\u00c9cole polytechnique, ceci afin d&#8217;\u00e9viter la suppression de la chaire. De 1900 \u00e0 1908, il applique ses travaux \u00e0 la t\u00e9l\u00e9graphie sans fil, ce qui permet d&#8217;\u00e9tablir l&#8217;existence de r\u00e9gimes d&#8217;ondes entretenues..<\/p>\n\n\n\n<p><strong>\u00c9lu \u00e0 l&#8217;Acad\u00e9mie fran\u00e7aise le 5 mars 1908, il participera \u00e0 de nombreux congr\u00e8s et conf\u00e9rences jusqu&#8217;\u00e0 la fin de sa vie.<\/strong><\/p>\n\n\n\n<p><strong>\u00c0 propos de Poincar\u00e9, \u00e0 lire :<\/strong><\/p>\n\n\n\n<ul><li>&#8220;Henri Poincar\u00e9, l&#8217;\u0153uvre scientifique, l&#8217;\u0153uvre philosophique&#8221; par Vito Volterra, Jacques Hadamard, Paul Langevin et Pierre Boutroux, Librairie F\u00e9lix Alcan, 1914.<\/li><li>\u00ab Henri Poincar\u00e9, l&#8217;\u0153uvre math\u00e9matique \u00bb par Vito Volterra<\/li><li>\u00ab Henri Poincar\u00e9, le probl\u00e8me des trois corps&#8221; par Jacques Hadamard.<\/li><li>\u00ab Henri Poincar\u00e9 le physicien. \u00bb par Paul Langevin.<\/li><li>\u00ab Henri Poincar\u00e9, l&#8217;\u0153uvre philosophique \u00bb, par Pierre Boutroux.<\/li><li><strong>\u00ab A history of relativity. \u00bb<\/strong> le role d\u2019 Henri Poincar\u00e9 et de Paul Langevin, th\u00e8se de doctorat, 1970. Par Camillo Cuvaj,<\/li><\/ul>\n","protected":false},"excerpt":{"rendered":"<p>A lire et parcourir \u00ab De solides r\u00e9f\u00e9rences s\u2019acqui\u00e8rent en ouvrant des livres, puis en prenant du recul. \u00bb La v\u00e9rit\u00e9 de l\u2019autre ne sera pas forc\u00e9ment la v\u00f4tre. Positionnez-vous naturellement en retrait.Encore une fois, un avis n\u2019engage que celui qui s\u2019exprime, et ceux qui veulent bien l\u2019entendre !Gardez un esprit libre, ouvert, et lumineux. [&hellip;]<\/p>\n","protected":false},"author":2,"featured_media":0,"parent":0,"menu_order":0,"comment_status":"closed","ping_status":"closed","template":"","meta":[],"_links":{"self":[{"href":"https:\/\/www.troywhisper.com\/fr\/troy-whisper-medium-et-voyageur-psychic-and-traveler\/wp-json\/wp\/v2\/pages\/1215"}],"collection":[{"href":"https:\/\/www.troywhisper.com\/fr\/troy-whisper-medium-et-voyageur-psychic-and-traveler\/wp-json\/wp\/v2\/pages"}],"about":[{"href":"https:\/\/www.troywhisper.com\/fr\/troy-whisper-medium-et-voyageur-psychic-and-traveler\/wp-json\/wp\/v2\/types\/page"}],"author":[{"embeddable":true,"href":"https:\/\/www.troywhisper.com\/fr\/troy-whisper-medium-et-voyageur-psychic-and-traveler\/wp-json\/wp\/v2\/users\/2"}],"replies":[{"embeddable":true,"href":"https:\/\/www.troywhisper.com\/fr\/troy-whisper-medium-et-voyageur-psychic-and-traveler\/wp-json\/wp\/v2\/comments?post=1215"}],"version-history":[{"count":6,"href":"https:\/\/www.troywhisper.com\/fr\/troy-whisper-medium-et-voyageur-psychic-and-traveler\/wp-json\/wp\/v2\/pages\/1215\/revisions"}],"predecessor-version":[{"id":1863,"href":"https:\/\/www.troywhisper.com\/fr\/troy-whisper-medium-et-voyageur-psychic-and-traveler\/wp-json\/wp\/v2\/pages\/1215\/revisions\/1863"}],"wp:attachment":[{"href":"https:\/\/www.troywhisper.com\/fr\/troy-whisper-medium-et-voyageur-psychic-and-traveler\/wp-json\/wp\/v2\/media?parent=1215"}],"curies":[{"name":"wp","href":"https:\/\/api.w.org\/{rel}","templated":true}]}}