{"id":1204,"date":"2020-08-23T22:10:14","date_gmt":"2020-08-23T20:10:14","guid":{"rendered":"http:\/\/www.troywhisper.com\/fr\/troy-whisper-medium-et-voyageur-psychic-and-traveler\/?page_id=1204"},"modified":"2020-12-13T10:38:45","modified_gmt":"2020-12-13T09:38:45","slug":"lapres-lecture-la-vie-continue","status":"publish","type":"page","link":"https:\/\/www.troywhisper.com\/fr\/troy-whisper-medium-et-voyageur-psychic-and-traveler\/fr\/lapres-lecture-la-vie-continue\/","title":{"rendered":"\u00ab L\u2019apr\u00e8s lecture\u00bb : la vie continue !"},"content":{"rendered":"\n<h2>\u00ab L\u2019apr\u00e8s lecture\u00bb : la vie continue !<\/h2>\n\n\n\n<p>Une fois votre entretien termin\u00e9, il vous faudra ranger vos notes et continuer \u00e0 mener une vie normale et active. <strong>Rien ne tombe jamais du ciel -ou presque-. Il est important de rester ma\u00eetre et acteur de sa vie et d&#8217;avancer sur son chemin,<\/strong> confiant,<strong> <\/strong>en laissant la vie faire. Les informations qui vous ont \u00e9t\u00e9 transmises n\u2019ont qu\u2019un but : vous aider \u00e0 poursuivre votre route sans ne jamais dicter votre conduite.<\/p>\n","protected":false},"excerpt":{"rendered":"<p>\u00ab L\u2019apr\u00e8s lecture\u00bb : la vie continue ! Une fois votre entretien termin\u00e9, il vous faudra ranger vos notes et continuer \u00e0 mener une vie normale et active. Rien ne tombe jamais du ciel -ou presque-. Il est important de rester ma\u00eetre et acteur de sa vie et d&#8217;avancer sur son chemin, confiant, en laissant [&hellip;]<\/p>\n","protected":false},"author":2,"featured_media":0,"parent":0,"menu_order":0,"comment_status":"closed","ping_status":"closed","template":"","meta":[],"_links":{"self":[{"href":"https:\/\/www.troywhisper.com\/fr\/troy-whisper-medium-et-voyageur-psychic-and-traveler\/wp-json\/wp\/v2\/pages\/1204"}],"collection":[{"href":"https:\/\/www.troywhisper.com\/fr\/troy-whisper-medium-et-voyageur-psychic-and-traveler\/wp-json\/wp\/v2\/pages"}],"about":[{"href":"https:\/\/www.troywhisper.com\/fr\/troy-whisper-medium-et-voyageur-psychic-and-traveler\/wp-json\/wp\/v2\/types\/page"}],"author":[{"embeddable":true,"href":"https:\/\/www.troywhisper.com\/fr\/troy-whisper-medium-et-voyageur-psychic-and-traveler\/wp-json\/wp\/v2\/users\/2"}],"replies":[{"embeddable":true,"href":"https:\/\/www.troywhisper.com\/fr\/troy-whisper-medium-et-voyageur-psychic-and-traveler\/wp-json\/wp\/v2\/comments?post=1204"}],"version-history":[{"count":4,"href":"https:\/\/www.troywhisper.com\/fr\/troy-whisper-medium-et-voyageur-psychic-and-traveler\/wp-json\/wp\/v2\/pages\/1204\/revisions"}],"predecessor-version":[{"id":2216,"href":"https:\/\/www.troywhisper.com\/fr\/troy-whisper-medium-et-voyageur-psychic-and-traveler\/wp-json\/wp\/v2\/pages\/1204\/revisions\/2216"}],"wp:attachment":[{"href":"https:\/\/www.troywhisper.com\/fr\/troy-whisper-medium-et-voyageur-psychic-and-traveler\/wp-json\/wp\/v2\/media?parent=1204"}],"curies":[{"name":"wp","href":"https:\/\/api.w.org\/{rel}","templated":true}]}}