{"id":1201,"date":"2020-08-23T22:09:33","date_gmt":"2020-08-23T20:09:33","guid":{"rendered":"http:\/\/www.troywhisper.com\/fr\/troy-whisper-medium-et-voyageur-psychic-and-traveler\/?page_id=1201"},"modified":"2020-12-13T10:31:12","modified_gmt":"2020-12-13T09:31:12","slug":"preparer-sa-seance","status":"publish","type":"page","link":"https:\/\/www.troywhisper.com\/fr\/troy-whisper-medium-et-voyageur-psychic-and-traveler\/fr\/preparer-sa-seance\/","title":{"rendered":"Pr\u00e9parer sa s\u00e9ance"},"content":{"rendered":"\n<h2>Pr\u00e9parer sa s\u00e9ance<\/h2>\n\n\n\n<p>Pour pr\u00e9parer votre rencontre avec le praticien, vous devez \u00eatre ouvert \u00e0 l\u2019invisible. Prenez contact avec le m\u00e9dium. D\u00e9couvrez le, \u00e0 partir de son univers et de ses r\u00e9f\u00e9rences. Ce site est fait -entre autre- pour cela.<\/p>\n\n\n\n<p class=\"textchalk\">Si lle praticien se rapproche de votre sensibilit\u00e9, et ses engagements de vos attentes, renseignez-vous pour decider d&#8217;un rendez-vous. Avant toute s\u00e9ance, prenez un cahier dans lequel vous consignerez toutes les informations qui vous seront transmises, et que vous prendrez soin de noter, et de conserver.<\/p>\n\n\n\n<p>Ce journal deviendra le socle d\u2019une nouvelle aventure.Il vous sera fort utile lorsque les iinformations et les messages qui vous ont \u00e9t\u00e9 annonc\u00e9s, se manifesteront \u00e0 vous. Vous pourrez \u00e0 ce moment la relire vos notes, et analyser les \u00e9venements qui sont arriv\u00e9s.<\/p>\n","protected":false},"excerpt":{"rendered":"<p>Pr\u00e9parer sa s\u00e9ance Pour pr\u00e9parer votre rencontre avec le praticien, vous devez \u00eatre ouvert \u00e0 l\u2019invisible. Prenez contact avec le m\u00e9dium. D\u00e9couvrez le, \u00e0 partir de son univers et de ses r\u00e9f\u00e9rences. Ce site est fait -entre autre- pour cela. Si lle praticien se rapproche de votre sensibilit\u00e9, et ses engagements de vos attentes, renseignez-vous [&hellip;]<\/p>\n","protected":false},"author":2,"featured_media":0,"parent":0,"menu_order":0,"comment_status":"closed","ping_status":"closed","template":"","meta":[],"_links":{"self":[{"href":"https:\/\/www.troywhisper.com\/fr\/troy-whisper-medium-et-voyageur-psychic-and-traveler\/wp-json\/wp\/v2\/pages\/1201"}],"collection":[{"href":"https:\/\/www.troywhisper.com\/fr\/troy-whisper-medium-et-voyageur-psychic-and-traveler\/wp-json\/wp\/v2\/pages"}],"about":[{"href":"https:\/\/www.troywhisper.com\/fr\/troy-whisper-medium-et-voyageur-psychic-and-traveler\/wp-json\/wp\/v2\/types\/page"}],"author":[{"embeddable":true,"href":"https:\/\/www.troywhisper.com\/fr\/troy-whisper-medium-et-voyageur-psychic-and-traveler\/wp-json\/wp\/v2\/users\/2"}],"replies":[{"embeddable":true,"href":"https:\/\/www.troywhisper.com\/fr\/troy-whisper-medium-et-voyageur-psychic-and-traveler\/wp-json\/wp\/v2\/comments?post=1201"}],"version-history":[{"count":3,"href":"https:\/\/www.troywhisper.com\/fr\/troy-whisper-medium-et-voyageur-psychic-and-traveler\/wp-json\/wp\/v2\/pages\/1201\/revisions"}],"predecessor-version":[{"id":2215,"href":"https:\/\/www.troywhisper.com\/fr\/troy-whisper-medium-et-voyageur-psychic-and-traveler\/wp-json\/wp\/v2\/pages\/1201\/revisions\/2215"}],"wp:attachment":[{"href":"https:\/\/www.troywhisper.com\/fr\/troy-whisper-medium-et-voyageur-psychic-and-traveler\/wp-json\/wp\/v2\/media?parent=1201"}],"curies":[{"name":"wp","href":"https:\/\/api.w.org\/{rel}","templated":true}]}}