{"id":1199,"date":"2020-08-23T22:08:19","date_gmt":"2020-08-23T20:08:19","guid":{"rendered":"http:\/\/www.troywhisper.com\/fr\/troy-whisper-medium-et-voyageur-psychic-and-traveler\/?page_id=1199"},"modified":"2020-09-03T04:09:03","modified_gmt":"2020-09-03T02:09:03","slug":"les-cas-ou-vous-ne-devez-pas-voir-un-medium","status":"publish","type":"page","link":"https:\/\/www.troywhisper.com\/fr\/troy-whisper-medium-et-voyageur-psychic-and-traveler\/fr\/les-cas-ou-vous-ne-devez-pas-voir-un-medium\/","title":{"rendered":"Les cas o\u00f9, VOUS NE DEVEZ PAS, voir un m\u00e9dium"},"content":{"rendered":"\n<h2>Les cas o\u00f9, VOUS NE DEVEZ PAS, voir un m\u00e9dium<\/h2>\n\n\n\n<p>Si vous vous sentez influen\u00e7able, si vous sortez d\u2019une p\u00e9riode de deuil, si vous \u00eates incapable de prendre du recul, et de continuez activement votre vie, si vous cherchez un psychiatre et avez plut\u00f4t besoin d\u2019une bonne th\u00e9rapie, si vous \u00eates d\u2019une nature impatiente, et que vous pensez que tout<br>arrive en claquant des doigts en un rien de temps.<br>Si vous pensez que le praticien est un magicien et peut exhausser vos v\u0153ux :<\/p>\n\n\n\n<p><strong>NE PRENEZ PAS RENDEZ-VOUS !<\/strong><\/p>\n\n\n\n<p>Si, par contre, vous \u00eates capable d\u2019\u00e9couter, de noter, de prendre les informations comme elles se pr\u00e9sentent et pour ce qu\u2019elles sont, avec recul et discernement, si vous \u00eates dou\u00e9 pour l\u2019analyse, et dot\u00e9 d\u2019une nature bienveillante et ouverte, alors, vous pouvez faire votre demande.<\/p>\n","protected":false},"excerpt":{"rendered":"<p>Les cas o\u00f9, VOUS NE DEVEZ PAS, voir un m\u00e9dium Si vous vous sentez influen\u00e7able, si vous sortez d\u2019une p\u00e9riode de deuil, si vous \u00eates incapable de prendre du recul, et de continuez activement votre vie, si vous cherchez un psychiatre et avez plut\u00f4t besoin d\u2019une bonne th\u00e9rapie, si vous \u00eates d\u2019une nature impatiente, et [&hellip;]<\/p>\n","protected":false},"author":2,"featured_media":0,"parent":0,"menu_order":0,"comment_status":"closed","ping_status":"closed","template":"","meta":[],"_links":{"self":[{"href":"https:\/\/www.troywhisper.com\/fr\/troy-whisper-medium-et-voyageur-psychic-and-traveler\/wp-json\/wp\/v2\/pages\/1199"}],"collection":[{"href":"https:\/\/www.troywhisper.com\/fr\/troy-whisper-medium-et-voyageur-psychic-and-traveler\/wp-json\/wp\/v2\/pages"}],"about":[{"href":"https:\/\/www.troywhisper.com\/fr\/troy-whisper-medium-et-voyageur-psychic-and-traveler\/wp-json\/wp\/v2\/types\/page"}],"author":[{"embeddable":true,"href":"https:\/\/www.troywhisper.com\/fr\/troy-whisper-medium-et-voyageur-psychic-and-traveler\/wp-json\/wp\/v2\/users\/2"}],"replies":[{"embeddable":true,"href":"https:\/\/www.troywhisper.com\/fr\/troy-whisper-medium-et-voyageur-psychic-and-traveler\/wp-json\/wp\/v2\/comments?post=1199"}],"version-history":[{"count":3,"href":"https:\/\/www.troywhisper.com\/fr\/troy-whisper-medium-et-voyageur-psychic-and-traveler\/wp-json\/wp\/v2\/pages\/1199\/revisions"}],"predecessor-version":[{"id":1460,"href":"https:\/\/www.troywhisper.com\/fr\/troy-whisper-medium-et-voyageur-psychic-and-traveler\/wp-json\/wp\/v2\/pages\/1199\/revisions\/1460"}],"wp:attachment":[{"href":"https:\/\/www.troywhisper.com\/fr\/troy-whisper-medium-et-voyageur-psychic-and-traveler\/wp-json\/wp\/v2\/media?parent=1199"}],"curies":[{"name":"wp","href":"https:\/\/api.w.org\/{rel}","templated":true}]}}