{"id":1192,"date":"2020-08-23T22:02:19","date_gmt":"2020-08-23T20:02:19","guid":{"rendered":"http:\/\/www.troywhisper.com\/fr\/troy-whisper-medium-et-voyageur-psychic-and-traveler\/?page_id=1192"},"modified":"2020-09-03T02:56:04","modified_gmt":"2020-09-03T00:56:04","slug":"la-physique-quantique","status":"publish","type":"page","link":"https:\/\/www.troywhisper.com\/fr\/troy-whisper-medium-et-voyageur-psychic-and-traveler\/fr\/la-physique-quantique\/","title":{"rendered":"La physique quantique"},"content":{"rendered":"\n<h2>La physique quantique, une nouvelle approche.<\/h2>\n\n\n\n<figure class=\"wp-block-image\"><img src=\"http:\/\/www.troywhisper.com\/wp-content\/uploads\/2020\/07\/decouverte03.jpg\" alt=\"L\u2019attribut alt de cette image est vide, son nom de fichier est decouverte03.jpg.\"\/><\/figure>\n\n\n\n<h3 class=\"textchalk\">Mais \u00e0 quoi se connecterait le m\u00e9dium ? <br><strong>\u00c0 quel univers ? D\u2019o\u00f9, obtiendrait-il toutes ces informations ?<\/strong><\/h3>\n\n\n\n<p>Apr\u00e8s <strong>Isaac Newton<\/strong> et la physique classique, Albert Einstein apporte dans ses travaux des \u00e9l\u00e9ments de r\u00e9ponse. \u00ab Un univers parall\u00e8le invisible, ou l\u2019\u00e9chelle du temps serait d\u00e9form\u00e9, mais parfaitement consultable. \u00bb<br>Serait ce cela que les indiens appelaient l\u2019akasha ?<\/p>\n\n\n\n<p>Dans l&#8217;univers quantique on d\u00e9couvre que rien n\u2019est d\u00e9termin\u00e9, et que <strong>la conscience de l\u2019observateur est agissante<\/strong>. Il est par exemple impossible de connaitre simultan\u00e9ment la position et la vitesses des particules \u00e9l\u00e9mentaires : <strong>c\u2019est le principe de l\u2019ind\u00e9termination, dit quantique de Heisenberg qui viole les lois de La physique Newtoniene<\/strong>. Une particule dont on connait avec pr\u00e9cision la vitesse se trouve en m\u00eame temps partout \u00e0 la fois.<\/p>\n\n\n\n<figure class=\"wp-block-image\"><img src=\"http:\/\/www.troywhisper.com\/wp-content\/uploads\/2020\/07\/decouverte02.jpg\" alt=\"L\u2019attribut alt de cette image est vide, son nom de fichier est decouverte02.jpg.\"\/><\/figure>\n\n\n\n<p><strong>La non s\u00e9parabilit\u00e9<\/strong> pose alors le probl\u00e8me de la transmission de l\u2019information dans le monde physique. Le cas des deux particules s\u00e9par\u00e9es : deux particules jumelles plac\u00e9es \u00e0 distance l&#8217;une de l\u2019autre que l\u2019ont place \u00e0 des kilom\u00e8tres semblent poss\u00e9d\u00e9es la capacit\u00e9 de se transmettre de l&#8217;information de mani\u00e8re instantan\u00e9e.<\/p>\n\n\n\n<p>Albert Einsten pense alors \u00e0 une action m\u00e9taphysique \u00e0 distance, <strong>c\u2019est le paradoxe de l\u2019EPR du nom de ses inventeurs : Einstein, Podolsky et Rosen.<\/strong><\/p>\n\n\n\n<p><strong>Les deux particules forment un ensemble et sont reli\u00e9s dans un syst\u00e8me d\u2019information non local<\/strong> qui leur est propre et ne transite pas l&#8217;une par l&#8217;autre, autrement il faudrait qu\u2019elle se d\u00e9placent plus vite que la lumi\u00e8re : <\/p>\n\n\n\n<p class=\"textchalk\"><strong>elles sont INTRIQU\u00c9ES !<\/strong> <\/p>\n\n\n\n<p>N\u00e9e alors une nouvelle repr\u00e9sentation du monde, c\u2019est l\u2019interconnexion au niveau quantique <strong>tout est reli\u00e9, tout est intriqu\u00e9<\/strong>. <strong>C\u2019est le principe de g\u00e9mellit\u00e9 : o\u00f9 qu\u2019elle soit dans l\u2019univers. <\/strong>Le monde \u00e9volue dans un univers d\u2019information ind\u00e9pendant de l\u2019espace temps. <\/p>\n\n\n\n<p><strong>John Eccles, neurologue et prix Nobel,<\/strong> dit que la conscience n\u2019est ni totalement s\u00e9par\u00e9, ni totalement prisonni\u00e8re du cerveau, et remet en cause la r\u00e9sultante m\u00e9canique.<\/p>\n\n\n\n<p><strong>L\u2019Astrophysicien Morvan Salez nous expliquera que l&#8217;observation ou la volont\u00e9 de connaitre n\u2019est pas passif<\/strong> mais une v\u00e9ritable action; dans l\u2019univers quantique tout n\u2019est que probabilit\u00e9. L\u2019observation, l\u2019intention de voir agit directement sur lui.<\/p>\n","protected":false},"excerpt":{"rendered":"<p>La physique quantique, une nouvelle approche. Mais \u00e0 quoi se connecterait le m\u00e9dium ? \u00c0 quel univers ? D\u2019o\u00f9, obtiendrait-il toutes ces informations ? Apr\u00e8s Isaac Newton et la physique classique, Albert Einstein apporte dans ses travaux des \u00e9l\u00e9ments de r\u00e9ponse. \u00ab Un univers parall\u00e8le invisible, ou l\u2019\u00e9chelle du temps serait d\u00e9form\u00e9, mais parfaitement consultable. [&hellip;]<\/p>\n","protected":false},"author":2,"featured_media":0,"parent":0,"menu_order":0,"comment_status":"closed","ping_status":"closed","template":"","meta":[],"_links":{"self":[{"href":"https:\/\/www.troywhisper.com\/fr\/troy-whisper-medium-et-voyageur-psychic-and-traveler\/wp-json\/wp\/v2\/pages\/1192"}],"collection":[{"href":"https:\/\/www.troywhisper.com\/fr\/troy-whisper-medium-et-voyageur-psychic-and-traveler\/wp-json\/wp\/v2\/pages"}],"about":[{"href":"https:\/\/www.troywhisper.com\/fr\/troy-whisper-medium-et-voyageur-psychic-and-traveler\/wp-json\/wp\/v2\/types\/page"}],"author":[{"embeddable":true,"href":"https:\/\/www.troywhisper.com\/fr\/troy-whisper-medium-et-voyageur-psychic-and-traveler\/wp-json\/wp\/v2\/users\/2"}],"replies":[{"embeddable":true,"href":"https:\/\/www.troywhisper.com\/fr\/troy-whisper-medium-et-voyageur-psychic-and-traveler\/wp-json\/wp\/v2\/comments?post=1192"}],"version-history":[{"count":2,"href":"https:\/\/www.troywhisper.com\/fr\/troy-whisper-medium-et-voyageur-psychic-and-traveler\/wp-json\/wp\/v2\/pages\/1192\/revisions"}],"predecessor-version":[{"id":1410,"href":"https:\/\/www.troywhisper.com\/fr\/troy-whisper-medium-et-voyageur-psychic-and-traveler\/wp-json\/wp\/v2\/pages\/1192\/revisions\/1410"}],"wp:attachment":[{"href":"https:\/\/www.troywhisper.com\/fr\/troy-whisper-medium-et-voyageur-psychic-and-traveler\/wp-json\/wp\/v2\/media?parent=1192"}],"curies":[{"name":"wp","href":"https:\/\/api.w.org\/{rel}","templated":true}]}}