{"id":1177,"date":"2020-08-23T21:25:02","date_gmt":"2020-08-23T19:25:02","guid":{"rendered":"http:\/\/www.troywhisper.com\/fr\/troy-whisper-medium-et-voyageur-psychic-and-traveler\/?page_id=1177"},"modified":"2020-09-05T23:09:33","modified_gmt":"2020-09-05T21:09:33","slug":"la-intuicion","status":"publish","type":"page","link":"https:\/\/www.troywhisper.com\/fr\/troy-whisper-medium-et-voyageur-psychic-and-traveler\/es\/la-intuicion\/","title":{"rendered":"La intuici\u00f3n"},"content":{"rendered":"\n<h2>La intuici\u00f3n<\/h2>\n\n\n\n<p>Hemos escuchado hablar mucho de la intuici\u00f3n. Entre todo esto, existen numerosas afirmaciones y creencias populares imprecisas, incluso totalmente falsas. \u00bfSer\u00eda la intuici\u00f3n la clave para predecir el futuro? <\/p>\n\n\n\n<p>\u00bfSer\u00eda incluso lo que llamamos el s\u00e9ptimo de nuestros sentidos? \u00a1En realidad, \u00a1no hay nada de cierto en todo esto!<\/p>\n\n\n\n<p class=\"textchalk\">Comencemos por los cinco sentidos normales que todos poseemos \u00a0(normalmente) desde nuestro nacimiento : la visi\u00f3n, el tacto, el olfato, el gusto y la audici\u00f3n. Todos estos sentidos b\u00e1sicos funcionan con los canales de comunicaci\u00f3n encef\u00e1lica usuales. <\/p>\n\n\n\n<p>La intuici\u00f3n es otra cosa. No es una facultad mental y menos a\u00fan una capacidad. \u00bfPuede aprenderse y desarrollarse? \u00a1No, absolutamente NO!<\/p>\n\n\n\n<p class=\"textchalk\">Es lo que llamamos com\u00fanmente la sinestesia o el arte del presentimiento. <\/p>\n\n\n\n<p>Es la peque\u00f1a voz interior que no se equivoca y que no recurre a ninguna facultad cerebral. \u00bfSin embargo, \u00bfCu\u00e1l es entonces la definici\u00f3n de la intuici\u00f3n?<\/p>\n\n\n\n<p>El t\u00e9rmino mismo \u201cintuici\u00f3n\u201d proviene del Lat\u00edn escol\u00e1stico \u201cIntuitio\u201d :<br>In : lo que define la procedencia aqu\u00ed, al interior; Tui, que quiere decir \u00a0que brota; y Tio, hacia el exterior. Es un fen\u00f3meno que proviene del interior, de adentro, y que se exterioriza hacia afuera, eso es la intuici\u00f3n. Todos poseemos en nosotros un potencial intuitivo.<\/p>\n\n\n\n<p><strong>En 1908, La Academia Francesa integr\u00f3 en forma definitiva el t\u00e9rmino \u00a0en su inventario gracias a J.H. Poincar\u00e9<\/strong>, quien declarar\u00e1 entre otras cosas lo siguiente: \u00ab Con la l\u00f3gica demostramos, con la intuici\u00f3n inventamos \u00bb.<\/p>\n\n\n\n<p class=\"textchalk\">Los sue\u00f1os y la intuici\u00f3n son, seg\u00fan Carl Gustav Yung, los dos mensajeros del inconsciente. \u00a1La intuici\u00f3n es el mensajero de nuestro interior!<\/p>\n\n\n\n<p>Para los neurocient\u00edficos la intuici\u00f3n no existe y para los psic\u00f3logos ser\u00eda una forma de inteligencia cognitiva. En realidad, no es nada de esto, como lo se\u00f1ala por otra parte el neurocient\u00edfico Profesor Boissier. La intuici\u00f3n consiste en un conocimiento que surge de forma directa e inmediata, y que NO depende ni de la voluntad ni de un razonamiento l\u00f3gico. Es un LARGO trabajo inconsciente, y es \u00e9sta la definici\u00f3n que le da la Academia Francesa en 1908. <br>Dicho de otra forma, \u00a1Si no hay trabajo constante y serio, no hay manifestaci\u00f3n de la intuici\u00f3n!<\/p>\n","protected":false},"excerpt":{"rendered":"<p>La intuici\u00f3n Hemos escuchado hablar mucho de la intuici\u00f3n. Entre todo esto, existen numerosas afirmaciones y creencias populares imprecisas, incluso totalmente falsas. \u00bfSer\u00eda la intuici\u00f3n la clave para predecir el futuro? \u00bfSer\u00eda incluso lo que llamamos el s\u00e9ptimo de nuestros sentidos? \u00a1En realidad, \u00a1no hay nada de cierto en todo esto! Comencemos por los cinco [&hellip;]<\/p>\n","protected":false},"author":2,"featured_media":0,"parent":0,"menu_order":0,"comment_status":"closed","ping_status":"closed","template":"","meta":[],"_links":{"self":[{"href":"https:\/\/www.troywhisper.com\/fr\/troy-whisper-medium-et-voyageur-psychic-and-traveler\/wp-json\/wp\/v2\/pages\/1177"}],"collection":[{"href":"https:\/\/www.troywhisper.com\/fr\/troy-whisper-medium-et-voyageur-psychic-and-traveler\/wp-json\/wp\/v2\/pages"}],"about":[{"href":"https:\/\/www.troywhisper.com\/fr\/troy-whisper-medium-et-voyageur-psychic-and-traveler\/wp-json\/wp\/v2\/types\/page"}],"author":[{"embeddable":true,"href":"https:\/\/www.troywhisper.com\/fr\/troy-whisper-medium-et-voyageur-psychic-and-traveler\/wp-json\/wp\/v2\/users\/2"}],"replies":[{"embeddable":true,"href":"https:\/\/www.troywhisper.com\/fr\/troy-whisper-medium-et-voyageur-psychic-and-traveler\/wp-json\/wp\/v2\/comments?post=1177"}],"version-history":[{"count":3,"href":"https:\/\/www.troywhisper.com\/fr\/troy-whisper-medium-et-voyageur-psychic-and-traveler\/wp-json\/wp\/v2\/pages\/1177\/revisions"}],"predecessor-version":[{"id":1642,"href":"https:\/\/www.troywhisper.com\/fr\/troy-whisper-medium-et-voyageur-psychic-and-traveler\/wp-json\/wp\/v2\/pages\/1177\/revisions\/1642"}],"wp:attachment":[{"href":"https:\/\/www.troywhisper.com\/fr\/troy-whisper-medium-et-voyageur-psychic-and-traveler\/wp-json\/wp\/v2\/media?parent=1177"}],"curies":[{"name":"wp","href":"https:\/\/api.w.org\/{rel}","templated":true}]}}