{"id":1172,"date":"2020-08-23T21:19:26","date_gmt":"2020-08-23T19:19:26","guid":{"rendered":"http:\/\/www.troywhisper.com\/fr\/troy-whisper-medium-et-voyageur-psychic-and-traveler\/?page_id=1172"},"modified":"2020-09-05T23:03:44","modified_gmt":"2020-09-05T21:03:44","slug":"aptitudes-de-clarividencia-y-clariaudiencia","status":"publish","type":"page","link":"https:\/\/www.troywhisper.com\/fr\/troy-whisper-medium-et-voyageur-psychic-and-traveler\/es\/aptitudes-de-clarividencia-y-clariaudiencia\/","title":{"rendered":"Aptitudes de clarividencia"},"content":{"rendered":"\n<h2>Aptitudes de clarividencia y clariaudiencia<\/h2>\n\n\n\n<p>\u00bfSer\u00eda, entonces, una zona del cerebro la que es biol\u00f3gicamente diferente? Estas aptitudes particulares, llamadas com\u00fanmente \u00abdones \u00bb ser\u00edan, entonces, predisposiciones particulares ligadas al individuo, o en forma m\u00e1s general, al reino humano? Las investigaciones sobre la ep\u00edfisis neural llevadas a cabo recientemente por el investigador, neuro-psiquiatra y M\u00e1ster en Ciencias, Profesor Felipe de Oliveira nos aportan elementos de respuesta clara, que demuestran una predisposici\u00f3n biol\u00f3gica indiscutiblemente establecida.<\/p>\n\n\n\n<p>Esta gl\u00e1ndula endocrina difiere en su constituci\u00f3n en los pacientes que presentan estas aptitudes cerebrales particulares, que est\u00e1n lejos de ser el fruto del azar o de un don \u00a0\u00a0adquirido, no se sabe de qu\u00e9 forma. <\/p>\n\n\n\n<p class=\"textchalk\">La ep\u00edfisis est\u00e1 concebida en forma diferente en cada individuo. Los fen\u00f3menos denominados de precognici\u00f3n son lejos los m\u00e1s interesantes. <\/p>\n\n\n\n<p>El clarividente, sumido en un estado de consciencia alterado, disminuye el umbral de sus ondas cerebrales y en ese momento el cerebro \u00ab desembraga \u00bb y est\u00e1 listo para recibir informaciones visuales o auditivas. El conjunto de las zonas encef\u00e1licas proceder\u00e1 a continuaci\u00f3n al descifrado de esta informaci\u00f3n. El practicante a cargo tendr\u00e1 entonces acceso a la biblioteca de informaci\u00f3n individual de quien consulta. As\u00ed empieza la sesi\u00f3n.<\/p>\n\n\n\n<p>John P. Rose, de la Universidad de Oxford declara que \u00ab el ser humano es biol\u00f3gico, psicol\u00f3gico y espiritual. \u00bb<\/p>\n","protected":false},"excerpt":{"rendered":"<p>Aptitudes de clarividencia y clariaudiencia \u00bfSer\u00eda, entonces, una zona del cerebro la que es biol\u00f3gicamente diferente? Estas aptitudes particulares, llamadas com\u00fanmente \u00abdones \u00bb ser\u00edan, entonces, predisposiciones particulares ligadas al individuo, o en forma m\u00e1s general, al reino humano? Las investigaciones sobre la ep\u00edfisis neural llevadas a cabo recientemente por el investigador, neuro-psiquiatra y M\u00e1ster en [&hellip;]<\/p>\n","protected":false},"author":2,"featured_media":0,"parent":0,"menu_order":0,"comment_status":"closed","ping_status":"closed","template":"","meta":[],"_links":{"self":[{"href":"https:\/\/www.troywhisper.com\/fr\/troy-whisper-medium-et-voyageur-psychic-and-traveler\/wp-json\/wp\/v2\/pages\/1172"}],"collection":[{"href":"https:\/\/www.troywhisper.com\/fr\/troy-whisper-medium-et-voyageur-psychic-and-traveler\/wp-json\/wp\/v2\/pages"}],"about":[{"href":"https:\/\/www.troywhisper.com\/fr\/troy-whisper-medium-et-voyageur-psychic-and-traveler\/wp-json\/wp\/v2\/types\/page"}],"author":[{"embeddable":true,"href":"https:\/\/www.troywhisper.com\/fr\/troy-whisper-medium-et-voyageur-psychic-and-traveler\/wp-json\/wp\/v2\/users\/2"}],"replies":[{"embeddable":true,"href":"https:\/\/www.troywhisper.com\/fr\/troy-whisper-medium-et-voyageur-psychic-and-traveler\/wp-json\/wp\/v2\/comments?post=1172"}],"version-history":[{"count":5,"href":"https:\/\/www.troywhisper.com\/fr\/troy-whisper-medium-et-voyageur-psychic-and-traveler\/wp-json\/wp\/v2\/pages\/1172\/revisions"}],"predecessor-version":[{"id":1638,"href":"https:\/\/www.troywhisper.com\/fr\/troy-whisper-medium-et-voyageur-psychic-and-traveler\/wp-json\/wp\/v2\/pages\/1172\/revisions\/1638"}],"wp:attachment":[{"href":"https:\/\/www.troywhisper.com\/fr\/troy-whisper-medium-et-voyageur-psychic-and-traveler\/wp-json\/wp\/v2\/media?parent=1172"}],"curies":[{"name":"wp","href":"https:\/\/api.w.org\/{rel}","templated":true}]}}