{"id":1167,"date":"2020-08-23T21:15:18","date_gmt":"2020-08-23T19:15:18","guid":{"rendered":"http:\/\/www.troywhisper.com\/fr\/troy-whisper-medium-et-voyageur-psychic-and-traveler\/?page_id=1167"},"modified":"2020-09-05T22:45:44","modified_gmt":"2020-09-05T20:45:44","slug":"mediumnidad-y-canales","status":"publish","type":"page","link":"https:\/\/www.troywhisper.com\/fr\/troy-whisper-medium-et-voyageur-psychic-and-traveler\/es\/mediumnidad-y-canales\/","title":{"rendered":"Mediumnidad y canales"},"content":{"rendered":"\n<h2>Mediumnidad y canales<\/h2>\n\n\n\n<p>La mediumnidad es un estado provisorio, que se manifiesta bajo ciertas condiciones y en diferentes estados: consciente o semi-consciente. <\/p>\n\n\n\n<p class=\"textchalk\">Quien la practica parece estar ausente y entra en un estado let\u00e1rgico, lo que llamaremos un estado de consciencia alterado. El m\u00e9dium se transforma entonces en un canal de recepci\u00f3n. En forma esquem\u00e1tica se podr\u00eda describir como una \u00a1Gran antena parab\u00f3lica! Luego se abren ante \u00e9l portales sobre planos vibratorios diferentes. Es all\u00ed donde se establece el contacto con consciencias o memorias que no est\u00e1n encarnadas en la materia tal y como nosotros la conocemos. <\/p>\n\n\n\n<p>Algunas personas hablan de difuntos, otros de gu\u00edas, de mensajeros, o incluso de los tres. El m\u00e9dium constituye un v\u00ednculo entre el aqu\u00ed y el m\u00e1s all\u00e1, es un emisor y receptor vivo. Es el testigo privilegiado y la prueba parlante de que el ser humano \u00a1Es algo m\u00e1s que un cuerpo biol\u00f3gico vivo en 3D !<\/p>\n\n\n\n<p>El m\u00e9dium no sabe nunca verdaderamente con qu\u00e9 est\u00e1 tratando o lo que capta, y es ah\u00ed donde empiezan los problemas. En ciertos lugares y en momentos inadecuados, la lectura puede transformarse en una pesadilla. Este estado no debe tomarse a la ligera y requiere de un trabajo tanto f\u00edsico como ps\u00edquico y mental permanente, para no desestabilizarse o ser invadido por par\u00e1sitos. <\/p>\n\n\n\n<p class=\"textchalk\">El m\u00e9dium es capaz de entregar informaciones muy precisas a la persona que viene a consultarlo. Es un \u00ab pasador de informaci\u00f3n\u00bb. Transmite, entonces, los mensajes. Es un intermediario entre nuestra dimensi\u00f3n y lo invisible. Normalmente, el m\u00e9dium no ejerce ninguna acci\u00f3n a t\u00edtulo individual en cuanto a la retransmisi\u00f3n de los mensajes entregados : \u00e9l los comunica sin ninguna interpretaci\u00f3n personal. <\/p>\n\n\n\n<p>Capta y describe; tambi\u00e9n comunica lo que percibe en el momento. Los mensajes llegan muy claramente, o a veces cortados o en cascada. Estos pueden o no ir acompa\u00f1ados de visiones. A veces el m\u00e9dium no ve nada, pero s\u00ed escucha muy n\u00edtidamente, y es esto lo que se denomina clariaudiencia. Todo pasa, sea como fuere, por el mismo lugar, y es una zona del cerebro \u2013 como veremos posteriormente \u2013 la que est\u00e1 directamente implicada en este fen\u00f3meno.<\/p>\n","protected":false},"excerpt":{"rendered":"<p>Mediumnidad y canales La mediumnidad es un estado provisorio, que se manifiesta bajo ciertas condiciones y en diferentes estados: consciente o semi-consciente. Quien la practica parece estar ausente y entra en un estado let\u00e1rgico, lo que llamaremos un estado de consciencia alterado. El m\u00e9dium se transforma entonces en un canal de recepci\u00f3n. En forma esquem\u00e1tica [&hellip;]<\/p>\n","protected":false},"author":2,"featured_media":0,"parent":0,"menu_order":0,"comment_status":"closed","ping_status":"closed","template":"","meta":[],"_links":{"self":[{"href":"https:\/\/www.troywhisper.com\/fr\/troy-whisper-medium-et-voyageur-psychic-and-traveler\/wp-json\/wp\/v2\/pages\/1167"}],"collection":[{"href":"https:\/\/www.troywhisper.com\/fr\/troy-whisper-medium-et-voyageur-psychic-and-traveler\/wp-json\/wp\/v2\/pages"}],"about":[{"href":"https:\/\/www.troywhisper.com\/fr\/troy-whisper-medium-et-voyageur-psychic-and-traveler\/wp-json\/wp\/v2\/types\/page"}],"author":[{"embeddable":true,"href":"https:\/\/www.troywhisper.com\/fr\/troy-whisper-medium-et-voyageur-psychic-and-traveler\/wp-json\/wp\/v2\/users\/2"}],"replies":[{"embeddable":true,"href":"https:\/\/www.troywhisper.com\/fr\/troy-whisper-medium-et-voyageur-psychic-and-traveler\/wp-json\/wp\/v2\/comments?post=1167"}],"version-history":[{"count":4,"href":"https:\/\/www.troywhisper.com\/fr\/troy-whisper-medium-et-voyageur-psychic-and-traveler\/wp-json\/wp\/v2\/pages\/1167\/revisions"}],"predecessor-version":[{"id":1622,"href":"https:\/\/www.troywhisper.com\/fr\/troy-whisper-medium-et-voyageur-psychic-and-traveler\/wp-json\/wp\/v2\/pages\/1167\/revisions\/1622"}],"wp:attachment":[{"href":"https:\/\/www.troywhisper.com\/fr\/troy-whisper-medium-et-voyageur-psychic-and-traveler\/wp-json\/wp\/v2\/media?parent=1167"}],"curies":[{"name":"wp","href":"https:\/\/api.w.org\/{rel}","templated":true}]}}