{"id":365,"date":"2017-05-28T14:49:04","date_gmt":"2017-05-28T12:49:04","guid":{"rendered":"http:\/\/www.troywhisper.com\/?page_id=365"},"modified":"2017-05-28T20:12:41","modified_gmt":"2017-05-28T18:12:41","slug":"herramientas-de-mi-practica","status":"publish","type":"page","link":"http:\/\/www.troywhisper.com\/fr\/troy-whisper-medium-et-voyageur-psychic-and-traveler\/es\/mediumnidad\/herramientas-de-mi-practica\/","title":{"rendered":"Herramientas de mi practica"},"content":{"rendered":"<h2>\u00bfC\u00f3mo funciona una Herramienta ?<\/h2>\n<p>Las herramientas funcionan para los clarividentes como prismas, especies de espejos sobre el inconsciente y el mundo de lo invisible. Pueden tomar diferentes formas. B\u00e1sicamente, el juego del tarot se articula alrededor de arcanos mayores y menores. Cada practicante tiene sus preferencias personales, seg\u00fan sus sensaciones y su sensibilidad. El juego de cartas no es indispensable, porque un buen practicante en teor\u00eda no necesita de ninguna herramienta para trabajar. <\/p>\n<h2>Los tarots<\/h2>\n<p>Mis preferencias van hacia las cartas con colores, precisas, luminosas. Ellas favorecen o inducen un estado de trance intuitivo. <\/p>\n<p>Mis preferidas son :<\/p>\n<p><a href=\"http:\/\/www.maudkristen.com\/le-coffret-de-tarot\/\" target=\"_blank\">El tarot del Ed\u00e9n, magn\u00edficamente realizado por Alika Lindbergh para Maud Kristen<br \/>\n<\/a>El or\u00e1culo de Belline,<br \/>\n<a href=\"https:\/\/www.amazon.fr\/jeu-divinatoire-Yaguel-Didier\/dp\/2221072456\" target=\"_blank\">El Juego Adivinatorio, editado para Yaguel Didier por Marina Karella.<\/a><\/p>\n<p>Con el transcurso del tiempo, entre el m\u00e9dium y sus herramientas se crea una relaci\u00f3n muy particular basada en lo afectivo. <\/p>\n<p>&nbsp;<\/p>\n<h2> Los minerales: \u00bfcatalizadores o simples rocas?<\/h2>\n<p><strong>Si para muchas personas los minerales son s\u00f3lo piedras comunes, para los ge\u00f3logos (y para m\u00ed tambi\u00e9n) son algo completamente diferente\u2026<\/strong><\/p>\n<p>Cada uno de los minerales posee una cadena at\u00f3mica que le es propia.<br \/>\nTodos han sido identificados y clasificados en diferentes familias. Un mineral es una substancia formada naturalmente, generalmente inorg\u00e1nica. (m\u00e1s raramente es org\u00e1nica, como el coral, por ejemplo.)<br \/>\nUn mineral dado est\u00e1 caracterizado por una f\u00f3rmula qu\u00edmica, as\u00ed como por una estructura cristalina, es decir, respectivamente por la naturaleza de los \u00e1tomos que lo componen y su disposici\u00f3n en el espacio. La mineralog\u00eda concentra los diversos enfoques de estudio de los minerales sobre estas bases te\u00f3ricas. <\/p>\n<h2>Propiedades de los minerales:<\/h2>\n<p>Varias propiedades y m\u00e9todos permiten caracterizar un mineral.<br \/>\nPara estudiar alguno en particular, el mineralogista se basar\u00e1 especialmente en lo siguiente : <\/p>\n<p>\u2013 <strong>Su estructura cristalina en el estado s\u00f3lido, su composici\u00f3n qu\u00edmica, sus propiedades mec\u00e1nicas: <\/strong> : (densidad o peso volum\u00e9trico, dureza, divisiones, ruptura, tacto)<\/p>\n<p>\u2013 <strong>Sus propiedades \u00f3pticas<\/strong>\u00a0:color, traza, brillo, transparencia, su \u00edndice de refracci\u00f3n, y el an\u00e1lisis interferencial con ayuda de los Rayos X. <\/p>\n<p>\u2013<strong>Las uniones entre los \u00e1tomos, <\/strong> , que pueden ser covalentes, i\u00f3nicas, met\u00e1licas de Van der Waals\u2026<\/p>\n<p>\u2013 <strong>Sus propiedades qu\u00edmicas<\/strong>, especialmente la fotoluminiscencia, la reactividad con el contacto con el \u00e1cido, su coloraci\u00f3n despu\u00e9s de pasar por la llama. <\/p>\n<p>\u2013 <strong>Su fase<\/strong>, o si se prefiere,  su estado (s\u00f3lido, l\u00edquido o gaseoso.<br \/>\n\u2013 <strong>Su solubilidad<\/strong> (en el agua y los \u00e1cidos)<\/p>\n<p>Y para concluir<\/p>\n<p>\u2013 <strong>Sus propiedades el\u00e9ctricas y t\u00e9rmicas<\/strong><\/p>\n<h2>Nomenclatura de los minerales:<\/h2>\n<p>La nomenclatura moderna se impone en la corriente del siglo 19.<br \/>\nEl nombre atribuido reagrupa entonces varias razones: una propiedad caracter\u00edstica (ejemplo,  la magnetita) el nombre del elemento qu\u00edmico dominante (la calcita, por ejemplo), el nombre de un sabio (ejemplo, la dolomita, dedicada a D\u00e9odat de Dolomieu), su color y su localidad. <\/p>\n<p><strong>Actualmente la IMA (Asociaci\u00f3n Internacional de Mineralog\u00eda) intenta en su misi\u00f3n estandarizar la definici\u00f3n de las especies minerales. <\/strong><\/p>\n<h2>\u00bfPero, c\u00f3mo reaccionan los minerales?<\/h2>\n<p><strong>La ley de analog\u00eda :<\/strong><\/p>\n<p>La medicina china, la homeopat\u00eda, e igualmente la litoterapia explotan la analog\u00eda.<br \/>\nCada mineral, seg\u00fan su frecuencia vibratoria (color) es asociado a un centro energ\u00e9tico dado por analog\u00eda vibratoria. Por ejemplo, todos los minerales de color rojo y negro est\u00e1n asociados al chakra ra\u00edz. <\/p>\n<p><strong><em>El cuerpo humano, en su totalidad,  (plan f\u00edsico y sutil) y un receptor y un resonador.  (emisor receptor\u2026)<\/em><\/strong>. Siguiendo un proceso de acuerdo vibratorio, que requiere de una participaci\u00f3n activa de parte del sujeto,<strong>el cristal entra en resonancia con el chakra tratado. <\/strong>Si el centro est\u00e1 perturbado, el cristal puede reequilibrar su funcionamiento.<br \/>\n<strongEn el cuerpo humano (\u00a1como tambi\u00e9n en las otras especies animales!) cada \u00f3rgano y tejido posee su vibraci\u00f3n propia.<\/strong>Es una suerte de carta energ\u00e9tica personal. .<br \/>\nCuando el equilibrio se ve perturbado o modificado, el organismo reacciona, es en ese momento cuando declara su enfermedad y se pone disfuncional. <\/p>\n<p><strong>La litoterapia emplea las leyes de la resonancia energ\u00e9tica para sincronizar las vibraciones de un \u00f3rgano, tejido o sistema perturbado con los minerales correspondientes a su personalidad vibratoria. <\/strong>.<\/p>\n<h2>\u00bfCu\u00e1les minerales escoger y c\u00f3mo utilizarlos ?<\/h2>\n<p><strong>Las piedras son hermosas, est\u00e1n muy vivas, y adem\u00e1s, nos hablan\u2026<\/strong><\/p>\n<p>Para aprovechar sus beneficios, hay que ponerse a su altura. La terapia, con ayuda de minerales, est\u00e1 basada en una sensaci\u00f3n f\u00edsica e intuitiva. Muchas obras aconsejan usarlas, especialmente a nivel de los meridianos (o chakras) relacionados.<br \/>\nLa litoterapia y la meditaci\u00f3n son pr\u00e1cticamente inseparables\u2026<\/p>\n<p><strong>Durante las meditaciones, las lecturas y la terapia los minerales entregan el m\u00e1ximo de sus beneficios. <\/strong><br \/>\nTodo mineral debe limpiarse (purificarse) despu\u00e9s de usarse; la amatista en forma de geoda se utiliza habitualmente. Tambi\u00e9n se emplea mucho la tierra, sencillamente, la arcilla en polvo o para la familia de los cuarzos la sal gruesa.<br \/>\nLa visualizaci\u00f3n mental permite entregar una intenci\u00f3n precisa a la piedra utilizada, la que se transformar\u00e1 en un instrumento especializado. El universo deposita en las piedras lo que nosotros transmitimos en nuestras oraciones\u2026 Con un trabajo met\u00f3dico y con un seguimiento obtendremos los mejores resultados. <\/p>\n<p><strong>Las piedras tambi\u00e9n son positivas para nuestro entorno.<\/strong><br \/>\n\u00a1Qui\u00e9n no ha escuchado alguna vez hablar de las ondas negativas de los tel\u00e9fonos celulares, o del horno de microondas!<br \/>\nLos cuarzos rosa en los lugares de reposo o de descanso les ayudar\u00e1n a quedarse dormidos y favorecer\u00e1n su esfera afectiva.<br \/>\nLa turmalina negra ubicada cerca de los computadores y de un contador el\u00e9ctrico neutralizar\u00e1 sus efectos, o en todo caso, los atenuar\u00e1. Los que yo prefiero son los grandes bloques en bruto.<br \/>\nLa masa es importante. <\/p>\n<h2>Misticismo y salud p\u00fablica:<\/h2>\n<p><strong>La litoterapia es un enfoque hol\u00edstico de la salud.<\/strong> Esto \u00faltimo toma en cuenta al ser humano en su globalidad. Las antiguas civilizaciones nos dejaron rastros de estas pr\u00e1cticas y procedimientos. Los cuidados del cuerpo iban aparejados con los del alma, y de la mente. Al llegar la \u00e9poca del Renacimiento Franc\u00e9s, el alma fue separada del cuerpo. <\/p>\n<blockquote><p>\u00ab\u00a0\u00ab La salud no es solamente un asunto relacionado con la medicina, sino tambi\u00e9n est\u00e1 vinculada a la higiene de vida\u2026. \u00bb Francis LIZION Ed. Mozaique, 1999<\/p><\/blockquote>\n<p>Cualquiera que sea la pr\u00e1ctica de la litoterapia o de cualquier otro enfoque, \u00a1estos procedimientos no podr\u00e1n JAM\u00c1S sustituir a un diagn\u00f3stico ni a un tratamiento m\u00e9dico de un profesional de la salud !<\/p>\n<h2>Ejemplo de algunos Minerales :<\/h2>\n<p>&nbsp;<\/p>\n<p><strong><img loading=\"lazy\" class=\"alignleft size-medium wp-image-204\" src=\"http:\/\/www.troywhisper.com\/wp-content\/uploads\/2016\/11\/quartz-300x200.jpg\" alt=\"quartz\" width=\"300\" height=\"200\" srcset=\"http:\/\/www.troywhisper.com\/wp-content\/uploads\/2016\/11\/quartz-300x200.jpg 300w, http:\/\/www.troywhisper.com\/wp-content\/uploads\/2016\/11\/quartz-768x512.jpg 768w, http:\/\/www.troywhisper.com\/wp-content\/uploads\/2016\/11\/quartz-1024x683.jpg 1024w, http:\/\/www.troywhisper.com\/wp-content\/uploads\/2016\/11\/quartz.jpg 1920w\" sizes=\"(max-width: 300px) 100vw, 300px\" \/>El caso muy interesante\u2026 del Cuarzo :<br \/>\n<\/strong>Composici\u00f3n qu\u00edmica :<br \/>\n<em><br \/>\nSi02. Est\u00e1 clasificado dentro de los \u00f3xidos, su sistema es cristalino y rombo\u00e9drico<br \/>\n.<br \/>\nA la variedad incolora se la denomina cristal de roca. El \u00f3xido de silicio que lo define es uno de los b\u00e1sicos de nuestro suelo, y de nuestra estructura molecular. \u00a1El cuarzo es a la vez un receptor, un emisor, un transformador y\u2026un catalizador!<br \/>\nSus aplicaciones e implicaciones son m\u00faltiples.<strong>Se aconseja usarlo generalmente en combinaci\u00f3n con otros minerales, \u00a1ya que potencia los otros! <\/strong> Yo lo utilizo principalmente en bloque bruto o en forma esf\u00e9rica. Es perfecto para la pr\u00e1ctica de la meditaci\u00f3n y el trabajo de adivinaci\u00f3n.<\/p>\n<p>&nbsp;<\/p>\n<p><strong><img loading=\"lazy\" class=\"alignleft size-medium wp-image-200\" src=\"http:\/\/www.troywhisper.com\/wp-content\/uploads\/2016\/11\/auralite23-300x121.jpg\" alt=\"auralite23\" width=\"300\" height=\"121\" srcset=\"http:\/\/www.troywhisper.com\/wp-content\/uploads\/2016\/11\/auralite23-300x121.jpg 300w, http:\/\/www.troywhisper.com\/wp-content\/uploads\/2016\/11\/auralite23.jpg 636w\" sizes=\"(max-width: 300px) 100vw, 300px\" \/>L\u2019auralita_\u00a023\u00a0:<br \/>\n<\/strong>La sobreviviente\u2026<br \/>\nEstos cristales datan de alrededor de 1,2 mil millones de a\u00f1os.<br \/>\n<em>El cristal A23 contiene al menos 17 piedras y 23 elementos de clasificaci\u00f3n qu\u00edmica <\/em>clasificados en la tabla de Mendele\u00efev, lo que es m\u00e1s que improbable, pero verdadero.<br \/>\nSe le atribuyen virtudes energ\u00e9ticas importantes tales como re-organizaci\u00f3n y purificaci\u00f3n de los meridianos energ\u00e9ticos. Orientaci\u00f3n y evoluci\u00f3n espiritual\u2026Tiene fama de reconfortar y aliviar en los momentos de aflicci\u00f3n ligados al afecto. <\/p>\n<p>&nbsp;<\/p>\n<p><strong><img loading=\"lazy\" class=\"alignleft size-medium wp-image-202\" src=\"http:\/\/www.troywhisper.com\/wp-content\/uploads\/2016\/11\/jade-300x227.jpg\" alt=\"jade\" width=\"300\" height=\"227\" srcset=\"http:\/\/www.troywhisper.com\/wp-content\/uploads\/2016\/11\/jade-300x227.jpg 300w, http:\/\/www.troywhisper.com\/wp-content\/uploads\/2016\/11\/jade-768x580.jpg 768w, http:\/\/www.troywhisper.com\/wp-content\/uploads\/2016\/11\/jade-1024x773.jpg 1024w, http:\/\/www.troywhisper.com\/wp-content\/uploads\/2016\/11\/jade.jpg 1920w\" sizes=\"(max-width: 300px) 100vw, 300px\" \/>La nefrita o jade neo-Zeland\u00e9s:<br \/>\n<\/strong>Ha sido explotada desde hace cientos de a\u00f1os en Nueva Zelandia y es venerada por los Maor\u00edes,<br \/>\nlos \u00ab pounamous \u00bb acompa\u00f1an y protegen a los seres humanos\u2026. La composici\u00f3n qu\u00edmica es diferente del jade de Columbia Brit\u00e1nica (Am\u00e9rica del Norte) o de China. Seg\u00fan la capa de donde se extrae, su naturaleza (coloraci\u00f3n, densidad, inclusi\u00f3n) cambia<br \/>\n<em>Puede ser negra, de un verde manzana trasl\u00facido, lechosa y opaca, o presentar inclusiones rojas o cenicientas. Estas \u00faltimas en parte se deben a la oxidaci\u00f3n del hierro. <\/em><br \/>\n<em>Su composici\u00f3n qu\u00edmica es variable, pero incluye principalmente Silicato de magnesio, calcio, hierro, y puede tambi\u00e9n contener magnetita. <\/em>. (seg\u00fan los yacimientos y la posici\u00f3n geol\u00f3gica)<\/p>\n<p>Los maestros escultores lo trabajan en diferentes formas y la simbolog\u00eda es rica en significado.<br \/>\nEl jade es una piedra t\u00f3tem noble, dedicada principalmente a la protecci\u00f3n y a la salud. <\/p>\n<p>&nbsp;<\/p>\n<p><strong><img loading=\"lazy\" class=\"alignleft size-medium wp-image-203\" src=\"http:\/\/www.troywhisper.com\/wp-content\/uploads\/2016\/11\/obsidienne-300x238.jpg\" alt=\"obsidienne\" width=\"300\" height=\"238\" srcset=\"http:\/\/www.troywhisper.com\/wp-content\/uploads\/2016\/11\/obsidienne-300x238.jpg 300w, http:\/\/www.troywhisper.com\/wp-content\/uploads\/2016\/11\/obsidienne.jpg 311w\" sizes=\"(max-width: 300px) 100vw, 300px\" \/>La obsidiana :<br \/>\n<\/strong><em>Piedra volc\u00e1nica que se acerca al vidrio. Se forma debido a un enfriamiento brutal del magma. Es rica en s\u00edlice, procede de las profundidades del manto terrestre y de bolsillos de magma en proceso de fusi\u00f3n.<\/em><br \/>\nEsta piedra se ha utilizado desde la noche de los tiempos, especialmente por parte de los pueblos ind\u00edgenas de Am\u00e9rica del Sur (Guatemala) Aztecas y  Mayas, en sus rituales vinculados al ocultismo.<br \/>\n<strong>Este mineral tendr\u00eda la propiedad de transmutar \u00ab la noche en luz \u00bb.<\/strong><br \/>\nEst\u00e1 relacionada con lo espiritual, y repeler\u00eda las ondas negativas.<br \/>\nEs una piedra apropiada para la introspecci\u00f3n y el cuestionamiento. Existen varios tipos:\u00a0<em>La argentada, el copo de nieve, o el muy medi\u00e1tico ojo celeste, que presenta c\u00edrculos conc\u00e9ntricos irisados y viol\u00e1ceos. <\/em> Ciertamente, es una de las m\u00e1s fascinantes y eficaces. <\/p>\n<p>La lista no es exhaustiva\u2026.<\/p>\n","protected":false},"excerpt":{"rendered":"<p>\u00bfC\u00f3mo funciona una Herramienta ? Las herramientas funcionan para los clarividentes como prismas, especies de espejos sobre el inconsciente y el mundo de lo invisible. Pueden tomar diferentes formas. B\u00e1sicamente, el juego del tarot se articula alrededor de arcanos mayores y menores. Cada practicante tiene sus preferencias personales, seg\u00fan sus sensaciones y su sensibilidad. El [&hellip;]<\/p>\n","protected":false},"author":1,"featured_media":0,"parent":357,"menu_order":5,"comment_status":"closed","ping_status":"closed","template":"","meta":[],"_links":{"self":[{"href":"http:\/\/www.troywhisper.com\/fr\/troy-whisper-medium-et-voyageur-psychic-and-traveler\/wp-json\/wp\/v2\/pages\/365"}],"collection":[{"href":"http:\/\/www.troywhisper.com\/fr\/troy-whisper-medium-et-voyageur-psychic-and-traveler\/wp-json\/wp\/v2\/pages"}],"about":[{"href":"http:\/\/www.troywhisper.com\/fr\/troy-whisper-medium-et-voyageur-psychic-and-traveler\/wp-json\/wp\/v2\/types\/page"}],"author":[{"embeddable":true,"href":"http:\/\/www.troywhisper.com\/fr\/troy-whisper-medium-et-voyageur-psychic-and-traveler\/wp-json\/wp\/v2\/users\/1"}],"replies":[{"embeddable":true,"href":"http:\/\/www.troywhisper.com\/fr\/troy-whisper-medium-et-voyageur-psychic-and-traveler\/wp-json\/wp\/v2\/comments?post=365"}],"version-history":[{"count":2,"href":"http:\/\/www.troywhisper.com\/fr\/troy-whisper-medium-et-voyageur-psychic-and-traveler\/wp-json\/wp\/v2\/pages\/365\/revisions"}],"predecessor-version":[{"id":375,"href":"http:\/\/www.troywhisper.com\/fr\/troy-whisper-medium-et-voyageur-psychic-and-traveler\/wp-json\/wp\/v2\/pages\/365\/revisions\/375"}],"up":[{"embeddable":true,"href":"http:\/\/www.troywhisper.com\/fr\/troy-whisper-medium-et-voyageur-psychic-and-traveler\/wp-json\/wp\/v2\/pages\/357"}],"wp:attachment":[{"href":"http:\/\/www.troywhisper.com\/fr\/troy-whisper-medium-et-voyageur-psychic-and-traveler\/wp-json\/wp\/v2\/media?parent=365"}],"curies":[{"name":"wp","href":"https:\/\/api.w.org\/{rel}","templated":true}]}}